{"id":922,"date":"2022-02-17T16:30:02","date_gmt":"2022-02-17T15:30:02","guid":{"rendered":"https:\/\/agora.xtec.cat\/escolalesfiladores\/?page_id=922"},"modified":"2023-02-23T15:48:00","modified_gmt":"2023-02-23T14:48:00","slug":"el-nostre-logo","status":"publish","type":"page","link":"https:\/\/agora.xtec.cat\/escolalesfiladores\/el-nostre-logo\/","title":{"rendered":"El nostre logo"},"content":{"rendered":"<p>La implicaci\u00f3 de les fam\u00edlies, amb el suport dels infants, ha estat essencial per a la creaci\u00f3 del logo de la nostra escola. Hem fet diverses trobades, propostes i votacions i, entre totes i tots, hem escollit el logo que ens representar\u00e0 com a escola i com a comunitat escolar.<\/p>\n<p><a href=\"https:\/\/agora.xtec.cat\/escolalesfiladores\/wp-content\/uploads\/usu2646\/2022\/02\/Diseno-sin-titulo-1.jpg\"><br \/>\n<\/a><img loading=\"lazy\" decoding=\"async\" class=\"wp-image-926 aligncenter\" src=\"https:\/\/agora.xtec.cat\/escolalesfiladores\/wp-content\/uploads\/usu2646\/2022\/02\/Diseno-sin-titulo-1-1024x726.jpg\" alt=\"\" width=\"351\" height=\"249\" srcset=\"https:\/\/agora.xtec.cat\/escolalesfiladores\/wp-content\/uploads\/usu2646\/2022\/02\/Diseno-sin-titulo-1-1024x726.jpg 1024w, https:\/\/agora.xtec.cat\/escolalesfiladores\/wp-content\/uploads\/usu2646\/2022\/02\/Diseno-sin-titulo-1-300x213.jpg 300w, https:\/\/agora.xtec.cat\/escolalesfiladores\/wp-content\/uploads\/usu2646\/2022\/02\/Diseno-sin-titulo-1-768x545.jpg 768w, https:\/\/agora.xtec.cat\/escolalesfiladores\/wp-content\/uploads\/usu2646\/2022\/02\/Diseno-sin-titulo-1-1536x1090.jpg 1536w, https:\/\/agora.xtec.cat\/escolalesfiladores\/wp-content\/uploads\/usu2646\/2022\/02\/Diseno-sin-titulo-1.jpg 1748w\" sizes=\"auto, (max-width: 351px) 100vw, 351px\" \/><\/p>\n","protected":false},"excerpt":{"rendered":"<p>La implicaci\u00f3 de les fam\u00edlies, amb el suport dels infants, ha estat essencial per a la creaci\u00f3 del logo de la nostra escola. Hem fet diverses trobades, propostes i votacions i, entre totes i tots, hem escollit el logo que ens representar\u00e0 com a escola&hellip;  <a href=\"https:\/\/agora.xtec.cat\/escolalesfiladores\/el-nostre-logo\/\" title=\"Read El nostre logo\">Llegeix m\u00e9s\u00bb<\/a><\/p>\n","protected":false},"author":1,"featured_media":0,"parent":0,"menu_order":0,"comment_status":"closed","ping_status":"closed","template":"","meta":{"_bbp_topic_count":0,"_bbp_reply_count":0,"_bbp_total_topic_count":0,"_bbp_total_reply_count":0,"_bbp_voice_count":0,"_bbp_anonymous_reply_count":0,"_bbp_topic_count_hidden":0,"_bbp_reply_count_hidden":0,"_bbp_forum_subforum_count":0,"footnotes":""},"class_list":["post-922","page","type-page","status-publish","hentry"],"post_mailing_queue_ids":[],"_links":{"self":[{"href":"https:\/\/agora.xtec.cat\/escolalesfiladores\/wp-json\/wp\/v2\/pages\/922","targetHints":{"allow":["GET"]}}],"collection":[{"href":"https:\/\/agora.xtec.cat\/escolalesfiladores\/wp-json\/wp\/v2\/pages"}],"about":[{"href":"https:\/\/agora.xtec.cat\/escolalesfiladores\/wp-json\/wp\/v2\/types\/page"}],"author":[{"embeddable":true,"href":"https:\/\/agora.xtec.cat\/escolalesfiladores\/wp-json\/wp\/v2\/users\/1"}],"replies":[{"embeddable":true,"href":"https:\/\/agora.xtec.cat\/escolalesfiladores\/wp-json\/wp\/v2\/comments?post=922"}],"version-history":[{"count":3,"href":"https:\/\/agora.xtec.cat\/escolalesfiladores\/wp-json\/wp\/v2\/pages\/922\/revisions"}],"predecessor-version":[{"id":928,"href":"https:\/\/agora.xtec.cat\/escolalesfiladores\/wp-json\/wp\/v2\/pages\/922\/revisions\/928"}],"wp:attachment":[{"href":"https:\/\/agora.xtec.cat\/escolalesfiladores\/wp-json\/wp\/v2\/media?parent=922"}],"curies":[{"name":"wp","href":"https:\/\/api.w.org\/{rel}","templated":true}]}}