{"id":874,"date":"2022-01-26T16:47:11","date_gmt":"2022-01-26T15:47:11","guid":{"rendered":"https:\/\/agora.xtec.cat\/escolalesfiladores\/?page_id=874"},"modified":"2025-05-19T11:05:37","modified_gmt":"2025-05-19T09:05:37","slug":"el-pati-espai-daprenentatge","status":"publish","type":"page","link":"https:\/\/agora.xtec.cat\/escolalesfiladores\/projecte-educatiu\/el-pati-espai-daprenentatge\/","title":{"rendered":"El pati, espai d\u2019aprenentatge"},"content":{"rendered":"\n\t\t<style type=\"text\/css\">\n\t\t\t#gallery-1 {\n\t\t\t\tmargin: auto;\n\t\t\t}\n\t\t\t#gallery-1 .gallery-item {\n\t\t\t\tfloat: left;\n\t\t\t\tmargin-top: 10px;\n\t\t\t\ttext-align: center;\n\t\t\t\twidth: 33%;\n\t\t\t}\n\t\t\t#gallery-1 img {\n\t\t\t\tborder: 2px solid #cfcfcf;\n\t\t\t}\n\t\t\t#gallery-1 .gallery-caption {\n\t\t\t\tmargin-left: 0;\n\t\t\t}\n\t\t\t\/* see gallery_shortcode() in wp-includes\/media.php *\/\n\t\t<\/style>\n\t\t<div id='gallery-1' class='gallery galleryid-874 gallery-columns-3 gallery-size-medium'><dl class='gallery-item'>\n\t\t\t<dt class='gallery-icon landscape'>\n\t\t\t\t<a href='https:\/\/agora.xtec.cat\/escolalesfiladores\/projecte-educatiu\/el-pati-espai-daprenentatge\/attachment\/img_5691\/'><img loading=\"lazy\" decoding=\"async\" width=\"300\" height=\"225\" src=\"https:\/\/agora.xtec.cat\/escolalesfiladores\/wp-content\/uploads\/usu2646\/2025\/05\/IMG_5691-300x225.jpg\" class=\"attachment-medium size-medium\" alt=\"\" srcset=\"https:\/\/agora.xtec.cat\/escolalesfiladores\/wp-content\/uploads\/usu2646\/2025\/05\/IMG_5691-300x225.jpg 300w, https:\/\/agora.xtec.cat\/escolalesfiladores\/wp-content\/uploads\/usu2646\/2025\/05\/IMG_5691-1024x768.jpg 1024w, https:\/\/agora.xtec.cat\/escolalesfiladores\/wp-content\/uploads\/usu2646\/2025\/05\/IMG_5691-768x576.jpg 768w, https:\/\/agora.xtec.cat\/escolalesfiladores\/wp-content\/uploads\/usu2646\/2025\/05\/IMG_5691-1536x1152.jpg 1536w, https:\/\/agora.xtec.cat\/escolalesfiladores\/wp-content\/uploads\/usu2646\/2025\/05\/IMG_5691-2048x1536.jpg 2048w, https:\/\/agora.xtec.cat\/escolalesfiladores\/wp-content\/uploads\/usu2646\/2025\/05\/IMG_5691-200x150.jpg 200w\" sizes=\"auto, (max-width: 300px) 100vw, 300px\" \/><\/a>\n\t\t\t<\/dt><\/dl><dl class='gallery-item'>\n\t\t\t<dt class='gallery-icon portrait'>\n\t\t\t\t<a href='https:\/\/agora.xtec.cat\/escolalesfiladores\/projecte-educatiu\/el-pati-espai-daprenentatge\/attachment\/img_4888\/'><img loading=\"lazy\" decoding=\"async\" width=\"225\" height=\"300\" src=\"https:\/\/agora.xtec.cat\/escolalesfiladores\/wp-content\/uploads\/usu2646\/2025\/05\/IMG_4888-225x300.jpg\" class=\"attachment-medium size-medium\" alt=\"\" srcset=\"https:\/\/agora.xtec.cat\/escolalesfiladores\/wp-content\/uploads\/usu2646\/2025\/05\/IMG_4888-225x300.jpg 225w, https:\/\/agora.xtec.cat\/escolalesfiladores\/wp-content\/uploads\/usu2646\/2025\/05\/IMG_4888-768x1024.jpg 768w, https:\/\/agora.xtec.cat\/escolalesfiladores\/wp-content\/uploads\/usu2646\/2025\/05\/IMG_4888-1152x1536.jpg 1152w, https:\/\/agora.xtec.cat\/escolalesfiladores\/wp-content\/uploads\/usu2646\/2025\/05\/IMG_4888-1536x2048.jpg 1536w, https:\/\/agora.xtec.cat\/escolalesfiladores\/wp-content\/uploads\/usu2646\/2025\/05\/IMG_4888-scaled.jpg 1920w\" sizes=\"auto, (max-width: 225px) 100vw, 225px\" \/><\/a>\n\t\t\t<\/dt><\/dl><dl class='gallery-item'>\n\t\t\t<dt class='gallery-icon portrait'>\n\t\t\t\t<a href='https:\/\/agora.xtec.cat\/escolalesfiladores\/projecte-educatiu\/el-pati-espai-daprenentatge\/attachment\/screenshot\/'><img loading=\"lazy\" decoding=\"async\" width=\"279\" height=\"300\" src=\"https:\/\/agora.xtec.cat\/escolalesfiladores\/wp-content\/uploads\/usu2646\/2025\/05\/Captura-de-pantalla-2023-10-22-a-les-13.39.26-e1747645194916-279x300.jpg\" class=\"attachment-medium size-medium\" alt=\"\" aria-describedby=\"gallery-1-7222\" srcset=\"https:\/\/agora.xtec.cat\/escolalesfiladores\/wp-content\/uploads\/usu2646\/2025\/05\/Captura-de-pantalla-2023-10-22-a-les-13.39.26-e1747645194916-279x300.jpg 279w, https:\/\/agora.xtec.cat\/escolalesfiladores\/wp-content\/uploads\/usu2646\/2025\/05\/Captura-de-pantalla-2023-10-22-a-les-13.39.26-e1747645194916-953x1024.jpg 953w, https:\/\/agora.xtec.cat\/escolalesfiladores\/wp-content\/uploads\/usu2646\/2025\/05\/Captura-de-pantalla-2023-10-22-a-les-13.39.26-e1747645194916-768x825.jpg 768w, https:\/\/agora.xtec.cat\/escolalesfiladores\/wp-content\/uploads\/usu2646\/2025\/05\/Captura-de-pantalla-2023-10-22-a-les-13.39.26-e1747645194916.jpg 1013w\" sizes=\"auto, (max-width: 279px) 100vw, 279px\" \/><\/a>\n\t\t\t<\/dt>\n\t\t\t\t<dd class='wp-caption-text gallery-caption' id='gallery-1-7222'>\n\t\t\t\tScreenshot\n\t\t\t\t<\/dd><\/dl><br style=\"clear: both\" \/><dl class='gallery-item'>\n\t\t\t<dt class='gallery-icon portrait'>\n\t\t\t\t<a href='https:\/\/agora.xtec.cat\/escolalesfiladores\/projecte-educatiu\/el-pati-espai-daprenentatge\/attachment\/1796feea-53b3-481e-ae8d-97ba96506b2d-2\/'><img loading=\"lazy\" decoding=\"async\" width=\"169\" height=\"300\" src=\"https:\/\/agora.xtec.cat\/escolalesfiladores\/wp-content\/uploads\/usu2646\/2025\/05\/1796feea-53b3-481e-ae8d-97ba96506b2d-1-169x300.jpg\" class=\"attachment-medium size-medium\" alt=\"\" srcset=\"https:\/\/agora.xtec.cat\/escolalesfiladores\/wp-content\/uploads\/usu2646\/2025\/05\/1796feea-53b3-481e-ae8d-97ba96506b2d-1-169x300.jpg 169w, https:\/\/agora.xtec.cat\/escolalesfiladores\/wp-content\/uploads\/usu2646\/2025\/05\/1796feea-53b3-481e-ae8d-97ba96506b2d-1-576x1024.jpg 576w, https:\/\/agora.xtec.cat\/escolalesfiladores\/wp-content\/uploads\/usu2646\/2025\/05\/1796feea-53b3-481e-ae8d-97ba96506b2d-1-768x1365.jpg 768w, https:\/\/agora.xtec.cat\/escolalesfiladores\/wp-content\/uploads\/usu2646\/2025\/05\/1796feea-53b3-481e-ae8d-97ba96506b2d-1-864x1536.jpg 864w, https:\/\/agora.xtec.cat\/escolalesfiladores\/wp-content\/uploads\/usu2646\/2025\/05\/1796feea-53b3-481e-ae8d-97ba96506b2d-1.jpg 900w\" sizes=\"auto, (max-width: 169px) 100vw, 169px\" \/><\/a>\n\t\t\t<\/dt><\/dl><dl class='gallery-item'>\n\t\t\t<dt class='gallery-icon portrait'>\n\t\t\t\t<a href='https:\/\/agora.xtec.cat\/escolalesfiladores\/projecte-educatiu\/el-pati-espai-daprenentatge\/attachment\/0b508220-a6dd-48b8-95ff-f56694c753f2-2\/'><img loading=\"lazy\" decoding=\"async\" width=\"169\" height=\"300\" src=\"https:\/\/agora.xtec.cat\/escolalesfiladores\/wp-content\/uploads\/usu2646\/2025\/05\/0B508220-A6DD-48B8-95FF-F56694C753F2-1-169x300.jpg\" class=\"attachment-medium size-medium\" alt=\"\" srcset=\"https:\/\/agora.xtec.cat\/escolalesfiladores\/wp-content\/uploads\/usu2646\/2025\/05\/0B508220-A6DD-48B8-95FF-F56694C753F2-1-169x300.jpg 169w, https:\/\/agora.xtec.cat\/escolalesfiladores\/wp-content\/uploads\/usu2646\/2025\/05\/0B508220-A6DD-48B8-95FF-F56694C753F2-1-576x1024.jpg 576w, https:\/\/agora.xtec.cat\/escolalesfiladores\/wp-content\/uploads\/usu2646\/2025\/05\/0B508220-A6DD-48B8-95FF-F56694C753F2-1-768x1365.jpg 768w, https:\/\/agora.xtec.cat\/escolalesfiladores\/wp-content\/uploads\/usu2646\/2025\/05\/0B508220-A6DD-48B8-95FF-F56694C753F2-1-864x1536.jpg 864w, https:\/\/agora.xtec.cat\/escolalesfiladores\/wp-content\/uploads\/usu2646\/2025\/05\/0B508220-A6DD-48B8-95FF-F56694C753F2-1-1152x2048.jpg 1152w, https:\/\/agora.xtec.cat\/escolalesfiladores\/wp-content\/uploads\/usu2646\/2025\/05\/0B508220-A6DD-48B8-95FF-F56694C753F2-1.jpg 1242w\" sizes=\"auto, (max-width: 169px) 100vw, 169px\" \/><\/a>\n\t\t\t<\/dt><\/dl><dl class='gallery-item'>\n\t\t\t<dt class='gallery-icon portrait'>\n\t\t\t\t<a href='https:\/\/agora.xtec.cat\/escolalesfiladores\/projecte-educatiu\/el-pati-espai-daprenentatge\/attachment\/5bc39932-9964-40e4-a50f-ce41f3d79356\/'><img loading=\"lazy\" decoding=\"async\" width=\"250\" height=\"300\" src=\"https:\/\/agora.xtec.cat\/escolalesfiladores\/wp-content\/uploads\/usu2646\/2025\/05\/5BC39932-9964-40E4-A50F-CE41F3D79356-e1747645235122-250x300.jpg\" class=\"attachment-medium size-medium\" alt=\"\" srcset=\"https:\/\/agora.xtec.cat\/escolalesfiladores\/wp-content\/uploads\/usu2646\/2025\/05\/5BC39932-9964-40E4-A50F-CE41F3D79356-e1747645235122-250x300.jpg 250w, https:\/\/agora.xtec.cat\/escolalesfiladores\/wp-content\/uploads\/usu2646\/2025\/05\/5BC39932-9964-40E4-A50F-CE41F3D79356-e1747645235122-852x1024.jpg 852w, https:\/\/agora.xtec.cat\/escolalesfiladores\/wp-content\/uploads\/usu2646\/2025\/05\/5BC39932-9964-40E4-A50F-CE41F3D79356-e1747645235122-768x923.jpg 768w, https:\/\/agora.xtec.cat\/escolalesfiladores\/wp-content\/uploads\/usu2646\/2025\/05\/5BC39932-9964-40E4-A50F-CE41F3D79356-e1747645235122.jpg 1231w\" sizes=\"auto, (max-width: 250px) 100vw, 250px\" \/><\/a>\n\t\t\t<\/dt><\/dl><br style=\"clear: both\" \/>\n\t\t<\/div>\n\n<p>L\u2019<strong>espai exterior <\/strong>\u00e9s un altre espai on tots els aspectes del nostre PEC s\u00f3n presents. Els nostres patis ens apropen a la natura i esdevenen espais plenament educatius on es donen un tipus de jocs i relacions pr\u00f2pies i diferents de la resta d\u2019espais de l\u2019escola. \u00c9s el lloc on les din\u00e0miques de grup s\u00f3n plenament vives. Creiem que els espais d\u2019esbarjo han de ser un reflex del projecte educatiu fent que siguin espais on es fomentin valors i proporcionin experi\u00e8ncies generadores d\u2019aprenentatge; espais facilitadors de relacions, descobriment, viv\u00e8ncies i emocions.<\/p>\n<p style=\"text-align: right;\"><strong>Volem que els infants siguin capa\u00e7os de somiar i imaginar horitzons de possibilitat.<\/strong><\/p>\n<p style=\"text-align: right;\"><strong>(Paulo Freire)<\/strong><\/p>\n<p><strong>\u00a0<\/strong><\/p>\n<p><a href=\"https:\/\/agora.xtec.cat\/escolalesfiladores\/wp-content\/uploads\/usu2646\/2023\/12\/21e1d203-6301-443c-9f00-1090bb14890c.jpg\"><img loading=\"lazy\" decoding=\"async\" class=\"wp-image-3490 alignleft\" src=\"https:\/\/agora.xtec.cat\/escolalesfiladores\/wp-content\/uploads\/usu2646\/2023\/12\/21e1d203-6301-443c-9f00-1090bb14890c-300x191.jpg\" alt=\"\" width=\"452\" height=\"288\" srcset=\"https:\/\/agora.xtec.cat\/escolalesfiladores\/wp-content\/uploads\/usu2646\/2023\/12\/21e1d203-6301-443c-9f00-1090bb14890c-300x191.jpg 300w, https:\/\/agora.xtec.cat\/escolalesfiladores\/wp-content\/uploads\/usu2646\/2023\/12\/21e1d203-6301-443c-9f00-1090bb14890c-1024x650.jpg 1024w, https:\/\/agora.xtec.cat\/escolalesfiladores\/wp-content\/uploads\/usu2646\/2023\/12\/21e1d203-6301-443c-9f00-1090bb14890c-768x488.jpg 768w, https:\/\/agora.xtec.cat\/escolalesfiladores\/wp-content\/uploads\/usu2646\/2023\/12\/21e1d203-6301-443c-9f00-1090bb14890c-1536x976.jpg 1536w, https:\/\/agora.xtec.cat\/escolalesfiladores\/wp-content\/uploads\/usu2646\/2023\/12\/21e1d203-6301-443c-9f00-1090bb14890c.jpg 1771w\" sizes=\"auto, (max-width: 452px) 100vw, 452px\" \/><\/a><a href=\"https:\/\/agora.xtec.cat\/escolalesfiladores\/wp-content\/uploads\/usu2646\/2022\/10\/IMG_20221024_111313-scaled.jpg\"><img loading=\"lazy\" decoding=\"async\" class=\"wp-image-1573 alignright\" src=\"https:\/\/agora.xtec.cat\/escolalesfiladores\/wp-content\/uploads\/usu2646\/2022\/10\/IMG_20221024_111313-300x225.jpg\" alt=\"\" width=\"388\" height=\"291\" srcset=\"https:\/\/agora.xtec.cat\/escolalesfiladores\/wp-content\/uploads\/usu2646\/2022\/10\/IMG_20221024_111313-300x225.jpg 300w, https:\/\/agora.xtec.cat\/escolalesfiladores\/wp-content\/uploads\/usu2646\/2022\/10\/IMG_20221024_111313-1024x768.jpg 1024w, https:\/\/agora.xtec.cat\/escolalesfiladores\/wp-content\/uploads\/usu2646\/2022\/10\/IMG_20221024_111313-768x576.jpg 768w, https:\/\/agora.xtec.cat\/escolalesfiladores\/wp-content\/uploads\/usu2646\/2022\/10\/IMG_20221024_111313-1536x1152.jpg 1536w, https:\/\/agora.xtec.cat\/escolalesfiladores\/wp-content\/uploads\/usu2646\/2022\/10\/IMG_20221024_111313-2048x1536.jpg 2048w, https:\/\/agora.xtec.cat\/escolalesfiladores\/wp-content\/uploads\/usu2646\/2022\/10\/IMG_20221024_111313-200x150.jpg 200w\" sizes=\"auto, (max-width: 388px) 100vw, 388px\" \/><\/a><\/p>\n","protected":false},"excerpt":{"rendered":"<p>\t\t\t#gallery-2 {<br \/>\n\t\t\t\tmargin: auto;<br \/>\n\t\t\t}<br \/>\n\t\t\t#gallery-2 .gallery-item {<br \/>\n\t\t\t\tfloat: left;<br \/>\n\t\t\t\tmargin-top: 10px;<br \/>\n\t\t\t\ttext-align: center;<br \/>\n\t\t\t\twidth: 33%;<br \/>\n\t\t\t}<br \/>\n\t\t\t#gallery-2 img {<br \/>\n\t\t\t\tborder: 2px solid #cfcfcf;<br \/>\n\t\t\t}<br \/>\n\t\t\t#gallery-2 .gallery-caption {<br \/>\n\t\t\t\tmargin-left: 0;<br \/>\n\t\t\t}<br \/>\n\t\t\t\/* see gallery_shortcode() in wp-includes\/media.php *\/<\/p>\n<p>\t\t\t\t<a href='https:\/\/agora.xtec.cat\/escolalesfiladores\/projecte-educatiu\/el-pati-espai-daprenentatge\/attachment\/img_5691\/'><\/a><\/p>\n<p>\t\t\t\t<a href='https:\/\/agora.xtec.cat\/escolalesfiladores\/projecte-educatiu\/el-pati-espai-daprenentatge\/attachment\/img_4888\/'><\/a><\/p>\n<p>\t\t\t\t<a href='https:\/\/agora.xtec.cat\/escolalesfiladores\/projecte-educatiu\/el-pati-espai-daprenentatge\/attachment\/screenshot\/'><\/a><\/p>\n<p>\t\t\t\tScreenshot<\/p>\n<p>\t\t\t\t<a href='https:\/\/agora.xtec.cat\/escolalesfiladores\/projecte-educatiu\/el-pati-espai-daprenentatge\/attachment\/1796feea-53b3-481e-ae8d-97ba96506b2d-2\/'><\/a><\/p>\n<p>\t\t\t\t<a href='https:\/\/agora.xtec.cat\/escolalesfiladores\/projecte-educatiu\/el-pati-espai-daprenentatge\/attachment\/0b508220-a6dd-48b8-95ff-f56694c753f2-2\/'><\/a><\/p>\n<p>\t\t\t\t<a href='https:\/\/agora.xtec.cat\/escolalesfiladores\/projecte-educatiu\/el-pati-espai-daprenentatge\/attachment\/5bc39932-9964-40e4-a50f-ce41f3d79356\/'><\/a><\/p>\n<p>L\u2019espai exterior \u00e9s un altre espai on tots els aspectes del nostre PEC s\u00f3n presents. Els nostres patis&hellip;  <a href=\"https:\/\/agora.xtec.cat\/escolalesfiladores\/projecte-educatiu\/el-pati-espai-daprenentatge\/\" title=\"Read El pati, espai d\u2019aprenentatge\">Llegeix m\u00e9s\u00bb<\/a><\/p>\n","protected":false},"author":1,"featured_media":0,"parent":64,"menu_order":3,"comment_status":"closed","ping_status":"closed","template":"page-templates\/side-menu.php","meta":{"_bbp_topic_count":0,"_bbp_reply_count":0,"_bbp_total_topic_count":0,"_bbp_total_reply_count":0,"_bbp_voice_count":0,"_bbp_anonymous_reply_count":0,"_bbp_topic_count_hidden":0,"_bbp_reply_count_hidden":0,"_bbp_forum_subforum_count":0,"footnotes":""},"class_list":["post-874","page","type-page","status-publish","hentry"],"post_mailing_queue_ids":[],"_links":{"self":[{"href":"https:\/\/agora.xtec.cat\/escolalesfiladores\/wp-json\/wp\/v2\/pages\/874","targetHints":{"allow":["GET"]}}],"collection":[{"href":"https:\/\/agora.xtec.cat\/escolalesfiladores\/wp-json\/wp\/v2\/pages"}],"about":[{"href":"https:\/\/agora.xtec.cat\/escolalesfiladores\/wp-json\/wp\/v2\/types\/page"}],"author":[{"embeddable":true,"href":"https:\/\/agora.xtec.cat\/escolalesfiladores\/wp-json\/wp\/v2\/users\/1"}],"replies":[{"embeddable":true,"href":"https:\/\/agora.xtec.cat\/escolalesfiladores\/wp-json\/wp\/v2\/comments?post=874"}],"version-history":[{"count":6,"href":"https:\/\/agora.xtec.cat\/escolalesfiladores\/wp-json\/wp\/v2\/pages\/874\/revisions"}],"predecessor-version":[{"id":7225,"href":"https:\/\/agora.xtec.cat\/escolalesfiladores\/wp-json\/wp\/v2\/pages\/874\/revisions\/7225"}],"up":[{"embeddable":true,"href":"https:\/\/agora.xtec.cat\/escolalesfiladores\/wp-json\/wp\/v2\/pages\/64"}],"wp:attachment":[{"href":"https:\/\/agora.xtec.cat\/escolalesfiladores\/wp-json\/wp\/v2\/media?parent=874"}],"curies":[{"name":"wp","href":"https:\/\/api.w.org\/{rel}","templated":true}]}}