{"id":872,"date":"2022-01-26T16:45:53","date_gmt":"2022-01-26T15:45:53","guid":{"rendered":"https:\/\/agora.xtec.cat\/escolalesfiladores\/?page_id=872"},"modified":"2023-12-09T19:11:17","modified_gmt":"2023-12-09T18:11:17","slug":"contextos-daprenentatge","status":"publish","type":"page","link":"https:\/\/agora.xtec.cat\/escolalesfiladores\/projecte-educatiu\/contextos-daprenentatge\/","title":{"rendered":"Contextos d\u2019aprenentatge"},"content":{"rendered":"<p>La <strong>comunicaci\u00f3 oral<\/strong> \u00e9s essencial en el nostre dia a dia. Considerem que la conversa esdev\u00e9 un punt de trobada important per al grup, on a trav\u00e9s del di\u00e0leg compartit s\u2019estableixen vincles de relaci\u00f3 entre els seus membres, es vivencien les emocions i s\u2019avan\u00e7a en la construcci\u00f3 compartida de coneixements.<\/p>\n<p>A l\u2019escola el proc\u00e9s d\u2019aprenentatge dels infants s\u2019esdev\u00e9 en <strong>ambients de lliure circulaci\u00f3<\/strong> que responen a les necessitats i interessos dels infants. Uns ambients que faciliten el proc\u00e9s de recerca dels infants, on l\u2019aprenentatge sorgeix a trav\u00e9s del joc i de les relacions. Mentre els infants juguen desenvolupen la capacitat comunicativa i el llenguatge esdev\u00e9 el mediador entre pensament, acci\u00f3 i aprenentatge.<\/p>\n<p>A trav\u00e9s dels <strong>projectes<\/strong> es construeix el coneixement de forma col\u00b7lectiva i competencial, partint del desig dels infants, dels seus interessos, de les seves curiositats i del di\u00e0leg com a motor d\u2019aprenentatge. El treball per projectes afavoreix: la motivaci\u00f3, els aprenentatges significatius, la participaci\u00f3 activa, la interacci\u00f3 amb altres infants, la globalitzaci\u00f3 i el respecte del ritme d\u2019aprenentatge de cada infant.<\/p>\n<p style=\"text-align: right;\"><strong>La primera tasca de l\u2019educaci\u00f3 \u00e9s agitar la vida, <\/strong><strong>per\u00f2<\/strong><strong> deixar-la lliure perqu\u00e8 es desenvolupi. <\/strong><\/p>\n<p style=\"text-align: right;\"><strong>(Maria Montessori)<\/strong><\/p>\n<p>&nbsp;<\/p>\n<p><a href=\"https:\/\/agora.xtec.cat\/escolalesfiladores\/wp-content\/uploads\/usu2646\/2022\/01\/Diseno-sin-titulo-6-e1643226467281.jpg\"><img loading=\"lazy\" decoding=\"async\" class=\"wp-image-2268 alignleft\" src=\"https:\/\/agora.xtec.cat\/escolalesfiladores\/wp-content\/uploads\/usu2646\/2023\/03\/WhatsApp-Image-2023-03-28-at-13.07.22-1.jpeg\" alt=\"\" width=\"376\" height=\"282\" srcset=\"https:\/\/agora.xtec.cat\/escolalesfiladores\/wp-content\/uploads\/usu2646\/2023\/03\/WhatsApp-Image-2023-03-28-at-13.07.22-1.jpeg 2016w, https:\/\/agora.xtec.cat\/escolalesfiladores\/wp-content\/uploads\/usu2646\/2023\/03\/WhatsApp-Image-2023-03-28-at-13.07.22-1-300x225.jpeg 300w, https:\/\/agora.xtec.cat\/escolalesfiladores\/wp-content\/uploads\/usu2646\/2023\/03\/WhatsApp-Image-2023-03-28-at-13.07.22-1-1024x768.jpeg 1024w, https:\/\/agora.xtec.cat\/escolalesfiladores\/wp-content\/uploads\/usu2646\/2023\/03\/WhatsApp-Image-2023-03-28-at-13.07.22-1-768x576.jpeg 768w, https:\/\/agora.xtec.cat\/escolalesfiladores\/wp-content\/uploads\/usu2646\/2023\/03\/WhatsApp-Image-2023-03-28-at-13.07.22-1-1536x1152.jpeg 1536w, https:\/\/agora.xtec.cat\/escolalesfiladores\/wp-content\/uploads\/usu2646\/2023\/03\/WhatsApp-Image-2023-03-28-at-13.07.22-1-200x150.jpeg 200w\" sizes=\"auto, (max-width: 376px) 100vw, 376px\" \/><\/a><\/p>\n<p><img loading=\"lazy\" decoding=\"async\" class=\"wp-image-2139 alignright\" src=\"https:\/\/agora.xtec.cat\/escolalesfiladores\/wp-content\/uploads\/usu2646\/2023\/03\/WhatsApp-Image-2023-03-02-at-14.46.07-e1678122325853.jpeg\" alt=\"\" width=\"400\" height=\"280\" srcset=\"https:\/\/agora.xtec.cat\/escolalesfiladores\/wp-content\/uploads\/usu2646\/2023\/03\/WhatsApp-Image-2023-03-02-at-14.46.07-e1678122325853.jpeg 1600w, https:\/\/agora.xtec.cat\/escolalesfiladores\/wp-content\/uploads\/usu2646\/2023\/03\/WhatsApp-Image-2023-03-02-at-14.46.07-e1678122325853-300x210.jpeg 300w, https:\/\/agora.xtec.cat\/escolalesfiladores\/wp-content\/uploads\/usu2646\/2023\/03\/WhatsApp-Image-2023-03-02-at-14.46.07-e1678122325853-1024x717.jpeg 1024w, https:\/\/agora.xtec.cat\/escolalesfiladores\/wp-content\/uploads\/usu2646\/2023\/03\/WhatsApp-Image-2023-03-02-at-14.46.07-e1678122325853-768x538.jpeg 768w, https:\/\/agora.xtec.cat\/escolalesfiladores\/wp-content\/uploads\/usu2646\/2023\/03\/WhatsApp-Image-2023-03-02-at-14.46.07-e1678122325853-1536x1075.jpeg 1536w\" sizes=\"auto, (max-width: 400px) 100vw, 400px\" \/><\/p>\n<p>&nbsp;<\/p>\n<p>&nbsp;<\/p>\n<p>&nbsp;<\/p>\n<p>&nbsp;<\/p>\n<p>&nbsp;<\/p>\n<p>&nbsp;<\/p>\n<p>&nbsp;<\/p>\n<p>&nbsp;<\/p>\n<p>&nbsp;<\/p>\n<p>&nbsp;<\/p>\n","protected":false},"excerpt":{"rendered":"<p>La comunicaci\u00f3 oral \u00e9s essencial en el nostre dia a dia. Considerem que la conversa esdev\u00e9 un punt de trobada important per al grup, on a trav\u00e9s del di\u00e0leg compartit s\u2019estableixen vincles de relaci\u00f3 entre els seus membres, es vivencien les emocions i s\u2019avan\u00e7a en&hellip;  <a href=\"https:\/\/agora.xtec.cat\/escolalesfiladores\/projecte-educatiu\/contextos-daprenentatge\/\" title=\"Read Contextos d\u2019aprenentatge\">Llegeix m\u00e9s\u00bb<\/a><\/p>\n","protected":false},"author":1,"featured_media":0,"parent":64,"menu_order":3,"comment_status":"closed","ping_status":"closed","template":"page-templates\/side-menu.php","meta":{"_bbp_topic_count":0,"_bbp_reply_count":0,"_bbp_total_topic_count":0,"_bbp_total_reply_count":0,"_bbp_voice_count":0,"_bbp_anonymous_reply_count":0,"_bbp_topic_count_hidden":0,"_bbp_reply_count_hidden":0,"_bbp_forum_subforum_count":0,"footnotes":""},"class_list":["post-872","page","type-page","status-publish","hentry"],"post_mailing_queue_ids":[],"_links":{"self":[{"href":"https:\/\/agora.xtec.cat\/escolalesfiladores\/wp-json\/wp\/v2\/pages\/872","targetHints":{"allow":["GET"]}}],"collection":[{"href":"https:\/\/agora.xtec.cat\/escolalesfiladores\/wp-json\/wp\/v2\/pages"}],"about":[{"href":"https:\/\/agora.xtec.cat\/escolalesfiladores\/wp-json\/wp\/v2\/types\/page"}],"author":[{"embeddable":true,"href":"https:\/\/agora.xtec.cat\/escolalesfiladores\/wp-json\/wp\/v2\/users\/1"}],"replies":[{"embeddable":true,"href":"https:\/\/agora.xtec.cat\/escolalesfiladores\/wp-json\/wp\/v2\/comments?post=872"}],"version-history":[{"count":3,"href":"https:\/\/agora.xtec.cat\/escolalesfiladores\/wp-json\/wp\/v2\/pages\/872\/revisions"}],"predecessor-version":[{"id":887,"href":"https:\/\/agora.xtec.cat\/escolalesfiladores\/wp-json\/wp\/v2\/pages\/872\/revisions\/887"}],"up":[{"embeddable":true,"href":"https:\/\/agora.xtec.cat\/escolalesfiladores\/wp-json\/wp\/v2\/pages\/64"}],"wp:attachment":[{"href":"https:\/\/agora.xtec.cat\/escolalesfiladores\/wp-json\/wp\/v2\/media?parent=872"}],"curies":[{"name":"wp","href":"https:\/\/api.w.org\/{rel}","templated":true}]}}