{"id":869,"date":"2022-01-26T16:43:38","date_gmt":"2022-01-26T15:43:38","guid":{"rendered":"https:\/\/agora.xtec.cat\/escolalesfiladores\/?page_id=869"},"modified":"2023-12-09T20:36:49","modified_gmt":"2023-12-09T19:36:49","slug":"principis-pedagogics","status":"publish","type":"page","link":"https:\/\/agora.xtec.cat\/escolalesfiladores\/projecte-educatiu\/principis-pedagogics\/","title":{"rendered":"Principis pedag\u00f2gics"},"content":{"rendered":"<p>El projecte de l\u2019escola Les Filadores es basa en els principis de <strong>la naturalesa social i comunicativa<\/strong> de les experi\u00e8ncies educatives que succeeixen a l\u2019escola i de la construcci\u00f3 de la identitat personal amb l\u2019acompanyament respectu\u00f3s i afectiu per part de les mestres vers els infants.<\/p>\n<p>A l\u2019escola entenem que l\u2019aprenentatge est\u00e0 estretament lligat a les <strong>emocions<\/strong>, al gust i a l\u2019emoci\u00f3 de saber, aix\u00ed com a la curiositat innata pel m\u00f3n que ens envolta. L\u2019acompanyament de les mestres vol incidir en refor\u00e7ar l\u2019autoestima dels infants, la seva confian\u00e7a i seguretat tant en els aprenentatges com en les relacions entre ells.<\/p>\n<p>Pretenem un <strong>aprenentatge significatiu<\/strong> on l\u2019infant construeix el seu propi proc\u00e9s d\u2019aprenentatge interactuant i dialogant amb els altres, experimentant i investigant amb materials educatius i propostes diverses que responen a uns criteris pedag\u00f2gics escollits per les mestres.<\/p>\n<p>Creiem en la <strong>col\u00b7laboraci\u00f3<\/strong> entre iguals, en aprendre amb i dels altres. Entenem la diversitat com a riquesa real, fent que tothom se senti reconegut i respectat per ser qui \u00e9s i que aporta coneixement, experi\u00e8ncies i relaci\u00f3 a tota la comunitat educativa.<\/p>\n<p style=\"text-align: right;\"><strong>L\u2019educaci\u00f3 no \u00e9s la preparaci\u00f3 per a la vida; \u00e9s la vida mateixa. (John Dewey)<\/strong><\/p>\n<p><img loading=\"lazy\" decoding=\"async\" class=\"wp-image-1571 aligncenter\" src=\"https:\/\/agora.xtec.cat\/escolalesfiladores\/wp-content\/uploads\/usu2646\/2022\/10\/IMG_20221025_101040-768x1024.jpg\" alt=\"\" width=\"246\" height=\"328\" srcset=\"https:\/\/agora.xtec.cat\/escolalesfiladores\/wp-content\/uploads\/usu2646\/2022\/10\/IMG_20221025_101040-768x1024.jpg 768w, https:\/\/agora.xtec.cat\/escolalesfiladores\/wp-content\/uploads\/usu2646\/2022\/10\/IMG_20221025_101040-225x300.jpg 225w, https:\/\/agora.xtec.cat\/escolalesfiladores\/wp-content\/uploads\/usu2646\/2022\/10\/IMG_20221025_101040-1152x1536.jpg 1152w, https:\/\/agora.xtec.cat\/escolalesfiladores\/wp-content\/uploads\/usu2646\/2022\/10\/IMG_20221025_101040-1536x2048.jpg 1536w, https:\/\/agora.xtec.cat\/escolalesfiladores\/wp-content\/uploads\/usu2646\/2022\/10\/IMG_20221025_101040-scaled.jpg 1920w\" sizes=\"auto, (max-width: 246px) 100vw, 246px\" \/><\/p>\n<p>&nbsp;<\/p>\n<p>&nbsp;<\/p>\n","protected":false},"excerpt":{"rendered":"<p>El projecte de l\u2019escola Les Filadores es basa en els principis de la naturalesa social i comunicativa de les experi\u00e8ncies educatives que succeeixen a l\u2019escola i de la construcci\u00f3 de la identitat personal amb l\u2019acompanyament respectu\u00f3s i afectiu per part de les mestres vers els&hellip;  <a href=\"https:\/\/agora.xtec.cat\/escolalesfiladores\/projecte-educatiu\/principis-pedagogics\/\" title=\"Read Principis pedag\u00f2gics\">Llegeix m\u00e9s\u00bb<\/a><\/p>\n","protected":false},"author":1,"featured_media":0,"parent":64,"menu_order":1,"comment_status":"closed","ping_status":"closed","template":"page-templates\/side-menu.php","meta":{"_bbp_topic_count":0,"_bbp_reply_count":0,"_bbp_total_topic_count":0,"_bbp_total_reply_count":0,"_bbp_voice_count":0,"_bbp_anonymous_reply_count":0,"_bbp_topic_count_hidden":0,"_bbp_reply_count_hidden":0,"_bbp_forum_subforum_count":0,"footnotes":""},"class_list":["post-869","page","type-page","status-publish","hentry"],"post_mailing_queue_ids":[],"_links":{"self":[{"href":"https:\/\/agora.xtec.cat\/escolalesfiladores\/wp-json\/wp\/v2\/pages\/869","targetHints":{"allow":["GET"]}}],"collection":[{"href":"https:\/\/agora.xtec.cat\/escolalesfiladores\/wp-json\/wp\/v2\/pages"}],"about":[{"href":"https:\/\/agora.xtec.cat\/escolalesfiladores\/wp-json\/wp\/v2\/types\/page"}],"author":[{"embeddable":true,"href":"https:\/\/agora.xtec.cat\/escolalesfiladores\/wp-json\/wp\/v2\/users\/1"}],"replies":[{"embeddable":true,"href":"https:\/\/agora.xtec.cat\/escolalesfiladores\/wp-json\/wp\/v2\/comments?post=869"}],"version-history":[{"count":5,"href":"https:\/\/agora.xtec.cat\/escolalesfiladores\/wp-json\/wp\/v2\/pages\/869\/revisions"}],"predecessor-version":[{"id":3521,"href":"https:\/\/agora.xtec.cat\/escolalesfiladores\/wp-json\/wp\/v2\/pages\/869\/revisions\/3521"}],"up":[{"embeddable":true,"href":"https:\/\/agora.xtec.cat\/escolalesfiladores\/wp-json\/wp\/v2\/pages\/64"}],"wp:attachment":[{"href":"https:\/\/agora.xtec.cat\/escolalesfiladores\/wp-json\/wp\/v2\/media?parent=869"}],"curies":[{"name":"wp","href":"https:\/\/api.w.org\/{rel}","templated":true}]}}