{"id":771,"date":"2021-11-04T10:02:03","date_gmt":"2021-11-04T09:02:03","guid":{"rendered":"https:\/\/agora.xtec.cat\/escolalesfiladores\/?page_id=771"},"modified":"2023-12-09T20:58:34","modified_gmt":"2023-12-09T19:58:34","slug":"participacio-de-les-families","status":"publish","type":"page","link":"https:\/\/agora.xtec.cat\/escolalesfiladores\/participacio-de-les-families\/","title":{"rendered":"Participaci\u00f3 de les fam\u00edlies"},"content":{"rendered":"<p>La vostra participaci\u00f3 en l&#8217;escola \u00e9s un element clau per teixir relacions de coneixen\u00e7a i vincles entre totes per a acompanyar els infants en el seu proc\u00e9s de creixement i aprenentatge amb amor i respecte.<\/p>\n<p>Considerem fonamental la implicaci\u00f3 i participaci\u00f3 de tota la comunitat educativa (fam\u00edlies, mestres, nenes i nens, monitores\u2026) per a construir i tirar endavant el projecte d\u2019escola.<\/p>\n<p>\u2013 Consell Escolar. El passat 14 de desembre 2021 va quedar constitu\u00eft el Consell Escolar de la nostra escola Les Filadores. Un Consell Escolar molt il\u00b7lusionat i amb ganes de sumar i cr\u00e9ixer,\u00a0format per una mare representant de les fam\u00edlies, el regidor d\u2019Educaci\u00f3 i l\u2019equip docent.<\/p>\n<p>\u2013 Fam\u00edlies delegades de grup<\/p>\n<p>\u2013 Participaci\u00f3 de les fam\u00edlies en activitats d\u2019aula i escola<\/p>\n<p style=\"text-align: right;\"><strong>Sabem que per a l\u2019\u00e9sser hum\u00e0 \u00e9s absolutament necess\u00e0ria la relaci\u00f3 amb els altres i, depenent de com s\u2019organitzi en aquesta relaci\u00f3, podr\u00e0 ser m\u00e9s o menys feli\u00e7. (A. Luna)<\/strong><\/p>\n<p>&nbsp;<\/p>\n\n\t\t<style type=\"text\/css\">\n\t\t\t#gallery-1 {\n\t\t\t\tmargin: auto;\n\t\t\t}\n\t\t\t#gallery-1 .gallery-item {\n\t\t\t\tfloat: left;\n\t\t\t\tmargin-top: 10px;\n\t\t\t\ttext-align: center;\n\t\t\t\twidth: 50%;\n\t\t\t}\n\t\t\t#gallery-1 img {\n\t\t\t\tborder: 2px solid #cfcfcf;\n\t\t\t}\n\t\t\t#gallery-1 .gallery-caption {\n\t\t\t\tmargin-left: 0;\n\t\t\t}\n\t\t\t\/* see gallery_shortcode() in wp-includes\/media.php *\/\n\t\t<\/style>\n\t\t<div id='gallery-1' class='gallery galleryid-771 gallery-columns-2 gallery-size-medium'><dl class='gallery-item'>\n\t\t\t<dt class='gallery-icon landscape'>\n\t\t\t\t<a href='https:\/\/agora.xtec.cat\/escolalesfiladores\/participacio-de-les-families\/attachment\/img_8301\/'><img loading=\"lazy\" decoding=\"async\" width=\"300\" height=\"197\" src=\"https:\/\/agora.xtec.cat\/escolalesfiladores\/wp-content\/uploads\/usu2646\/2023\/12\/IMG_8301-300x197.jpg\" class=\"attachment-medium size-medium\" alt=\"\" srcset=\"https:\/\/agora.xtec.cat\/escolalesfiladores\/wp-content\/uploads\/usu2646\/2023\/12\/IMG_8301-300x197.jpg 300w, https:\/\/agora.xtec.cat\/escolalesfiladores\/wp-content\/uploads\/usu2646\/2023\/12\/IMG_8301-1024x672.jpg 1024w, https:\/\/agora.xtec.cat\/escolalesfiladores\/wp-content\/uploads\/usu2646\/2023\/12\/IMG_8301-768x504.jpg 768w, https:\/\/agora.xtec.cat\/escolalesfiladores\/wp-content\/uploads\/usu2646\/2023\/12\/IMG_8301-1536x1008.jpg 1536w, https:\/\/agora.xtec.cat\/escolalesfiladores\/wp-content\/uploads\/usu2646\/2023\/12\/IMG_8301-2048x1344.jpg 2048w\" sizes=\"auto, (max-width: 300px) 100vw, 300px\" \/><\/a>\n\t\t\t<\/dt><\/dl><dl class='gallery-item'>\n\t\t\t<dt class='gallery-icon landscape'>\n\t\t\t\t<a href='https:\/\/agora.xtec.cat\/escolalesfiladores\/participacio-de-les-families\/attachment\/c22ffec8-9017-416d-9432-90a5bdecd51b\/'><img loading=\"lazy\" decoding=\"async\" width=\"300\" height=\"151\" src=\"https:\/\/agora.xtec.cat\/escolalesfiladores\/wp-content\/uploads\/usu2646\/2023\/12\/c22ffec8-9017-416d-9432-90a5bdecd51b-300x151.jpg\" class=\"attachment-medium size-medium\" alt=\"\" srcset=\"https:\/\/agora.xtec.cat\/escolalesfiladores\/wp-content\/uploads\/usu2646\/2023\/12\/c22ffec8-9017-416d-9432-90a5bdecd51b-300x151.jpg 300w, https:\/\/agora.xtec.cat\/escolalesfiladores\/wp-content\/uploads\/usu2646\/2023\/12\/c22ffec8-9017-416d-9432-90a5bdecd51b-1024x517.jpg 1024w, https:\/\/agora.xtec.cat\/escolalesfiladores\/wp-content\/uploads\/usu2646\/2023\/12\/c22ffec8-9017-416d-9432-90a5bdecd51b-768x387.jpg 768w, https:\/\/agora.xtec.cat\/escolalesfiladores\/wp-content\/uploads\/usu2646\/2023\/12\/c22ffec8-9017-416d-9432-90a5bdecd51b-1536x775.jpg 1536w, https:\/\/agora.xtec.cat\/escolalesfiladores\/wp-content\/uploads\/usu2646\/2023\/12\/c22ffec8-9017-416d-9432-90a5bdecd51b.jpg 1578w\" sizes=\"auto, (max-width: 300px) 100vw, 300px\" \/><\/a>\n\t\t\t<\/dt><\/dl><br style=\"clear: both\" \/>\n\t\t<\/div>\n\n<p>&nbsp;<\/p>\n","protected":false},"excerpt":{"rendered":"<p>La vostra participaci\u00f3 en l&#8217;escola \u00e9s un element clau per teixir relacions de coneixen\u00e7a i vincles entre totes per a acompanyar els infants en el seu proc\u00e9s de creixement i aprenentatge amb amor i respecte.<br \/>\nConsiderem fonamental la implicaci\u00f3 i participaci\u00f3 de tota la comunitat educativa&hellip;  <a href=\"https:\/\/agora.xtec.cat\/escolalesfiladores\/participacio-de-les-families\/\" title=\"Read Participaci\u00f3 de les fam\u00edlies\">Llegeix m\u00e9s\u00bb<\/a><\/p>\n","protected":false},"author":1,"featured_media":0,"parent":0,"menu_order":0,"comment_status":"closed","ping_status":"closed","template":"","meta":{"_bbp_topic_count":0,"_bbp_reply_count":0,"_bbp_total_topic_count":0,"_bbp_total_reply_count":0,"_bbp_voice_count":0,"_bbp_anonymous_reply_count":0,"_bbp_topic_count_hidden":0,"_bbp_reply_count_hidden":0,"_bbp_forum_subforum_count":0,"footnotes":""},"class_list":["post-771","page","type-page","status-publish","hentry"],"post_mailing_queue_ids":[],"_links":{"self":[{"href":"https:\/\/agora.xtec.cat\/escolalesfiladores\/wp-json\/wp\/v2\/pages\/771","targetHints":{"allow":["GET"]}}],"collection":[{"href":"https:\/\/agora.xtec.cat\/escolalesfiladores\/wp-json\/wp\/v2\/pages"}],"about":[{"href":"https:\/\/agora.xtec.cat\/escolalesfiladores\/wp-json\/wp\/v2\/types\/page"}],"author":[{"embeddable":true,"href":"https:\/\/agora.xtec.cat\/escolalesfiladores\/wp-json\/wp\/v2\/users\/1"}],"replies":[{"embeddable":true,"href":"https:\/\/agora.xtec.cat\/escolalesfiladores\/wp-json\/wp\/v2\/comments?post=771"}],"version-history":[{"count":6,"href":"https:\/\/agora.xtec.cat\/escolalesfiladores\/wp-json\/wp\/v2\/pages\/771\/revisions"}],"predecessor-version":[{"id":3526,"href":"https:\/\/agora.xtec.cat\/escolalesfiladores\/wp-json\/wp\/v2\/pages\/771\/revisions\/3526"}],"wp:attachment":[{"href":"https:\/\/agora.xtec.cat\/escolalesfiladores\/wp-json\/wp\/v2\/media?parent=771"}],"curies":[{"name":"wp","href":"https:\/\/api.w.org\/{rel}","templated":true}]}}