{"id":7612,"date":"2025-10-18T13:10:02","date_gmt":"2025-10-18T11:10:02","guid":{"rendered":"https:\/\/agora.xtec.cat\/escolalesfiladores\/?page_id=7612"},"modified":"2025-10-18T14:44:56","modified_gmt":"2025-10-18T12:44:56","slug":"comunitat-de-mitjans-i-mitjanes","status":"publish","type":"page","link":"https:\/\/agora.xtec.cat\/escolalesfiladores\/nivells\/comunitat-de-mitjans-i-mitjanes\/","title":{"rendered":"Comunitat de mitjans i mitjanes"},"content":{"rendered":"<p data-start=\"1363\" data-end=\"1693\">A la Comunitat de Mitjans i Mitjanes, els infants ja han fet els primers passos en el seu cam\u00ed d\u2019aprenentatge i ara els consoliden i els amplien. Aquesta \u00e9s una etapa de grans descobertes, en qu\u00e8 la curiositat es combina amb la necessitat d\u2019entendre el m\u00f3n, de fer preguntes i de construir coneixement a trav\u00e9s de l\u2019experi\u00e8ncia.<\/p>\n<p data-start=\"1700\" data-end=\"1996\">El treball per curiositats (SA), els reptes compartits i les activitats cooperatives ens permeten connectar els aprenentatges amb la vida real. Promovem la participaci\u00f3, el pensament cr\u00edtic i la creativitat, tot donant eines als infants perqu\u00e8 siguin protagonistes del seu propi proc\u00e9s d\u2019aprenentatge.<\/p>\n<p data-start=\"2003\" data-end=\"2269\">En aquesta comunitat tamb\u00e9 reforcem el vincle amb el grup i fomentem valors com la col\u00b7laboraci\u00f3, la responsabilitat i el respecte mutu. Els mestres acompanyem des de la confian\u00e7a, ajudant-los a fer-se cada vegada m\u00e9s aut\u00f2noms i conscients de les seves capacitats.<\/p>\n<p data-start=\"2003\" data-end=\"2269\"><a href=\"https:\/\/agora.xtec.cat\/escolalesfiladores\/wp-content\/uploads\/usu2646\/2025\/10\/web.jpg\"><img loading=\"lazy\" decoding=\"async\" class=\"aligncenter wp-image-7640 size-large\" src=\"https:\/\/agora.xtec.cat\/escolalesfiladores\/wp-content\/uploads\/usu2646\/2025\/10\/web-e1760791470974-1024x812.jpg\" alt=\"\" width=\"1024\" height=\"812\" srcset=\"https:\/\/agora.xtec.cat\/escolalesfiladores\/wp-content\/uploads\/usu2646\/2025\/10\/web-e1760791470974-1024x812.jpg 1024w, https:\/\/agora.xtec.cat\/escolalesfiladores\/wp-content\/uploads\/usu2646\/2025\/10\/web-e1760791470974-300x238.jpg 300w, https:\/\/agora.xtec.cat\/escolalesfiladores\/wp-content\/uploads\/usu2646\/2025\/10\/web-e1760791470974-768x609.jpg 768w, https:\/\/agora.xtec.cat\/escolalesfiladores\/wp-content\/uploads\/usu2646\/2025\/10\/web-e1760791470974.jpg 1500w\" sizes=\"auto, (max-width: 1024px) 100vw, 1024px\" \/><\/a><\/p>\n<p style=\"text-align: center;\" data-start=\"2003\" data-end=\"2269\"><strong>Una comunitat per cr\u00e9ixer, explorar i aprendre amb alegria i comprom\u00eds<\/strong><\/p>\n<p data-start=\"2003\" data-end=\"2269\">\n","protected":false},"excerpt":{"rendered":"<p>A la Comunitat de Mitjans i Mitjanes, els infants ja han fet els primers passos en el seu cam\u00ed d\u2019aprenentatge i ara els consoliden i els amplien. Aquesta \u00e9s una etapa de grans descobertes, en qu\u00e8 la curiositat es combina amb la necessitat d\u2019entendre el&hellip;  <a href=\"https:\/\/agora.xtec.cat\/escolalesfiladores\/nivells\/comunitat-de-mitjans-i-mitjanes\/\" title=\"Read Comunitat de mitjans i mitjanes\">Llegeix m\u00e9s\u00bb<\/a><\/p>\n","protected":false},"author":1,"featured_media":0,"parent":87,"menu_order":2,"comment_status":"closed","ping_status":"closed","template":"","meta":{"_bbp_topic_count":0,"_bbp_reply_count":0,"_bbp_total_topic_count":0,"_bbp_total_reply_count":0,"_bbp_voice_count":0,"_bbp_anonymous_reply_count":0,"_bbp_topic_count_hidden":0,"_bbp_reply_count_hidden":0,"_bbp_forum_subforum_count":0,"footnotes":""},"class_list":["post-7612","page","type-page","status-publish","hentry"],"post_mailing_queue_ids":[],"_links":{"self":[{"href":"https:\/\/agora.xtec.cat\/escolalesfiladores\/wp-json\/wp\/v2\/pages\/7612","targetHints":{"allow":["GET"]}}],"collection":[{"href":"https:\/\/agora.xtec.cat\/escolalesfiladores\/wp-json\/wp\/v2\/pages"}],"about":[{"href":"https:\/\/agora.xtec.cat\/escolalesfiladores\/wp-json\/wp\/v2\/types\/page"}],"author":[{"embeddable":true,"href":"https:\/\/agora.xtec.cat\/escolalesfiladores\/wp-json\/wp\/v2\/users\/1"}],"replies":[{"embeddable":true,"href":"https:\/\/agora.xtec.cat\/escolalesfiladores\/wp-json\/wp\/v2\/comments?post=7612"}],"version-history":[{"count":3,"href":"https:\/\/agora.xtec.cat\/escolalesfiladores\/wp-json\/wp\/v2\/pages\/7612\/revisions"}],"predecessor-version":[{"id":7641,"href":"https:\/\/agora.xtec.cat\/escolalesfiladores\/wp-json\/wp\/v2\/pages\/7612\/revisions\/7641"}],"up":[{"embeddable":true,"href":"https:\/\/agora.xtec.cat\/escolalesfiladores\/wp-json\/wp\/v2\/pages\/87"}],"wp:attachment":[{"href":"https:\/\/agora.xtec.cat\/escolalesfiladores\/wp-json\/wp\/v2\/media?parent=7612"}],"curies":[{"name":"wp","href":"https:\/\/api.w.org\/{rel}","templated":true}]}}