{"id":7610,"date":"2025-10-18T13:06:57","date_gmt":"2025-10-18T11:06:57","guid":{"rendered":"https:\/\/agora.xtec.cat\/escolalesfiladores\/?page_id=7610"},"modified":"2025-10-18T14:40:27","modified_gmt":"2025-10-18T12:40:27","slug":"comunitat-de-petits-i-petites","status":"publish","type":"page","link":"https:\/\/agora.xtec.cat\/escolalesfiladores\/nivells\/comunitat-de-petits-i-petites\/","title":{"rendered":"Comunitat de petits i petites"},"content":{"rendered":"<p data-start=\"381\" data-end=\"684\">A la Comunitat de Petits i Petites iniciem el cam\u00ed de l\u2019escola amb curiositat, emoci\u00f3 i ganes de descobrir el m\u00f3n que ens envolta. Els primers anys s\u00f3n una etapa plena de viv\u00e8ncies i aprenentatges significatius, on el joc, l\u2019experimentaci\u00f3 i la relaci\u00f3 amb els altres esdevenen la base del creixement.<\/p>\n<p data-start=\"691\" data-end=\"946\">Les aules i els espais estan pensats perqu\u00e8 els infants se sentin segurs, acollits i lliures per explorar. Les i els docents acompanyem cada nen i nena amb respecte i afecte, posant \u00e8mfasi en l\u2019autonomia, l\u2019expressi\u00f3 i la descoberta d\u2019un mateix i dels altres.<\/p>\n<p data-start=\"953\" data-end=\"1192\">A trav\u00e9s de propostes vivencials i activitats globals, els infants desenvolupen les seves capacitats comunicatives, creatives, socials i emocionals. Aprenen a conviure, a compartir, a resoldre conflictes i a gaudir del proc\u00e9s d\u2019aprendre.<\/p>\n<p style=\"text-align: center;\" data-start=\"953\" data-end=\"1192\"><a href=\"https:\/\/agora.xtec.cat\/escolalesfiladores\/wp-content\/uploads\/usu2646\/2025\/10\/Copia-de-HALLOWEEN.jpg\"><img loading=\"lazy\" decoding=\"async\" class=\"aligncenter size-large wp-image-7637\" src=\"https:\/\/agora.xtec.cat\/escolalesfiladores\/wp-content\/uploads\/usu2646\/2025\/10\/Copia-de-HALLOWEEN-1024x724.jpg\" alt=\"\" width=\"1024\" height=\"724\" srcset=\"https:\/\/agora.xtec.cat\/escolalesfiladores\/wp-content\/uploads\/usu2646\/2025\/10\/Copia-de-HALLOWEEN-1024x724.jpg 1024w, https:\/\/agora.xtec.cat\/escolalesfiladores\/wp-content\/uploads\/usu2646\/2025\/10\/Copia-de-HALLOWEEN-300x212.jpg 300w, https:\/\/agora.xtec.cat\/escolalesfiladores\/wp-content\/uploads\/usu2646\/2025\/10\/Copia-de-HALLOWEEN-768x543.jpg 768w, https:\/\/agora.xtec.cat\/escolalesfiladores\/wp-content\/uploads\/usu2646\/2025\/10\/Copia-de-HALLOWEEN-1536x1086.jpg 1536w, https:\/\/agora.xtec.cat\/escolalesfiladores\/wp-content\/uploads\/usu2646\/2025\/10\/Copia-de-HALLOWEEN.jpg 2000w\" sizes=\"auto, (max-width: 1024px) 100vw, 1024px\" \/><\/a><strong>Una comunitat on cr\u00e9ixer \u00e9s una aventura plena de descobertes, emocions i somriures<\/strong><\/p>\n","protected":false},"excerpt":{"rendered":"<p>A la Comunitat de Petits i Petites iniciem el cam\u00ed de l\u2019escola amb curiositat, emoci\u00f3 i ganes de descobrir el m\u00f3n que ens envolta. Els primers anys s\u00f3n una etapa plena de viv\u00e8ncies i aprenentatges significatius, on el joc, l\u2019experimentaci\u00f3 i la relaci\u00f3 amb els&hellip;  <a href=\"https:\/\/agora.xtec.cat\/escolalesfiladores\/nivells\/comunitat-de-petits-i-petites\/\" title=\"Read Comunitat de petits i petites\">Llegeix m\u00e9s\u00bb<\/a><\/p>\n","protected":false},"author":1,"featured_media":0,"parent":87,"menu_order":1,"comment_status":"closed","ping_status":"closed","template":"","meta":{"_bbp_topic_count":0,"_bbp_reply_count":0,"_bbp_total_topic_count":0,"_bbp_total_reply_count":0,"_bbp_voice_count":0,"_bbp_anonymous_reply_count":0,"_bbp_topic_count_hidden":0,"_bbp_reply_count_hidden":0,"_bbp_forum_subforum_count":0,"footnotes":""},"class_list":["post-7610","page","type-page","status-publish","hentry"],"post_mailing_queue_ids":[],"_links":{"self":[{"href":"https:\/\/agora.xtec.cat\/escolalesfiladores\/wp-json\/wp\/v2\/pages\/7610","targetHints":{"allow":["GET"]}}],"collection":[{"href":"https:\/\/agora.xtec.cat\/escolalesfiladores\/wp-json\/wp\/v2\/pages"}],"about":[{"href":"https:\/\/agora.xtec.cat\/escolalesfiladores\/wp-json\/wp\/v2\/types\/page"}],"author":[{"embeddable":true,"href":"https:\/\/agora.xtec.cat\/escolalesfiladores\/wp-json\/wp\/v2\/users\/1"}],"replies":[{"embeddable":true,"href":"https:\/\/agora.xtec.cat\/escolalesfiladores\/wp-json\/wp\/v2\/comments?post=7610"}],"version-history":[{"count":6,"href":"https:\/\/agora.xtec.cat\/escolalesfiladores\/wp-json\/wp\/v2\/pages\/7610\/revisions"}],"predecessor-version":[{"id":7638,"href":"https:\/\/agora.xtec.cat\/escolalesfiladores\/wp-json\/wp\/v2\/pages\/7610\/revisions\/7638"}],"up":[{"embeddable":true,"href":"https:\/\/agora.xtec.cat\/escolalesfiladores\/wp-json\/wp\/v2\/pages\/87"}],"wp:attachment":[{"href":"https:\/\/agora.xtec.cat\/escolalesfiladores\/wp-json\/wp\/v2\/media?parent=7610"}],"curies":[{"name":"wp","href":"https:\/\/api.w.org\/{rel}","templated":true}]}}