{"id":7433,"date":"2025-07-11T10:45:34","date_gmt":"2025-07-11T08:45:34","guid":{"rendered":"https:\/\/agora.xtec.cat\/escolalesfiladores\/?page_id=7433"},"modified":"2025-07-11T11:35:27","modified_gmt":"2025-07-11T09:35:27","slug":"projectes-descola-2","status":"publish","type":"page","link":"https:\/\/agora.xtec.cat\/escolalesfiladores\/projectes-descola-2\/","title":{"rendered":"Projectes d&#8217;escola"},"content":{"rendered":"<p>A la nostra escola, entenem l\u2019educaci\u00f3 com un proc\u00e9s actiu, significatiu i estretament vinculat a la realitat que envolta els infants. Amb aquesta mirada, hem dissenyat tres <strong data-start=\"427\" data-end=\"466\">projectes pilars interdisciplinaris<\/strong> que esdevenen el fil conductor del treball a l\u2019etapa de prim\u00e0ria. Aquests projectes ofereixen un marc global que integra les diferents \u00e0rees d\u2019aprenentatge, fomenta la curiositat, la participaci\u00f3 activa i el pensament cr\u00edtic, i ajuda els infants a comprendre millor el m\u00f3n on viuen.<\/p>\n<p><a href=\"https:\/\/agora.xtec.cat\/escolalesfiladores\/wp-content\/uploads\/usu2646\/2025\/07\/a-c-c-i-o-1.jpg\"><img loading=\"lazy\" decoding=\"async\" class=\"aligncenter  wp-image-7448\" src=\"https:\/\/agora.xtec.cat\/escolalesfiladores\/wp-content\/uploads\/usu2646\/2025\/07\/a-c-c-i-o-1-1024x724.jpg\" alt=\"\" width=\"542\" height=\"383\" srcset=\"https:\/\/agora.xtec.cat\/escolalesfiladores\/wp-content\/uploads\/usu2646\/2025\/07\/a-c-c-i-o-1-1024x724.jpg 1024w, https:\/\/agora.xtec.cat\/escolalesfiladores\/wp-content\/uploads\/usu2646\/2025\/07\/a-c-c-i-o-1-300x212.jpg 300w, https:\/\/agora.xtec.cat\/escolalesfiladores\/wp-content\/uploads\/usu2646\/2025\/07\/a-c-c-i-o-1-768x543.jpg 768w, https:\/\/agora.xtec.cat\/escolalesfiladores\/wp-content\/uploads\/usu2646\/2025\/07\/a-c-c-i-o-1-1536x1086.jpg 1536w, https:\/\/agora.xtec.cat\/escolalesfiladores\/wp-content\/uploads\/usu2646\/2025\/07\/a-c-c-i-o-1.jpg 2000w\" sizes=\"auto, (max-width: 542px) 100vw, 542px\" \/><\/a><\/p>\n","protected":false},"excerpt":{"rendered":"<p>A la nostra escola, entenem l\u2019educaci\u00f3 com un proc\u00e9s actiu, significatiu i estretament vinculat a la realitat que envolta els infants. Amb aquesta mirada, hem dissenyat tres projectes pilars interdisciplinaris que esdevenen el fil conductor del treball a l\u2019etapa de prim\u00e0ria. Aquests projectes ofereixen un&hellip;  <a href=\"https:\/\/agora.xtec.cat\/escolalesfiladores\/projectes-descola-2\/\" title=\"Read Projectes d&#8217;escola\">Llegeix m\u00e9s\u00bb<\/a><\/p>\n","protected":false},"author":1,"featured_media":0,"parent":0,"menu_order":0,"comment_status":"closed","ping_status":"closed","template":"","meta":{"_bbp_topic_count":0,"_bbp_reply_count":0,"_bbp_total_topic_count":0,"_bbp_total_reply_count":0,"_bbp_voice_count":0,"_bbp_anonymous_reply_count":0,"_bbp_topic_count_hidden":0,"_bbp_reply_count_hidden":0,"_bbp_forum_subforum_count":0,"footnotes":""},"class_list":["post-7433","page","type-page","status-publish","hentry"],"post_mailing_queue_ids":[],"_links":{"self":[{"href":"https:\/\/agora.xtec.cat\/escolalesfiladores\/wp-json\/wp\/v2\/pages\/7433","targetHints":{"allow":["GET"]}}],"collection":[{"href":"https:\/\/agora.xtec.cat\/escolalesfiladores\/wp-json\/wp\/v2\/pages"}],"about":[{"href":"https:\/\/agora.xtec.cat\/escolalesfiladores\/wp-json\/wp\/v2\/types\/page"}],"author":[{"embeddable":true,"href":"https:\/\/agora.xtec.cat\/escolalesfiladores\/wp-json\/wp\/v2\/users\/1"}],"replies":[{"embeddable":true,"href":"https:\/\/agora.xtec.cat\/escolalesfiladores\/wp-json\/wp\/v2\/comments?post=7433"}],"version-history":[{"count":5,"href":"https:\/\/agora.xtec.cat\/escolalesfiladores\/wp-json\/wp\/v2\/pages\/7433\/revisions"}],"predecessor-version":[{"id":7450,"href":"https:\/\/agora.xtec.cat\/escolalesfiladores\/wp-json\/wp\/v2\/pages\/7433\/revisions\/7450"}],"wp:attachment":[{"href":"https:\/\/agora.xtec.cat\/escolalesfiladores\/wp-json\/wp\/v2\/media?parent=7433"}],"curies":[{"name":"wp","href":"https:\/\/api.w.org\/{rel}","templated":true}]}}