{"id":73,"date":"2014-09-18T14:01:51","date_gmt":"2014-09-18T13:01:51","guid":{"rendered":"http:\/\/agora.xtec.cat\/escolalesfiladores\/?page_id=73"},"modified":"2026-03-25T15:44:43","modified_gmt":"2026-03-25T14:44:43","slug":"menjador-escolar","status":"publish","type":"page","link":"https:\/\/agora.xtec.cat\/escolalesfiladores\/menjador-escolar\/","title":{"rendered":"Menjador escolar"},"content":{"rendered":"<p>La franja hor\u00e0ria establerta per al servei de menjador de l&#8217;escola Les Filadores \u00e9s de 12.30 a 15.00 h. L&#8217;AFA gestiona aquest servei i se&#8217;n fa c\u00e0rrec l&#8217;empresa Com a casa Menjadors <a href=\"https:\/\/comacasamenjadors.cat\">https:\/\/comacasamenjadors.cat.\u00a0 \u00a0<\/a><\/p>\n<p><a href=\"https:\/\/agora.xtec.cat\/escolalesfiladores\/wp-content\/uploads\/usu2646\/2026\/02\/Menu-marc.pdf\">MEN\u00da MAR\u00c7 26<\/a><\/p>\n<p><a href=\"https:\/\/agora.xtec.cat\/escolalesfiladores\/wp-content\/uploads\/usu2646\/2026\/03\/ESCOLA_LES_FILADORES-Basal-Abril_2026_994_0_04_2026.pdf\">MEN\u00da ABRIL 26<\/a><\/p>\n<p>&nbsp;<\/p>\n<p>&nbsp;<\/p>\n<p>&nbsp;<\/p>\n<p>&nbsp;<\/p>\n<p>&nbsp;<\/p>\n","protected":false},"excerpt":{"rendered":"<p>La franja hor\u00e0ria establerta per al servei de menjador de l&#8217;escola Les Filadores \u00e9s de 12.30 a 15.00 h. L&#8217;AFA gestiona aquest servei i se&#8217;n fa c\u00e0rrec l&#8217;empresa Com a casa Menjadors <a href=\"https:\/\/comacasamenjadors.cat\">https:\/\/comacasamenjadors.cat.\u00a0 \u00a0<\/a><br \/>\n<a href=\"https:\/\/agora.xtec.cat\/escolalesfiladores\/wp-content\/uploads\/usu2646\/2026\/02\/Menu-marc.pdf\">MEN\u00da MAR\u00c7 26<\/a><br \/>\n<a href=\"https:\/\/agora.xtec.cat\/escolalesfiladores\/wp-content\/uploads\/usu2646\/2026\/03\/ESCOLA_LES_FILADORES-Basal-Abril_2026_994_0_04_2026.pdf\">MEN\u00da ABRIL 26<\/a><br \/>\n&nbsp;<br \/>\n&nbsp;<br \/>\n&nbsp;<br \/>\n&nbsp;<br \/>\n&nbsp;<\/p>\n","protected":false},"author":1,"featured_media":0,"parent":0,"menu_order":30,"comment_status":"closed","ping_status":"closed","template":"page-templates\/side-menu.php","meta":{"_bbp_topic_count":0,"_bbp_reply_count":0,"_bbp_total_topic_count":0,"_bbp_total_reply_count":0,"_bbp_voice_count":0,"_bbp_anonymous_reply_count":0,"_bbp_topic_count_hidden":0,"_bbp_reply_count_hidden":0,"_bbp_forum_subforum_count":0,"footnotes":""},"class_list":["post-73","page","type-page","status-publish","hentry"],"post_mailing_queue_ids":[],"_links":{"self":[{"href":"https:\/\/agora.xtec.cat\/escolalesfiladores\/wp-json\/wp\/v2\/pages\/73","targetHints":{"allow":["GET"]}}],"collection":[{"href":"https:\/\/agora.xtec.cat\/escolalesfiladores\/wp-json\/wp\/v2\/pages"}],"about":[{"href":"https:\/\/agora.xtec.cat\/escolalesfiladores\/wp-json\/wp\/v2\/types\/page"}],"author":[{"embeddable":true,"href":"https:\/\/agora.xtec.cat\/escolalesfiladores\/wp-json\/wp\/v2\/users\/1"}],"replies":[{"embeddable":true,"href":"https:\/\/agora.xtec.cat\/escolalesfiladores\/wp-json\/wp\/v2\/comments?post=73"}],"version-history":[{"count":7,"href":"https:\/\/agora.xtec.cat\/escolalesfiladores\/wp-json\/wp\/v2\/pages\/73\/revisions"}],"predecessor-version":[{"id":8546,"href":"https:\/\/agora.xtec.cat\/escolalesfiladores\/wp-json\/wp\/v2\/pages\/73\/revisions\/8546"}],"wp:attachment":[{"href":"https:\/\/agora.xtec.cat\/escolalesfiladores\/wp-json\/wp\/v2\/media?parent=73"}],"curies":[{"name":"wp","href":"https:\/\/api.w.org\/{rel}","templated":true}]}}