{"id":617,"date":"2021-09-22T20:26:03","date_gmt":"2021-09-22T18:26:03","guid":{"rendered":"https:\/\/agora.xtec.cat\/escolalesfiladores\/?page_id=617"},"modified":"2023-04-27T14:37:37","modified_gmt":"2023-04-27T12:37:37","slug":"autoritzacions","status":"publish","type":"page","link":"https:\/\/agora.xtec.cat\/escolalesfiladores\/autoritzacions\/","title":{"rendered":"Autoritzacions del dia a dia"},"content":{"rendered":"<p>En els seg\u00fcents enlla\u00e7os podeu <strong>consultar<\/strong> i <strong>descarregar<\/strong> els documents referents a les autoritzacions del centre:<\/p>\n<p style=\"padding-left: 40px;\"><a href=\"https:\/\/agora.xtec.cat\/escolalesfiladores\/wp-content\/uploads\/usu2646\/2022\/02\/Autoritzacio-Paracetamol.pdf\">\ud83d\udcc4\u200a Autoritzaci\u00f3 Paracetamol<\/a><\/p>\n<p style=\"padding-left: 40px;\"><a href=\"https:\/\/agora.xtec.cat\/escolalesfiladores\/wp-content\/uploads\/usu2646\/2022\/10\/Autoritzacio-Recollida-dInfants-1-1.pdf\">\ud83d\udcc4\u200a Autoritzaci\u00f3 Recollida d&#8217;Infants<\/a><\/p>\n<p style=\"padding-left: 40px;\"><a href=\"https:\/\/agora.xtec.cat\/escolalesfiladores\/wp-content\/uploads\/usu2646\/2022\/09\/Autoritzacio-Medicaments.pdf\">\ud83d\udcc4<\/a><a href=\"https:\/\/agora.xtec.cat\/escolalesfiladores\/wp-content\/uploads\/usu2646\/2023\/04\/Autoritzacio-Medicaments.pdf\">Autoritzaci\u00f3 Medicaments<\/a><\/p>\n<p style=\"padding-left: 40px;\"><a href=\"https:\/\/agora.xtec.cat\/escolalesfiladores\/wp-content\/uploads\/usu2646\/2022\/09\/Autoritzacio-Sortides.pdf\">\ud83d\udcc4\u200a Autoritzaci\u00f3 Sortides<\/a><\/p>\n<p style=\"padding-left: 40px;\"><a href=\"https:\/\/agora.xtec.cat\/escolalesfiladores\/wp-content\/uploads\/usu2646\/2022\/02\/Autoritzacio-Imatge-actualitzada-febrer-22.pdf\">\ud83d\udcc4\u200a Autoritzaci\u00f3 de l&#8217;\u00fas i publicaci\u00f3 d&#8217;Imatges<\/a><\/p>\n<p style=\"padding-left: 40px;\"><a href=\"https:\/\/agora.xtec.cat\/escolalesfiladores\/wp-content\/uploads\/usu2646\/2022\/09\/Solicitut-drets-dimatge-AFA-Les-Filadores.pdf\">\ud83d\udcc4\u200a Autoritzaci\u00f3 de l&#8217;\u00fas i publicaci\u00f3 d&#8217;Imatges AFA<\/a><\/p>\n","protected":false},"excerpt":{"rendered":"<p>En els seg\u00fcents enlla\u00e7os podeu consultar i descarregar els documents referents a les autoritzacions del centre:<br \/>\n<a href=\"https:\/\/agora.xtec.cat\/escolalesfiladores\/wp-content\/uploads\/usu2646\/2022\/02\/Autoritzacio-Paracetamol.pdf\">\ud83d\udcc4\u200a Autoritzaci\u00f3 Paracetamol<\/a><br \/>\n<a href=\"https:\/\/agora.xtec.cat\/escolalesfiladores\/wp-content\/uploads\/usu2646\/2022\/10\/Autoritzacio-Recollida-dInfants-1-1.pdf\">\ud83d\udcc4\u200a Autoritzaci\u00f3 Recollida d&#8217;Infants<\/a><br \/>\n<a href=\"https:\/\/agora.xtec.cat\/escolalesfiladores\/wp-content\/uploads\/usu2646\/2022\/09\/Autoritzacio-Medicaments.pdf\">\ud83d\udcc4<\/a><a href=\"https:\/\/agora.xtec.cat\/escolalesfiladores\/wp-content\/uploads\/usu2646\/2023\/04\/Autoritzacio-Medicaments.pdf\">Autoritzaci\u00f3 Medicaments<\/a><br \/>\n<a href=\"https:\/\/agora.xtec.cat\/escolalesfiladores\/wp-content\/uploads\/usu2646\/2022\/09\/Autoritzacio-Sortides.pdf\">\ud83d\udcc4\u200a Autoritzaci\u00f3 Sortides<\/a><br \/>\n<a href=\"https:\/\/agora.xtec.cat\/escolalesfiladores\/wp-content\/uploads\/usu2646\/2022\/02\/Autoritzacio-Imatge-actualitzada-febrer-22.pdf\">\ud83d\udcc4\u200a Autoritzaci\u00f3 de l&#8217;\u00fas i publicaci\u00f3 d&#8217;Imatges<\/a><br \/>\n<a href=\"https:\/\/agora.xtec.cat\/escolalesfiladores\/wp-content\/uploads\/usu2646\/2022\/09\/Solicitut-drets-dimatge-AFA-Les-Filadores.pdf\">\ud83d\udcc4\u200a Autoritzaci\u00f3 de l&#8217;\u00fas i publicaci\u00f3 d&#8217;Imatges AFA<\/a><\/p>\n","protected":false},"author":1,"featured_media":0,"parent":0,"menu_order":0,"comment_status":"closed","ping_status":"closed","template":"","meta":{"_bbp_topic_count":0,"_bbp_reply_count":0,"_bbp_total_topic_count":0,"_bbp_total_reply_count":0,"_bbp_voice_count":0,"_bbp_anonymous_reply_count":0,"_bbp_topic_count_hidden":0,"_bbp_reply_count_hidden":0,"_bbp_forum_subforum_count":0,"footnotes":""},"class_list":["post-617","page","type-page","status-publish","hentry"],"post_mailing_queue_ids":[],"_links":{"self":[{"href":"https:\/\/agora.xtec.cat\/escolalesfiladores\/wp-json\/wp\/v2\/pages\/617","targetHints":{"allow":["GET"]}}],"collection":[{"href":"https:\/\/agora.xtec.cat\/escolalesfiladores\/wp-json\/wp\/v2\/pages"}],"about":[{"href":"https:\/\/agora.xtec.cat\/escolalesfiladores\/wp-json\/wp\/v2\/types\/page"}],"author":[{"embeddable":true,"href":"https:\/\/agora.xtec.cat\/escolalesfiladores\/wp-json\/wp\/v2\/users\/1"}],"replies":[{"embeddable":true,"href":"https:\/\/agora.xtec.cat\/escolalesfiladores\/wp-json\/wp\/v2\/comments?post=617"}],"version-history":[{"count":3,"href":"https:\/\/agora.xtec.cat\/escolalesfiladores\/wp-json\/wp\/v2\/pages\/617\/revisions"}],"predecessor-version":[{"id":2377,"href":"https:\/\/agora.xtec.cat\/escolalesfiladores\/wp-json\/wp\/v2\/pages\/617\/revisions\/2377"}],"wp:attachment":[{"href":"https:\/\/agora.xtec.cat\/escolalesfiladores\/wp-json\/wp\/v2\/media?parent=617"}],"curies":[{"name":"wp","href":"https:\/\/api.w.org\/{rel}","templated":true}]}}