{"id":2238,"date":"2023-03-26T19:18:16","date_gmt":"2023-03-26T17:18:16","guid":{"rendered":"https:\/\/agora.xtec.cat\/escolalesfiladores\/?page_id=2238"},"modified":"2026-02-23T20:21:37","modified_gmt":"2026-02-23T19:21:37","slug":"consell-escolar-2","status":"publish","type":"page","link":"https:\/\/agora.xtec.cat\/escolalesfiladores\/consell-escolar-2\/","title":{"rendered":"Consell Escolar"},"content":{"rendered":"<p><strong>Composici\u00f3<\/strong><\/p>\n<table style=\"border-collapse: collapse; width: 59.887%;\">\n<tbody>\n<tr>\n<td style=\"width: 32.524%;\">Patricia G\u00f3mez<\/td>\n<td style=\"width: 64.3071%;\"><span style=\"background-color: #f9f9f9;\">Representant sector mestres<\/span><\/td>\n<\/tr>\n<tr>\n<td style=\"width: 32.524%;\">Maribel Sayago<\/td>\n<td style=\"width: 64.3071%;\">Representant sector mestres<\/td>\n<\/tr>\n<tr>\n<td style=\"width: 32.524%;\">Rosana S\u00e1nchez<\/td>\n<td style=\"width: 64.3071%;\">Representant personal PAE<\/td>\n<\/tr>\n<tr>\n<td style=\"width: 32.524%;\">Pere Auleda<\/td>\n<td style=\"width: 64.3071%;\"><span style=\"background-color: #ffffff;\">Representant sector fam\u00edlies<\/span><\/td>\n<\/tr>\n<tr>\n<td style=\"width: 32.524%;\">J\u00e9ssica Alc\u00e1ntara<\/td>\n<td style=\"width: 64.3071%;\"><span style=\"background-color: #ffffff;\">Representant sector fam\u00edlies (designada per l&#8217;AFA)<\/span><\/td>\n<\/tr>\n<tr>\n<td style=\"width: 32.524%;\"><span style=\"background-color: #ffffff;\">Montserrat Rueda<\/span><\/td>\n<td style=\"width: 64.3071%;\"><span style=\"background-color: #ffffff;\">Regidora o representant de l&#8217;Ajuntament<\/span><\/td>\n<\/tr>\n<tr>\n<td style=\"width: 32.524%;\"><span style=\"background-color: #f9f9f9;\">Nat\u00e0lia Prat<\/span><\/td>\n<td style=\"width: 64.3071%;\"><span style=\"background-color: #f9f9f9;\">Secret\u00e0ria<\/span><\/td>\n<\/tr>\n<tr>\n<td style=\"width: 32.524%;\"><span style=\"background-color: #ffffff;\">Montse Jer\u00f3nimo<\/span><\/td>\n<td style=\"width: 64.3071%;\"><span style=\"background-color: #ffffff;\">Presidenta<\/span><\/td>\n<\/tr>\n<\/tbody>\n<\/table>\n<p><strong>Referent de coeducaci\u00f3<\/strong><\/p>\n<table style=\"border-collapse: collapse; width: 15.5611%; height: 33px;\">\n<tbody>\n<tr style=\"height: 32px;\">\n<td style=\"width: 100%; height: 32px;\">J\u00e9ssica Alc\u00e1ntara<\/td>\n<\/tr>\n<\/tbody>\n<\/table>\n<p>&nbsp;<\/p>\n<p><strong>Acords<\/strong><\/p>\n<table style=\"border-collapse: collapse; width: 60.4291%; height: 64px;\">\n<tbody>\n<tr style=\"height: 32px;\">\n<td style=\"width: 100%; height: 32px;\"><strong>Sessi\u00f3 23\/02\/2026<\/strong><\/td>\n<\/tr>\n<tr style=\"height: 32px;\">\n<td style=\"width: 100%; height: 32px;\">\n<ul style=\"list-style-type: circle;\">\n<li>Liquidaci\u00f3 exercici comptable 2025<\/li>\n<li>Aprovaci\u00f3 pressupost exercici 2026<\/li>\n<li>Situaci\u00f3 contractaci\u00f3 empresa servei menjador curs 2026-27<\/li>\n<\/ul>\n<\/td>\n<\/tr>\n<\/tbody>\n<\/table>\n<table style=\"border-collapse: collapse; width: 60.9937%;\">\n<tbody>\n<tr>\n<td style=\"width: 536.921px;\"><strong>Sessi\u00f3 27\/11\/2025<\/strong><\/td>\n<\/tr>\n<tr>\n<td style=\"width: 536.921px;\">\n<ul style=\"list-style-type: circle;\">\n<li>Constituci\u00f3 del nou consell escolar<\/li>\n<\/ul>\n<\/td>\n<\/tr>\n<\/tbody>\n<\/table>\n<table style=\"border-collapse: collapse; width: 60.9937%;\">\n<tbody>\n<tr>\n<td style=\"width: 536.921px;\"><strong>Sessi\u00f3 19\/06\/2025<\/strong><\/td>\n<\/tr>\n<tr>\n<td style=\"width: 536.921px;\">\n<ul style=\"list-style-type: circle;\">\n<li>Presentaci\u00f3 i aprovaci\u00f3 del calendari escolar curs 2025-26<\/li>\n<li>Presentaci\u00f3 i aprovaci\u00f3 Mem\u00f2ria Anual curs 24-25<\/li>\n<li>Presentaci\u00f3 del Projecte ESCOLTA&#8217;M<\/li>\n<li>Informaci\u00f3 matr\u00edcula curs 2024-25<\/li>\n<\/ul>\n<\/td>\n<\/tr>\n<\/tbody>\n<\/table>\n<table style=\"border-collapse: collapse; width: 60.9937%;\">\n<tbody>\n<tr>\n<td style=\"width: 536.921px;\"><strong>Sessi\u00f3 13\/03\/2025<\/strong><\/td>\n<\/tr>\n<tr>\n<td style=\"width: 536.921px;\">\n<ul style=\"list-style-type: circle;\">\n<li>Presentaci\u00f3 del Projecte de Direcci\u00f3 Curs: 2025-2029<\/li>\n<\/ul>\n<\/td>\n<\/tr>\n<\/tbody>\n<\/table>\n<table style=\"border-collapse: collapse; width: 60.9937%; height: 110px;\">\n<tbody>\n<tr style=\"height: 32px;\">\n<td style=\"width: 536.921px; height: 32px;\"><strong>Sessi\u00f3 06\/02\/2025<\/strong><\/td>\n<\/tr>\n<tr style=\"height: 78px;\">\n<td style=\"width: 536.921px; height: 78px;\">\n<ul style=\"list-style-type: circle;\">\n<li>Liquidaci\u00f3 exercici comptable 2024<\/li>\n<li>Aprovaci\u00f3 pressupost exercici 2025<\/li>\n<\/ul>\n<\/td>\n<\/tr>\n<\/tbody>\n<\/table>\n<table style=\"border-collapse: collapse; width: 61.1358%;\">\n<tbody>\n<tr>\n<td style=\"width: 100%;\"><strong>Sessi\u00f3 07\/11\/2024<\/strong><\/td>\n<\/tr>\n<tr>\n<td style=\"width: 100%;\">\n<ul style=\"list-style-type: circle;\">\n<li>Presentaci\u00f3 i aprovaci\u00f3 de la PGA curs 24-25<\/li>\n<li>Aprovaci\u00f3 de les sortides i col\u00f2nies previstes per aquest curs 24-25<\/li>\n<\/ul>\n<\/td>\n<\/tr>\n<\/tbody>\n<\/table>\n<table style=\"border-collapse: collapse; width: 61.1358%;\">\n<tbody>\n<tr>\n<td style=\"width: 100%;\"><strong>Sessi\u00f3 27\/06\/2024<\/strong><\/td>\n<\/tr>\n<tr>\n<td style=\"width: 100%;\">\n<ul style=\"list-style-type: circle;\">\n<li>Presentaci\u00f3 i aprovaci\u00f3 del calendari escolar curs 2024-25<\/li>\n<li>Presentaci\u00f3 i aprovaci\u00f3 Mem\u00f2ria Anual curs 23-24<\/li>\n<li>Presentaci\u00f3 i aprovaci\u00f3 Projecte Conviv\u00e8ncia de centre<\/li>\n<li>Presentaci\u00f3 i aprovaci\u00f3 Pla de Comunicaci\u00f3 de centre<\/li>\n<li>Informaci\u00f3 matr\u00edcula curs 2024-25<\/li>\n<\/ul>\n<\/td>\n<\/tr>\n<\/tbody>\n<\/table>\n<table style=\"border-collapse: collapse; width: 61.1358%;\">\n<tbody>\n<tr>\n<td style=\"width: 100%;\"><strong>Sessi\u00f3 01\/02\/2024<\/strong><\/td>\n<\/tr>\n<tr>\n<td style=\"width: 100%;\">\n<ul style=\"list-style-type: circle;\">\n<li>Liquidaci\u00f3 exercici comptable 2023<\/li>\n<li>Aprovaci\u00f3 pressupost exercici 2024<\/li>\n<li>Presentaci\u00f3 projecte b\u00e0sic del nou edifici<\/li>\n<\/ul>\n<\/td>\n<\/tr>\n<\/tbody>\n<\/table>\n<table style=\"border-collapse: collapse; width: 61.1358%;\">\n<tbody>\n<tr>\n<td style=\"width: 100%;\"><strong>Sessi\u00f3 13\/12\/2023<\/strong><\/td>\n<\/tr>\n<tr>\n<td style=\"width: 100%;\">\n<ul style=\"list-style-type: circle;\">\n<li>Constituci\u00f3 del nou consell escolar<\/li>\n<\/ul>\n<\/td>\n<\/tr>\n<\/tbody>\n<\/table>\n<table style=\"border-collapse: collapse; width: 61.2489%; height: 133px;\">\n<tbody>\n<tr style=\"height: 32px;\">\n<td style=\"width: 100%; height: 32px;\"><strong>Sessi\u00f3 extraordin\u00e0ria 08\/11\/2023<\/strong><\/td>\n<\/tr>\n<tr style=\"height: 101px;\">\n<td style=\"width: 100%; height: 101px;\">\n<ul style=\"list-style-type: circle;\">\n<li>Aprovaci\u00f3 PGA curs 23-24<\/li>\n<li>Aprovaci\u00f3 de les sortides i col\u00f2nies previstes per aquest curs 23-24<\/li>\n<li>Calendari i proc\u00e9s d&#8217;eleccions al consell escolar<\/li>\n<\/ul>\n<\/td>\n<\/tr>\n<\/tbody>\n<\/table>\n<table style=\"border-collapse: collapse; width: 61.6614%;\">\n<tbody>\n<tr>\n<td style=\"width: 100%;\"><strong>Sessi\u00f3 29\/06\/2023<\/strong><\/td>\n<\/tr>\n<tr>\n<td style=\"width: 100%;\">\n<ul style=\"list-style-type: circle;\">\n<li>Presentaci\u00f3 i aprovaci\u00f3 de la Mem\u00f2ria Anual del curs 22-23<\/li>\n<li>Presentaci\u00f3 i aprovaci\u00f3 del Projecte Ling\u00fc\u00edstic de Centre<\/li>\n<li>Presentaci\u00f3 i aprovaci\u00f3 de les actualitzacions de les NOFC<\/li>\n<li>Preinscripci\u00f3 i equip educatiu curs 2023-24<\/li>\n<li>Calendari escolar curs 2023-24<\/li>\n<\/ul>\n<\/td>\n<\/tr>\n<\/tbody>\n<\/table>\n<table style=\"border-collapse: collapse; width: 61.7808%;\">\n<tbody>\n<tr>\n<td style=\"width: 100%;\"><strong>Sessi\u00f3 extraordin\u00e0ria 14\/06\/2023<\/strong><\/td>\n<\/tr>\n<tr>\n<td style=\"width: 100%;\">\n<ul style=\"list-style-type: circle;\">\n<li>Presentaci\u00f3 i aprovaci\u00f3 de la proposta de calendari per al curs 2023-24<\/li>\n<\/ul>\n<\/td>\n<\/tr>\n<\/tbody>\n<\/table>\n<table style=\"border-collapse: collapse; width: 61.8919%;\">\n<tbody>\n<tr>\n<td style=\"width: 100%;\"><strong>Sessi\u00f3 extraordin\u00e0ria 07\/03\/2023<\/strong><\/td>\n<\/tr>\n<tr>\n<td style=\"width: 100%;\">\n<ul style=\"list-style-type: circle;\">\n<li>Presentaci\u00f3 i aprovaci\u00f3 de la iniciativa com a centre de formar part dels centres formadors de pr\u00e0ctiques d&#8217;estudiants universit\u00e0ries.<\/li>\n<\/ul>\n<\/td>\n<\/tr>\n<\/tbody>\n<\/table>\n<table style=\"border-collapse: collapse; width: 62.0271%;\">\n<tbody>\n<tr>\n<td style=\"width: 100%;\"><strong>Sessi\u00f3 31\/01\/2023<\/strong><\/td>\n<\/tr>\n<tr>\n<td style=\"width: 100%;\">\n<ul style=\"list-style-type: circle;\">\n<li>Aprovaci\u00f3 de l&#8217;exercici comptable any 2022<\/li>\n<li>Presentaci\u00f3 i aprovaci\u00f3 del pressupost per a l&#8217;exercici 2023<\/li>\n<li>Aprovaci\u00f3 del Pla d&#8217;Emerg\u00e8ncia del nostre centre<\/li>\n<li>Presentaci\u00f3 del full de ruta del nostre Projecte Ling\u00fc\u00edstic<\/li>\n<\/ul>\n<\/td>\n<\/tr>\n<\/tbody>\n<\/table>\n<table style=\"border-collapse: collapse; width: 61.8919%;\">\n<tbody>\n<tr>\n<td style=\"width: 100%;\"><strong>Sessi\u00f3 25\/10\/2022<\/strong><\/td>\n<\/tr>\n<tr>\n<td style=\"width: 100%;\">\n<ul style=\"list-style-type: circle;\">\n<li>Informaci\u00f3 sobre l&#8217;inici de curs 2022-23<\/li>\n<li>Aprovaci\u00f3 del Pla Anual curs 2022-23<\/li>\n<li>Presentaci\u00f3 de les sortides previstes per al curs 2022-23<\/li>\n<\/ul>\n<\/td>\n<\/tr>\n<\/tbody>\n<\/table>\n<table style=\"border-collapse: collapse; width: 62.027%;\">\n<tbody>\n<tr>\n<td style=\"width: 100%;\"><strong>Sessi\u00f3 28\/06\/2022<\/strong><\/td>\n<\/tr>\n<tr>\n<td style=\"width: 100%;\">\n<ul style=\"list-style-type: circle;\">\n<li>Aprovaci\u00f3 del Projecte Educatiu de Centre<\/li>\n<li>Presentaci\u00f3 i aprovaci\u00f3 de les NOFC<\/li>\n<li>Aprovaci\u00f3 del Pla de Comunicaci\u00f3 de Centre<\/li>\n<li>Aprovaci\u00f3 de la Mem\u00f2ria del Pla Anual<\/li>\n<li>Calendari curs 2022-23<\/li>\n<li>Informaci\u00f3 sobre la preinscripci\u00f3 i l&#8217;equip docent curs 2022-23<\/li>\n<\/ul>\n<\/td>\n<\/tr>\n<\/tbody>\n<\/table>\n<table style=\"border-collapse: collapse; width: 62.1607%;\">\n<tbody>\n<tr>\n<td style=\"width: 100%;\"><strong>Sessi\u00f3 01\/02\/2022<\/strong><\/td>\n<\/tr>\n<tr>\n<td style=\"width: 100%;\">\n<ul style=\"list-style-type: circle;\">\n<li>Liquidaci\u00f3 exercici comptable 2021<\/li>\n<li>Aprovaci\u00f3 pressupost exercici 2022<\/li>\n<li>Presentaci\u00f3 i aprovaci\u00f3 de la Carta de comprom\u00eds del centre<\/li>\n<\/ul>\n<\/td>\n<\/tr>\n<\/tbody>\n<\/table>\n<table style=\"border-collapse: collapse; width: 62.0256%; height: 132px;\">\n<tbody>\n<tr style=\"height: 32px;\">\n<td style=\"width: 100%; height: 32px;\"><strong>Sessi\u00f3 13\/12\/2021<\/strong><\/td>\n<\/tr>\n<tr style=\"height: 88px;\">\n<td style=\"width: 100%; height: 88px;\">\n<ul style=\"list-style-type: circle;\">\n<li>Aprovaci\u00f3 del nom de la nostra escola LES FILADORES<\/li>\n<li>Aprovaci\u00f3 del Pla Anual curs 2021-22<\/li>\n<li>Aprovaci\u00f3 pressupost any 2021<\/li>\n<li>Aprovaci\u00f3 de les sortides previstes per al curs 2021-22<\/li>\n<\/ul>\n<\/td>\n<\/tr>\n<\/tbody>\n<\/table>\n<table style=\"border-collapse: collapse; width: 62.0271%;\">\n<tbody>\n<tr>\n<td style=\"width: 100%;\"><strong>Sessi\u00f3 3\/11\/2021<\/strong><\/td>\n<\/tr>\n<tr>\n<td style=\"width: 100%;\">Constituci\u00f3 de Consell Escolar<\/td>\n<\/tr>\n<\/tbody>\n<\/table>\n<p>&nbsp;<\/p>\n","protected":false},"excerpt":{"rendered":"<p>Composici\u00f3<\/p>\n<p>Patricia G\u00f3mez<br \/>\nRepresentant sector mestres<\/p>\n<p>Maribel Sayago<br \/>\nRepresentant sector mestres<\/p>\n<p>Rosana S\u00e1nchez<br \/>\nRepresentant personal PAE<\/p>\n<p>Pere Auleda<br \/>\nRepresentant sector fam\u00edlies<\/p>\n<p>J\u00e9ssica Alc\u00e1ntara<br \/>\nRepresentant sector fam\u00edlies (designada per l&#8217;AFA)<\/p>\n<p>Montserrat Rueda<br \/>\nRegidora o representant de l&#8217;Ajuntament<\/p>\n<p>Nat\u00e0lia Prat<br \/>\nSecret\u00e0ria<\/p>\n<p>Montse Jer\u00f3nimo<br \/>\nPresidenta<\/p>\n<p>Referent de coeducaci\u00f3<\/p>\n<p>J\u00e9ssica Alc\u00e1ntara<\/p>\n<p>&nbsp;<br \/>\nAcords<\/p>\n<p>Sessi\u00f3 23\/02\/2026<\/p>\n<ul style=\"list-style-type: circle;\">\n<li>Liquidaci\u00f3 exercici comptable 2025<\/li>\n<li>Aprovaci\u00f3 pressupost exercici 2026<\/li>\n<li>Situaci\u00f3 contractaci\u00f3 empresa servei menjador curs 2026-27<\/li>\n<\/ul>\n<p>Sessi\u00f3 27\/11\/2025<\/p>\n<ul&hellip;  <a href=\"https:\/\/agora.xtec.cat\/escolalesfiladores\/consell-escolar-2\/\" title=\"Read Consell Escolar\">Llegeix m\u00e9s\u00bb<\/a><\/p>\n","protected":false},"author":1,"featured_media":0,"parent":0,"menu_order":0,"comment_status":"closed","ping_status":"closed","template":"","meta":{"_bbp_topic_count":0,"_bbp_reply_count":0,"_bbp_total_topic_count":0,"_bbp_total_reply_count":0,"_bbp_voice_count":0,"_bbp_anonymous_reply_count":0,"_bbp_topic_count_hidden":0,"_bbp_reply_count_hidden":0,"_bbp_forum_subforum_count":0,"footnotes":""},"class_list":["post-2238","page","type-page","status-publish","hentry"],"post_mailing_queue_ids":[],"_links":{"self":[{"href":"https:\/\/agora.xtec.cat\/escolalesfiladores\/wp-json\/wp\/v2\/pages\/2238","targetHints":{"allow":["GET"]}}],"collection":[{"href":"https:\/\/agora.xtec.cat\/escolalesfiladores\/wp-json\/wp\/v2\/pages"}],"about":[{"href":"https:\/\/agora.xtec.cat\/escolalesfiladores\/wp-json\/wp\/v2\/types\/page"}],"author":[{"embeddable":true,"href":"https:\/\/agora.xtec.cat\/escolalesfiladores\/wp-json\/wp\/v2\/users\/1"}],"replies":[{"embeddable":true,"href":"https:\/\/agora.xtec.cat\/escolalesfiladores\/wp-json\/wp\/v2\/comments?post=2238"}],"version-history":[{"count":6,"href":"https:\/\/agora.xtec.cat\/escolalesfiladores\/wp-json\/wp\/v2\/pages\/2238\/revisions"}],"predecessor-version":[{"id":8370,"href":"https:\/\/agora.xtec.cat\/escolalesfiladores\/wp-json\/wp\/v2\/pages\/2238\/revisions\/8370"}],"wp:attachment":[{"href":"https:\/\/agora.xtec.cat\/escolalesfiladores\/wp-json\/wp\/v2\/media?parent=2238"}],"curies":[{"name":"wp","href":"https:\/\/api.w.org\/{rel}","templated":true}]}}