{"id":22,"date":"2014-09-18T12:19:57","date_gmt":"2014-09-18T11:19:57","guid":{"rendered":"http:\/\/agora.xtec.cat\/escolalesfiladores\/?page_id=22"},"modified":"2023-12-09T18:54:43","modified_gmt":"2023-12-09T17:54:43","slug":"lescola","status":"publish","type":"page","link":"https:\/\/agora.xtec.cat\/escolalesfiladores\/lescola\/","title":{"rendered":"Teixint Les Filadores"},"content":{"rendered":"<p>Una escola que neix implica que tot est\u00e0 per fer per\u00f2, tamb\u00e9, que<strong> tot \u00e9s POSSIBLE<\/strong>!!<\/p>\n<p>Iniciem el proc\u00e9s de construcci\u00f3 d\u2019una escola nova amb molta <strong>emoci\u00f3<\/strong>, una emoci\u00f3 que volem compartir amb els infants i amb les seves fam\u00edlies. Pretenem definir-nos com una escola amb una <strong>mirada atenta<\/strong> que t\u00e9 molt present la veu dels infants i de la comunitat educativa.\u00a0Pretenem, tamb\u00e9, projectar amb for\u00e7a i il\u00b7lusi\u00f3 una escola, on tot el que hi fem tingui un sentit i un valor per a la vida. Una escola com a espai de reconeixement, de pertinen\u00e7a i de confian\u00e7a.<\/p>\n<p>Iniciem la nostra escola el curs 2021-22 amb un grup d&#8217;infants d&#8217;I3 que conviur\u00e0 amb els infants de Can Sorts, escola que ens apadrinar\u00e0 i acollir\u00e0, la qual cosa considerem tot un privilegi. Aquesta conviv\u00e8ncia ens donar\u00e0 l\u2019oportunitat de compartir moments, jocs, festes, aprenentatges, il\u00b7lusions i emocions amb altres infants i mestres.<\/p>\n<p><strong><em>Quan nom\u00e9s somia un de sol, \u00e9s un somni, una fantasia. Quan molts somiem junts, el somni esdev\u00e9 realitat. (H\u00e9lder C\u00e2mara)<\/em><\/strong><\/p>\n<p>&nbsp;<\/p>\n<p><a href=\"https:\/\/agora.xtec.cat\/escolalesfiladores\/wp-content\/uploads\/usu2646\/2023\/10\/1697749857219.jpg\"><img loading=\"lazy\" decoding=\"async\" class=\"aligncenter  wp-image-2995\" src=\"https:\/\/agora.xtec.cat\/escolalesfiladores\/wp-content\/uploads\/usu2646\/2023\/10\/1697749857219-225x300.jpg\" alt=\"\" width=\"296\" height=\"395\" srcset=\"https:\/\/agora.xtec.cat\/escolalesfiladores\/wp-content\/uploads\/usu2646\/2023\/10\/1697749857219-225x300.jpg 225w, https:\/\/agora.xtec.cat\/escolalesfiladores\/wp-content\/uploads\/usu2646\/2023\/10\/1697749857219-768x1024.jpg 768w, https:\/\/agora.xtec.cat\/escolalesfiladores\/wp-content\/uploads\/usu2646\/2023\/10\/1697749857219-1152x1536.jpg 1152w, https:\/\/agora.xtec.cat\/escolalesfiladores\/wp-content\/uploads\/usu2646\/2023\/10\/1697749857219.jpg 1500w\" sizes=\"auto, (max-width: 296px) 100vw, 296px\" \/><\/a><\/p>\n<p>&nbsp;<\/p>\n","protected":false},"excerpt":{"rendered":"<p>Una escola que neix implica que tot est\u00e0 per fer per\u00f2, tamb\u00e9, que tot \u00e9s POSSIBLE!!<br \/>\nIniciem el proc\u00e9s de construcci\u00f3 d\u2019una escola nova amb molta emoci\u00f3, una emoci\u00f3 que volem compartir amb els infants i amb les seves fam\u00edlies. Pretenem definir-nos com una escola amb&hellip;  <a href=\"https:\/\/agora.xtec.cat\/escolalesfiladores\/lescola\/\" title=\"Read Teixint Les Filadores\">Llegeix m\u00e9s\u00bb<\/a><\/p>\n","protected":false},"author":1,"featured_media":0,"parent":0,"menu_order":0,"comment_status":"closed","ping_status":"closed","template":"page-templates\/side-menu.php","meta":{"_bbp_topic_count":0,"_bbp_reply_count":0,"_bbp_total_topic_count":0,"_bbp_total_reply_count":0,"_bbp_voice_count":0,"_bbp_anonymous_reply_count":0,"_bbp_topic_count_hidden":0,"_bbp_reply_count_hidden":0,"_bbp_forum_subforum_count":0,"footnotes":""},"class_list":["post-22","page","type-page","status-publish","hentry"],"post_mailing_queue_ids":[],"_links":{"self":[{"href":"https:\/\/agora.xtec.cat\/escolalesfiladores\/wp-json\/wp\/v2\/pages\/22","targetHints":{"allow":["GET"]}}],"collection":[{"href":"https:\/\/agora.xtec.cat\/escolalesfiladores\/wp-json\/wp\/v2\/pages"}],"about":[{"href":"https:\/\/agora.xtec.cat\/escolalesfiladores\/wp-json\/wp\/v2\/types\/page"}],"author":[{"embeddable":true,"href":"https:\/\/agora.xtec.cat\/escolalesfiladores\/wp-json\/wp\/v2\/users\/1"}],"replies":[{"embeddable":true,"href":"https:\/\/agora.xtec.cat\/escolalesfiladores\/wp-json\/wp\/v2\/comments?post=22"}],"version-history":[{"count":5,"href":"https:\/\/agora.xtec.cat\/escolalesfiladores\/wp-json\/wp\/v2\/pages\/22\/revisions"}],"predecessor-version":[{"id":3513,"href":"https:\/\/agora.xtec.cat\/escolalesfiladores\/wp-json\/wp\/v2\/pages\/22\/revisions\/3513"}],"wp:attachment":[{"href":"https:\/\/agora.xtec.cat\/escolalesfiladores\/wp-json\/wp\/v2\/media?parent=22"}],"curies":[{"name":"wp","href":"https:\/\/api.w.org\/{rel}","templated":true}]}}