{"id":2073,"date":"2023-02-23T17:48:47","date_gmt":"2023-02-23T16:48:47","guid":{"rendered":"https:\/\/agora.xtec.cat\/escolalesfiladores\/?page_id=2073"},"modified":"2023-02-23T17:55:43","modified_gmt":"2023-02-23T16:55:43","slug":"comissio-de-seguiment-dobres","status":"publish","type":"page","link":"https:\/\/agora.xtec.cat\/escolalesfiladores\/participacio-de-les-families\/comissio-de-seguiment-dobres\/","title":{"rendered":"Comissi\u00f3 de seguiment d&#8217;obres"},"content":{"rendered":"<p>El passat 21 de febrer de 2023 es va constituir la Comissi\u00f3 de seguiment de les obres de construcci\u00f3 de l&#8217;edifici de la nostra escola. Formen aquesta comissi\u00f3 representants de les fam\u00edlies, de l&#8217;Ajuntament, de l&#8217;equip directiu i del Departament d&#8217;Educaci\u00f3. Continuem fent cam\u00ed plegades!<\/p>\n<p style=\"text-align: center;\"><a href=\"https:\/\/agora.xtec.cat\/escolalesfiladores\/wp-content\/uploads\/usu2646\/2023\/02\/Planol-web-1.png\"><img loading=\"lazy\" decoding=\"async\" class=\"alignnone size-medium wp-image-2074\" src=\"https:\/\/agora.xtec.cat\/escolalesfiladores\/wp-content\/uploads\/usu2646\/2023\/02\/Planol-web-1-300x213.png\" alt=\"\" width=\"300\" height=\"213\" srcset=\"https:\/\/agora.xtec.cat\/escolalesfiladores\/wp-content\/uploads\/usu2646\/2023\/02\/Planol-web-1-300x213.png 300w, https:\/\/agora.xtec.cat\/escolalesfiladores\/wp-content\/uploads\/usu2646\/2023\/02\/Planol-web-1-1024x726.png 1024w, https:\/\/agora.xtec.cat\/escolalesfiladores\/wp-content\/uploads\/usu2646\/2023\/02\/Planol-web-1-768x545.png 768w, https:\/\/agora.xtec.cat\/escolalesfiladores\/wp-content\/uploads\/usu2646\/2023\/02\/Planol-web-1-1536x1090.png 1536w, https:\/\/agora.xtec.cat\/escolalesfiladores\/wp-content\/uploads\/usu2646\/2023\/02\/Planol-web-1.png 1748w\" sizes=\"auto, (max-width: 300px) 100vw, 300px\" \/><\/a><\/p>\n","protected":false},"excerpt":{"rendered":"<p>El passat 21 de febrer de 2023 es va constituir la Comissi\u00f3 de seguiment de les obres de construcci\u00f3 de l&#8217;edifici de la nostra escola. Formen aquesta comissi\u00f3 representants de les fam\u00edlies, de l&#8217;Ajuntament, de l&#8217;equip directiu i del Departament d&#8217;Educaci\u00f3. Continuem fent cam\u00ed plegades!<br \/>\n<a&hellip;  <a href=\"https:\/\/agora.xtec.cat\/escolalesfiladores\/participacio-de-les-families\/comissio-de-seguiment-dobres\/\" title=\"Read Comissi\u00f3 de seguiment d&#8217;obres\">Llegeix m\u00e9s\u00bb<\/a><\/p>\n","protected":false},"author":1,"featured_media":0,"parent":771,"menu_order":2,"comment_status":"closed","ping_status":"closed","template":"","meta":{"_bbp_topic_count":0,"_bbp_reply_count":0,"_bbp_total_topic_count":0,"_bbp_total_reply_count":0,"_bbp_voice_count":0,"_bbp_anonymous_reply_count":0,"_bbp_topic_count_hidden":0,"_bbp_reply_count_hidden":0,"_bbp_forum_subforum_count":0,"footnotes":""},"class_list":["post-2073","page","type-page","status-publish","hentry"],"post_mailing_queue_ids":[],"_links":{"self":[{"href":"https:\/\/agora.xtec.cat\/escolalesfiladores\/wp-json\/wp\/v2\/pages\/2073","targetHints":{"allow":["GET"]}}],"collection":[{"href":"https:\/\/agora.xtec.cat\/escolalesfiladores\/wp-json\/wp\/v2\/pages"}],"about":[{"href":"https:\/\/agora.xtec.cat\/escolalesfiladores\/wp-json\/wp\/v2\/types\/page"}],"author":[{"embeddable":true,"href":"https:\/\/agora.xtec.cat\/escolalesfiladores\/wp-json\/wp\/v2\/users\/1"}],"replies":[{"embeddable":true,"href":"https:\/\/agora.xtec.cat\/escolalesfiladores\/wp-json\/wp\/v2\/comments?post=2073"}],"version-history":[{"count":3,"href":"https:\/\/agora.xtec.cat\/escolalesfiladores\/wp-json\/wp\/v2\/pages\/2073\/revisions"}],"predecessor-version":[{"id":2077,"href":"https:\/\/agora.xtec.cat\/escolalesfiladores\/wp-json\/wp\/v2\/pages\/2073\/revisions\/2077"}],"up":[{"embeddable":true,"href":"https:\/\/agora.xtec.cat\/escolalesfiladores\/wp-json\/wp\/v2\/pages\/771"}],"wp:attachment":[{"href":"https:\/\/agora.xtec.cat\/escolalesfiladores\/wp-json\/wp\/v2\/media?parent=2073"}],"curies":[{"name":"wp","href":"https:\/\/api.w.org\/{rel}","templated":true}]}}