{"id":64,"date":"2014-09-18T12:39:08","date_gmt":"2014-09-18T11:39:08","guid":{"rendered":"http:\/\/agora.xtec.cat\/escolalesdeveses\/?page_id=64"},"modified":"2021-10-21T11:31:33","modified_gmt":"2021-10-21T09:31:33","slug":"projecte-educatiu","status":"publish","type":"page","link":"https:\/\/agora.xtec.cat\/escolalesdeveses\/projecte-educatiu\/","title":{"rendered":"DOCUMENTS DE CENTRE"},"content":{"rendered":"<h3><strong>PROJECTE EDUCATIU I LING\u00dc\u00cdSTIC<\/strong><\/h3>\n<p><strong>QU\u00c8 VOLEM ACONSEGUIR? <\/strong><\/p>\n<p>CONTRIBUIR QUE ELS ALUMNES ESDEVINGUIN PERSONES:<\/p>\n<p>&#8211;\u00a0\u00a0\u00a0\u00a0\u00a0\u00a0\u00a0\u00a0 AUT\u00d2NOMES<\/p>\n<p>\u2013\u00a0\u00a0\u00a0\u00a0\u00a0\u00a0\u00a0 CONSCIENTS DEL PROPI APRENENTATGE<\/p>\n<p>\u2013\u00a0\u00a0\u00a0\u00a0\u00a0\u00a0\u00a0 CR\u00cdTIQUES<\/p>\n<p>\u2013\u00a0\u00a0\u00a0\u00a0\u00a0\u00a0\u00a0 RESPECTUOSES<\/p>\n<p>\u2013\u00a0\u00a0\u00a0\u00a0\u00a0\u00a0\u00a0 SOLID\u00c0RIES AMB ELS QUE I QUI ELS ENVOLTA<\/p>\n<p>\u2013\u00a0\u00a0\u00a0\u00a0\u00a0\u00a0\u00a0 FELICES<\/p>\n<p><strong>\u00a0COM TREBALLEM A L\u2019ESCOLA LES DEVESES? <\/strong><\/p>\n<p>&#8211;\u00a0\u00a0\u00a0\u00a0\u00a0\u00a0\u00a0\u00a0 PROJECTES<\/p>\n<p>&#8211;\u00a0\u00a0\u00a0\u00a0\u00a0\u00a0\u00a0\u00a0 EDUCACI\u00d3 EMOCIONAL\/ASSEMBLEES<\/p>\n<p>&#8211;\u00a0\u00a0\u00a0\u00a0\u00a0\u00a0\u00a0\u00a0 TALLERS INTERAULES I ESPAIS D\u2019APRENENTATGE: Joc simb\u00f2lic<\/p>\n<p>&#8211;\u00a0\u00a0\u00a0\u00a0\u00a0\u00a0\u00a0\u00a0 TALLERS AMB PARES<\/p>\n<p>&#8211;\u00a0\u00a0\u00a0\u00a0\u00a0\u00a0\u00a0\u00a0 RACONS I PLANS DE TREBALL<\/p>\n<p><strong>\u00a0<\/strong><\/p>\n<p><strong><u>ELS RACONS DE TREBALL (Educaci\u00f3 Infantil)<\/u><\/strong><\/p>\n<p>L\u2019organitzaci\u00f3 de les activitats per racons de treball permet respectar els <strong>ritmes individuals <\/strong>de cada nen i donar una resposta adequada a la diversitat del grup.<\/p>\n<p>Tanmateix aquesta metodologia d\u2019aula permet:<\/p>\n<ul>\n<li>Promoure que els nens i nenes desenvolupin al m\u00e0xim les seves habilitats intel\u00b7lectuals, afectives i socials, respectant el ritme individual de cadasc\u00fa.<\/li>\n<li>\u00a0Desenvolupar l\u2019esperit d\u2019investigaci\u00f3 a partir de l\u2019observaci\u00f3, la comparaci\u00f3 i reflexi\u00f3.<\/li>\n<li>Adquirir autonomia.<\/li>\n<li>Promoure la confian\u00e7a i seguretat personal que portin al nen\/a a experimentar i assajar lliurement.<\/li>\n<li>Potenciar la capacitat de concentraci\u00f3.<\/li>\n<li>Oferir experi\u00e8ncies directes i funcionals.<\/li>\n<li>Treballar de manera col\u00b7laborativa<\/li>\n<li>Aprendre a compartir<\/li>\n<li>Conscienciar de la responsabilitat individual en la cura i conservaci\u00f3 del material que es troba als racons.<\/li>\n<\/ul>\n<p>&nbsp;<\/p>\n<p><strong><u>ELS PLANS DE TREBALL (Educaci\u00f3 Prim\u00e0ria)<\/u><\/strong><\/p>\n<p>El <strong>pla de treball <\/strong>\u00e9s la <strong>metodologia <\/strong>que utilitzem a l\u2019escola a partir de l\u2019etapa d\u2019educaci\u00f3 prim\u00e0ria.<\/p>\n<p>Aquesta metodologia ens permet oferir una educaci\u00f3 de qualitat tot respectant les possibilitats i els ritmes individuals d\u2019aprenentatge de cada infant. Tanmateix permet que els nens i nenes:<\/p>\n<ul>\n<li>Adquireixin autonomia<\/li>\n<li>Aprenguin a organitzar-se el treball al llarg de la setmana<\/li>\n<li>Prenguin consci\u00e8ncia dels propis aven\u00e7os i dels aprenentatges que s\u00f3n capa\u00e7os d\u2019assolir mitjan\u00e7ant l\u2019autoavaluaci\u00f3<\/li>\n<li>Aprenen a fer descobertes utilitzant diversos recursos: l\u2019ordinador, els llibres de coneixement, material elaborat pel mestre, material manipulatiu&#8230;<\/li>\n<\/ul>\n<p>Treballen de manera col\u00b7laborativa tot compartint el material.<\/p>\n","protected":false},"excerpt":{"rendered":"<p>PROJECTE EDUCATIU I LING\u00dc\u00cdSTIC QU\u00c8 VOLEM ACONSEGUIR? CONTRIBUIR QUE ELS ALUMNES ESDEVINGUIN PERSONES: &#8211;\u00a0\u00a0\u00a0\u00a0\u00a0\u00a0\u00a0\u00a0 AUT\u00d2NOMES \u2013\u00a0\u00a0\u00a0\u00a0\u00a0\u00a0\u00a0 CONSCIENTS DEL PROPI APRENENTATGE \u2013\u00a0\u00a0\u00a0\u00a0\u00a0\u00a0\u00a0 CR\u00cdTIQUES \u2013\u00a0\u00a0\u00a0\u00a0\u00a0\u00a0\u00a0 RESPECTUOSES \u2013\u00a0\u00a0\u00a0\u00a0\u00a0\u00a0\u00a0 SOLID\u00c0RIES AMB ELS QUE I QUI ELS ENVOLTA \u2013\u00a0\u00a0\u00a0\u00a0\u00a0\u00a0\u00a0 FELICES \u00a0COM TREBALLEM A L\u2019ESCOLA LES DEVESES? &#8211;\u00a0\u00a0\u00a0\u00a0\u00a0\u00a0\u00a0\u00a0 PROJECTES &#8211;\u00a0\u00a0\u00a0\u00a0\u00a0\u00a0\u00a0\u00a0 EDUCACI\u00d3 EMOCIONAL\/ASSEMBLEES &#8211;\u00a0\u00a0\u00a0\u00a0\u00a0\u00a0\u00a0\u00a0 TALLERS INTERAULES I ESPAIS D\u2019APRENENTATGE: Joc simb\u00f2lic &#8211;\u00a0\u00a0\u00a0\u00a0\u00a0\u00a0\u00a0\u00a0 [&hellip;]<\/p>\n","protected":false},"author":1,"featured_media":0,"parent":0,"menu_order":0,"comment_status":"closed","ping_status":"closed","template":"page-templates\/side-menu.php","meta":{"_bbp_topic_count":0,"_bbp_reply_count":0,"_bbp_total_topic_count":0,"_bbp_total_reply_count":0,"_bbp_voice_count":0,"_bbp_anonymous_reply_count":0,"_bbp_topic_count_hidden":0,"_bbp_reply_count_hidden":0,"_bbp_forum_subforum_count":0,"site-sidebar-layout":"default","site-content-layout":"","ast-site-content-layout":"","site-content-style":"default","site-sidebar-style":"default","ast-global-header-display":"","ast-banner-title-visibility":"","ast-main-header-display":"","ast-hfb-above-header-display":"","ast-hfb-below-header-display":"","ast-hfb-mobile-header-display":"","site-post-title":"","ast-breadcrumbs-content":"","ast-featured-img":"","footer-sml-layout":"","theme-transparent-header-meta":"","adv-header-id-meta":"","stick-header-meta":"","header-above-stick-meta":"","header-main-stick-meta":"","header-below-stick-meta":"","astra-migrate-meta-layouts":"default","ast-page-background-enabled":"default","ast-page-background-meta":{"desktop":{"background-color":"var(--ast-global-color-4)","background-image":"","background-repeat":"repeat","background-position":"center center","background-size":"auto","background-attachment":"scroll","background-type":"","background-media":"","overlay-type":"","overlay-color":"","overlay-opacity":"","overlay-gradient":""},"tablet":{"background-color":"","background-image":"","background-repeat":"repeat","background-position":"center center","background-size":"auto","background-attachment":"scroll","background-type":"","background-media":"","overlay-type":"","overlay-color":"","overlay-opacity":"","overlay-gradient":""},"mobile":{"background-color":"","background-image":"","background-repeat":"repeat","background-position":"center center","background-size":"auto","background-attachment":"scroll","background-type":"","background-media":"","overlay-type":"","overlay-color":"","overlay-opacity":"","overlay-gradient":""}},"ast-content-background-meta":{"desktop":{"background-color":"var(--ast-global-color-5)","background-image":"","background-repeat":"repeat","background-position":"center center","background-size":"auto","background-attachment":"scroll","background-type":"","background-media":"","overlay-type":"","overlay-color":"","overlay-opacity":"","overlay-gradient":""},"tablet":{"background-color":"var(--ast-global-color-5)","background-image":"","background-repeat":"repeat","background-position":"center center","background-size":"auto","background-attachment":"scroll","background-type":"","background-media":"","overlay-type":"","overlay-color":"","overlay-opacity":"","overlay-gradient":""},"mobile":{"background-color":"var(--ast-global-color-5)","background-image":"","background-repeat":"repeat","background-position":"center center","background-size":"auto","background-attachment":"scroll","background-type":"","background-media":"","overlay-type":"","overlay-color":"","overlay-opacity":"","overlay-gradient":""}},"footnotes":""},"class_list":["post-64","page","type-page","status-publish","hentry"],"post_mailing_queue_ids":[],"_links":{"self":[{"href":"https:\/\/agora.xtec.cat\/escolalesdeveses\/wp-json\/wp\/v2\/pages\/64","targetHints":{"allow":["GET"]}}],"collection":[{"href":"https:\/\/agora.xtec.cat\/escolalesdeveses\/wp-json\/wp\/v2\/pages"}],"about":[{"href":"https:\/\/agora.xtec.cat\/escolalesdeveses\/wp-json\/wp\/v2\/types\/page"}],"author":[{"embeddable":true,"href":"https:\/\/agora.xtec.cat\/escolalesdeveses\/wp-json\/wp\/v2\/users\/1"}],"replies":[{"embeddable":true,"href":"https:\/\/agora.xtec.cat\/escolalesdeveses\/wp-json\/wp\/v2\/comments?post=64"}],"version-history":[{"count":4,"href":"https:\/\/agora.xtec.cat\/escolalesdeveses\/wp-json\/wp\/v2\/pages\/64\/revisions"}],"predecessor-version":[{"id":3376,"href":"https:\/\/agora.xtec.cat\/escolalesdeveses\/wp-json\/wp\/v2\/pages\/64\/revisions\/3376"}],"wp:attachment":[{"href":"https:\/\/agora.xtec.cat\/escolalesdeveses\/wp-json\/wp\/v2\/media?parent=64"}],"curies":[{"name":"wp","href":"https:\/\/api.w.org\/{rel}","templated":true}]}}