{"id":36,"date":"2014-09-18T12:33:11","date_gmt":"2014-09-18T10:33:11","guid":{"rendered":"http:\/\/agora.xtec.cat\/escolalesdeveses\/?page_id=36"},"modified":"2022-03-04T17:29:19","modified_gmt":"2022-03-04T16:29:19","slug":"material-escolar","status":"publish","type":"page","link":"https:\/\/agora.xtec.cat\/escolalesdeveses\/material-escolar\/","title":{"rendered":"Material escolar"},"content":{"rendered":"<p><strong>QUOTES DE MATERIAL SOCIALITZAT I EXCURSIONS:<\/strong><\/p>\n<p>La quota del material socialitzat i les excursions de P3 a 2n \u00e9s de 90\u20ac.<\/p>\n<p>La quota de material socialitzat i les excursions de 3r a 6\u00e8 \u00e9s de 75\u20ac. Llibres socialitzats 50\u20ac.<\/p>\n<p><strong>A qu\u00e8 es destinen aquests 90-75\u20ac de material socialitzat i excursions?<\/strong><\/p>\n<p>&#8211; Pagar excursions (autob\u00fas i activitats) (En el cas de que es vagi de col\u00f2nies s\u2019inclou el primer pagament).<\/p>\n<p>&#8211; Comprar MATERIAL FUNGIBLE (gomets, coles, pintures, plastilina, cartolines,\u00a0 aquarel\u00b7les, \u2026)<\/p>\n<p>&#8211; Fer FOTOC\u00d2PIES I PLASTIFICACIONS<\/p>\n<p>&#8211; Elaborar MATERIAL I JOCS PER L\u2019AULA<\/p>\n<p>&#8211; Comprar MATERIAL DID\u00c0CTIC divers per tenir a l\u2019aula i a l\u2019escola, el qual ens permet treballar b\u00e0sicament:<\/p>\n<p><strong>LLENGUA:<\/strong> diccionaris de catal\u00e0 i castell\u00e0, l\u00e0mines per afavorir l\u2019expressi\u00f3 oral i escrita, jocs per confeccionar paraules i frases, bases i fitxes de Logico, dictats muts per aprendre les normes ortogr\u00e0fiques, llibres per les biblioteques d\u2019aula i de l\u2019escola (contes infantils, llibres de lectura adaptats als diversos nivells, endevinalles, poemes, receptes de cuina, llibres per cercar informaci\u00f3 sobre projectes: animals, plantes, el cos, fen\u00f2mens naturals, volcans) etc.<\/p>\n<p><strong>MATEM\u00c0TIQUES:<\/strong> jocs d\u2019estrat\u00e8gia i <strong>l\u00f2gica<\/strong>: trencaclosques, blocs l\u00f2gics, daus de qualitats&#8230;;\u00a0 material per treballar la <strong>quantitat<\/strong> com ara reglets, \u00e0bacs, multibases, tubs de multiplicar, d\u00f2minos, cartes i jocs de sumes, restes, multiplicacions i divisions, sets de fraccions etc.\u00a0 ;\u00a0\u00a0 material per <strong>mesurar<\/strong>: balances digitals, de capacitats i num\u00e8riques, term\u00f2metres, br\u00faixoles, cintes i rodes m\u00e8triques, rellotges de fusta i de sorra, cron\u00f2metres&#8230;\u00a0 ;\u00a0\u00a0 material per treballar la <strong>geometria<\/strong>: comp\u00e0s, tangrams, jocs de simetries, caixes de cossos geom\u00e8trics, geoplans etc.<\/p>\n<p><strong>MEDI:<\/strong> atles geogr\u00e0fics, globus terraquis, mapes (de comarques, relleu&#8230;), l\u00e0mines: d\u2019anatomia, d\u2019alimentaci\u00f3, plantes, material de laboratori i de tecnologia, etc.<\/p>\n<p><strong>PSICOMOTRICITAT I EDUCACI\u00d3 F\u00cdSICA<\/strong>: jocs de tra\u00e7, taules de llum per calcar, material sensorial, pilotes, xarxes, raquetes, matalassos, cordes, etc.<\/p>\n<p><strong>ANGL\u00c8S:<\/strong> contes en llengua anglesa per les biblioteques d\u2019aula, diccionaris, titelles, jocs did\u00e0ctics per afavorir l\u2019adquisici\u00f3 de nou vocabulari etc.<\/p>\n<p><strong>M\u00daSICA:<\/strong> instruments musicals diversos, CDs d\u2019audicions, pissarra de pentagrames etc<\/p>\n<p><strong>EQUIPAMENT INFORM\u00c0TIC\/ROB\u00d2TICA<\/strong>: compra de tablets, ordinadors, material per fer robots, equipament multim\u00e8dia per les aules, pissarres digitals, manteniment i renovaci\u00f3 de l&#8217;equipament del centre,etc.<\/p>\n<table style=\"height: 54px; width: 852px;\" border=\"4\" width=\"854\">\n<tbody>\n<tr>\n<td style=\"width: 846px; text-align: center;\"><strong>LLIBRES SOCIALITZATS\u00a0\u00a0<\/strong><\/td>\n<\/tr>\n<\/tbody>\n<\/table>\n<ul>\n<li><strong>En qu\u00e8 consisteix la socialitzaci\u00f3 de llibres?<\/strong><\/li>\n<\/ul>\n<p>Sabeu que els vostres fills i filles per complementar el PLA DE TREBALL utilitzen tres llibres de text i la subscripci\u00f3 al projecte d\u2019INNOVAMAT amb el corresponent quadern d\u2019activitats. Mitjan\u00e7ant el sistema de socialitzaci\u00f3, abonant\u00a0 50 euros com fem a l\u2019escola, els vostres fills i filles poden accedir a tots aquests materials durant el curs i l\u2019escola pot anar-los renovant peri\u00f2dicament.<\/p>\n<table border=\"1\">\n<tbody>\n<tr>\n<td>3r<\/td>\n<td>LLENGUA CATALANA 3 DUNA 9788430713790<\/p>\n<p>LLENGUA CASTELLANA DUNA<\/p>\n<p>MEDI 3 DUNA 9788430779221<\/p>\n<p>INNOVAMAT<\/td>\n<\/tr>\n<tr>\n<td>4t<\/td>\n<td>LLENGUA CATALANA 4 DUNA 9788430719617<\/p>\n<p>LLENGUA CASTELLANA 4 DUNA 9788430719549<\/p>\n<p>MEDI 4 DUNA 8430779248<\/p>\n<p>INNOVAMAT<\/td>\n<\/tr>\n<tr>\n<td>5\u00e8<\/td>\n<td>LLENGUA CATALANA 5 DUNA 9788430713820<\/p>\n<p>LLENGUA CASTELLANA DUNA<\/p>\n<p>MEDI 5 DUNA 978843077035<\/p>\n<p>INNOVAMAT<\/td>\n<\/tr>\n<tr>\n<td>6\u00c8<\/td>\n<td>LLENGUA CATALANA 6 DUNA 9788430719648<\/p>\n<p>LLENGUA CASTELLANA 6 DUNA 978843019570<\/p>\n<p>MEDI 6 DUNA 97884300770364<\/p>\n<p>INNOVAMAT<\/td>\n<\/tr>\n<\/tbody>\n<\/table>\n","protected":false},"excerpt":{"rendered":"<p>QUOTES DE MATERIAL SOCIALITZAT I EXCURSIONS: La quota del material socialitzat i les excursions de P3 a 2n \u00e9s de 90\u20ac. La quota de material socialitzat i les excursions de 3r a 6\u00e8 \u00e9s de 75\u20ac. Llibres socialitzats 50\u20ac. A qu\u00e8 es destinen aquests 90-75\u20ac de material socialitzat i excursions? &#8211; Pagar excursions (autob\u00fas i [&hellip;]<\/p>\n","protected":false},"author":1,"featured_media":0,"parent":0,"menu_order":70,"comment_status":"closed","ping_status":"closed","template":"page-templates\/side-menu.php","meta":{"_bbp_topic_count":0,"_bbp_reply_count":0,"_bbp_total_topic_count":0,"_bbp_total_reply_count":0,"_bbp_voice_count":0,"_bbp_anonymous_reply_count":0,"_bbp_topic_count_hidden":0,"_bbp_reply_count_hidden":0,"_bbp_forum_subforum_count":0,"site-sidebar-layout":"default","site-content-layout":"","ast-site-content-layout":"","site-content-style":"default","site-sidebar-style":"default","ast-global-header-display":"","ast-banner-title-visibility":"","ast-main-header-display":"","ast-hfb-above-header-display":"","ast-hfb-below-header-display":"","ast-hfb-mobile-header-display":"","site-post-title":"","ast-breadcrumbs-content":"","ast-featured-img":"","footer-sml-layout":"","theme-transparent-header-meta":"","adv-header-id-meta":"","stick-header-meta":"","header-above-stick-meta":"","header-main-stick-meta":"","header-below-stick-meta":"","astra-migrate-meta-layouts":"default","ast-page-background-enabled":"default","ast-page-background-meta":{"desktop":{"background-color":"var(--ast-global-color-4)","background-image":"","background-repeat":"repeat","background-position":"center center","background-size":"auto","background-attachment":"scroll","background-type":"","background-media":"","overlay-type":"","overlay-color":"","overlay-opacity":"","overlay-gradient":""},"tablet":{"background-color":"","background-image":"","background-repeat":"repeat","background-position":"center center","background-size":"auto","background-attachment":"scroll","background-type":"","background-media":"","overlay-type":"","overlay-color":"","overlay-opacity":"","overlay-gradient":""},"mobile":{"background-color":"","background-image":"","background-repeat":"repeat","background-position":"center center","background-size":"auto","background-attachment":"scroll","background-type":"","background-media":"","overlay-type":"","overlay-color":"","overlay-opacity":"","overlay-gradient":""}},"ast-content-background-meta":{"desktop":{"background-color":"var(--ast-global-color-5)","background-image":"","background-repeat":"repeat","background-position":"center center","background-size":"auto","background-attachment":"scroll","background-type":"","background-media":"","overlay-type":"","overlay-color":"","overlay-opacity":"","overlay-gradient":""},"tablet":{"background-color":"var(--ast-global-color-5)","background-image":"","background-repeat":"repeat","background-position":"center center","background-size":"auto","background-attachment":"scroll","background-type":"","background-media":"","overlay-type":"","overlay-color":"","overlay-opacity":"","overlay-gradient":""},"mobile":{"background-color":"var(--ast-global-color-5)","background-image":"","background-repeat":"repeat","background-position":"center center","background-size":"auto","background-attachment":"scroll","background-type":"","background-media":"","overlay-type":"","overlay-color":"","overlay-opacity":"","overlay-gradient":""}},"footnotes":""},"class_list":["post-36","page","type-page","status-publish","hentry"],"post_mailing_queue_ids":[],"_links":{"self":[{"href":"https:\/\/agora.xtec.cat\/escolalesdeveses\/wp-json\/wp\/v2\/pages\/36","targetHints":{"allow":["GET"]}}],"collection":[{"href":"https:\/\/agora.xtec.cat\/escolalesdeveses\/wp-json\/wp\/v2\/pages"}],"about":[{"href":"https:\/\/agora.xtec.cat\/escolalesdeveses\/wp-json\/wp\/v2\/types\/page"}],"author":[{"embeddable":true,"href":"https:\/\/agora.xtec.cat\/escolalesdeveses\/wp-json\/wp\/v2\/users\/1"}],"replies":[{"embeddable":true,"href":"https:\/\/agora.xtec.cat\/escolalesdeveses\/wp-json\/wp\/v2\/comments?post=36"}],"version-history":[{"count":3,"href":"https:\/\/agora.xtec.cat\/escolalesdeveses\/wp-json\/wp\/v2\/pages\/36\/revisions"}],"predecessor-version":[{"id":3835,"href":"https:\/\/agora.xtec.cat\/escolalesdeveses\/wp-json\/wp\/v2\/pages\/36\/revisions\/3835"}],"wp:attachment":[{"href":"https:\/\/agora.xtec.cat\/escolalesdeveses\/wp-json\/wp\/v2\/media?parent=36"}],"curies":[{"name":"wp","href":"https:\/\/api.w.org\/{rel}","templated":true}]}}