{"id":9,"date":"2014-09-17T15:08:18","date_gmt":"2014-09-17T14:08:18","guid":{"rendered":"http:\/\/agora.xtec.cat\/escolalescometes\/?page_id=9"},"modified":"2026-03-03T18:06:55","modified_gmt":"2026-03-03T17:06:55","slug":"pagina-dinici-buida","status":"publish","type":"page","link":"https:\/\/agora.xtec.cat\/escolalescometes\/","title":{"rendered":"PREINSCRIPCI\u00d3 ESCOLAR CURS 2026\/2027 (segon cicle d&#8217;Educaci\u00f3 Infantil i Educaci\u00f3 Prim\u00e0ria)"},"content":{"rendered":"<p>&nbsp;<\/p>\n<ul>\n<li>\n<h3><strong>PUBLICACI\u00d3 DE L&#8217;OFERTA INICIAL DE PLACES: <a href=\"https:\/\/agora.xtec.cat\/escolalescometes\/wp-content\/uploads\/usu874\/2026\/03\/INFORME_OFERTA_OME_INFORME_OFERTA.pdf\">INFORME_OFERTA_OME_INFORME_OFERTA<\/a><\/strong><\/h3>\n<\/li>\n<\/ul>\n<p><img loading=\"lazy\" decoding=\"async\" class=\"alignnone wp-image-7263\" src=\"https:\/\/agora.xtec.cat\/escolalescometes\/wp-content\/uploads\/usu874\/2026\/03\/PUBLICACIO-OFERTA-INICIAL-DE-PLACES.jpg\" alt=\"\" width=\"1030\" height=\"753\" srcset=\"https:\/\/agora.xtec.cat\/escolalescometes\/wp-content\/uploads\/usu874\/2026\/03\/PUBLICACIO-OFERTA-INICIAL-DE-PLACES.jpg 933w, https:\/\/agora.xtec.cat\/escolalescometes\/wp-content\/uploads\/usu874\/2026\/03\/PUBLICACIO-OFERTA-INICIAL-DE-PLACES-300x219.jpg 300w, https:\/\/agora.xtec.cat\/escolalescometes\/wp-content\/uploads\/usu874\/2026\/03\/PUBLICACIO-OFERTA-INICIAL-DE-PLACES-768x561.jpg 768w\" sizes=\"auto, (max-width: 1030px) 100vw, 1030px\" \/><\/p>\n<p>&nbsp;<\/p>\n<ul>\n<li>\n<h3>CALENDARI DEL PROC\u00c9S DE PREINSCRIPCI\u00d3 I MATR\u00cdCULA:<img loading=\"lazy\" decoding=\"async\" class=\"alignnone size-full wp-image-7262\" src=\"https:\/\/agora.xtec.cat\/escolalescometes\/wp-content\/uploads\/usu874\/2026\/03\/CALENDARI-DEL-PROCES-DE-PREINSCIPCIO-I-MATRICULA.jpg\" alt=\"\" width=\"898\" height=\"724\" srcset=\"https:\/\/agora.xtec.cat\/escolalescometes\/wp-content\/uploads\/usu874\/2026\/03\/CALENDARI-DEL-PROCES-DE-PREINSCIPCIO-I-MATRICULA.jpg 898w, https:\/\/agora.xtec.cat\/escolalescometes\/wp-content\/uploads\/usu874\/2026\/03\/CALENDARI-DEL-PROCES-DE-PREINSCIPCIO-I-MATRICULA-300x242.jpg 300w, https:\/\/agora.xtec.cat\/escolalescometes\/wp-content\/uploads\/usu874\/2026\/03\/CALENDARI-DEL-PROCES-DE-PREINSCIPCIO-I-MATRICULA-768x619.jpg 768w\" sizes=\"auto, (max-width: 898px) 100vw, 898px\" \/><\/h3>\n<\/li>\n<li>\n<h3>INSTRUCCIONS PER REALITZAR LA PREINSCRIPCI\u00d3: <a style=\"font-family: inherit; font-size: 1em; font-weight: normal;\" href=\"https:\/\/agora.xtec.cat\/escolalescometes\/wp-content\/uploads\/usu874\/2026\/03\/Instruccions-26-27.docx.pdf\">Instruccions 26 27.docx<\/a><\/h3>\n<\/li>\n<\/ul>\n<ul>\n<li>\n<h3>INFORMACI\u00d3 DE L&#8217;ESCOLA:<\/h3>\n<\/li>\n<\/ul>\n<p><img loading=\"lazy\" decoding=\"async\" class=\"alignnone wp-image-7260\" src=\"https:\/\/agora.xtec.cat\/escolalescometes\/wp-content\/uploads\/usu874\/2026\/03\/1-724x1024.png\" alt=\"\" width=\"410\" height=\"580\" srcset=\"https:\/\/agora.xtec.cat\/escolalescometes\/wp-content\/uploads\/usu874\/2026\/03\/1-724x1024.png 724w, https:\/\/agora.xtec.cat\/escolalescometes\/wp-content\/uploads\/usu874\/2026\/03\/1-212x300.png 212w, https:\/\/agora.xtec.cat\/escolalescometes\/wp-content\/uploads\/usu874\/2026\/03\/1-768x1086.png 768w, https:\/\/agora.xtec.cat\/escolalescometes\/wp-content\/uploads\/usu874\/2026\/03\/1-1086x1536.png 1086w, https:\/\/agora.xtec.cat\/escolalescometes\/wp-content\/uploads\/usu874\/2026\/03\/1-1448x2048.png 1448w, https:\/\/agora.xtec.cat\/escolalescometes\/wp-content\/uploads\/usu874\/2026\/03\/1.png 1587w\" sizes=\"auto, (max-width: 410px) 100vw, 410px\" \/> <img loading=\"lazy\" decoding=\"async\" class=\"alignnone wp-image-7259\" src=\"https:\/\/agora.xtec.cat\/escolalescometes\/wp-content\/uploads\/usu874\/2026\/03\/2-724x1024.png\" alt=\"\" width=\"408\" height=\"577\" srcset=\"https:\/\/agora.xtec.cat\/escolalescometes\/wp-content\/uploads\/usu874\/2026\/03\/2-724x1024.png 724w, https:\/\/agora.xtec.cat\/escolalescometes\/wp-content\/uploads\/usu874\/2026\/03\/2-212x300.png 212w, https:\/\/agora.xtec.cat\/escolalescometes\/wp-content\/uploads\/usu874\/2026\/03\/2-768x1086.png 768w, https:\/\/agora.xtec.cat\/escolalescometes\/wp-content\/uploads\/usu874\/2026\/03\/2-1086x1536.png 1086w, https:\/\/agora.xtec.cat\/escolalescometes\/wp-content\/uploads\/usu874\/2026\/03\/2-1448x2048.png 1448w, https:\/\/agora.xtec.cat\/escolalescometes\/wp-content\/uploads\/usu874\/2026\/03\/2.png 1587w\" sizes=\"auto, (max-width: 408px) 100vw, 408px\" \/> <img loading=\"lazy\" decoding=\"async\" class=\"alignnone wp-image-7258\" src=\"https:\/\/agora.xtec.cat\/escolalescometes\/wp-content\/uploads\/usu874\/2026\/03\/3-724x1024.png\" alt=\"\" width=\"418\" height=\"591\" srcset=\"https:\/\/agora.xtec.cat\/escolalescometes\/wp-content\/uploads\/usu874\/2026\/03\/3-724x1024.png 724w, https:\/\/agora.xtec.cat\/escolalescometes\/wp-content\/uploads\/usu874\/2026\/03\/3-212x300.png 212w, https:\/\/agora.xtec.cat\/escolalescometes\/wp-content\/uploads\/usu874\/2026\/03\/3-768x1086.png 768w, https:\/\/agora.xtec.cat\/escolalescometes\/wp-content\/uploads\/usu874\/2026\/03\/3-1086x1536.png 1086w, https:\/\/agora.xtec.cat\/escolalescometes\/wp-content\/uploads\/usu874\/2026\/03\/3-1448x2048.png 1448w, https:\/\/agora.xtec.cat\/escolalescometes\/wp-content\/uploads\/usu874\/2026\/03\/3.png 1587w\" sizes=\"auto, (max-width: 418px) 100vw, 418px\" \/> <img loading=\"lazy\" decoding=\"async\" class=\"alignnone wp-image-7257\" src=\"https:\/\/agora.xtec.cat\/escolalescometes\/wp-content\/uploads\/usu874\/2026\/03\/4-724x1024.png\" alt=\"\" width=\"416\" height=\"588\" srcset=\"https:\/\/agora.xtec.cat\/escolalescometes\/wp-content\/uploads\/usu874\/2026\/03\/4-724x1024.png 724w, https:\/\/agora.xtec.cat\/escolalescometes\/wp-content\/uploads\/usu874\/2026\/03\/4-212x300.png 212w, https:\/\/agora.xtec.cat\/escolalescometes\/wp-content\/uploads\/usu874\/2026\/03\/4-768x1086.png 768w, https:\/\/agora.xtec.cat\/escolalescometes\/wp-content\/uploads\/usu874\/2026\/03\/4-1086x1536.png 1086w, https:\/\/agora.xtec.cat\/escolalescometes\/wp-content\/uploads\/usu874\/2026\/03\/4-1448x2048.png 1448w, https:\/\/agora.xtec.cat\/escolalescometes\/wp-content\/uploads\/usu874\/2026\/03\/4.png 1587w\" sizes=\"auto, (max-width: 416px) 100vw, 416px\" \/><\/p>\n<p>&nbsp;<\/p>\n<ul>\n<li>\n<h3><strong>JORNADA DE PORTES OBERTES:<\/strong><\/h3>\n<\/li>\n<\/ul>\n<h2><img loading=\"lazy\" decoding=\"async\" class=\"alignnone wp-image-7177\" src=\"https:\/\/agora.xtec.cat\/escolalescometes\/wp-content\/uploads\/usu874\/2026\/02\/Jornada-de-Portes-Obertes.-jpg.png\" alt=\"\" width=\"533\" height=\"378\" srcset=\"https:\/\/agora.xtec.cat\/escolalescometes\/wp-content\/uploads\/usu874\/2026\/02\/Jornada-de-Portes-Obertes.-jpg.png 957w, https:\/\/agora.xtec.cat\/escolalescometes\/wp-content\/uploads\/usu874\/2026\/02\/Jornada-de-Portes-Obertes.-jpg-300x213.png 300w, https:\/\/agora.xtec.cat\/escolalescometes\/wp-content\/uploads\/usu874\/2026\/02\/Jornada-de-Portes-Obertes.-jpg-768x544.png 768w\" sizes=\"auto, (max-width: 533px) 100vw, 533px\" \/><\/h2>\n<h6 style=\"text-align: left;\"><a href=\"https:\/\/docs.google.com\/forms\/d\/e\/1FAIpQLScModvyr_rUbyfJ1j7rV0N-Wt8RormhyXq3wUFjJQFhImCDxg\/viewform?usp=header\">CAL INSCRIPCI\u00d3 PR\u00c8VIA<\/a><\/h6>\n","protected":false},"excerpt":{"rendered":"<p>&nbsp;<\/p>\n<ul>\n<li>\nPUBLICACI\u00d3 DE L&#8217;OFERTA INICIAL DE PLACES: <a href=\"https:\/\/agora.xtec.cat\/escolalescometes\/wp-content\/uploads\/usu874\/2026\/03\/INFORME_OFERTA_OME_INFORME_OFERTA.pdf\">INFORME_OFERTA_OME_INFORME_OFERTA<\/a>\n<\/li>\n<\/ul>\n<p>&nbsp;<\/p>\n<ul>\n<li>\nCALENDARI DEL PROC\u00c9S DE PREINSCRIPCI\u00d3 I MATR\u00cdCULA:\n<\/li>\n<li>\nINSTRUCCIONS PER REALITZAR LA PREINSCRIPCI\u00d3: <a style=\"font-family: inherit; font-size: 1em; font-weight: normal;\" href=\"https:\/\/agora.xtec.cat\/escolalescometes\/wp-content\/uploads\/usu874\/2026\/03\/Instruccions-26-27.docx.pdf\">Instruccions 26 27.docx<\/a>\n<\/li>\n<\/ul>\n<ul>\n<li>\nINFORMACI\u00d3 DE L&#8217;ESCOLA:\n<\/li>\n<\/ul>\n<p>&nbsp;<\/p>\n<ul>\n<li>\nJORNADA DE PORTES OBERTES:\n<\/li>\n<\/ul>\n<p><a href=\"https:\/\/docs.google.com\/forms\/d\/e\/1FAIpQLScModvyr_rUbyfJ1j7rV0N-Wt8RormhyXq3wUFjJQFhImCDxg\/viewform?usp=header\">CAL INSCRIPCI\u00d3 PR\u00c8VIA<\/a><\/p>\n","protected":false},"author":1,"featured_media":0,"parent":0,"menu_order":1,"comment_status":"closed","ping_status":"closed","template":"page-templates\/front-page.php","meta":{"_bbp_topic_count":0,"_bbp_reply_count":0,"_bbp_total_topic_count":0,"_bbp_total_reply_count":0,"_bbp_voice_count":0,"_bbp_anonymous_reply_count":0,"_bbp_topic_count_hidden":0,"_bbp_reply_count_hidden":0,"_bbp_forum_subforum_count":0,"footnotes":""},"class_list":["post-9","page","type-page","status-publish","hentry"],"post_mailing_queue_ids":[],"_links":{"self":[{"href":"https:\/\/agora.xtec.cat\/escolalescometes\/wp-json\/wp\/v2\/pages\/9","targetHints":{"allow":["GET"]}}],"collection":[{"href":"https:\/\/agora.xtec.cat\/escolalescometes\/wp-json\/wp\/v2\/pages"}],"about":[{"href":"https:\/\/agora.xtec.cat\/escolalescometes\/wp-json\/wp\/v2\/types\/page"}],"author":[{"embeddable":true,"href":"https:\/\/agora.xtec.cat\/escolalescometes\/wp-json\/wp\/v2\/users\/1"}],"replies":[{"embeddable":true,"href":"https:\/\/agora.xtec.cat\/escolalescometes\/wp-json\/wp\/v2\/comments?post=9"}],"version-history":[{"count":6,"href":"https:\/\/agora.xtec.cat\/escolalescometes\/wp-json\/wp\/v2\/pages\/9\/revisions"}],"predecessor-version":[{"id":7268,"href":"https:\/\/agora.xtec.cat\/escolalescometes\/wp-json\/wp\/v2\/pages\/9\/revisions\/7268"}],"wp:attachment":[{"href":"https:\/\/agora.xtec.cat\/escolalescometes\/wp-json\/wp\/v2\/media?parent=9"}],"curies":[{"name":"wp","href":"https:\/\/api.w.org\/{rel}","templated":true}]}}