{"id":87,"date":"2014-09-18T14:28:12","date_gmt":"2014-09-18T13:28:12","guid":{"rendered":"http:\/\/agora.xtec.cat\/escolalescometes\/?page_id=87"},"modified":"2019-10-31T12:38:11","modified_gmt":"2019-10-31T11:38:11","slug":"nivells","status":"publish","type":"page","link":"https:\/\/agora.xtec.cat\/escolalescometes\/nivells\/","title":{"rendered":"Nivells"},"content":{"rendered":"<p>De P3 a 6\u00e8 cada nivell t\u00e9 una p\u00e0gina pr\u00f2pia (la trobareu al men\u00fa).<\/p>\n<p><strong><span style=\"color: #ff0000;\">Tot infantil<\/span><\/strong><\/p>\n<p><a href=\"https:\/\/agora.xtec.cat\/escolalescometes\/categoria\/infantil\/\">https:\/\/agora.xtec.cat\/escolalescometes\/categoria\/infantil\/<\/a><\/p>\n<p><strong><span style=\"color: #ff0000;\">Tot prim\u00e0ria<\/span><\/strong><\/p>\n<p><a href=\"https:\/\/agora.xtec.cat\/escolalescometes\/categoria\/primaria\/\">https:\/\/agora.xtec.cat\/escolalescometes\/categoria\/primaria\/<\/a><\/p>\n","protected":false},"excerpt":{"rendered":"<p>De P3 a 6\u00e8 cada nivell t\u00e9 una p\u00e0gina pr\u00f2pia (la trobareu al men\u00fa).<br \/>\nTot infantil<br \/>\n<a href=\"https:\/\/agora.xtec.cat\/escolalescometes\/categoria\/infantil\/\">https:\/\/agora.xtec.cat\/escolalescometes\/categoria\/infantil\/<\/a><br \/>\nTot prim\u00e0ria<br \/>\n<a href=\"https:\/\/agora.xtec.cat\/escolalescometes\/categoria\/primaria\/\">https:\/\/agora.xtec.cat\/escolalescometes\/categoria\/primaria\/<\/a><\/p>\n","protected":false},"author":1,"featured_media":0,"parent":0,"menu_order":0,"comment_status":"closed","ping_status":"closed","template":"page-templates\/side-menu.php","meta":{"_bbp_topic_count":0,"_bbp_reply_count":0,"_bbp_total_topic_count":0,"_bbp_total_reply_count":0,"_bbp_voice_count":0,"_bbp_anonymous_reply_count":0,"_bbp_topic_count_hidden":0,"_bbp_reply_count_hidden":0,"_bbp_forum_subforum_count":0,"footnotes":""},"class_list":["post-87","page","type-page","status-publish","hentry"],"post_mailing_queue_ids":[],"_links":{"self":[{"href":"https:\/\/agora.xtec.cat\/escolalescometes\/wp-json\/wp\/v2\/pages\/87","targetHints":{"allow":["GET"]}}],"collection":[{"href":"https:\/\/agora.xtec.cat\/escolalescometes\/wp-json\/wp\/v2\/pages"}],"about":[{"href":"https:\/\/agora.xtec.cat\/escolalescometes\/wp-json\/wp\/v2\/types\/page"}],"author":[{"embeddable":true,"href":"https:\/\/agora.xtec.cat\/escolalescometes\/wp-json\/wp\/v2\/users\/1"}],"replies":[{"embeddable":true,"href":"https:\/\/agora.xtec.cat\/escolalescometes\/wp-json\/wp\/v2\/comments?post=87"}],"version-history":[{"count":3,"href":"https:\/\/agora.xtec.cat\/escolalescometes\/wp-json\/wp\/v2\/pages\/87\/revisions"}],"predecessor-version":[{"id":3168,"href":"https:\/\/agora.xtec.cat\/escolalescometes\/wp-json\/wp\/v2\/pages\/87\/revisions\/3168"}],"wp:attachment":[{"href":"https:\/\/agora.xtec.cat\/escolalescometes\/wp-json\/wp\/v2\/media?parent=87"}],"curies":[{"name":"wp","href":"https:\/\/api.w.org\/{rel}","templated":true}]}}