{"id":84,"date":"2014-09-18T14:11:31","date_gmt":"2014-09-18T12:11:31","guid":{"rendered":"http:\/\/agora.xtec.cat\/escolalescometes\/?page_id=84"},"modified":"2026-02-24T18:59:38","modified_gmt":"2026-02-24T17:59:38","slug":"activitats-extraescolars","status":"publish","type":"page","link":"https:\/\/agora.xtec.cat\/escolalescometes\/serveis\/activitats-extraescolars\/","title":{"rendered":"Activitats extraescolars 25\/26"},"content":{"rendered":"<p><span style=\"font-weight: 400;\">Aquestes activitats s\u2019inicien al 1r trimestre. Segons la demanda que hi hagi se seguiran ofertant la resta de trimestres i es podrien ampliar o suprimir. La quantitat d\u2019inscrits fa refer\u00e8ncia a l\u2019octubre, quan s\u2019inicien les activitats extraescolars.\u00a0<\/span><\/p>\n<p><span style=\"font-weight: 400;\">L\u2019activitat de b\u00e0squet va a c\u00e0rrec del Club de b\u00e0squet El Vendrell. <\/span><span style=\"font-weight: 400;\">En l\u2019activitat de b\u00e0squet ens trobem amb alumnes que fan l\u2019activitat els dos dies i alumnes que nom\u00e9s la realitzen un dia a la setmana.<\/span><\/p>\n<p><b>Gesti\u00f3 i organitzaci\u00f3: AFA<\/b><\/p>\n<p>&nbsp;<\/p>\n<table style=\"width: 93.9427%; height: 435px;\">\n<tbody>\n<tr style=\"height: 10px;\">\n<td style=\"width: 13.3566%; height: 10px;\">\n<h1><b>\u00a0<\/b><\/h1>\n<\/td>\n<td style=\"width: 19.8555%; height: 10px;\"><span style=\"font-weight: 400;\">Dilluns<\/span><\/td>\n<td style=\"width: 16.2034%; height: 10px;\"><span style=\"font-weight: 400;\">Dimarts<\/span><\/td>\n<td style=\"width: 18.2077%; height: 10px;\"><span style=\"font-weight: 400;\">Dimecres<\/span><\/td>\n<td style=\"width: 16.4829%; height: 10px;\"><span style=\"font-weight: 400;\">Dijous<\/span><\/td>\n<td style=\"width: 84.7557%; height: 10px;\"><span style=\"font-weight: 400;\">Divendres<\/span><\/td>\n<\/tr>\n<tr style=\"height: 137px;\">\n<td style=\"width: 13.3566%; height: 137px;\"><span style=\"font-weight: 400;\">12:30 &#8211; <\/span><span style=\"font-weight: 400;\">13:00h<\/span><\/td>\n<td style=\"width: 19.8555%; height: 137px;\"><i><span style=\"font-weight: 400;\">Angl\u00e8s<\/span><\/i><\/p>\n<p><i><span style=\"font-weight: 400;\">Grup de 3r a 6\u00e8<\/span><\/i><\/p>\n<p><i><span style=\"font-weight: 400;\">9 alumnes<\/span><\/i><\/td>\n<td style=\"width: 16.2034%; height: 137px;\"><\/td>\n<td style=\"width: 18.2077%; height: 137px;\"><\/td>\n<td style=\"width: 16.4829%; height: 137px;\"><\/td>\n<td style=\"width: 84.7557%; height: 137px;\"><\/td>\n<\/tr>\n<tr style=\"height: 288px;\">\n<td style=\"width: 13.3566%; height: 288px;\"><span style=\"font-weight: 400;\">16:30<\/span><span style=\"font-weight: 400;\"> &#8211; 18:00h<\/span><\/td>\n<td style=\"width: 19.8555%; height: 288px;\"><i><span style=\"font-weight: 400;\">B\u00e0squet\u00a0<\/span><\/i><\/p>\n<p><i><span style=\"font-weight: 400;\">*Grup 1 Infantil<\/span><\/i><\/p>\n<p><i><span style=\"font-weight: 400;\">8 alumnes<\/span><\/i><\/p>\n<p><i><span style=\"font-weight: 400;\">*Grup 2 Prim\u00e0ria<\/span><\/i><\/p>\n<p><i><span style=\"font-weight: 400;\">13 alumnes<\/span><\/i><\/p>\n<p><b><i>Gimn\u00e0s\/ Pati<\/i><\/b><\/td>\n<td style=\"width: 16.2034%; height: 288px;\"><\/td>\n<td style=\"width: 18.2077%; height: 288px;\"><\/td>\n<td style=\"width: 16.4829%; height: 288px;\"><i><span style=\"font-weight: 400;\">B\u00e0squet<\/span><\/i><\/p>\n<p><i><span style=\"font-weight: 400;\">*Grup 1 Infantil<\/span><\/i><\/p>\n<p><i><span style=\"font-weight: 400;\">8 alumnes<\/span><\/i><\/p>\n<p><i><span style=\"font-weight: 400;\">*Grup 2 Prim\u00e0ria<\/span><\/i><\/p>\n<p><i><span style=\"font-weight: 400;\">13 alumnes<\/span><\/i><\/p>\n<p><b><i>Gimn\u00e0s\/ Pati<\/i><\/b><\/td>\n<td style=\"width: 84.7557%; height: 288px;\"><\/td>\n<\/tr>\n<\/tbody>\n<\/table>\n<p>&nbsp;<\/p>\n<p>&nbsp;<\/p>\n","protected":false},"excerpt":{"rendered":"<p>Aquestes activitats s\u2019inicien al 1r trimestre. Segons la demanda que hi hagi se seguiran ofertant la resta de trimestres i es podrien ampliar o suprimir. La quantitat d\u2019inscrits fa refer\u00e8ncia a l\u2019octubre, quan s\u2019inicien les activitats extraescolars.\u00a0<br \/>\nL\u2019activitat de b\u00e0squet va a c\u00e0rrec del Club de&hellip;  <a href=\"https:\/\/agora.xtec.cat\/escolalescometes\/serveis\/activitats-extraescolars\/\" title=\"Read Activitats extraescolars 25\/26\">Llegeix m\u00e9s\u00bb<\/a><\/p>\n","protected":false},"author":1,"featured_media":0,"parent":66,"menu_order":4,"comment_status":"closed","ping_status":"closed","template":"page-templates\/side-menu.php","meta":{"_bbp_topic_count":0,"_bbp_reply_count":0,"_bbp_total_topic_count":0,"_bbp_total_reply_count":0,"_bbp_voice_count":0,"_bbp_anonymous_reply_count":0,"_bbp_topic_count_hidden":0,"_bbp_reply_count_hidden":0,"_bbp_forum_subforum_count":0,"footnotes":""},"class_list":["post-84","page","type-page","status-publish","hentry"],"post_mailing_queue_ids":[],"_links":{"self":[{"href":"https:\/\/agora.xtec.cat\/escolalescometes\/wp-json\/wp\/v2\/pages\/84","targetHints":{"allow":["GET"]}}],"collection":[{"href":"https:\/\/agora.xtec.cat\/escolalescometes\/wp-json\/wp\/v2\/pages"}],"about":[{"href":"https:\/\/agora.xtec.cat\/escolalescometes\/wp-json\/wp\/v2\/types\/page"}],"author":[{"embeddable":true,"href":"https:\/\/agora.xtec.cat\/escolalescometes\/wp-json\/wp\/v2\/users\/1"}],"replies":[{"embeddable":true,"href":"https:\/\/agora.xtec.cat\/escolalescometes\/wp-json\/wp\/v2\/comments?post=84"}],"version-history":[{"count":7,"href":"https:\/\/agora.xtec.cat\/escolalescometes\/wp-json\/wp\/v2\/pages\/84\/revisions"}],"predecessor-version":[{"id":7217,"href":"https:\/\/agora.xtec.cat\/escolalescometes\/wp-json\/wp\/v2\/pages\/84\/revisions\/7217"}],"up":[{"embeddable":true,"href":"https:\/\/agora.xtec.cat\/escolalescometes\/wp-json\/wp\/v2\/pages\/66"}],"wp:attachment":[{"href":"https:\/\/agora.xtec.cat\/escolalescometes\/wp-json\/wp\/v2\/media?parent=84"}],"curies":[{"name":"wp","href":"https:\/\/api.w.org\/{rel}","templated":true}]}}