{"id":73,"date":"2014-09-18T14:01:51","date_gmt":"2014-09-18T12:01:51","guid":{"rendered":"http:\/\/agora.xtec.cat\/escolalescometes\/?page_id=73"},"modified":"2026-02-24T18:56:02","modified_gmt":"2026-02-24T17:56:02","slug":"menjador-escolar","status":"publish","type":"page","link":"https:\/\/agora.xtec.cat\/escolalescometes\/serveis\/menjador-escolar\/","title":{"rendered":"Menjador escolar 25\/26"},"content":{"rendered":"<h2><b>Menjador escolar. Pla de funcionament curs 2025\/2026<\/b><\/h2>\n<p><b>Modalitat de gesti\u00f3<\/b><span style=\"font-weight: 400;\">: La responsabilitat de la gesti\u00f3 \u00e9s de l\u2019AFA del Centre.<\/span><\/p>\n<p><b>Empresa de l\u2019elaboraci\u00f3 del menjar i de la vigil\u00e0ncia<\/b><span style=\"font-weight: 400;\">: Ausolan.<\/span><\/p>\n<p><b>Durada de l\u2019activitat<\/b><span style=\"font-weight: 400;\">: del 8 de setembre al 19 de juny.<\/span><\/p>\n<p><b>Horari<\/b><span style=\"font-weight: 400;\">: de 12:30h a 15:00h.<\/span><\/p>\n<p><b>Capacitat m\u00e0xima de les instal\u00b7lacions (comensals\/torn): <\/b><span style=\"font-weight: 400;\">100 alumnes.<\/span><\/p>\n<p><b>Preus d\u2019aquest curs: <\/b><span style=\"font-weight: 400;\">\u00a06,99 (fix) i 7,66 \u20ac (espor\u00e0dic).<\/span><\/p>\n<p><b>Lliurament d\u2019informes: <\/b><span style=\"font-weight: 400;\">19 de desembre i 19 de juny.<\/span><\/p>\n<p><b>Espais i instal\u00b7lacions del centre necessaris per al servei: <\/b><span style=\"font-weight: 400;\">menjador, cuina, rebost, lavabo i v\u00e0ter de cuina, lavabos dels vestidors, lavabos infantil, patis d\u2019educaci\u00f3 infantil, pista poliesportiva, aula de motricitat, aula de ci\u00e8ncies,\u00a0 biblioteca i gimn\u00e0s.<\/span><\/p>\n<p><b>Mitjans instrumentals que es posen a disposici\u00f3 del servei: <\/b><span style=\"font-weight: 400;\">parament de cuina i menjador, fotocopiadora.<\/span><\/p>\n<p><b>Estudi qualitatiu i quantitatiu dels men\u00fas:<\/b><span style=\"font-weight: 400;\"> Control bacteriol\u00f2gic a c\u00e0rrec del laboratori ISBO S.L., C\/ Nord, 22, Salou. Cada 2 mesos, sense previ av\u00eds, recullen mostres del primer i segon plat, d\u2019un manipulador i de les superf\u00edcies de treball.<\/span><\/p>\n<p><b>La coordinaci\u00f3 pedag\u00f2gica del menjador<\/b><span style=\"font-weight: 400;\">, <\/span><span style=\"font-weight: 400;\">anir\u00e0 a c\u00e0rrec de l\u2019empresa Ausolan. .<\/span><\/p>\n<p><span style=\"font-weight: 400;\">Les tasques que duran a terme s\u2019agrupen en les seg\u00fcents l\u00ednies d\u2019acci\u00f3:<\/span><\/p>\n<ul>\n<li aria-level=\"2\"><span style=\"font-weight: 400;\">Atenci\u00f3 a l\u2019infant.<\/span><\/li>\n<\/ul>\n<ul>\n<li aria-level=\"2\"><span style=\"font-weight: 400;\">Coordinaci\u00f3 i formaci\u00f3 de l\u2019equip de monitors\/es.<\/span><\/li>\n<\/ul>\n<ul>\n<li aria-level=\"2\"><span style=\"font-weight: 400;\">Comunicaci\u00f3 amb la comunitat educativa (pares, mares, AFA i escola).<\/span><\/li>\n<\/ul>\n<p><span style=\"font-weight: 400;\">L&#8217;objectiu principal del projecte \u00e9s que el menjador esdevingui un espai on s&#8217;aprengui a menjar de forma saludable i respectuosa amb l&#8217;entorn, on s&#8217;utilitzin aliments frescos i de proximitat i on la conviv\u00e8ncia esdevingui una constant mitjan\u00e7ant una gesti\u00f3 consensuada i compartida dels conflictes.<\/span><\/p>\n<p><b>Previsi\u00f3 de personal d\u2019atenci\u00f3 de l\u2019alumnat \/ Lloc pati:<\/b><\/p>\n<ul>\n<li style=\"font-weight: 400;\" aria-level=\"1\"><span style=\"font-weight: 400;\">1 monitora per a I3. Pati, aules d\u2019I3 i aula de psicomotricitat.\u00a0<\/span><\/li>\n<li style=\"font-weight: 400;\" aria-level=\"1\"><span style=\"font-weight: 400;\">1 monitora per a I4. Pati I3.<\/span><\/li>\n<li style=\"font-weight: 400;\" aria-level=\"1\"><span style=\"font-weight: 400;\">1 monitora per a I5. Pati I4.<\/span><\/li>\n<li style=\"font-weight: 400;\" aria-level=\"1\"><span style=\"font-weight: 400;\">1 monitora pels alumnes de 1r i 2n i suport de la coordinadora d\u2019activitats. Zona oliveres, zona terres, pista, porxo, gimn\u00e0s i zona chill out.<\/span><\/li>\n<li style=\"font-weight: 400;\" aria-level=\"1\"><span style=\"font-weight: 400;\">1 monitora per als alumnes de 3r i 4t. Zona oliveres, zona terres, pista, gimn\u00e0s, porxo i zona chill out.<\/span><\/li>\n<li style=\"font-weight: 400;\" aria-level=\"1\"><span style=\"font-weight: 400;\">1 monitora per als alumnes de 5\u00e8 i 6\u00e8. Zona oliveres, zona terres, pista, gimn\u00e0s, porxo i zona chill out.<\/span><\/li>\n<\/ul>\n<p><span style=\"font-weight: 400;\">Coordinadora: Ana<\/span><\/p>\n<p><span style=\"font-weight: 400;\">En els dies de pluja es podran utilitzar aules de grup i aules comunes de l\u2019escola.<\/span><\/p>\n","protected":false},"excerpt":{"rendered":"<p>Menjador escolar. Pla de funcionament curs 2025\/2026<br \/>\nModalitat de gesti\u00f3: La responsabilitat de la gesti\u00f3 \u00e9s de l\u2019AFA del Centre.<br \/>\nEmpresa de l\u2019elaboraci\u00f3 del menjar i de la vigil\u00e0ncia: Ausolan.<br \/>\nDurada de l\u2019activitat: del 8 de setembre al 19 de juny.<br \/>\nHorari: de 12:30h a 15:00h.<br \/>\nCapacitat m\u00e0xima de les&hellip;  <a href=\"https:\/\/agora.xtec.cat\/escolalescometes\/serveis\/menjador-escolar\/\" title=\"Read Menjador escolar 25\/26\">Llegeix m\u00e9s\u00bb<\/a><\/p>\n","protected":false},"author":1,"featured_media":0,"parent":66,"menu_order":3,"comment_status":"closed","ping_status":"closed","template":"page-templates\/side-menu.php","meta":{"_bbp_topic_count":0,"_bbp_reply_count":0,"_bbp_total_topic_count":0,"_bbp_total_reply_count":0,"_bbp_voice_count":0,"_bbp_anonymous_reply_count":0,"_bbp_topic_count_hidden":0,"_bbp_reply_count_hidden":0,"_bbp_forum_subforum_count":0,"footnotes":""},"class_list":["post-73","page","type-page","status-publish","hentry"],"post_mailing_queue_ids":[],"_links":{"self":[{"href":"https:\/\/agora.xtec.cat\/escolalescometes\/wp-json\/wp\/v2\/pages\/73","targetHints":{"allow":["GET"]}}],"collection":[{"href":"https:\/\/agora.xtec.cat\/escolalescometes\/wp-json\/wp\/v2\/pages"}],"about":[{"href":"https:\/\/agora.xtec.cat\/escolalescometes\/wp-json\/wp\/v2\/types\/page"}],"author":[{"embeddable":true,"href":"https:\/\/agora.xtec.cat\/escolalescometes\/wp-json\/wp\/v2\/users\/1"}],"replies":[{"embeddable":true,"href":"https:\/\/agora.xtec.cat\/escolalescometes\/wp-json\/wp\/v2\/comments?post=73"}],"version-history":[{"count":6,"href":"https:\/\/agora.xtec.cat\/escolalescometes\/wp-json\/wp\/v2\/pages\/73\/revisions"}],"predecessor-version":[{"id":7216,"href":"https:\/\/agora.xtec.cat\/escolalescometes\/wp-json\/wp\/v2\/pages\/73\/revisions\/7216"}],"up":[{"embeddable":true,"href":"https:\/\/agora.xtec.cat\/escolalescometes\/wp-json\/wp\/v2\/pages\/66"}],"wp:attachment":[{"href":"https:\/\/agora.xtec.cat\/escolalescometes\/wp-json\/wp\/v2\/media?parent=73"}],"curies":[{"name":"wp","href":"https:\/\/api.w.org\/{rel}","templated":true}]}}