{"id":5792,"date":"2023-04-11T16:27:10","date_gmt":"2023-04-11T14:27:10","guid":{"rendered":"https:\/\/agora.xtec.cat\/escolalescometes\/?page_id=5792"},"modified":"2023-04-11T16:27:10","modified_gmt":"2023-04-11T14:27:10","slug":"comissio-digital","status":"publish","type":"page","link":"https:\/\/agora.xtec.cat\/escolalescometes\/pla-destrategia-digital-en-proces\/comissio-digital\/","title":{"rendered":"Comissi\u00f3 Digital"},"content":{"rendered":"<p><img loading=\"lazy\" decoding=\"async\" class=\"aligncenter size-large wp-image-8039\" src=\"https:\/\/agora.xtec.cat\/sesernestlluch-cunit\/wp-content\/uploads\/usu1679\/2023\/03\/4_Comissio-EDC_v3_page-0001-1024x724.jpg\" sizes=\"auto, (max-width: 1024px) 100vw, 1024px\" srcset=\"https:\/\/agora.xtec.cat\/sesernestlluch-cunit\/wp-content\/uploads\/usu1679\/2023\/03\/4_Comissio-EDC_v3_page-0001-1024x724.jpg 1024w, https:\/\/agora.xtec.cat\/sesernestlluch-cunit\/wp-content\/uploads\/usu1679\/2023\/03\/4_Comissio-EDC_v3_page-0001-300x212.jpg 300w, https:\/\/agora.xtec.cat\/sesernestlluch-cunit\/wp-content\/uploads\/usu1679\/2023\/03\/4_Comissio-EDC_v3_page-0001-768x543.jpg 768w, https:\/\/agora.xtec.cat\/sesernestlluch-cunit\/wp-content\/uploads\/usu1679\/2023\/03\/4_Comissio-EDC_v3_page-0001-1536x1086.jpg 1536w, https:\/\/agora.xtec.cat\/sesernestlluch-cunit\/wp-content\/uploads\/usu1679\/2023\/03\/4_Comissio-EDC_v3_page-0001.jpg 1755w\" alt=\"\" width=\"1024\" height=\"724\" \/><\/p>\n<p dir=\"ltr\">\n<p class=\"CDt4Ke zfr3Q\" dir=\"ltr\">La coordinaci\u00f3 digital d\u2019un centre educatiu t\u00e9 dues funcions principals:<\/p>\n<ol class=\"n8H08c BKnRcf\">\n<li class=\"TYR86d zfr3Q\" dir=\"ltr\">\n<p class=\"CDt4Ke zfr3Q\" dir=\"ltr\"><strong>Dinamitzaci\u00f3 digital:<\/strong> consisteix a tenir un paper proactiu en la transformaci\u00f3 digital del centre.<\/p>\n<\/li>\n<li class=\"TYR86d zfr3Q\" dir=\"ltr\">\n<p class=\"CDt4Ke zfr3Q\" dir=\"ltr\"><strong>Gesti\u00f3 i supervisi\u00f3 d\u2019equips i serveis<\/strong>: consisteix a garantir que els equips, serveis i infraestructures digitals funcionen correctament.<\/p>\n<\/li>\n<\/ol>\n<p class=\"CDt4Ke zfr3Q\" dir=\"ltr\">La Comissi\u00f3 digital \u00e9s l\u2019equip encarregat de definir i implementar l\u2019estrat\u00e8gia que vol seguir un centre en relaci\u00f3 amb les tecnologies digitals, amb l\u2019objectiu que l\u2019alumnat, els docents i el centre assoleixin el nivell m\u00e9s alt possible de maduresa i compet\u00e8ncia digital des d\u2019una perspectiva d\u2019innovaci\u00f3 i de millora cont\u00ednua. Per tant, \u00e9s l\u2019equip impulsor de l\u2019Estrat\u00e8gia Digital de Centre.<\/p>\n","protected":false},"excerpt":{"rendered":"<p>La coordinaci\u00f3 digital d\u2019un centre educatiu t\u00e9 dues funcions principals:<\/p>\n<ol class=\"n8H08c BKnRcf\">\n<li class=\"TYR86d zfr3Q\" dir=\"ltr\">\nDinamitzaci\u00f3 digital: consisteix a tenir un paper proactiu en la transformaci\u00f3 digital del centre.\n<\/li>\n<li class=\"TYR86d zfr3Q\" dir=\"ltr\">\nGesti\u00f3 i supervisi\u00f3 d\u2019equips i serveis: consisteix a garantir que els equips, serveis i infraestructures&hellip;  <a href=\"https:\/\/agora.xtec.cat\/escolalescometes\/pla-destrategia-digital-en-proces\/comissio-digital\/\" title=\"Read Comissi\u00f3 Digital\">Llegeix m\u00e9s\u00bb<\/a><\/p>\n","protected":false},"author":1,"featured_media":0,"parent":5126,"menu_order":0,"comment_status":"closed","ping_status":"closed","template":"page-templates\/side-menu.php","meta":{"_bbp_topic_count":0,"_bbp_reply_count":0,"_bbp_total_topic_count":0,"_bbp_total_reply_count":0,"_bbp_voice_count":0,"_bbp_anonymous_reply_count":0,"_bbp_topic_count_hidden":0,"_bbp_reply_count_hidden":0,"_bbp_forum_subforum_count":0,"footnotes":""},"class_list":["post-5792","page","type-page","status-publish","hentry"],"post_mailing_queue_ids":[],"_links":{"self":[{"href":"https:\/\/agora.xtec.cat\/escolalescometes\/wp-json\/wp\/v2\/pages\/5792","targetHints":{"allow":["GET"]}}],"collection":[{"href":"https:\/\/agora.xtec.cat\/escolalescometes\/wp-json\/wp\/v2\/pages"}],"about":[{"href":"https:\/\/agora.xtec.cat\/escolalescometes\/wp-json\/wp\/v2\/types\/page"}],"author":[{"embeddable":true,"href":"https:\/\/agora.xtec.cat\/escolalescometes\/wp-json\/wp\/v2\/users\/1"}],"replies":[{"embeddable":true,"href":"https:\/\/agora.xtec.cat\/escolalescometes\/wp-json\/wp\/v2\/comments?post=5792"}],"version-history":[{"count":1,"href":"https:\/\/agora.xtec.cat\/escolalescometes\/wp-json\/wp\/v2\/pages\/5792\/revisions"}],"predecessor-version":[{"id":5793,"href":"https:\/\/agora.xtec.cat\/escolalescometes\/wp-json\/wp\/v2\/pages\/5792\/revisions\/5793"}],"up":[{"embeddable":true,"href":"https:\/\/agora.xtec.cat\/escolalescometes\/wp-json\/wp\/v2\/pages\/5126"}],"wp:attachment":[{"href":"https:\/\/agora.xtec.cat\/escolalescometes\/wp-json\/wp\/v2\/media?parent=5792"}],"curies":[{"name":"wp","href":"https:\/\/api.w.org\/{rel}","templated":true}]}}