{"id":372,"date":"2016-09-29T14:54:01","date_gmt":"2016-09-29T12:54:01","guid":{"rendered":"http:\/\/agora.xtec.cat\/escolalescometes\/?page_id=372"},"modified":"2026-02-20T19:55:53","modified_gmt":"2026-02-20T18:55:53","slug":"equip","status":"publish","type":"page","link":"https:\/\/agora.xtec.cat\/escolalescometes\/lescola\/curs-20162017\/equip\/","title":{"rendered":"Personal docent i no docent 25\/26"},"content":{"rendered":"<p><strong>Equip directiu<\/strong><\/p>\n<ul style=\"list-style-type: circle;\">\n<li><span style=\"color: #000000;\">Directora: Cristina Bautista Capafons\u00a0<\/span><\/li>\n<li><span style=\"color: #000000;\">Cap d\u2019estudis:\u00a0<\/span>T\u00e0nia Miquel Ripoll\u00e8s<\/li>\n<li><span style=\"color: #000000;\">Secret\u00e0ria: Rosa Guivernau Sent\u00eds<\/span><\/li>\n<\/ul>\n<p><strong>Coordinaci\u00f3:<\/strong><\/p>\n<ul style=\"list-style-type: circle;\">\n<li><strong>Educaci\u00f3 infantil:<\/strong>\n<ul style=\"list-style-type: disc;\">\n<li>\u00cdngrid Rull Soronellas<\/li>\n<\/ul>\n<\/li>\n<li><strong>Cicle inicial:<\/strong>\n<ul style=\"list-style-type: square;\">\n<li>Maria \u00c0ngels Mallofr\u00e9 Mata<\/li>\n<\/ul>\n<\/li>\n<li><strong>Cicle mitj\u00e0:<\/strong>\n<ul style=\"list-style-type: circle;\">\n<li>Montserrat Barber\u00e0<\/li>\n<\/ul>\n<\/li>\n<li><strong>Cicle superior:<\/strong>\n<ul style=\"list-style-type: circle;\">\n<li>N\u00faria Palau Telles<\/li>\n<\/ul>\n<\/li>\n<li><strong>Ling\u00fc\u00edstic:<\/strong>\n<ul style=\"list-style-type: circle;\">\n<li>N\u00faria Palau Telles<\/li>\n<\/ul>\n<\/li>\n<li><strong>TIC:<\/strong>\n<ul style=\"list-style-type: circle;\">\n<li>Mariona Bori Balagu\u00e9<\/li>\n<\/ul>\n<\/li>\n<li><strong>COCOBE<\/strong>:\n<ul style=\"list-style-type: circle;\">\n<li>Clara Moreno P\u00e9rez<\/li>\n<\/ul>\n<\/li>\n<li><strong>Riscos<\/strong> <strong>laborals<\/strong>:\n<ul style=\"list-style-type: circle;\">\n<li>Rosa Guivernau Sent\u00eds<\/li>\n<\/ul>\n<\/li>\n<\/ul>\n<p><strong>Tutories:<\/strong><\/p>\n<ul style=\"list-style-type: circle;\">\n<li>Infantil 3 anys &#8211; M. Alba Pa\u00fcl Gil<\/li>\n<li>Infantil 4 anys &#8211; \u00cdngrid Rull Soronellas<\/li>\n<li>Infantil 5 anys &#8211; M\u00f2nica Mirada Saenz\u00a0 i S\u00f2nia Mata Soler<\/li>\n<li>1r Prim\u00e0ria &#8211; <span style=\"font-weight: 400;\">Berta Madrid Rangel<\/span><\/li>\n<li>2n Prim\u00e0ria &#8211; Maria \u00c0ngels Mallofr\u00e9 Mata<\/li>\n<li>3r Prim\u00e0ria &#8211;\u00a0 Albert Angl\u00e9s Batiste i Roser Cat\u00e0 Marl\u00e8s<\/li>\n<li>4t Prim\u00e0ria &#8211;\u00a0 Montserrat Barber\u00e0 Mar\u00e9 i Mariona Bori Balagu\u00e9<\/li>\n<li>5\u00e8 Prim\u00e0ria &#8211; X\u00e8nia Espi\u00f1a Fern\u00e1ndez<\/li>\n<li>6\u00e8 Prim\u00e0ria &#8211; Xavier Cerezo Esteban i Vicens G. Jaime Maldonado<\/li>\n<\/ul>\n<p><strong>Mestres Especialistes:<\/strong><\/p>\n<ul>\n<li><b>Angl\u00e8s<\/b><span style=\"font-weight: 400;\">: Laura Llorach Jim\u00e9nez i Clara Moreno P\u00e9rez<\/span><\/li>\n<li><b>Educaci\u00f3 F\u00edsica<\/b><span style=\"font-weight: 400;\">: Ana Bel\u00e9n S\u00e1nchez Santos, X\u00e8nia Espi\u00f1a Fern\u00e1ndez i Xavier Cerezo Esteban<\/span><\/li>\n<li><b>M\u00fasica<\/b><span style=\"font-weight: 400;\">: Albert Angl\u00e9s Batiste\u00a0<\/span><\/li>\n<li><b>Educaci\u00f3 Especial<\/b><span style=\"font-weight: 400;\">: N\u00faria Palau Tell\u00e9s<\/span><\/li>\n<li><b>Psicomotricitat E. Infantil<\/b><span style=\"font-weight: 400;\">: Cristina Bautista Capafons i Sonia Garcia Pineda<\/span><\/li>\n<li><b>Suport Ed. Infantil: <\/b><span style=\"font-weight: 400;\">Sonia Garcia Pineda<\/span><\/li>\n<li><b>Suport prim\u00e0ria<\/b><span style=\"font-weight: 400;\">: N\u00faria Palau Tell\u00e8s, Rosa Guivernau Sent\u00eds i T\u00e0nia Miquel Ripoll\u00e8s<\/span><\/li>\n<li><b>Religi\u00f3:<\/b><span style=\"font-weight: 400;\"> Antoni Beltran Fr\u00edgol<\/span><\/li>\n<\/ul>\n<p><strong>Personal no docent:<\/strong><\/p>\n<ul>\n<li><b>Administrativa:<\/b><span style=\"font-weight: 400;\"> Beatriz Basc\u00f3n<\/span><\/li>\n<li><b>T\u00e8cnica d\u2019Ed. Infantil:<\/b><span style=\"font-weight: 400;\"> Aloma Torres Mart\u00edn<\/span><\/li>\n<li><b>Psic\u00f2leg (AFA):<\/b><span style=\"font-weight: 400;\"> Tamara Vilar<\/span><\/li>\n<li><b>Logop\u00e8dia (AFA):<\/b><span style=\"font-weight: 400;\"> Laura Merenciano<\/span><\/li>\n<li><b>Conserge (Ajuntament):<\/b><span style=\"font-weight: 400;\"> Ra\u00fcl Alegre<\/span><\/li>\n<li><b>Vetlladora:<\/b><span style=\"font-weight: 400;\"> Esther Vives i Concepci\u00f3n Alfonso<\/span><\/li>\n<li><b>Servei de cuina, menjador i vigil\u00e0ncia: <\/b><span style=\"font-weight: 400;\">Ausolan<\/span><\/li>\n<\/ul>\n<p>&nbsp;<\/p>\n","protected":false},"excerpt":{"rendered":"<p>Equip directiu<\/p>\n<ul style=\"list-style-type: circle;\">\n<li>Directora: Cristina Bautista Capafons\u00a0<\/li>\n<li>Cap d\u2019estudis:\u00a0T\u00e0nia Miquel Ripoll\u00e8s<\/li>\n<li>Secret\u00e0ria: Rosa Guivernau Sent\u00eds<\/li>\n<\/ul>\n<p>Coordinaci\u00f3:<\/p>\n<ul style=\"list-style-type: circle;\">\n<li>Educaci\u00f3 infantil:\n<ul style=\"list-style-type: disc;\">\n<li>\u00cdngrid Rull Soronellas<\/li>\n<\/ul>\n<\/li>\n<li>Cicle inicial:\n<ul style=\"list-style-type: square;\">\n<li>Maria \u00c0ngels Mallofr\u00e9 Mata<\/li>\n<\/ul>\n<\/li>\n<li>Cicle mitj\u00e0:\n<ul style=\"list-style-type: circle;\">\n<li>Montserrat Barber\u00e0<\/li>\n<\/ul>\n<\/li>\n<li>Cicle superior:\n<ul style=\"list-style-type: circle;\">\n<li>N\u00faria Palau Telles<\/li>\n<\/ul>\n<\/li>\n<li>Ling\u00fc\u00edstic:\n<ul style=\"list-style-type: circle;\">\n<li>N\u00faria Palau Telles<\/li>\n<\/ul>\n<\/li>\n<li>TIC:\n<ul style=\"list-style-type: circle;\">\n<li>Mariona Bori Balagu\u00e9<\/li>\n<\/ul>\n<\/li>\n<li>COCOBE:\n<ul style=\"list-style-type: circle;\">\n<li>Clara&hellip;  <a href=\"https:\/\/agora.xtec.cat\/escolalescometes\/lescola\/curs-20162017\/equip\/\" title=\"Read Personal docent i no docent 25\/26\">Llegeix m\u00e9s\u00bb<\/a><br \/>\n","protected":false},"author":1,"featured_media":0,"parent":559,"menu_order":6,"comment_status":"closed","ping_status":"closed","template":"page-templates\/side-menu.php","meta":{"_bbp_topic_count":0,"_bbp_reply_count":0,"_bbp_total_topic_count":0,"_bbp_total_reply_count":0,"_bbp_voice_count":0,"_bbp_anonymous_reply_count":0,"_bbp_topic_count_hidden":0,"_bbp_reply_count_hidden":0,"_bbp_forum_subforum_count":0,"footnotes":""},"class_list":["post-372","page","type-page","status-publish","hentry"],"post_mailing_queue_ids":[],"_links":{"self":[{"href":"https:\/\/agora.xtec.cat\/escolalescometes\/wp-json\/wp\/v2\/pages\/372","targetHints":{"allow":["GET"]}}],"collection":[{"href":"https:\/\/agora.xtec.cat\/escolalescometes\/wp-json\/wp\/v2\/pages"}],"about":[{"href":"https:\/\/agora.xtec.cat\/escolalescometes\/wp-json\/wp\/v2\/types\/page"}],"author":[{"embeddable":true,"href":"https:\/\/agora.xtec.cat\/escolalescometes\/wp-json\/wp\/v2\/users\/1"}],"replies":[{"embeddable":true,"href":"https:\/\/agora.xtec.cat\/escolalescometes\/wp-json\/wp\/v2\/comments?post=372"}],"version-history":[{"count":6,"href":"https:\/\/agora.xtec.cat\/escolalescometes\/wp-json\/wp\/v2\/pages\/372\/revisions"}],"predecessor-version":[{"id":7192,"href":"https:\/\/agora.xtec.cat\/escolalescometes\/wp-json\/wp\/v2\/pages\/372\/revisions\/7192"}],"up":[{"embeddable":true,"href":"https:\/\/agora.xtec.cat\/escolalescometes\/wp-json\/wp\/v2\/pages\/559"}],"wp:attachment":[{"href":"https:\/\/agora.xtec.cat\/escolalescometes\/wp-json\/wp\/v2\/media?parent=372"}],"curies":[{"name":"wp","href":"https:\/\/api.w.org\/{rel}","templated":true}]}}