{"id":36,"date":"2014-09-18T12:33:11","date_gmt":"2014-09-18T11:33:11","guid":{"rendered":"http:\/\/agora.xtec.cat\/escolalescometes\/?page_id=36"},"modified":"2026-02-20T20:58:24","modified_gmt":"2026-02-20T19:58:24","slug":"material-escolar","status":"publish","type":"page","link":"https:\/\/agora.xtec.cat\/escolalescometes\/lescola\/curs-20162017\/material-escolar\/","title":{"rendered":"Material escolar i llibres 25\/26"},"content":{"rendered":"<p>A continuaci\u00f3 trobareu el llistat de llibres, material did\u00e0ctic i material fungible.<\/p>\n<p>A educaci\u00f3 infantil\u00a0el material did\u00e0ctic \u00e9s d&#8217;elaboraci\u00f3 pr\u00f2pia.<\/p>\n<p>L&#8217;AFA distribueix els llibres i material did\u00e0ctic de prim\u00e0ria als socis que ho desitgin.<\/p>\n<p>Per al material fungible, les fam\u00edlies poden optar per portar el material elles mateixes, tenint el compte el llistat de cada curs, o acollir-se a la gesti\u00f3 col\u00b7lectiva que fa l&#8217;Escola.<\/p>\n<p><strong>QUOTA MATERIAL FUNGIBLE:<\/strong><\/p>\n<ul>\n<li>EDUCACI\u00d3 INFANTIL: 80\u20ac<\/li>\n<li>CICLE INICIAL I CICLE MITJ\u00c0: 70\u20ac<\/li>\n<li>CICLE SUPERIOR: 60\u20ac.<\/li>\n<\/ul>\n<p><strong>QUOTA REUTILITZACI\u00d3:<\/strong><\/p>\n<ul>\n<li>CICLE INICIAL: 3\u20ac<\/li>\n<li>CICLE MITJ\u00c0: 20\u20ac<\/li>\n<li>CICLE SUPERIOR: 18\u20ac<\/li>\n<\/ul>\n<p><strong><u>LLISTAT LLIBRES CURS 2025-2026<\/u><\/strong><\/p>\n<table style=\"width: 70.629%; height: 225px;\">\n<tbody>\n<tr style=\"height: 32px;\">\n<td style=\"text-align: center; height: 32px; width: 145.145%;\" colspan=\"3\">\n<h2><span style=\"color: #00ff00;\"><b>CICLE INICIAL 1r\u00a0 \u2013 PRIMER ESQUIROLS<img loading=\"lazy\" decoding=\"async\" class=\"wp-image-7200 aligncenter\" src=\"https:\/\/agora.xtec.cat\/escolalescometes\/wp-content\/uploads\/usu874\/2026\/02\/ESQUIROL.png\" alt=\"\" width=\"137\" height=\"126\" srcset=\"https:\/\/agora.xtec.cat\/escolalescometes\/wp-content\/uploads\/usu874\/2026\/02\/ESQUIROL.png 378w, https:\/\/agora.xtec.cat\/escolalescometes\/wp-content\/uploads\/usu874\/2026\/02\/ESQUIROL-300x276.png 300w\" sizes=\"auto, (max-width: 137px) 100vw, 137px\" \/><\/b><\/span><\/h2>\n<\/td>\n<\/tr>\n<tr style=\"height: 59px;\">\n<td style=\"text-align: center; height: 59px; width: 145.145%;\" colspan=\"3\">\n<h4><b>LLIBRES PROJECTE DE REUTILITZACI\u00d3<\/b><\/h4>\n<\/td>\n<\/tr>\n<tr style=\"height: 10px;\">\n<td style=\"height: 10px; width: 63.5751%;\"><span style=\"font-weight: 400;\">Hist\u00f2ries del sol rodam\u00f3n\u00a0<\/span><\/td>\n<td style=\"height: 10px; width: 17.4734%;\"><span style=\"font-weight: 400;\">Cru\u00eflla<\/span><\/td>\n<td style=\"height: 10px; width: 64.0961%;\"><span style=\"font-weight: 400;\">978-84-661-1561-2<\/span><\/td>\n<\/tr>\n<tr style=\"height: 57px;\">\n<td style=\"height: 57px; width: 145.145%;\" colspan=\"3\">\n<h4 style=\"text-align: center;\"><b>QUADERNS AFA LLIBRES QUE NO ENTREN AL PROJECTE DE REUTILITZACI\u00d3<\/b><\/h4>\n<\/td>\n<\/tr>\n<tr style=\"height: 67px;\">\n<td style=\"height: 67px; width: 63.5751%;\"><span style=\"font-weight: 400;\">Matem\u00e0tiques Manip. 1. <\/span><span style=\"font-weight: 400;\">EP-Quinzet-Derive-Prodigi<\/span><\/td>\n<td style=\"height: 67px; width: 17.4734%;\"><span style=\"font-weight: 400;\">Teide<\/span><\/td>\n<td style=\"height: 67px; width: 64.0961%;\"><span style=\"font-weight: 400;\">978-84-307-4483-1<\/span><\/td>\n<\/tr>\n<\/tbody>\n<\/table>\n<table style=\"width: 70.817%;\">\n<tbody>\n<tr>\n<td style=\"width: 178.12%;\" colspan=\"3\">\n<h2 style=\"text-align: center;\"><span style=\"color: #00ff00;\"><b>CICLE INICIAL 2n\u00a0 \u2013 SEGON DOFINS <img loading=\"lazy\" decoding=\"async\" class=\"wp-image-7199 aligncenter\" src=\"https:\/\/agora.xtec.cat\/escolalescometes\/wp-content\/uploads\/usu874\/2026\/02\/DOFI.png\" alt=\"\" width=\"121\" height=\"109\" srcset=\"https:\/\/agora.xtec.cat\/escolalescometes\/wp-content\/uploads\/usu874\/2026\/02\/DOFI.png 369w, https:\/\/agora.xtec.cat\/escolalescometes\/wp-content\/uploads\/usu874\/2026\/02\/DOFI-300x272.png 300w\" sizes=\"auto, (max-width: 121px) 100vw, 121px\" \/><\/b><\/span><\/h2>\n<\/td>\n<\/tr>\n<tr>\n<td style=\"width: 178.12%;\" colspan=\"3\">\n<h4 style=\"text-align: center;\"><b>LLIBRES PROJECTE DE REUTILITZACI\u00d3<\/b><\/h4>\n<\/td>\n<\/tr>\n<tr>\n<td style=\"width: 62.7621%;\"><span style=\"font-weight: 400;\">Llibre de somnis de la lluna\u00a0<\/span><\/td>\n<td style=\"width: 18.0538%;\"><span style=\"font-weight: 400;\">Cru\u00eflla<\/span><\/td>\n<td style=\"width: 97.304%;\"><span style=\"font-weight: 400;\">978-84-661-1613-8<\/span><\/td>\n<\/tr>\n<tr>\n<td style=\"width: 178.12%;\" colspan=\"3\">\n<h4><b>QUADERNS AFA LLIBRES QUE NO ENTREN AL PROJECTE DE REUTILITZACI\u00d3<\/b><\/h4>\n<\/td>\n<\/tr>\n<tr>\n<td style=\"width: 62.7621%;\"><span style=\"font-weight: 400;\">Quadern set i mig 4<\/span><\/td>\n<td style=\"width: 18.0538%;\"><span style=\"font-weight: 400;\">Teide<\/span><\/td>\n<td style=\"width: 97.304%;\"><span style=\"font-weight: 400;\">978-84-307-4004-8<\/span><\/td>\n<\/tr>\n<tr>\n<td style=\"width: 62.7621%;\"><span style=\"font-weight: 400;\">Quadern set i mig 5<\/span><\/td>\n<td style=\"width: 18.0538%;\"><span style=\"font-weight: 400;\">Teide<\/span><\/td>\n<td style=\"width: 97.304%;\"><span style=\"font-weight: 400;\">978-84-307-4019-2<\/span><\/td>\n<\/tr>\n<tr>\n<td style=\"width: 62.7621%;\"><span style=\"font-weight: 400;\">Quadern set i mig 6<\/span><\/td>\n<td style=\"width: 18.0538%;\"><span style=\"font-weight: 400;\">Teide<\/span><\/td>\n<td style=\"width: 97.304%;\"><span style=\"font-weight: 400;\">978-84-307-4020-8<\/span><\/td>\n<\/tr>\n<\/tbody>\n<\/table>\n<table style=\"width: 70.9513%;\">\n<tbody>\n<tr>\n<td style=\"width: 120.446%; text-align: center;\" colspan=\"3\">\n<h2><span style=\"color: #ff6600;\"><b>CICLE MITJ\u00c0 3r \u2013 TERCER <\/b><span style=\"font-weight: 400;\">\u00a0<strong>FARIGOLA<img loading=\"lazy\" decoding=\"async\" class=\"wp-image-7201 aligncenter\" src=\"https:\/\/agora.xtec.cat\/escolalescometes\/wp-content\/uploads\/usu874\/2026\/02\/FARIGOLA.png\" alt=\"\" width=\"100\" height=\"154\" srcset=\"https:\/\/agora.xtec.cat\/escolalescometes\/wp-content\/uploads\/usu874\/2026\/02\/FARIGOLA.png 232w, https:\/\/agora.xtec.cat\/escolalescometes\/wp-content\/uploads\/usu874\/2026\/02\/FARIGOLA-194x300.png 194w\" sizes=\"auto, (max-width: 100px) 100vw, 100px\" \/><\/strong><\/span><\/span><\/h2>\n<\/td>\n<\/tr>\n<tr>\n<td style=\"width: 120.446%; text-align: center;\" colspan=\"3\">\n<h4><b>LLIBRES PROJECTE DE REUTILITZACI\u00d3<\/b><\/h4>\n<\/td>\n<\/tr>\n<tr>\n<td style=\"width: 63.9094%;\"><span style=\"font-weight: 400;\">El bagul d\u2019hist\u00f2ries de la Pirata Copdevent\u00a0<\/span><\/td>\n<td style=\"width: 17.5157%;\"><span style=\"font-weight: 400;\">Cru\u00eflla\u00a0<\/span><\/td>\n<td style=\"width: 39.0208%;\"><span style=\"font-weight: 400;\">978-84-661-1916-0<\/span><\/td>\n<\/tr>\n<tr>\n<td style=\"width: 63.9094%;\"><span style=\"font-weight: 400;\">Ci\u00e8ncies de la naturalesa 3\u00a0<\/span><\/td>\n<td style=\"width: 17.5157%;\"><span style=\"font-weight: 400;\">Baula<\/span><\/td>\n<td style=\"width: 39.0208%;\"><span style=\"font-weight: 400;\">978-84-479-4588-7<\/span><\/td>\n<\/tr>\n<tr>\n<td style=\"width: 63.9094%;\"><span style=\"font-weight: 400;\">Matem\u00e0tiques manipulatives 3. Sabers. M\u00e8tode Quinzet derive. ProDigi<\/span><\/td>\n<td style=\"width: 17.5157%;\"><span style=\"font-weight: 400;\">Teide<\/span><\/td>\n<td style=\"width: 39.0208%;\"><span style=\"font-weight: 400;\">978-84-307-4049-9<\/span><\/td>\n<\/tr>\n<tr>\n<td style=\"width: 120.446%;\" colspan=\"3\">\n<h4 style=\"text-align: center;\"><b>QUADERNS AFA LLIBRES QUE NO ENTREN AL PROJECTE DE REUTILITZACI\u00d3<\/b><\/h4>\n<\/td>\n<\/tr>\n<tr>\n<td style=\"width: 63.9094%;\"><span style=\"font-weight: 400;\">TOTALLERS 3. Llengua Catalana.<\/span><\/td>\n<td style=\"width: 17.5157%;\"><span style=\"font-weight: 400;\">Text<\/span><\/td>\n<td style=\"width: 39.0208%;\"><span style=\"font-weight: 400;\">978-84-412-3468-0<\/span><\/td>\n<\/tr>\n<tr>\n<td style=\"width: 63.9094%;\"><span style=\"font-weight: 400;\">TOTALLERS 3. Llengua Castellana.<\/span><\/td>\n<td style=\"width: 17.5157%;\"><span style=\"font-weight: 400;\">Text<\/span><\/td>\n<td style=\"width: 39.0208%;\"><span style=\"font-weight: 400;\">978-84-412-3474-1<\/span><\/td>\n<\/tr>\n<tr>\n<td style=\"width: 63.9094%;\"><span style=\"font-weight: 400;\">Matem\u00e0tiques Manip. 3 EP-Quinzet-Derive-prodigi<\/span><\/td>\n<td style=\"width: 17.5157%;\"><span style=\"font-weight: 400;\">Teide<\/span><\/td>\n<td style=\"width: 39.0208%;\"><span style=\"font-weight: 400;\">978-84-307-4063-5<\/span><\/td>\n<\/tr>\n<tr>\n<td style=\"width: 63.9094%;\"><span style=\"font-weight: 400;\">Quadern vuit i mig 1<\/span><\/td>\n<td style=\"width: 17.5157%;\"><span style=\"font-weight: 400;\">Teide<\/span><\/td>\n<td style=\"width: 39.0208%;\"><span style=\"font-weight: 400;\">978-84-307-7999-4<\/span><\/td>\n<\/tr>\n<tr>\n<td style=\"width: 63.9094%;\"><span style=\"font-weight: 400;\">Quadern vuit i mig 3<\/span><\/td>\n<td style=\"width: 17.5157%;\"><span style=\"font-weight: 400;\">Teide<\/span><\/td>\n<td style=\"width: 39.0208%;\"><span style=\"font-weight: 400;\">978-84-307-7964-2<\/span><\/td>\n<\/tr>\n<tr>\n<td style=\"width: 63.9094%;\"><span style=\"font-weight: 400;\">Quadern vuit i mig 6\u00a0<\/span><\/td>\n<td style=\"width: 17.5157%;\"><span style=\"font-weight: 400;\">Teide<\/span><\/td>\n<td style=\"width: 39.0208%;\"><span style=\"font-weight: 400;\">978-84-307-7967-3<\/span><\/td>\n<\/tr>\n<tr>\n<td style=\"width: 63.9094%;\"><span style=\"font-weight: 400;\">Open Up 3. Activity Book Essential<\/span><\/td>\n<td style=\"width: 17.5157%;\"><span style=\"font-weight: 400;\">Oxford<\/span><\/td>\n<td style=\"width: 39.0208%;\"><span style=\"font-weight: 400;\">978-01-940-9393-4<\/span><\/td>\n<\/tr>\n<\/tbody>\n<\/table>\n<p>&nbsp;<\/p>\n<table style=\"width: 70.945%;\">\n<tbody>\n<tr>\n<td style=\"text-align: center; width: 92.4585%;\" colspan=\"3\">\n<h2><span style=\"color: #ff6600;\"><b>CICLE\u00a0 MITJ\u00c0 4t \u2013 QUART ROMAN\u00cd<img loading=\"lazy\" decoding=\"async\" class=\"alignnone  wp-image-7202\" src=\"https:\/\/agora.xtec.cat\/escolalescometes\/wp-content\/uploads\/usu874\/2026\/02\/ROMANI.png\" alt=\"\" width=\"269\" height=\"136\" srcset=\"https:\/\/agora.xtec.cat\/escolalescometes\/wp-content\/uploads\/usu874\/2026\/02\/ROMANI.png 399w, https:\/\/agora.xtec.cat\/escolalescometes\/wp-content\/uploads\/usu874\/2026\/02\/ROMANI-300x152.png 300w\" sizes=\"auto, (max-width: 269px) 100vw, 269px\" \/><\/b><\/span><\/h2>\n<\/td>\n<\/tr>\n<tr>\n<td style=\"text-align: center; width: 92.4585%;\" colspan=\"3\">\n<h4><b>LLIBRES PROJECTE DE REUTILITZACI\u00d3<\/b><\/h4>\n<\/td>\n<\/tr>\n<tr>\n<td style=\"width: 57.903%;\"><span style=\"font-weight: 400;\">En Max Centelles i la biblioteca espacial\u00a0<\/span><\/td>\n<td style=\"width: 14.6293%;\"><span style=\"font-weight: 400;\">Cru\u00eflla<\/span><\/td>\n<td style=\"width: 19.9262%;\"><span style=\"font-weight: 400;\">978-84-661-1942-9<\/span><\/td>\n<\/tr>\n<tr>\n<td style=\"width: 57.903%;\"><span style=\"font-weight: 400;\">Matem\u00e0tiques manipulatives 4. Sabers. M\u00e8tode Quinzet derive. ProDigi<\/span><\/td>\n<td style=\"width: 14.6293%;\"><span style=\"font-weight: 400;\">Teide<\/span><\/td>\n<td style=\"width: 19.9262%;\"><span style=\"font-weight: 400;\">978-84-307-4050-5<\/span><\/td>\n<\/tr>\n<tr>\n<td style=\"width: 57.903%;\"><span style=\"font-weight: 400;\">Ci\u00e8ncies de la naturalesa 4\u00a0<\/span><\/td>\n<td style=\"width: 14.6293%;\"><span style=\"font-weight: 400;\">Baula<\/span><\/td>\n<td style=\"width: 19.9262%;\"><span style=\"font-weight: 400;\">978-84-479-4593-1<\/span><\/td>\n<\/tr>\n<tr>\n<td style=\"width: 57.903%;\"><span style=\"font-weight: 400;\">Ci\u00e8ncies socials 4\u00a0<\/span><\/td>\n<td style=\"width: 14.6293%;\"><span style=\"font-weight: 400;\">Baula<\/span><\/td>\n<td style=\"width: 19.9262%;\"><span style=\"font-weight: 400;\">978-84-479-4594-8<\/span><\/td>\n<\/tr>\n<tr>\n<td style=\"width: 92.4585%;\" colspan=\"3\">\n<h4 style=\"text-align: center;\"><b>QUADERNS AFA LLIBRES QUE NO ENTREN AL PROJECTE DE REUTILITZACI\u00d3<\/b><\/h4>\n<\/td>\n<\/tr>\n<tr>\n<td style=\"width: 57.903%;\"><span style=\"font-weight: 400;\">TOTALLERS 4. Llengua Catalana.<\/span><\/td>\n<td style=\"width: 14.6293%;\"><span style=\"font-weight: 400;\">Text<\/span><\/td>\n<td style=\"width: 19.9262%;\"><span style=\"font-weight: 400;\">978-84-412-3469-7<\/span><\/td>\n<\/tr>\n<tr>\n<td style=\"width: 57.903%;\"><span style=\"font-weight: 400;\">TOTALLERS 4. Llengua Castellana.<\/span><\/td>\n<td style=\"width: 14.6293%;\"><span style=\"font-weight: 400;\">Text<\/span><\/td>\n<td style=\"width: 19.9262%;\"><span style=\"font-weight: 400;\">978-84-412-3475-8<\/span><\/td>\n<\/tr>\n<tr>\n<td style=\"width: 57.903%;\"><span style=\"font-weight: 400;\">Matem\u00e0tiques Manip. 4 EP-Quinzet-Derive-Prodigi<\/span><\/td>\n<td style=\"width: 14.6293%;\"><span style=\"font-weight: 400;\">Teide<\/span><\/td>\n<td style=\"width: 19.9262%;\"><span style=\"font-weight: 400;\">978-84-307-4064-2<\/span><\/td>\n<\/tr>\n<tr>\n<td style=\"width: 57.903%;\"><span style=\"font-weight: 400;\">Quadern vuit i mig 7<\/span><\/td>\n<td style=\"width: 14.6293%;\"><span style=\"font-weight: 400;\">Teide<\/span><\/td>\n<td style=\"width: 19.9262%;\"><span style=\"font-weight: 400;\">978-84-307-7968-0<\/span><\/td>\n<\/tr>\n<tr>\n<td style=\"width: 57.903%;\"><span style=\"font-weight: 400;\">Quadern vuit i mig 9<\/span><\/td>\n<td style=\"width: 14.6293%;\"><span style=\"font-weight: 400;\">Teide<\/span><\/td>\n<td style=\"width: 19.9262%;\"><span style=\"font-weight: 400;\">978-84-307-7970-3<\/span><\/td>\n<\/tr>\n<tr>\n<td style=\"width: 57.903%;\"><span style=\"font-weight: 400;\">Quadern vuit i mig 12<\/span><\/td>\n<td style=\"width: 14.6293%;\"><span style=\"font-weight: 400;\">Teide<\/span><\/td>\n<td style=\"width: 19.9262%;\"><span style=\"font-weight: 400;\">978-84-307-7973-4<\/span><\/td>\n<\/tr>\n<tr>\n<td style=\"width: 57.903%;\"><span style=\"font-weight: 400;\">Open Up 4. Activity Book Essential<\/span><\/td>\n<td style=\"width: 14.6293%;\"><span style=\"font-weight: 400;\">Oxford<\/span><\/td>\n<td style=\"width: 19.9262%;\"><span style=\"font-weight: 400;\">978-01-940-9370-5<\/span><\/td>\n<\/tr>\n<\/tbody>\n<\/table>\n<p>&nbsp;<\/p>\n<table style=\"width: 71.2005%;\">\n<tbody>\n<tr>\n<td style=\"text-align: center; width: 92.7092%;\" colspan=\"3\">\n<h2><span style=\"color: #3366ff;\"><b>CICLE\u00a0 SUPERIOR 5\u00e8 \u2013 CINQU\u00c8 <\/b><strong>\u00a0GINESTA<img loading=\"lazy\" decoding=\"async\" class=\"alignnone  wp-image-7203\" src=\"https:\/\/agora.xtec.cat\/escolalescometes\/wp-content\/uploads\/usu874\/2026\/02\/GINESTA.png\" alt=\"\" width=\"186\" height=\"145\" srcset=\"https:\/\/agora.xtec.cat\/escolalescometes\/wp-content\/uploads\/usu874\/2026\/02\/GINESTA.png 439w, https:\/\/agora.xtec.cat\/escolalescometes\/wp-content\/uploads\/usu874\/2026\/02\/GINESTA-300x234.png 300w\" sizes=\"auto, (max-width: 186px) 100vw, 186px\" \/><\/strong><\/span><\/h2>\n<\/td>\n<\/tr>\n<tr>\n<td style=\"text-align: center; width: 92.7092%;\" colspan=\"3\">\n<h4><b>LLIBRES PROJECTE DE REUTILITZACI\u00d3<\/b><\/h4>\n<\/td>\n<\/tr>\n<tr>\n<td style=\"width: 58.7209%;\"><span style=\"font-weight: 400;\">Matem\u00e0tiques manipulatives 5. Sabers. M\u00e8tode Quinzet derive. ProDigi<\/span><\/td>\n<td style=\"width: 15.1799%;\"><span style=\"font-weight: 400;\">Teide<\/span><\/td>\n<td style=\"width: 18.8084%;\"><span style=\"font-weight: 400;\">978-84-307-4129-8<\/span><\/td>\n<\/tr>\n<tr>\n<td style=\"width: 58.7209%;\"><span style=\"font-weight: 400;\">Ci\u00e8ncies la naturalesa 5\u00a0<\/span><\/td>\n<td style=\"width: 15.1799%;\"><span style=\"font-weight: 400;\">Baula<\/span><\/td>\n<td style=\"width: 18.8084%;\"><span style=\"font-weight: 400;\">978-84-479-4598-6<\/span><\/td>\n<\/tr>\n<tr>\n<td style=\"width: 58.7209%;\"><span style=\"font-weight: 400;\">Ci\u00e8ncies socials 5\u00a0<\/span><\/td>\n<td style=\"width: 15.1799%;\"><span style=\"font-weight: 400;\">Baula<\/span><\/td>\n<td style=\"width: 18.8084%;\"><span style=\"font-weight: 400;\">978-84-479-4599-3<\/span><\/td>\n<\/tr>\n<tr>\n<td style=\"width: 92.7092%;\" colspan=\"3\">\n<h4 style=\"text-align: center;\"><b>QUADERNS AFA LLIBRES QUE NO ENTREN AL PROJECTE DE REUTILITZACI\u00d3<\/b><\/h4>\n<\/td>\n<\/tr>\n<tr>\n<td style=\"width: 58.7209%;\"><span style=\"font-weight: 400;\">TOTALLERS 5. Llengua Catalana.<\/span><\/td>\n<td style=\"width: 15.1799%;\"><span style=\"font-weight: 400;\">Text<\/span><\/td>\n<td style=\"width: 18.8084%;\"><span style=\"font-weight: 400;\">978-84-412-3470-3<\/span><\/td>\n<\/tr>\n<tr>\n<td style=\"width: 58.7209%;\"><span style=\"font-weight: 400;\">TOTALLERS 5. Llengua Castellana.<\/span><\/td>\n<td style=\"width: 15.1799%;\"><span style=\"font-weight: 400;\">Text<\/span><\/td>\n<td style=\"width: 18.8084%;\"><span style=\"font-weight: 400;\">978-84-412-3476-5<\/span><\/td>\n<\/tr>\n<tr>\n<td style=\"width: 58.7209%;\"><span style=\"font-weight: 400;\">Matem\u00e0tiques manip. 5 EP-Quinzet-Derive-Prodigi<\/span><\/td>\n<td style=\"width: 15.1799%;\"><span style=\"font-weight: 400;\">Teide<\/span><\/td>\n<td style=\"width: 18.8084%;\"><span style=\"font-weight: 400;\">978-84-307-4130-4<\/span><\/td>\n<\/tr>\n<tr>\n<td style=\"width: 58.7209%;\"><span style=\"font-weight: 400;\">Open Up 5. Activity Book Essential<\/span><\/td>\n<td style=\"width: 15.1799%;\"><span style=\"font-weight: 400;\">Oxford<\/span><\/td>\n<td style=\"width: 18.8084%;\"><span style=\"font-weight: 400;\">978-01-940-9366-8<\/span><\/td>\n<\/tr>\n<\/tbody>\n<\/table>\n<p>&nbsp;<\/p>\n<table style=\"width: 71.4597%; height: 545px;\">\n<tbody>\n<tr style=\"height: 196px;\">\n<td style=\"text-align: center; width: 92.9893%; height: 196px;\" colspan=\"3\">\n<h2><span style=\"color: #3366ff;\"><b>CICLE\u00a0 SUPERIOR 6\u00e8 \u2013 SIS\u00c8 <\/b><b>\u00a0MARGALL\u00d3<img loading=\"lazy\" decoding=\"async\" class=\"alignnone  wp-image-7204\" src=\"https:\/\/agora.xtec.cat\/escolalescometes\/wp-content\/uploads\/usu874\/2026\/02\/MARGALLO.png\" alt=\"\" width=\"164\" height=\"120\" srcset=\"https:\/\/agora.xtec.cat\/escolalescometes\/wp-content\/uploads\/usu874\/2026\/02\/MARGALLO.png 333w, https:\/\/agora.xtec.cat\/escolalescometes\/wp-content\/uploads\/usu874\/2026\/02\/MARGALLO-300x220.png 300w\" sizes=\"auto, (max-width: 164px) 100vw, 164px\" \/><\/b><\/span><\/h2>\n<\/td>\n<\/tr>\n<tr style=\"height: 59px;\">\n<td style=\"text-align: center; width: 92.9893%; height: 59px;\" colspan=\"3\">\n<h4><b>LLIBRES PROJECTE DE REUTILITZACI\u00d3<\/b><\/h4>\n<\/td>\n<\/tr>\n<tr style=\"height: 33px;\">\n<td style=\"width: 60.2498%; height: 33px;\"><span style=\"font-weight: 400;\">Matem\u00e0tiques manipulatives 6. Sabers. M\u00e8tode Quinzet derive. ProDigi<\/span><\/td>\n<td style=\"width: 14.61%; height: 33px;\"><span style=\"font-weight: 400;\">Teide<\/span><\/td>\n<td style=\"width: 18.1295%; height: 33px;\"><span style=\"font-weight: 400;\">978-84-307-4131-1<\/span><\/td>\n<\/tr>\n<tr style=\"height: 33px;\">\n<td style=\"width: 60.2498%; height: 33px;\"><span style=\"font-weight: 400;\">Ci\u00e8ncies de la naturalesa 6\u00a0<\/span><\/td>\n<td style=\"width: 14.61%; height: 33px;\"><span style=\"font-weight: 400;\">Baula<\/span><\/td>\n<td style=\"width: 18.1295%; height: 33px;\"><span style=\"font-weight: 400;\">978-84-479-4603-7<\/span><\/td>\n<\/tr>\n<tr style=\"height: 33px;\">\n<td style=\"width: 60.2498%; height: 33px;\"><span style=\"font-weight: 400;\">Ci\u00e8ncies socials 6\u00a0<\/span><\/td>\n<td style=\"width: 14.61%; height: 33px;\"><span style=\"font-weight: 400;\">Baula<\/span><\/td>\n<td style=\"width: 18.1295%; height: 33px;\"><span style=\"font-weight: 400;\">978-84-4794-604-4<\/span><\/td>\n<\/tr>\n<tr style=\"height: 59px;\">\n<td style=\"width: 92.9893%; height: 59px;\" colspan=\"3\">\n<h4 style=\"text-align: center;\"><b>QUADERNS AFA LLIBRES QUE NO ENTREN AL PROJECTE DE REUTILITZACI\u00d3<\/b><\/h4>\n<\/td>\n<\/tr>\n<tr style=\"height: 33px;\">\n<td style=\"width: 60.2498%; height: 33px;\"><span style=\"font-weight: 400;\">TOTALLERS 6. Llengua Catalana.<\/span><\/td>\n<td style=\"width: 14.61%; height: 33px;\"><span style=\"font-weight: 400;\">Text<\/span><\/td>\n<td style=\"width: 18.1295%; height: 33px;\"><span style=\"font-weight: 400;\">978-84-412-3471-0<\/span><\/td>\n<\/tr>\n<tr style=\"height: 33px;\">\n<td style=\"width: 60.2498%; height: 33px;\"><span style=\"font-weight: 400;\">TOTALLERS 6. Llengua Castellana.<\/span><\/td>\n<td style=\"width: 14.61%; height: 33px;\"><span style=\"font-weight: 400;\">Text<\/span><\/td>\n<td style=\"width: 18.1295%; height: 33px;\"><span style=\"font-weight: 400;\">978-84-412-3477-2<\/span><\/td>\n<\/tr>\n<tr style=\"height: 33px;\">\n<td style=\"width: 60.2498%; height: 33px;\"><span style=\"font-weight: 400;\">MATEM\u00c0TIQUES MANIP. 6 EP-QUINZET-DERIVE-<\/span><span style=\"font-weight: 400;\">PRODIGI<\/span><\/td>\n<td style=\"width: 14.61%; height: 33px;\"><span style=\"font-weight: 400;\">Teide<\/span><\/td>\n<td style=\"width: 18.1295%; height: 33px;\"><span style=\"font-weight: 400;\">978-84-307-4132-8<\/span><\/td>\n<\/tr>\n<tr style=\"height: 33px;\">\n<td style=\"width: 60.2498%; height: 33px;\"><span style=\"font-weight: 400;\">Open Up 6. Activity Book Essential<\/span><\/td>\n<td style=\"width: 14.61%; height: 33px;\"><span style=\"font-weight: 400;\">Oxford<\/span><\/td>\n<td style=\"width: 18.1295%; height: 33px;\"><span style=\"font-weight: 400;\">978-01-940-9379-8<\/span><\/td>\n<\/tr>\n<\/tbody>\n<\/table>\n<p>&nbsp;<\/p>\n","protected":false},"excerpt":{"rendered":"<p>A continuaci\u00f3 trobareu el llistat de llibres, material did\u00e0ctic i material fungible.<br \/>\nA educaci\u00f3 infantil\u00a0el material did\u00e0ctic \u00e9s d&#8217;elaboraci\u00f3 pr\u00f2pia.<br \/>\nL&#8217;AFA distribueix els llibres i material did\u00e0ctic de prim\u00e0ria als socis que ho desitgin.<br \/>\nPer al material fungible, les fam\u00edlies poden optar per portar el material elles mateixes,&hellip;  <a href=\"https:\/\/agora.xtec.cat\/escolalescometes\/lescola\/curs-20162017\/material-escolar\/\" title=\"Read Material escolar i llibres 25\/26\">Llegeix m\u00e9s\u00bb<\/a><\/p>\n","protected":false},"author":1,"featured_media":0,"parent":559,"menu_order":7,"comment_status":"closed","ping_status":"closed","template":"page-templates\/side-menu.php","meta":{"_bbp_topic_count":0,"_bbp_reply_count":0,"_bbp_total_topic_count":0,"_bbp_total_reply_count":0,"_bbp_voice_count":0,"_bbp_anonymous_reply_count":0,"_bbp_topic_count_hidden":0,"_bbp_reply_count_hidden":0,"_bbp_forum_subforum_count":0,"footnotes":""},"class_list":["post-36","page","type-page","status-publish","hentry"],"post_mailing_queue_ids":[],"_links":{"self":[{"href":"https:\/\/agora.xtec.cat\/escolalescometes\/wp-json\/wp\/v2\/pages\/36","targetHints":{"allow":["GET"]}}],"collection":[{"href":"https:\/\/agora.xtec.cat\/escolalescometes\/wp-json\/wp\/v2\/pages"}],"about":[{"href":"https:\/\/agora.xtec.cat\/escolalescometes\/wp-json\/wp\/v2\/types\/page"}],"author":[{"embeddable":true,"href":"https:\/\/agora.xtec.cat\/escolalescometes\/wp-json\/wp\/v2\/users\/1"}],"replies":[{"embeddable":true,"href":"https:\/\/agora.xtec.cat\/escolalescometes\/wp-json\/wp\/v2\/comments?post=36"}],"version-history":[{"count":6,"href":"https:\/\/agora.xtec.cat\/escolalescometes\/wp-json\/wp\/v2\/pages\/36\/revisions"}],"predecessor-version":[{"id":7205,"href":"https:\/\/agora.xtec.cat\/escolalescometes\/wp-json\/wp\/v2\/pages\/36\/revisions\/7205"}],"up":[{"embeddable":true,"href":"https:\/\/agora.xtec.cat\/escolalescometes\/wp-json\/wp\/v2\/pages\/559"}],"wp:attachment":[{"href":"https:\/\/agora.xtec.cat\/escolalescometes\/wp-json\/wp\/v2\/media?parent=36"}],"curies":[{"name":"wp","href":"https:\/\/api.w.org\/{rel}","templated":true}]}}