{"id":32,"date":"2014-09-18T12:31:33","date_gmt":"2014-09-18T10:31:33","guid":{"rendered":"http:\/\/agora.xtec.cat\/escolalescometes\/?page_id=32"},"modified":"2026-02-13T11:48:40","modified_gmt":"2026-02-13T10:48:40","slug":"calendari-del-curs","status":"publish","type":"page","link":"https:\/\/agora.xtec.cat\/escolalescometes\/lescola\/curs-20162017\/calendari-del-curs\/","title":{"rendered":"Calendari del curs 25\/26"},"content":{"rendered":"<p><strong>Calendari del curs 25\/26<\/strong><\/p>\n<p><strong>Inici de curs: <\/strong>8 de setembre.<\/p>\n<p><strong>Fi de curs: <\/strong>19\u00a0de juny.<\/p>\n<p><strong>Vacances de Nadal: <\/strong>del 20 de desembre al 7 de gener, ambd\u00f3s inclosos.<\/p>\n<p><strong>Vacances de Setmana Santa: <\/strong>del 28 de mar\u00e7 al 6 d\u2019abril, ambd\u00f3s inclosos.<\/p>\n<p><strong>Dies festius<\/strong>: els determinats pel Departament d\u2019Empresa i Ocupaci\u00f3.<\/p>\n<p><strong>Dies festius de lliure disposici\u00f3 i compensaci\u00f3 festes locals en per\u00edode de vacances: <\/strong><\/p>\n<p><span style=\"font-weight: 400;\">31 d\u2019octubre, 3 de novembre, 5 de desembre, 13 i 16 de febrer (carnaval), 4 de maig<\/span><\/p>\n<p><strong>\u00a0<\/strong><\/p>\n<p><strong>Previsi\u00f3 de celebraci\u00f3 de festes obertes a les fam\u00edlies:<\/strong><\/p>\n<ul>\n<li><strong>Castanyada: <\/strong>30 d\u2019octubre a la tarda.<\/li>\n<li><strong>Nadal:<\/strong> 19\u00a0de desembre al mat\u00ed<\/li>\n<li><strong>Carnaval: <\/strong>12\u00a0de febrer a la tarda<\/li>\n<\/ul>\n<p>&nbsp;<\/p>\n<p><strong>\u00a0<\/strong><strong>Horari: <\/strong><\/p>\n<ul>\n<li><strong>Horari habitual: de 9 a 12:30 i de 15 a 16:30h<\/strong><\/li>\n<li><strong>Jornada continuada, de 9 a 13h: el 20 de desembre i del 5 al 20 de juny.<\/strong><\/li>\n<\/ul>\n<p><strong>\u00a0<\/strong><\/p>\n<p><strong>Serveis:<\/strong><\/p>\n<ul>\n<li><strong>Menjador:<\/strong> 12:30 a 15h.<\/li>\n<li><strong>Acollida matinal: <\/strong>7:45 a 9h.<\/li>\n<\/ul>\n<p>&nbsp;<\/p>\n<p><strong>De secretaria: <\/strong>Demaneu cita pr\u00e8via al 977 677 368<\/p>\n<p><strong>D\u2019equip directiu i mestres especialistes: <\/strong>hores convingudes. Demaneu cita pr\u00e8via al 977 677 368<\/p>\n<p>&nbsp;<\/p>\n<p>&nbsp;<\/p>\n","protected":false},"excerpt":{"rendered":"<p>Calendari del curs 25\/26<br \/>\nInici de curs: 8 de setembre.<br \/>\nFi de curs: 19\u00a0de juny.<br \/>\nVacances de Nadal: del 20 de desembre al 7 de gener, ambd\u00f3s inclosos.<br \/>\nVacances de Setmana Santa: del 28 de mar\u00e7 al 6 d\u2019abril, ambd\u00f3s inclosos.<br \/>\nDies festius: els determinats pel Departament d\u2019Empresa i Ocupaci\u00f3.<br \/>\nDies&hellip;  <a href=\"https:\/\/agora.xtec.cat\/escolalescometes\/lescola\/curs-20162017\/calendari-del-curs\/\" title=\"Read Calendari del curs 25\/26\">Llegeix m\u00e9s\u00bb<\/a><\/p>\n","protected":false},"author":1,"featured_media":0,"parent":559,"menu_order":4,"comment_status":"closed","ping_status":"closed","template":"page-templates\/side-menu.php","meta":{"_bbp_topic_count":0,"_bbp_reply_count":0,"_bbp_total_topic_count":0,"_bbp_total_reply_count":0,"_bbp_voice_count":0,"_bbp_anonymous_reply_count":0,"_bbp_topic_count_hidden":0,"_bbp_reply_count_hidden":0,"_bbp_forum_subforum_count":0,"footnotes":""},"class_list":["post-32","page","type-page","status-publish","hentry"],"post_mailing_queue_ids":[],"_links":{"self":[{"href":"https:\/\/agora.xtec.cat\/escolalescometes\/wp-json\/wp\/v2\/pages\/32","targetHints":{"allow":["GET"]}}],"collection":[{"href":"https:\/\/agora.xtec.cat\/escolalescometes\/wp-json\/wp\/v2\/pages"}],"about":[{"href":"https:\/\/agora.xtec.cat\/escolalescometes\/wp-json\/wp\/v2\/types\/page"}],"author":[{"embeddable":true,"href":"https:\/\/agora.xtec.cat\/escolalescometes\/wp-json\/wp\/v2\/users\/1"}],"replies":[{"embeddable":true,"href":"https:\/\/agora.xtec.cat\/escolalescometes\/wp-json\/wp\/v2\/comments?post=32"}],"version-history":[{"count":7,"href":"https:\/\/agora.xtec.cat\/escolalescometes\/wp-json\/wp\/v2\/pages\/32\/revisions"}],"predecessor-version":[{"id":7182,"href":"https:\/\/agora.xtec.cat\/escolalescometes\/wp-json\/wp\/v2\/pages\/32\/revisions\/7182"}],"up":[{"embeddable":true,"href":"https:\/\/agora.xtec.cat\/escolalescometes\/wp-json\/wp\/v2\/pages\/559"}],"wp:attachment":[{"href":"https:\/\/agora.xtec.cat\/escolalescometes\/wp-json\/wp\/v2\/media?parent=32"}],"curies":[{"name":"wp","href":"https:\/\/api.w.org\/{rel}","templated":true}]}}