{"id":3107,"date":"2019-10-30T16:45:20","date_gmt":"2019-10-30T15:45:20","guid":{"rendered":"http:\/\/agora.xtec.cat\/escolalescometes\/?page_id=3107"},"modified":"2026-02-24T19:59:20","modified_gmt":"2026-02-24T18:59:20","slug":"composicio-del-consell-escolar","status":"publish","type":"page","link":"https:\/\/agora.xtec.cat\/escolalescometes\/lescola\/curs-20162017\/consell-escolar\/composicio-del-consell-escolar\/","title":{"rendered":"Composici\u00f3 del Consell Escolar"},"content":{"rendered":"<h4><strong>Composici\u00f3 consell escolar actual 25\/26<\/strong><\/h4>\n<ul>\n<li><span style=\"font-weight: 400;\"><strong>Directora<\/strong>: Cristina Bautista Capafons<\/span><\/li>\n<li><span style=\"font-weight: 400;\"><strong>Cap d&#8217;estudis:<\/strong> T\u00e0nia Miquel Ripoll\u00e8s<\/span><\/li>\n<li><span style=\"font-weight: 400;\"><strong>Secret\u00e0ria:<\/strong> Rosa Ma. Guivernau Sent\u00eds<\/span><\/li>\n<li><strong>Representant de l&#8217;Ajuntament: <\/strong>\n<ul>\n<li><span style=\"font-weight: 400;\">\u00cdngrid Estivill Jornet<\/span><\/li>\n<\/ul>\n<\/li>\n<li><strong>Representant de l&#8217;AFA:<\/strong>\n<ul>\n<li><span style=\"font-weight: 400;\">Anna Cardona R\u00e0mia<\/span><\/li>\n<\/ul>\n<\/li>\n<li><strong>Representant de pares i mares:<\/strong>\n<ul>\n<li><span style=\"font-weight: 400;\">Agn\u00e8s Rafecas Ventosa<\/span><\/li>\n<li><span style=\"font-weight: 400;\">X\u00e8nia R\u00e0fols Caball\u00e9<\/span><\/li>\n<li><span style=\"font-weight: 400;\">Maria Carme Rafecas Rafecas<\/span><\/li>\n<li><span style=\"font-weight: 400;\">Jordi Sadurn\u00ed R\u00e0fols<\/span><\/li>\n<li><span style=\"font-weight: 400;\">Montserrat Castro Balasch<\/span><\/li>\n<\/ul>\n<\/li>\n<li><strong>Representant del PAS:<\/strong>\n<ul>\n<li><span style=\"font-weight: 400;\">Aloma Torres Mart\u00edn<\/span><\/li>\n<\/ul>\n<\/li>\n<li><strong>Representant del professorat:<\/strong>\n<ul>\n<li><span style=\"font-weight: 400;\">S\u00f2nia Mata Soler<\/span><\/li>\n<li><span style=\"font-weight: 400;\">Maria Alba Pa\u00fcl Gil<\/span><\/li>\n<li><span style=\"font-weight: 400;\">Maria \u00c0ngels Mallofr\u00e9 Mata<\/span><\/li>\n<li><span style=\"font-weight: 400;\">\u00cdngrid Rull Soronellas<\/span><\/li>\n<li><span style=\"font-weight: 400;\">N\u00faria Palau Tell\u00e8s<\/span><\/li>\n<li><span style=\"font-weight: 400;\">Montserrat Barber\u00e0 Mar\u00e8<\/span><\/li>\n<\/ul>\n<\/li>\n<\/ul>\n","protected":false},"excerpt":{"rendered":"<p>Composici\u00f3 consell escolar actual 25\/26<\/p>\n<ul>\n<li>Directora: Cristina Bautista Capafons<\/li>\n<li>Cap d&#8217;estudis: T\u00e0nia Miquel Ripoll\u00e8s<\/li>\n<li>Secret\u00e0ria: Rosa Ma. Guivernau Sent\u00eds<\/li>\n<li>Representant de l&#8217;Ajuntament:\n<ul>\n<li>\u00cdngrid Estivill Jornet<\/li>\n<\/ul>\n<\/li>\n<li>Representant de l&#8217;AFA:\n<ul>\n<li>Anna Cardona R\u00e0mia<\/li>\n<\/ul>\n<\/li>\n<li>Representant de pares i mares:\n<ul>\n<li>Agn\u00e8s Rafecas Ventosa<\/li>\n<li>X\u00e8nia R\u00e0fols Caball\u00e9<\/li>\n<li>Maria Carme Rafecas Rafecas<\/li>\n<li>Jordi Sadurn\u00ed R\u00e0fols<\/li>\n<li>Montserrat Castro Balasch<\/li>\n<\/ul>\n<\/li>\n<li>Representant del PAS:\n<ul>\n<li>Aloma Torres Mart\u00edn<\/li>\n<\/ul>\n<\/li>\n<li>Representant del&hellip;  <a href=\"https:\/\/agora.xtec.cat\/escolalescometes\/lescola\/curs-20162017\/consell-escolar\/composicio-del-consell-escolar\/\" title=\"Read Composici\u00f3 del Consell Escolar\">Llegeix m\u00e9s\u00bb<\/a><br \/>\n","protected":false},"author":1,"featured_media":0,"parent":28,"menu_order":0,"comment_status":"closed","ping_status":"closed","template":"","meta":{"_bbp_topic_count":0,"_bbp_reply_count":0,"_bbp_total_topic_count":0,"_bbp_total_reply_count":0,"_bbp_voice_count":0,"_bbp_anonymous_reply_count":0,"_bbp_topic_count_hidden":0,"_bbp_reply_count_hidden":0,"_bbp_forum_subforum_count":0,"footnotes":""},"class_list":["post-3107","page","type-page","status-publish","hentry"],"post_mailing_queue_ids":[],"_links":{"self":[{"href":"https:\/\/agora.xtec.cat\/escolalescometes\/wp-json\/wp\/v2\/pages\/3107","targetHints":{"allow":["GET"]}}],"collection":[{"href":"https:\/\/agora.xtec.cat\/escolalescometes\/wp-json\/wp\/v2\/pages"}],"about":[{"href":"https:\/\/agora.xtec.cat\/escolalescometes\/wp-json\/wp\/v2\/types\/page"}],"author":[{"embeddable":true,"href":"https:\/\/agora.xtec.cat\/escolalescometes\/wp-json\/wp\/v2\/users\/1"}],"replies":[{"embeddable":true,"href":"https:\/\/agora.xtec.cat\/escolalescometes\/wp-json\/wp\/v2\/comments?post=3107"}],"version-history":[{"count":6,"href":"https:\/\/agora.xtec.cat\/escolalescometes\/wp-json\/wp\/v2\/pages\/3107\/revisions"}],"predecessor-version":[{"id":7225,"href":"https:\/\/agora.xtec.cat\/escolalescometes\/wp-json\/wp\/v2\/pages\/3107\/revisions\/7225"}],"up":[{"embeddable":true,"href":"https:\/\/agora.xtec.cat\/escolalescometes\/wp-json\/wp\/v2\/pages\/28"}],"wp:attachment":[{"href":"https:\/\/agora.xtec.cat\/escolalescometes\/wp-json\/wp\/v2\/media?parent=3107"}],"curies":[{"name":"wp","href":"https:\/\/api.w.org\/{rel}","templated":true}]}}