{"id":2990,"date":"2019-10-07T10:03:47","date_gmt":"2019-10-07T08:03:47","guid":{"rendered":"http:\/\/agora.xtec.cat\/escolalescometes\/?page_id=2990"},"modified":"2023-02-16T12:52:54","modified_gmt":"2023-02-16T11:52:54","slug":"acords-del-consell-escolar","status":"publish","type":"page","link":"https:\/\/agora.xtec.cat\/escolalescometes\/lescola\/curs-20162017\/consell-escolar\/acords-del-consell-escolar\/","title":{"rendered":"Acords del Consell Escolar"},"content":{"rendered":"<p><strong>24 de gener de 2023<\/strong><\/p>\n<ul>\n<li>S&#8217;aproven la liquidaci\u00f3 del pressupost de l&#8217;any 2022 i el pressupost per a l&#8217;any 2023<\/li>\n<li>S&#8217;aprova el Projecte de conviv\u00e8ncia del centre.<\/li>\n<\/ul>\n<p><strong>27 d&#8217;octubre de 2022<\/strong><\/p>\n<ul>\n<li>S&#8217;aprova la mem\u00f2ria del curs 2021-22.<\/li>\n<li>S&#8217;aprova la programaci\u00f3 general del curs 2021-22.<\/li>\n<li>S&#8217;aprova l&#8217;apadrinament proposat de material escolar. Aquest curs no ha calgut apadrinar sortides.<\/li>\n<\/ul>\n<p><strong>21 de juny de 2021<\/strong><\/p>\n<ul>\n<li>S&#8217;aprova el calendari pel curs 2019-20.<\/li>\n<li>S&#8217;aprova la modificaci\u00f3 pressupost\u00e0ria.<\/li>\n<li>S&#8217;aprova l&#8217;apadrinament proposat de material escolar i sortides.<\/li>\n<\/ul>\n<p><strong>2 de febrer de 2021<\/strong><\/p>\n<ul>\n<li>El Departament d&#8217;Educaci\u00f3 s&#8217;ofereix a pagar el cost de la plantada de 4 moreres i la seva poda durant &#8220;un o dos anys&#8221;.<\/li>\n<li>L&#8217;Ajuntament estudiar\u00e0 donar el vist-i-plau per la plantada, recuperar la segona fase de pintura i confeccionar el Pla de manteniment anual. (Durant la mateixa nit l&#8217;Ajuntament no autoritza la plantada d&#8217;arbres)<\/li>\n<li>S\u2019aproven la liquidaci\u00f3 del pressupost de l\u2019any 2020 i el pressupost per a l\u2019any 2021.<\/li>\n<\/ul>\n<p><strong>1 de desembre de 2020<\/strong><\/p>\n<ul>\n<li>S&#8217;aprova la mem\u00f2ria del curs 2020-21.<\/li>\n<li>S&#8217;aprova la programaci\u00f3 general del curs 2020-21.<\/li>\n<li>S&#8217;aprova la modificaci\u00f3 pressupost\u00e0ria.<\/li>\n<li>S&#8217;aprova l&#8217;apadrinament proposat de material escolar i sortides.<\/li>\n<li>A la propera sessi\u00f3 es preguntar\u00e0 al regidor, avui absent, sobre l&#8217;estat d&#8217;execuci\u00f3 de la pintura i la confecci\u00f3 del Pla de manteniment del centre.<\/li>\n<\/ul>\n<p><strong>16 de setembre de 2020<\/strong><\/p>\n<ul>\n<li>S&#8217;aprova el Pla de reobertura de centre<\/li>\n<\/ul>\n<p><strong>28 de gener de 2020<\/strong><\/p>\n<ul>\n<li>S&#8217;aproven la liquidaci\u00f3 del pressupost de l&#8217;any 2019 i el pressupost per a l&#8217;any 2020<\/li>\n<li>L&#8217;Ajuntament realitzar\u00e0 la segona fase de pintura entre mar\u00e7 i juny de 2020 i deixar\u00e0 la tercera fase per 2021.<\/li>\n<li>Per continuar amb l&#8217;execuci\u00f3 del Projecte de pati s&#8217;ha demanat el pressupost per plantar 4 aurons i ja s&#8217;ha comprat l&#8217;estructura geod\u00e8sica. La zona d&#8217;arbres fruiters es canviar\u00e0 per un altre tipus d&#8217;arbres que no tinguin tant de manteniment.<\/li>\n<\/ul>\n<p style=\"font-family: 'Helvetica Neue', Helvetica, Helvetica, Arial, sans-serif; font-size: 16px;\"><strong>29 d&#8217;octubre de 2019<\/strong><\/p>\n<ul style=\"list-style-type: disc;\">\n<li>S&#8217;aprova la mem\u00f2ria del curs 2019-20.<\/li>\n<li>S&#8217;aprova la programaci\u00f3 general del curs 2019-20.<\/li>\n<li>S&#8217;aprova el document &#8220;Criteris d&#8217;Escola sobre tasques a l&#8217;\u00e0mbit familiar&#8221;.<\/li>\n<li>Es presenta la proposta de revisi\u00f3 del projecte pati.<\/li>\n<li>S&#8217;informa de l&#8217;evoluci\u00f3 de les gestions per al manteniment del centre.<\/li>\n<\/ul>\n<p style=\"font-family: 'Helvetica Neue', Helvetica, Helvetica, Arial, sans-serif; font-size: 16px;\"><strong>28 de maig de 2019.<\/strong><\/p>\n<ul style=\"font-size: 16px; font-family: 'Helvetica Neue', Helvetica, Helvetica, Arial, sans-serif;\">\n<li>S&#8217;aprova el calendari pel curs 2019-20.<\/li>\n<li>S&#8217;aprova la modificaci\u00f3 pressupost\u00e0ria.<\/li>\n<li>S&#8217;aprova l&#8217;apadrinament proposat de material escolar i sortides.<\/li>\n<\/ul>\n<p><strong>12 de febrer de 2019<\/strong><\/p>\n<ul style=\"list-style-type: disc;\">\n<li>S&#8217;aproven la liquidaci\u00f3 del pressupost de l&#8217;any 2018 i el pressupost per a l&#8217;any 2019<\/li>\n<li>Es revisa l&#8217;evoluci\u00f3 del projecte pati.<\/li>\n<li>Es comenta l&#8217;estudi t\u00e8cnic relacionat amb q\u00fcestions de manteniment que l&#8217;ajuntament ha fet arribar a la direcci\u00f3 i a l&#8217;AMPA.<\/li>\n<li>Es comenten les actuacions que s&#8217;han fet darrerament sobre la possibilitat de ser institut-escola.<\/li>\n<li>Es concreta el programa de\u00a0 xerrades destinades a les fam\u00edlies.<\/li>\n<\/ul>\n","protected":false},"excerpt":{"rendered":"<p>24 de gener de 2023<\/p>\n<ul>\n<li>S&#8217;aproven la liquidaci\u00f3 del pressupost de l&#8217;any 2022 i el pressupost per a l&#8217;any 2023<\/li>\n<li>S&#8217;aprova el Projecte de conviv\u00e8ncia del centre.<\/li>\n<\/ul>\n<p>27 d&#8217;octubre de 2022<\/p>\n<ul>\n<li>S&#8217;aprova la mem\u00f2ria del curs 2021-22.<\/li>\n<li>S&#8217;aprova la programaci\u00f3 general del curs 2021-22.<\/li>\n<li>S&#8217;aprova l&#8217;apadrinament proposat de material escolar. Aquest&hellip;  <a href=\"https:\/\/agora.xtec.cat\/escolalescometes\/lescola\/curs-20162017\/consell-escolar\/acords-del-consell-escolar\/\" title=\"Read Acords del Consell Escolar\">Llegeix m\u00e9s\u00bb<\/a><br \/>\n","protected":false},"author":1,"featured_media":0,"parent":28,"menu_order":1,"comment_status":"closed","ping_status":"closed","template":"page-templates\/side-menu.php","meta":{"_bbp_topic_count":0,"_bbp_reply_count":0,"_bbp_total_topic_count":0,"_bbp_total_reply_count":0,"_bbp_voice_count":0,"_bbp_anonymous_reply_count":0,"_bbp_topic_count_hidden":0,"_bbp_reply_count_hidden":0,"_bbp_forum_subforum_count":0,"footnotes":""},"class_list":["post-2990","page","type-page","status-publish","hentry"],"post_mailing_queue_ids":[],"_links":{"self":[{"href":"https:\/\/agora.xtec.cat\/escolalescometes\/wp-json\/wp\/v2\/pages\/2990","targetHints":{"allow":["GET"]}}],"collection":[{"href":"https:\/\/agora.xtec.cat\/escolalescometes\/wp-json\/wp\/v2\/pages"}],"about":[{"href":"https:\/\/agora.xtec.cat\/escolalescometes\/wp-json\/wp\/v2\/types\/page"}],"author":[{"embeddable":true,"href":"https:\/\/agora.xtec.cat\/escolalescometes\/wp-json\/wp\/v2\/users\/1"}],"replies":[{"embeddable":true,"href":"https:\/\/agora.xtec.cat\/escolalescometes\/wp-json\/wp\/v2\/comments?post=2990"}],"version-history":[{"count":4,"href":"https:\/\/agora.xtec.cat\/escolalescometes\/wp-json\/wp\/v2\/pages\/2990\/revisions"}],"predecessor-version":[{"id":5689,"href":"https:\/\/agora.xtec.cat\/escolalescometes\/wp-json\/wp\/v2\/pages\/2990\/revisions\/5689"}],"up":[{"embeddable":true,"href":"https:\/\/agora.xtec.cat\/escolalescometes\/wp-json\/wp\/v2\/pages\/28"}],"wp:attachment":[{"href":"https:\/\/agora.xtec.cat\/escolalescometes\/wp-json\/wp\/v2\/media?parent=2990"}],"curies":[{"name":"wp","href":"https:\/\/api.w.org\/{rel}","templated":true}]}}