{"id":26,"date":"2014-09-18T12:24:32","date_gmt":"2014-09-18T11:24:32","guid":{"rendered":"http:\/\/agora.xtec.cat\/escolalescometes\/?page_id=26"},"modified":"2026-02-20T21:06:54","modified_gmt":"2026-02-20T20:06:54","slug":"historia","status":"publish","type":"page","link":"https:\/\/agora.xtec.cat\/escolalescometes\/lescola\/historia\/","title":{"rendered":"Hist\u00f2ria de l&#8217;escola"},"content":{"rendered":"<p>Les primeres not\u00edcies que disposem de les escoles de Lloren\u00e7 es remunten a l\u2019any 1857. En aquella \u00e8poca l\u2019Ajuntament contracte els mestres, en paga el sou i posa els locals.<br \/>\nNo \u00e9s fins l\u2019any 1923, quan comen\u00e7a el funcionament de les noves escoles (actual Nier\u00f3), que Lloren\u00e7 no disposa per primera vegada de locals dignes on escolaritzar la\u00a0seva poblaci\u00f3 infantil, una aula pels nens i una altre per les nenes.<br \/>\nA principi de la d\u00e8cada dels seixanta s\u2019incorpora una mestra per atendre els alumnes m\u00e9s petits de sis anys. El parvulari s\u2019ubica en diferents llocs fora de l\u2019edifici escolar.<br \/>\nEl 1972 s\u2019introdueix l\u2019EGB, arriben dos mestres m\u00e9s i la manca d\u2019espais \u00e9s encara m\u00e9s evident. El 1978 s\u2019inicia la construcci\u00f3 de les nova escola situada a la zona de Les Cometes. El 1980 es realitza el trasllat al nou edifici que consta de dues plantes, amb vuit aules i un gran pati.L\u2019augment del nombre d\u2019alumnes i de mestres fa, al cap d\u2019uns anys, l\u2019espai insuficient. Durant uns cursos s\u2019han d\u2019utilitzar aules prefabricades.<\/p>\n<p>Durant els anys 1995 i 1996 es va construint l\u2019ampliaci\u00f3 de l\u2019escola: aules noves, sala de professors, secretaria, gimn\u00e0s, cuina, menjador&#8230; Que s\u2019inaugura el juny de 1996. Tot i aix\u00f2 al cap d\u2019uns cursos l\u2019ampliaci\u00f3 esdev\u00e9 insuficient i el juny de 2002 s&#8217;inauguren dues aules noves.<\/p>\n<p>La poblaci\u00f3 escolar continua augmentant i l&#8217;Escola esdev\u00e9 de dues l\u00ednies. Per tal de dotar-la d&#8217;espais suficients hi ha una nova ampliaci\u00f3 que s&#8217;estrena durant el curs 2006\/2007.<\/p>\n<p>En l&#8217;actualitat disposem d&#8217;una l\u00ednia a I3, I4, 1r de prim\u00e0ria, 2n de prim\u00e0ria i a 5\u00e8 de prim\u00e0ria. En canvi, als cursos d&#8217;I5, 3r de prim\u00e0ria, 4t de prim\u00e0ria i 6\u00e8 de prim\u00e0ria som dues l\u00ednies.<\/p>\n","protected":false},"excerpt":{"rendered":"<p>Les primeres not\u00edcies que disposem de les escoles de Lloren\u00e7 es remunten a l\u2019any 1857. En aquella \u00e8poca l\u2019Ajuntament contracte els mestres, en paga el sou i posa els locals.<br \/>\nNo \u00e9s fins l\u2019any 1923, quan comen\u00e7a el funcionament de les noves escoles (actual Nier\u00f3), que&hellip;  <a href=\"https:\/\/agora.xtec.cat\/escolalescometes\/lescola\/historia\/\" title=\"Read Hist\u00f2ria de l&#8217;escola\">Llegeix m\u00e9s\u00bb<\/a><\/p>\n","protected":false},"author":1,"featured_media":0,"parent":22,"menu_order":1,"comment_status":"closed","ping_status":"closed","template":"page-templates\/side-menu.php","meta":{"_bbp_topic_count":0,"_bbp_reply_count":0,"_bbp_total_topic_count":0,"_bbp_total_reply_count":0,"_bbp_voice_count":0,"_bbp_anonymous_reply_count":0,"_bbp_topic_count_hidden":0,"_bbp_reply_count_hidden":0,"_bbp_forum_subforum_count":0,"footnotes":""},"class_list":["post-26","page","type-page","status-publish","hentry"],"post_mailing_queue_ids":[],"_links":{"self":[{"href":"https:\/\/agora.xtec.cat\/escolalescometes\/wp-json\/wp\/v2\/pages\/26","targetHints":{"allow":["GET"]}}],"collection":[{"href":"https:\/\/agora.xtec.cat\/escolalescometes\/wp-json\/wp\/v2\/pages"}],"about":[{"href":"https:\/\/agora.xtec.cat\/escolalescometes\/wp-json\/wp\/v2\/types\/page"}],"author":[{"embeddable":true,"href":"https:\/\/agora.xtec.cat\/escolalescometes\/wp-json\/wp\/v2\/users\/1"}],"replies":[{"embeddable":true,"href":"https:\/\/agora.xtec.cat\/escolalescometes\/wp-json\/wp\/v2\/comments?post=26"}],"version-history":[{"count":4,"href":"https:\/\/agora.xtec.cat\/escolalescometes\/wp-json\/wp\/v2\/pages\/26\/revisions"}],"predecessor-version":[{"id":7206,"href":"https:\/\/agora.xtec.cat\/escolalescometes\/wp-json\/wp\/v2\/pages\/26\/revisions\/7206"}],"up":[{"embeddable":true,"href":"https:\/\/agora.xtec.cat\/escolalescometes\/wp-json\/wp\/v2\/pages\/22"}],"wp:attachment":[{"href":"https:\/\/agora.xtec.cat\/escolalescometes\/wp-json\/wp\/v2\/media?parent=26"}],"curies":[{"name":"wp","href":"https:\/\/api.w.org\/{rel}","templated":true}]}}