{"id":2438,"date":"2019-02-12T15:25:02","date_gmt":"2019-02-12T14:25:02","guid":{"rendered":"http:\/\/agora.xtec.cat\/escolalescometes\/?page_id=2438"},"modified":"2019-10-30T19:40:02","modified_gmt":"2019-10-30T18:40:02","slug":"projecte-linguistic-en-revisio","status":"publish","type":"page","link":"https:\/\/agora.xtec.cat\/escolalescometes\/projecte-educatiu\/projecte-linguistic-en-revisio\/","title":{"rendered":"Projecte Ling\u00fc\u00edstic (en revisi\u00f3)"},"content":{"rendered":"<p><a href=\"http:\/\/agora.xtec.cat\/escolalescometes\/projecte-linguistic-en-revisio\/attachment\/plc-2009-en-revisio\/\" rel=\"attachment wp-att-2439\">PLC 2009 en revisi\u00f3<\/a><\/p>\n","protected":false},"excerpt":{"rendered":"<p><a href=\"http:\/\/agora.xtec.cat\/escolalescometes\/projecte-linguistic-en-revisio\/attachment\/plc-2009-en-revisio\/\" rel=\"attachment wp-att-2439\">PLC 2009 en revisi\u00f3<\/a><\/p>\n","protected":false},"author":1,"featured_media":0,"parent":64,"menu_order":2,"comment_status":"closed","ping_status":"closed","template":"page-templates\/side-menu.php","meta":{"_bbp_topic_count":0,"_bbp_reply_count":0,"_bbp_total_topic_count":0,"_bbp_total_reply_count":0,"_bbp_voice_count":0,"_bbp_anonymous_reply_count":0,"_bbp_topic_count_hidden":0,"_bbp_reply_count_hidden":0,"_bbp_forum_subforum_count":0,"footnotes":""},"class_list":["post-2438","page","type-page","status-publish","hentry"],"post_mailing_queue_ids":[],"_links":{"self":[{"href":"https:\/\/agora.xtec.cat\/escolalescometes\/wp-json\/wp\/v2\/pages\/2438","targetHints":{"allow":["GET"]}}],"collection":[{"href":"https:\/\/agora.xtec.cat\/escolalescometes\/wp-json\/wp\/v2\/pages"}],"about":[{"href":"https:\/\/agora.xtec.cat\/escolalescometes\/wp-json\/wp\/v2\/types\/page"}],"author":[{"embeddable":true,"href":"https:\/\/agora.xtec.cat\/escolalescometes\/wp-json\/wp\/v2\/users\/1"}],"replies":[{"embeddable":true,"href":"https:\/\/agora.xtec.cat\/escolalescometes\/wp-json\/wp\/v2\/comments?post=2438"}],"version-history":[{"count":2,"href":"https:\/\/agora.xtec.cat\/escolalescometes\/wp-json\/wp\/v2\/pages\/2438\/revisions"}],"predecessor-version":[{"id":2441,"href":"https:\/\/agora.xtec.cat\/escolalescometes\/wp-json\/wp\/v2\/pages\/2438\/revisions\/2441"}],"up":[{"embeddable":true,"href":"https:\/\/agora.xtec.cat\/escolalescometes\/wp-json\/wp\/v2\/pages\/64"}],"wp:attachment":[{"href":"https:\/\/agora.xtec.cat\/escolalescometes\/wp-json\/wp\/v2\/media?parent=2438"}],"curies":[{"name":"wp","href":"https:\/\/api.w.org\/{rel}","templated":true}]}}