{"id":1212,"date":"2017-09-27T20:33:29","date_gmt":"2017-09-27T18:33:29","guid":{"rendered":"http:\/\/agora.xtec.cat\/escolalescometes\/?page_id=1212"},"modified":"2026-02-13T12:24:44","modified_gmt":"2026-02-13T11:24:44","slug":"circular-inici-de-curs-2019-2020","status":"publish","type":"page","link":"https:\/\/agora.xtec.cat\/escolalescometes\/lescola\/curs-20162017\/circular-inici-de-curs-2019-2020\/","title":{"rendered":"Circular d&#8217;inici de curs 2025 &#8211; 2026"},"content":{"rendered":"<p><strong>CIRCULAR INICI DE CURS 2025-2026<\/strong><\/p>\n<p>Benvolgudes fam\u00edlies,<\/p>\n<p>el personal de l\u2019Escola us donem la benvinguda a aquest nou curs escolar. Tot seguit us fem arribar algunes informacions que creiem s\u00f3n del vostre inter\u00e8s i q\u00fcestions organitzatives que us agrairem que\u00a0 tingueu en compte.<\/p>\n<p><strong>\u00a0<\/strong><\/p>\n<p><strong>Calendari del curs<\/strong><\/p>\n<p><strong>Inici de curs: <\/strong>8\u00a0de setembre.<\/p>\n<p><strong>Fi de curs: <\/strong>19\u00a0de juny.<\/p>\n<p><strong>Vacances de Nadal: <\/strong>del 19 de desembre al 7 de gener, ambd\u00f3s inclosos.<\/p>\n<p><strong>Vacances de Setmana Santa: <\/strong>del 28 de mar\u00e7 al 6 d\u2019abril, ambd\u00f3s inclosos.<\/p>\n<p><strong>Dies festius<\/strong>: els determinats pel Departament d\u2019Empresa i Ocupaci\u00f3.<\/p>\n<p><strong>Dies festius de lliure disposici\u00f3 i compensaci\u00f3 festes locals en per\u00edode de vacances: <\/strong><\/p>\n<p><span style=\"font-weight: 400;\">31 d\u2019octubre, 3 de novembre, 5 de desembre, 13 i 16 de febrer (carnaval), 4 de maig<\/span>.<\/p>\n<p><strong>\u00a0<\/strong><\/p>\n<p><strong>Previsi\u00f3 de celebraci\u00f3 de festes obertes a les fam\u00edlies:<\/strong><\/p>\n<ul>\n<li><strong>Castanyada: <\/strong>30 d\u2019octubre a la tarda.<\/li>\n<li><strong>Nadal: <\/strong>19\u00a0de desembre al mat\u00ed<\/li>\n<li><strong>Carnaval: <\/strong>12\u00a0de febrer a la tarda<\/li>\n<\/ul>\n<p><strong>\u00a0<\/strong><\/p>\n<p><strong>Horari: <\/strong><\/p>\n<ul>\n<li><strong>Horari habitual: de 9 a 12:30 i de 15 a 16:30h<\/strong><\/li>\n<li><strong>Jornada continuada, de 9 a 13h: el 19 de desembre i del 8 al 19 de juny.<\/strong><\/li>\n<\/ul>\n<p><strong>\u00a0<\/strong><\/p>\n<p><strong>Serveis:<\/strong><\/p>\n<ul>\n<li><strong>Menjador:<\/strong> 12:30 a 15h.<\/li>\n<li><strong>Acollida matinal: <\/strong>7:45 a 9h.<\/li>\n<\/ul>\n<p>&nbsp;<\/p>\n<p><strong>De secretaria: <\/strong>hores convingudes. Demaneu cita pr\u00e8via al 977 677 368<\/p>\n<p><strong>D\u2019equip directiu i mestres especialistes: <\/strong>hores convingudes. Demaneu cita pr\u00e8via al 977 677 368<\/p>\n<p>&nbsp;<\/p>\n<p><strong>Comunicaci\u00f3<\/strong><\/p>\n<p><strong>Correus electr\u00f2nics<\/strong><\/p>\n<p><strong>Escola:<\/strong> e3001361@xtec.cat<\/p>\n<p><strong>Consell Escolar:<\/strong> conselllescometes@gmail.com<\/p>\n<p><strong>AFA:<\/strong> afalescometes@gmail.com<\/p>\n<p><strong>Menjador:<\/strong> ecometes@ausolan.com<\/p>\n<p><strong>\u00a0<\/strong><\/p>\n<p><strong>Blocs, p\u00e0gines web i xarxa social <\/strong><\/p>\n<p><strong>Escola:<\/strong><a href=\"http:\/\/agora.xtec.cat\/escolalescometes\/\"><strong>http:\/\/agora.xtec.cat\/escolalescometes\/<\/strong><\/a><\/p>\n<p><strong>AFA: <\/strong>\u00a0<a href=\"http:\/\/ampalescometes.blogspot.com.es\/\"><strong>http:\/\/ampalescometes.blogspot.com.es\/<\/strong><\/a><\/p>\n<p>&nbsp;<\/p>\n<p><strong>\u00a0<\/strong><strong><u>Tel\u00e8fons\u00a0 <\/u><\/strong><\/p>\n<p><strong>Escola:<\/strong> 977 677 368<\/p>\n<p><strong>Menjador:<\/strong> 667254331<\/p>\n<p><strong>\u00a0<\/strong><\/p>\n<p><strong>Relaci\u00f3 de professorat:<\/strong><\/p>\n<table style=\"width: 41.7541%; height: 642px;\" width=\"491\">\n<tbody>\n<tr style=\"height: 33px;\">\n<td style=\"width: 42.0082%; height: 33px;\" colspan=\"2\" width=\"189\"><strong>Grup<\/strong><\/td>\n<td style=\"width: 56.3525%; height: 33px;\" width=\"302\"><strong>Tutor\/a<\/strong><\/td>\n<\/tr>\n<tr style=\"height: 33px;\">\n<td style=\"width: 15.5738%; height: 33px;\" width=\"76\"><strong>3 anys<\/strong><\/td>\n<td style=\"width: 26.4344%; height: 33px;\" width=\"113\">FORMIGUES A<\/td>\n<td style=\"width: 56.3525%; height: 33px;\" width=\"302\"><span style=\"font-weight: 400;\">M\u00aa Alba Pa\u00fcl Gil<\/span><\/td>\n<\/tr>\n<tr style=\"height: 57px;\">\n<td style=\"width: 15.5738%; height: 57px;\" width=\"76\"><strong>4 anys<\/strong><\/td>\n<td style=\"width: 26.4344%; height: 57px;\" width=\"113\">CARGOLS<\/td>\n<td style=\"width: 56.3525%; height: 57px;\" width=\"302\"><span style=\"font-weight: 400;\">\u00cdngrid Rull Soronellas<\/span><\/td>\n<\/tr>\n<tr style=\"height: 113px;\">\n<td style=\"width: 15.5738%; height: 113px;\" width=\"76\"><strong>5 anys<\/strong><\/td>\n<td style=\"width: 26.4344%; height: 113px;\" width=\"113\">ORENETES A<\/p>\n<p>ORENETES B<\/td>\n<td style=\"width: 56.3525%; height: 113px;\" width=\"302\"><span style=\"font-weight: 400;\">M\u00f2nica Mirada Saenz<\/span><\/p>\n<p><span style=\"font-weight: 400;\">S\u00f2nia Mata Soler <\/span><\/td>\n<\/tr>\n<tr style=\"height: 33px;\">\n<td style=\"width: 15.5738%; height: 33px;\" width=\"76\"><strong>Primer<\/strong><\/td>\n<td style=\"width: 26.4344%; height: 33px;\" width=\"113\">ESQUIROLS<\/td>\n<td style=\"width: 56.3525%; height: 33px;\" width=\"302\"><span style=\"font-weight: 400;\">\u00c0ngels Mallofr\u00e9 Mata<\/span><\/td>\n<\/tr>\n<tr style=\"height: 57px;\">\n<td style=\"width: 15.5738%; height: 57px;\" width=\"76\"><strong>Segon<\/strong><\/td>\n<td style=\"width: 26.4344%; height: 57px;\" width=\"113\">DOFINS<\/td>\n<td style=\"width: 56.3525%; height: 57px;\" width=\"302\"><span style=\"font-weight: 400;\">Berta Madrid Rangel<\/span><\/td>\n<\/tr>\n<tr style=\"height: 97px;\">\n<td style=\"width: 15.5738%; height: 97px;\" width=\"76\"><strong>Tercer<\/strong><\/td>\n<td style=\"width: 26.4344%; height: 97px;\" width=\"113\">FARIGOLA A<\/p>\n<p>FARIGOLA B<\/td>\n<td style=\"width: 56.3525%; height: 97px;\" width=\"302\"><span style=\"font-weight: 400;\">Albert Angl\u00e9s Batiste<\/span><\/p>\n<p><span style=\"font-weight: 400;\">Roser Cat\u00e0 Marl\u00e8s<\/span><\/td>\n<\/tr>\n<tr style=\"height: 74px;\">\n<td style=\"width: 15.5738%; height: 74px;\" width=\"76\"><strong>Quart<\/strong><\/td>\n<td style=\"width: 26.4344%; height: 74px;\" width=\"113\">ROMAN\u00cd A<\/p>\n<p>ROMAN\u00cd B<\/td>\n<td style=\"width: 56.3525%; height: 74px;\" width=\"302\"><span style=\"font-weight: 400;\">Montse Barber\u00e0 Mar\u00e8<\/span><\/p>\n<p><span style=\"font-weight: 400;\">Mariona Bori Balagu\u00e9<\/span><\/td>\n<\/tr>\n<tr style=\"height: 71px;\">\n<td style=\"width: 15.5738%; height: 71px;\" width=\"76\"><strong>Cinqu\u00e8<\/strong><\/td>\n<td style=\"width: 26.4344%; height: 71px;\" width=\"113\">GINESTA<\/td>\n<td style=\"width: 56.3525%; height: 71px;\" width=\"302\"><span style=\"font-weight: 400;\">X\u00e8nia Espi\u00f1a Fern\u00e1ndez<\/span><\/td>\n<\/tr>\n<tr style=\"height: 74px;\">\n<td style=\"width: 15.5738%; height: 74px;\" width=\"76\"><strong>Sis\u00e8<\/strong><\/p>\n<p>&nbsp;<\/td>\n<td style=\"width: 26.4344%; height: 74px;\" width=\"113\">MARGALL\u00d3 A<\/p>\n<p>MARGALL\u00d3 B<\/td>\n<td style=\"width: 56.3525%; height: 74px;\" width=\"302\"><span style=\"font-weight: 400;\">Xavier Cerezo Esteban<\/span><\/p>\n<p><span style=\"font-weight: 400;\">Vicens G. Jaime Maldonado<\/span><\/td>\n<\/tr>\n<\/tbody>\n<\/table>\n<p><strong>\u00a0<\/strong><\/p>\n<p><b>Mestres Especialistes\u00a0<\/b><\/p>\n<p><b>Angl\u00e8s<\/b><span style=\"font-weight: 400;\">: Laura Llorach Jim\u00e9nez i Clara Moreno P\u00e9rez<\/span><\/p>\n<p><b>Educaci\u00f3 F\u00edsica<\/b><span style=\"font-weight: 400;\">: Ana Bel\u00e9n S\u00e1nchez Santos, X\u00e8nia Espi\u00f1a Fern\u00e1ndez i Xavier Cerezo Esteban<\/span><\/p>\n<p><b>M\u00fasica<\/b><span style=\"font-weight: 400;\">: Albert Angl\u00e9s Batiste\u00a0<\/span><\/p>\n<p><b>Educaci\u00f3 Especial<\/b><span style=\"font-weight: 400;\">: N\u00faria Palau Tell\u00e9s<\/span><\/p>\n<p><b>Psicomotricitat E. Infantil<\/b><span style=\"font-weight: 400;\">: Cristina Bautista Capafons i Sonia Garcia Pineda<\/span><\/p>\n<p><b>Suport Ed. Infantil: <\/b><span style=\"font-weight: 400;\">Sonia Garcia Pineda<\/span><\/p>\n<p><b>Suport prim\u00e0ria<\/b><span style=\"font-weight: 400;\">: N\u00faria Palau Tell\u00e8s, Rosa Guivernau Sent\u00eds, T\u00e0nia Miquel Ripoll\u00e8s I Sonia Garcia Pineda<\/span><\/p>\n<p><b>Religi\u00f3:<\/b><span style=\"font-weight: 400;\"> Antoni Beltran Fr\u00edgol<\/span><\/p>\n<p><strong>\u00a0<\/strong><\/p>\n<p><b>Personal no docent<\/b><\/p>\n<p><b>Administrativa:<\/b><span style=\"font-weight: 400;\"> Beatriz Basc\u00f3n<\/span><\/p>\n<p><b>T\u00e8cnica d\u2019Ed. Infantil:<\/b><span style=\"font-weight: 400;\"> Aloma Torres<\/span><\/p>\n<p><b>Psic\u00f2leg (AFA):<\/b><span style=\"font-weight: 400;\"> Tamara Vilar<\/span><\/p>\n<p><b>Logop\u00e8dia (AFA):<\/b><span style=\"font-weight: 400;\"> Laura Merenciano<\/span><\/p>\n<p><b>Conserge (Ajuntament):<\/b><span style=\"font-weight: 400;\"> Ra\u00fcl Alegre<\/span><\/p>\n<p><b>Vetlladora:<\/b><span style=\"font-weight: 400;\"> Esther Vives i Concepci\u00f3n Alfonso<\/span><\/p>\n<p><b>Servei de cuina, menjador i vigil\u00e0ncia: <\/b><span style=\"font-weight: 400;\">Ausolan<\/span><\/p>\n<p>&nbsp;<\/p>\n<p><b>Coordinadores:\u00a0<\/b><\/p>\n<p><b>Cicle Ed. Infantil:<\/b><span style=\"font-weight: 400;\"> \u00cdngrid Rull Soronellas<\/span><\/p>\n<p><b>Cicle Inicial:<\/b><span style=\"font-weight: 400;\"> \u00c0ngels Mallofr\u00e9 Mata<\/span><\/p>\n<p><b>Cicle Mitj\u00e0:<\/b><span style=\"font-weight: 400;\"> Montserrat Barber\u00e0 Mar\u00e8<\/span><\/p>\n<p><b>Cicle Superior i Ling\u00fc\u00edstic<\/b><span style=\"font-weight: 400;\">: N\u00faria Palau Tell\u00e9s<\/span><\/p>\n<p><b>TIC: <\/b><span style=\"font-weight: 400;\">Mariona Bori Balagu\u00e9<\/span><\/p>\n<p><b>Riscos laborals: <\/b><span style=\"font-weight: 400;\">Rosa Guivernau Sent\u00eds<\/span><\/p>\n<p><b>Coeducaci\u00f3, conviv\u00e8ncia i benestar de l\u2019alumnat<\/b><span style=\"font-weight: 400;\">: Clara Moreno P\u00e9rez<\/span><\/p>\n<p><strong>\u00a0<\/strong><\/p>\n<p><strong>Equip directiu<\/strong><\/p>\n<p><strong>Directora: <\/strong>Cristina Bautista Capafons<\/p>\n<p><strong>Cap d\u2019estudis:<\/strong> T\u00e0nia Miquel Ripoll\u00e8s<\/p>\n<p><strong>Secret\u00e0ria:<\/strong> Rosa Guivernau Sent\u00eds<\/p>\n<p><strong>\u00a0<\/strong><b>\u00a0<\/b><\/p>\n<p><strong>Representants de les mares i pares al Consell Escolar:<\/strong><\/p>\n<p>Representants de pares i mares: Agn\u00e8s Rafecas Ventosa,<\/p>\n<p>Representant de l&#8217;AFA: Anna Cardona R\u00e0mia<\/p>\n<p>Representant sector PAS: Aloma Torres Mart\u00edn<\/p>\n<p>&nbsp;<\/p>\n<p><strong>Esmorzars<\/strong><\/p>\n<p>Per tal de garantir un bon rendiment escolar durant les primeres hores del mat\u00ed, \u00e9s necessari que les nenes i els nens vinguin a l\u2019escola havent ja esmorzat.<\/p>\n<p>Si ho creieu convenient poden portar un <strong>petit refrigeri<\/strong> per a l\u2019hora del pati. A les reunions d\u2019inici de curs rebreu orientacions sobre els aliments m\u00e9s escaients. <strong><u>Els dilluns i els dijous recomanem que es porti fruita.<\/u> <\/strong><\/p>\n<p><strong>No es permet que portin sucs i\/o l\u00e0ctics. \u00a0<\/strong><\/p>\n<p>Recordeu que som Escola Verda i per aquest motiu, us demanem la vostra col\u00b7laboraci\u00f3 per tal que no utilitzeu paper d\u2019alumini per embolicar l\u2019esmorzar, ni tampoc recipients de pl\u00e0stic no reutilitzables. Els podeu substituir per <strong>recipients reutilitzables tipus carmanyola o cantimplores.<\/strong><\/p>\n<p><strong>\u00a0<\/strong><\/p>\n<p><strong>Agenda<\/strong><\/p>\n<p>A partir de tercer l\u2019alumnat utilitzar\u00e0 l\u2019agenda escolar per anotar els deures que es demanin. A m\u00e9s, l\u2019agenda t\u00e9 una s\u00e8rie de fulls de notes (horari, seguiment del rendiment escolar, entrevistes, retards i abs\u00e8ncies, oblit de material, etc.) que facilitaran el trasp\u00e0s d\u2019informaci\u00f3\u00a0 fam\u00edlia &#8211; escola. Aquesta agenda es repartir\u00e0 gratu\u00eftament a tothom qui hagi comprat els llibres mitjan\u00e7ant l\u2019AFA.<\/p>\n<p><strong>Qui no la tingui la pot demanar per comprar per correu electr\u00f2nic a <\/strong><a href=\"mailto:afalescometes@gmail.com\"><strong>afalescometes@gmail.com<\/strong><\/a><\/p>\n<p><strong>\u00a0<\/strong><\/p>\n<h2><strong>Material fungible<\/strong><\/h2>\n<p>Per acord amb les fam\u00edlies, el centre ha fet directament la compra de la major part del material fungible que s\u2019utilitzar\u00e0 durant el curs.<\/p>\n<p><strong>Si alguna fam\u00edlia no ha fet encara el pagament o prefereix fraccionar-lo, ha de trucar urgentment a secretaria. <\/strong><\/p>\n<p><strong>\u00a0<\/strong><\/p>\n<h2><strong>Equip esportiu<\/strong><\/h2>\n<p><strong>Els nens i les nenes de prim\u00e0ria <\/strong>hauran de portar en una bossa petita de roba:\u00a0 sab\u00f3 l\u00edquid, tovallola i pinta. \u00c9s convenient que marqueu amb el nom totes les peces de l\u2019equip esportiu. No es permetr\u00e0 fer les classes d\u2019Educaci\u00f3 F\u00edsica sense roba esportiva adequada.<\/p>\n<p>&nbsp;<\/p>\n<h2><strong>Aniversaris<\/strong><\/h2>\n<p>Podem compartir esmorzars per celebrar els aniversaris de l\u2019alumnat. Per motius sanitaris i seguretat aliment\u00e0ria, <strong>els aliments que es portin han de ser comprats<\/strong> (no poden ser elaborats a casa).<\/p>\n<p>&nbsp;<\/p>\n<h2><strong>Entrades i sortides del recinte escolar:<\/strong><\/h2>\n<h4><strong>\u00a0ENTRADES:<\/strong><\/h4>\n<ul>\n<li>Hi haur\u00e0 tres punts d\u2019acc\u00e9s a l\u2019escola:\n<ul>\n<li><strong>Porta corredissa Pista<\/strong>: I3, I4, I5,1r i 2n\n<ul>\n<li>I3 i I4: les fam\u00edlies acompanyaran l\u2019alumnat fins la <strong>porta blava del passad\u00eds<\/strong> del seu pavell\u00f3.<\/li>\n<li>I5: les fam\u00edlies acompanyaran l\u2019alumnat fins la <strong>porta blanca de l\u2019aula corresponent<\/strong> (entrada des del pati propi)<\/li>\n<li>1r: les fam\u00edlies entraran per la porta de la pista i acompanyaran l\u2019alumnat fins el muret verd. Els nens i nenes seuran all\u00ed on estar\u00e0 la mestra esperant-los i un cop estiguin entraran en filera cap a la seva aula.<\/li>\n<li>2n: accediran sols al centre i aniran directament a les seves aules quan entrin a l\u2019escola.<\/li>\n<\/ul>\n<\/li>\n<\/ul>\n<\/li>\n<\/ul>\n<p><strong>IMPORTANT:<\/strong> \u00e9s important que l\u2019entrada a l\u2019escola sigui tranquil\u00b7la. Per aquest <strong>motiu heu d\u2019acompanyar els vostres fills i filles fins al seu punt de recollida<\/strong>, anant de la m\u00e0 o al vostre costat. <strong><u>Evitem les corredisses<\/u><\/strong> per dintre del pati.<\/p>\n<ul>\n<li style=\"list-style-type: none;\">\n<ul>\n<li><strong>Porta reixa lateral (entre la porta de l\u2019hort i la principal)<\/strong>: 6\u00e8<\/li>\n<li><strong>Portes principals: <\/strong>3r, 4t i 5\u00e8<\/li>\n<\/ul>\n<\/li>\n<\/ul>\n<p><strong><u>ATENCI\u00d3<\/u><\/strong><strong>: L\u2019alumnat de 2n fins a 6\u00e8 accediran sols al centre i aniran directament a les seves aules quan entrin a l\u2019escola. <\/strong><\/p>\n<p><strong><u>El primer dia les mestres de 2n, 3r i 4t sortiran a esperar l\u2019alumnat<\/u><\/strong><strong>. Les de 2n a la mateixa porta d\u2019entrada i les de 3r, 4t, 5\u00e8 i 6\u00e8 a la rampa del vest\u00edbul.\u00a0<\/strong><\/p>\n<ul>\n<li>Es permet venir al centre amb bicicletes i\/o patinets. L\u2019entrada d\u2019aquests ser\u00e0 per la porta de l\u2019hort i la sortida per la porta corresponent del seu grup. Els nens i nenes que els portin han de moure\u2019s per dintre del recinte portant la bicicleta o patinet agafat pel manillar i caminant. L\u2019edat que recomanem per venir al centre amb bicicleta o patinet \u00e9s a partir de 3r. L\u2019alumnat que ho faci cal que sigui responsable i aut\u00f2nom per entrar per la porta de l\u2019hort i despr\u00e9s anar a la seva aula.<\/li>\n<li>Per garantir una vigil\u00e0ncia adequada, les portes s\u2019obriran a les 9h del mat\u00ed i a les 15h de la tarda, tot sonant una m\u00fasica. Cal col\u00b7laborar en fer les entrades i sortides \u00e0gils. No es pot romandre al pati despr\u00e9s de les sortides ni de les entrades.<\/li>\n<li>Les entrades es faran tranquil\u00b7lament i entrar\u00e0 barrejat tot l\u2019alumnat que entri per la mateixa porta.<\/li>\n<li>Cal ser <strong>puntual <\/strong>i aix\u00ed evitar interferir en la din\u00e0mica de l\u2019aula i no interrompre les classes un cop comen\u00e7ades. La manca reiterada de puntualitat \u00e9s una conducta contr\u00e0ria a les normes de conviv\u00e8ncia.<\/li>\n<li>Si alguna fam\u00edlia ha de fer qualsevol gesti\u00f3 al centre, caldr\u00e0 que truqui per demanar cita pr\u00e8via.<\/li>\n<li><strong>Les portes es tancaran de seguida<\/strong> que hagi entrat l\u2019alumnat.<\/li>\n<li>En cas de no assist\u00e8ncia \u00e9s convenient avisar al correu de les tutores. Les faltes d\u2019assist\u00e8ncia s\u2019han de justificar.<\/li>\n<li>Si per alguna ra\u00f3, <strong>puntual i justificada,<\/strong> heu de recollir el vostre fill\/a durant l\u2019horari escolar, cal que ho comuniqueu pr\u00e8viament al tutor o tutora. La recollida es far\u00e0 al vest\u00edbul de l\u2019escola. Quan us obrin la porta, qui us atengui anir\u00e0 a buscar el nen o nena a la seva aula i us el portar\u00e0.<\/li>\n<li>Durant l\u2019horari escolar no es permetr\u00e0 l\u2019acc\u00e9s de les fam\u00edlies al recinte escolar, tret de circumst\u00e0ncies autoritzades.<\/li>\n<\/ul>\n<h4><strong>SORTIDES:<\/strong><\/h4>\n<ul>\n<li>Als migdies, l\u2019alumnat d\u2019Infantil i de primer s\u2019entregar\u00e0 a la porta corredissa de la pista. Les fam\u00edlies heu d\u2019esperar fora del recinte i <strong>deixar espai i visibilitat <\/strong>per tal que les mestres us puguin veure i els nens i nenes sortir.<\/li>\n<li>A les tardes, l\u2019alumnat d\u2019Educaci\u00f3 Infantil ser\u00e0 recollit a la porta blanca de la seva aula. Un cop s\u2019han recollit els nens i nenes s\u2019ha de sortir del recinte i no es pot romandre dintre el pati.<\/li>\n<li>A les tardes, l\u2019alumnat de 1r i 2n sortir\u00e0 en fila amb el seu grup fins al mur verd. L\u2019alumnat de 1r i 2n seur\u00e0 al mur i s\u2019anir\u00e0 entregant a les persones que el recullin. Les fam\u00edlies heu d\u2019entrar per la porta corredissa i arribar fins al mur sense traspassar-lo i esperar que la mestra us entregui els nens i nenes. Haureu de tornar a sortir per la porta corredissa (per tal de no interferir en tots els grups i fileres que estaran sortint per la rampa). Un cop s\u2019han recollit els nens i nenes s\u2019ha de sortir del recinte i no es pot romandre dintre el pati.<\/li>\n<li>L\u2019alumnat de 3r, 4t, 5\u00e8 i 6\u00e8 sortir\u00e0 per les portes principals. Les fam\u00edlies esperareu fora del recinte.<\/li>\n<li>Les fam\u00edlies amb alumnes de prim\u00e0ria poden autoritzar que els seus fills i filles marxin sols cap a casa (no \u00e9s recomanable fer-ho abans de quart).<\/li>\n<\/ul>\n<p>Tant per als alumnes d\u2019educaci\u00f3 infantil com per als de prim\u00e0ria, s\u2019ha d\u2019omplir una butlleta que us lliurar\u00e0 el tutor\/a per concretar com es far\u00e0 la recollida i les persones autoritzades. Cal retornar-la durant els 3 primers dies de curs.<\/p>\n<p><strong>\u00a0<\/strong><\/p>\n<p><strong>Serveis escolars (menjador, acollida matinal)<\/strong><\/p>\n<p><strong>Tots els serveis s\u2019inicien el dia 9 de setembre<\/strong> (el 12 de setembre per als nens i les nenes de 3 anys) i acaben el 19 de juny. Per poder fer \u00fas dels serveis, tot l\u2019alumnat ha d\u2019estar registrat a l\u2019enlla\u00e7 que us vam passar i tenir descarregada l\u2019aplicaci\u00f3 al tel\u00e8fon m\u00f2bil. Des d\u2019all\u00ed podreu carregar el saldo per anar utilitzant els serveis i informar dels dies que facin i no facin \u00fas.<\/p>\n<p><strong>L\u2019alumnat que gaudeix de beca comen\u00e7a el dia que se\u2019ls hi hagi comunicat <\/strong>(cal estar atent a la informaci\u00f3 que ha arribat del Consell Comarcal). L\u2019alumnat becat tamb\u00e9 ha d\u2019estar introdu\u00eft a l\u2019aplicaci\u00f3 de l\u2019empresa del menjador i tamb\u00e9 ha d\u2019informar de la no assist\u00e8ncia els dies de beca.<\/p>\n<p>Cal tenir present que la indicaci\u00f3 de no assist\u00e8ncia o la inscripci\u00f3 espor\u00e0dica al menjador s\u2019ha de fer com a m\u00e0xim el mateix dia fins les 10.00h.<\/p>\n<p>&nbsp;<\/p>\n<p><strong>Altres q\u00fcestions<\/strong><\/p>\n<ul>\n<li>\u00c9s necessari que comuniqueu a secretaria els <strong>canvis d\u2019adre\u00e7a, tel\u00e8fon, correu electr\u00f2nic&#8230;<\/strong> \u00c9s molt convenient poder disposar de m\u00e9s d\u2019un tel\u00e8fon familiar (avis, tiets, etc.) ja que en cas de malaltia o accident alguna vegada costa localitzar la mare o el pare i aix\u00f2 pot arribar a provocar certa angoixa al nen o nena.<\/li>\n<li>Tamb\u00e9 \u00e9s molt important que comuniqueu <strong>q\u00fcestions m\u00e8diques d\u2019inter\u00e8s<\/strong> (al\u00b7l\u00e8rgies, malalties cr\u00f2niques, reaccions asm\u00e0tiques, epil\u00e8psia, etc.) i si s\u2019utilitza algun dispositiu. <strong>Si hi ha hagut canvi de tutor o tutora \u00e9s convenient recordar-li aquesta informaci\u00f3.<\/strong><\/li>\n<li><strong>A l\u2019escola no podem subministrar cap medicament sense la corresponent prescripci\u00f3 m\u00e8dica <\/strong>(amb el nom de l\u2019infant i posologia)<strong> i l\u2019autoritzaci\u00f3 escrita de la fam\u00edlia<\/strong>. Tampoc \u00e9s perm\u00e8s que un nen o una nena porti de casa medicament i\u00a0 se l\u2019administri sense la supervisi\u00f3 d\u2019un adult.<\/li>\n<li><strong>En cas de separaci\u00f3 o divorci<\/strong> \u00e9s necessari comunicar qui t\u00e9 la guarda i cust\u00f2dia i altres q\u00fcestions que puguin ser d\u2019inter\u00e8s per al centre. <strong>Si s\u2019ha produ\u00eft un canvi de tutor o tutora \u00e9s convenient comentar-li la situaci\u00f3.<\/strong><\/li>\n<li><strong>Les circulars es lliuraran preferentment per correu electr\u00f2nic.<\/strong> En cas de distribuir-se en paper, si hi ha germans, es lliurar\u00e0 al germ\u00e0 gran.<\/li>\n<li>Us demanem que respecteu les zones d\u2019aparcament i prioritzeu el p\u00e0rquing de terra. <strong>Recordem que no est\u00e0 perm\u00e8s aparcar a la rotonda ni al pas de vianants.<\/strong><\/li>\n<\/ul>\n<p>&nbsp;<\/p>\n<p><strong>Coses que no es permeten:<\/strong><\/p>\n<ul>\n<li>La circulaci\u00f3 de patinets, monopatins, bicicletes o estris similars dins el recinte escolar.<\/li>\n<li>Portar a l\u2019escola <strong>(incl\u00f2s menjador),<\/strong> jocs electr\u00f2nics, tel\u00e8fons m\u00f2bils, smartwatch o altres dispositius amb possibilitat de captaci\u00f3 d\u2019imatges o so,&#8230;<\/li>\n<li>Fumar i consumir begudes alcoh\u00f2liques.<\/li>\n<li>Entrar amb gossos o altres animals de companyia.<\/li>\n<li>Fer fotografies o filmacions sense l\u2019autoritzaci\u00f3 de direcci\u00f3.<\/li>\n<\/ul>\n<p>Aquesta prohibici\u00f3 es fa extensiva quan es fa l\u2019acompanyament a alguna sortida o es col\u00b7labora en alguna activitat organitzada per l\u2019Escola.<\/p>\n","protected":false},"excerpt":{"rendered":"<p>CIRCULAR INICI DE CURS 2025-2026<br \/>\nBenvolgudes fam\u00edlies,<br \/>\nel personal de l\u2019Escola us donem la benvinguda a aquest nou curs escolar. Tot seguit us fem arribar algunes informacions que creiem s\u00f3n del vostre inter\u00e8s i q\u00fcestions organitzatives que us agrairem que\u00a0 tingueu en compte.<br \/>\n\u00a0<br \/>\nCalendari del curs<br \/>\nInici de curs:&hellip;  <a href=\"https:\/\/agora.xtec.cat\/escolalescometes\/lescola\/curs-20162017\/circular-inici-de-curs-2019-2020\/\" title=\"Read Circular d&#8217;inici de curs 2025 &#8211; 2026\">Llegeix m\u00e9s\u00bb<\/a><\/p>\n","protected":false},"author":1,"featured_media":0,"parent":559,"menu_order":3,"comment_status":"closed","ping_status":"closed","template":"page-templates\/side-menu.php","meta":{"_bbp_topic_count":0,"_bbp_reply_count":0,"_bbp_total_topic_count":0,"_bbp_total_reply_count":0,"_bbp_voice_count":0,"_bbp_anonymous_reply_count":0,"_bbp_topic_count_hidden":0,"_bbp_reply_count_hidden":0,"_bbp_forum_subforum_count":0,"footnotes":""},"class_list":["post-1212","page","type-page","status-publish","hentry"],"post_mailing_queue_ids":[],"_links":{"self":[{"href":"https:\/\/agora.xtec.cat\/escolalescometes\/wp-json\/wp\/v2\/pages\/1212","targetHints":{"allow":["GET"]}}],"collection":[{"href":"https:\/\/agora.xtec.cat\/escolalescometes\/wp-json\/wp\/v2\/pages"}],"about":[{"href":"https:\/\/agora.xtec.cat\/escolalescometes\/wp-json\/wp\/v2\/types\/page"}],"author":[{"embeddable":true,"href":"https:\/\/agora.xtec.cat\/escolalescometes\/wp-json\/wp\/v2\/users\/1"}],"replies":[{"embeddable":true,"href":"https:\/\/agora.xtec.cat\/escolalescometes\/wp-json\/wp\/v2\/comments?post=1212"}],"version-history":[{"count":6,"href":"https:\/\/agora.xtec.cat\/escolalescometes\/wp-json\/wp\/v2\/pages\/1212\/revisions"}],"predecessor-version":[{"id":7183,"href":"https:\/\/agora.xtec.cat\/escolalescometes\/wp-json\/wp\/v2\/pages\/1212\/revisions\/7183"}],"up":[{"embeddable":true,"href":"https:\/\/agora.xtec.cat\/escolalescometes\/wp-json\/wp\/v2\/pages\/559"}],"wp:attachment":[{"href":"https:\/\/agora.xtec.cat\/escolalescometes\/wp-json\/wp\/v2\/media?parent=1212"}],"curies":[{"name":"wp","href":"https:\/\/api.w.org\/{rel}","templated":true}]}}