{"id":84,"date":"2014-09-18T14:11:31","date_gmt":"2014-09-18T13:11:31","guid":{"rendered":"http:\/\/agora.xtec.cat\/escolalesbases\/?page_id=84"},"modified":"2019-02-20T13:55:18","modified_gmt":"2019-02-20T12:55:18","slug":"activitats-extraescolars","status":"publish","type":"page","link":"https:\/\/agora.xtec.cat\/escolalesbases\/serveis\/activitats-extraescolars\/","title":{"rendered":"Activitats extraescolars"},"content":{"rendered":"<p>Durant el curs 2016-2017\u00a0les activitats extraescolars que ofereix l\u2019AMPA s\u00f3n:<\/p>\n<ul>\n<li><strong>M\u00fasica:<\/strong>\u00a0iniciaci\u00f3 a la sensibilitzaci\u00f3 musical. Dilluns de 16:30 h a 17:30 h.<\/li>\n<\/ul>\n<ul>\n<li><strong>Taller del bosc:<\/strong>\u00a0manualitats amb materials reciclats. Dimarts de 16:30 h a 17:30 h.<\/li>\n<\/ul>\n<ul>\n<li><strong>Angl\u00e8s:<\/strong>\u00a0a partir de jocs i can\u00e7ons. Dimecres de 16:30 h a 17:30 h.<\/li>\n<\/ul>\n<ul>\n<li><strong>Psicoball:<\/strong>\u00a0psicomotricitat a partir del ball. Dijous de 16:30 h a 17:30 h.<\/li>\n<\/ul>\n<ul>\n<li><strong>Ioga:<\/strong>\u00a0relaxaci\u00f3, autoconeixement i elasticitat. Divendres de 16:30 h a 17:30 h.<\/li>\n<li><strong>Multiesports:<\/strong>\u00a0Coneixem i practiquem tot tipus d\u2019esport.\u00a0<em>Divendres de 16:30h a 17:30 h.<\/em><\/li>\n<li><\/li>\n<li>Tamb\u00e9 seguirem organitzant l\u2019activitat del Pati Obert, que el curs passat va tenir molt bona acollida.<\/li>\n<li><strong style=\"font-family: inherit; font-size: 1em;\">Pati obert<\/strong><span style=\"font-family: inherit; font-size: 1em;\">: activitat gratu\u00efta exclusiva per alumnes i germans\/es del centre. Utilitzaci\u00f3 del pati en acabar les classes de\u00a0<\/span><em style=\"font-family: inherit; font-size: 1em;\">16:30h a 18h\/18:30h<\/em><span style=\"font-family: inherit; font-size: 1em;\">.\u00a0<\/span><a style=\"font-family: inherit; font-size: 1em;\" href=\"https:\/\/ampalesbases.wordpress.com\/pati-obert\/\">Aqu\u00ed<\/a><span style=\"font-family: inherit; font-size: 1em;\">\u00a0trobareu tota la informaci\u00f3 del projecte.<\/span><\/li>\n<\/ul>\n<p>&nbsp;<\/p>\n<p><img loading=\"lazy\" decoding=\"async\" class=\" wp-image-149 aligncenter\" src=\"https:\/\/ampalesbases.files.wordpress.com\/2016\/12\/extraescolars.jpg?w=444&amp;h=218\" sizes=\"auto, (max-width: 444px) 100vw, 444px\" srcset=\"https:\/\/ampalesbases.files.wordpress.com\/2016\/12\/extraescolars.jpg 342w, https:\/\/ampalesbases.files.wordpress.com\/2016\/12\/extraescolars.jpg?w=150&amp;h=74 150w, https:\/\/ampalesbases.files.wordpress.com\/2016\/12\/extraescolars.jpg?w=300&amp;h=147 300w\" alt=\"extraescolars\" width=\"444\" height=\"218\" data-attachment-id=\"149\" data-permalink=\"https:\/\/ampalesbases.wordpress.com\/extraescolars\/extraescolars-2\/#main\" data-orig-file=\"https:\/\/ampalesbases.files.wordpress.com\/2016\/12\/extraescolars.jpg?w=444&amp;h=218\" data-orig-size=\"342,168\" data-comments-opened=\"1\" data-image-meta=\"{&quot;aperture&quot;:&quot;0&quot;,&quot;credit&quot;:&quot;&quot;,&quot;camera&quot;:&quot;&quot;,&quot;caption&quot;:&quot;&quot;,&quot;created_timestamp&quot;:&quot;0&quot;,&quot;copyright&quot;:&quot;&quot;,&quot;focal_length&quot;:&quot;0&quot;,&quot;iso&quot;:&quot;0&quot;,&quot;shutter_speed&quot;:&quot;0&quot;,&quot;title&quot;:&quot;&quot;,&quot;orientation&quot;:&quot;1&quot;}\" data-image-title=\"extraescolars\" data-image-description=\"\" data-medium-file=\"https:\/\/ampalesbases.files.wordpress.com\/2016\/12\/extraescolars.jpg?w=444&amp;h=218?w=300\" data-large-file=\"https:\/\/ampalesbases.files.wordpress.com\/2016\/12\/extraescolars.jpg?w=444&amp;h=218?w=342\" \/><\/p>\n<p>Les activitats extraescolars tenen un preu de 54 \u20ac trimestrals que cal abonar al n\u00famero de compte del Banc Sabadell<\/p>\n<p><strong>ES41 0081 5367 0800 0114 1816<\/strong><\/p>\n<p><a href=\"https:\/\/docs.google.com\/forms\/d\/10_gfTyLy7mBaj8QCg1rOwInztGIeqr8JxHZNArBvUAk\/edit\" target=\"_blank\" rel=\"noopener noreferrer\">Formulari d\u2019alta<\/a>\u00a0d\u2019extraescolar.<\/p>\n<p><a href=\"https:\/\/docs.google.com\/forms\/d\/1e346e5imjewW97k_aOiwHS8UE0knNTdIq5fIIeyXe1Y\/edit\" target=\"_blank\" rel=\"noopener noreferrer\">Formulari de baixa<\/a>\u00a0d\u2019extraescolar.<\/p>\n<p>Tamb\u00e9 s\u2019ofereix un\u00a0<strong>servei d\u2019acollida<\/strong>\u00a0al mat\u00ed de 8 h a 9 h. El preu \u00e9s de 50 \u20ac mensuals. El preu pot baixar si augmenta el n\u00famero de fam\u00edlies que en fan \u00fas. Tamb\u00e9 hi ha la possibilitat de fer \u00fas del servei de 7:45 h a 9 h.<\/p>\n","protected":false},"excerpt":{"rendered":"<p>Durant el curs 2016-2017\u00a0les activitats extraescolars que ofereix l\u2019AMPA s\u00f3n:<\/p>\n<ul>\n<li>M\u00fasica:\u00a0iniciaci\u00f3 a la sensibilitzaci\u00f3 musical. Dilluns de 16:30 h a 17:30 h.<\/li>\n<\/ul>\n<ul>\n<li>Taller del bosc:\u00a0manualitats amb materials reciclats. Dimarts de 16:30 h a 17:30 h.<\/li>\n<\/ul>\n<ul>\n<li>Angl\u00e8s:\u00a0a partir de jocs i can\u00e7ons. Dimecres de 16:30 h a 17:30 h.<\/li>\n<\/ul>\n<ul>\n<li>Psicoball:\u00a0psicomotricitat&hellip;  <a href=\"https:\/\/agora.xtec.cat\/escolalesbases\/serveis\/activitats-extraescolars\/\" title=\"Read Activitats extraescolars\">Llegeix m\u00e9s\u00bb<\/a><br \/>\n","protected":false},"author":1,"featured_media":0,"parent":66,"menu_order":60,"comment_status":"closed","ping_status":"closed","template":"page-templates\/side-menu.php","meta":{"_bbp_topic_count":0,"_bbp_reply_count":0,"_bbp_total_topic_count":0,"_bbp_total_reply_count":0,"_bbp_voice_count":0,"_bbp_anonymous_reply_count":0,"_bbp_topic_count_hidden":0,"_bbp_reply_count_hidden":0,"_bbp_forum_subforum_count":0,"footnotes":""},"class_list":["post-84","page","type-page","status-publish","hentry"],"post_mailing_queue_ids":[],"_links":{"self":[{"href":"https:\/\/agora.xtec.cat\/escolalesbases\/wp-json\/wp\/v2\/pages\/84","targetHints":{"allow":["GET"]}}],"collection":[{"href":"https:\/\/agora.xtec.cat\/escolalesbases\/wp-json\/wp\/v2\/pages"}],"about":[{"href":"https:\/\/agora.xtec.cat\/escolalesbases\/wp-json\/wp\/v2\/types\/page"}],"author":[{"embeddable":true,"href":"https:\/\/agora.xtec.cat\/escolalesbases\/wp-json\/wp\/v2\/users\/1"}],"replies":[{"embeddable":true,"href":"https:\/\/agora.xtec.cat\/escolalesbases\/wp-json\/wp\/v2\/comments?post=84"}],"version-history":[{"count":3,"href":"https:\/\/agora.xtec.cat\/escolalesbases\/wp-json\/wp\/v2\/pages\/84\/revisions"}],"predecessor-version":[{"id":4440,"href":"https:\/\/agora.xtec.cat\/escolalesbases\/wp-json\/wp\/v2\/pages\/84\/revisions\/4440"}],"up":[{"embeddable":true,"href":"https:\/\/agora.xtec.cat\/escolalesbases\/wp-json\/wp\/v2\/pages\/66"}],"wp:attachment":[{"href":"https:\/\/agora.xtec.cat\/escolalesbases\/wp-json\/wp\/v2\/media?parent=84"}],"curies":[{"name":"wp","href":"https:\/\/api.w.org\/{rel}","templated":true}]}}