{"id":77,"date":"2014-09-18T14:05:08","date_gmt":"2014-09-18T13:05:08","guid":{"rendered":"http:\/\/agora.xtec.cat\/escolalesbases\/?page_id=77"},"modified":"2018-02-02T15:11:14","modified_gmt":"2018-02-02T14:11:14","slug":"acollida","status":"publish","type":"page","link":"https:\/\/agora.xtec.cat\/escolalesbases\/serveis\/acollida\/","title":{"rendered":"Acollida matinal"},"content":{"rendered":"<p>Tamb\u00e9 s\u2019ofereix un\u00a0<strong>servei d\u2019acollida<\/strong>\u00a0al mat\u00ed de 8 h a 9 h. El preu \u00e9s de 50 \u20ac mensuals. El preu pot baixar si augmenta el n\u00famero de fam\u00edlies que en fan \u00fas.<\/p>\n<p>El pagament s&#8217;ha d&#8217;abonar al n\u00famero de compte del Banc Sabadell<\/p>\n<p><strong>ES41 0081 5367 0800 0114 1816<\/strong><\/p>\n","protected":false},"excerpt":{"rendered":"<p>Tamb\u00e9 s\u2019ofereix un\u00a0servei d\u2019acollida\u00a0al mat\u00ed de 8 h a 9 h. El preu \u00e9s de 50 \u20ac mensuals. El preu pot baixar si augmenta el n\u00famero de fam\u00edlies que en fan \u00fas.<br \/>\nEl pagament s&#8217;ha d&#8217;abonar al n\u00famero de compte del Banc Sabadell<br \/>\nES41 0081 5367 0800&hellip;  <a href=\"https:\/\/agora.xtec.cat\/escolalesbases\/serveis\/acollida\/\" title=\"Read Acollida matinal\">Llegeix m\u00e9s\u00bb<\/a><\/p>\n","protected":false},"author":1,"featured_media":0,"parent":66,"menu_order":20,"comment_status":"closed","ping_status":"closed","template":"page-templates\/side-menu.php","meta":{"_bbp_topic_count":0,"_bbp_reply_count":0,"_bbp_total_topic_count":0,"_bbp_total_reply_count":0,"_bbp_voice_count":0,"_bbp_anonymous_reply_count":0,"_bbp_topic_count_hidden":0,"_bbp_reply_count_hidden":0,"_bbp_forum_subforum_count":0,"footnotes":""},"class_list":["post-77","page","type-page","status-publish","hentry"],"post_mailing_queue_ids":[],"_links":{"self":[{"href":"https:\/\/agora.xtec.cat\/escolalesbases\/wp-json\/wp\/v2\/pages\/77","targetHints":{"allow":["GET"]}}],"collection":[{"href":"https:\/\/agora.xtec.cat\/escolalesbases\/wp-json\/wp\/v2\/pages"}],"about":[{"href":"https:\/\/agora.xtec.cat\/escolalesbases\/wp-json\/wp\/v2\/types\/page"}],"author":[{"embeddable":true,"href":"https:\/\/agora.xtec.cat\/escolalesbases\/wp-json\/wp\/v2\/users\/1"}],"replies":[{"embeddable":true,"href":"https:\/\/agora.xtec.cat\/escolalesbases\/wp-json\/wp\/v2\/comments?post=77"}],"version-history":[{"count":2,"href":"https:\/\/agora.xtec.cat\/escolalesbases\/wp-json\/wp\/v2\/pages\/77\/revisions"}],"predecessor-version":[{"id":2665,"href":"https:\/\/agora.xtec.cat\/escolalesbases\/wp-json\/wp\/v2\/pages\/77\/revisions\/2665"}],"up":[{"embeddable":true,"href":"https:\/\/agora.xtec.cat\/escolalesbases\/wp-json\/wp\/v2\/pages\/66"}],"wp:attachment":[{"href":"https:\/\/agora.xtec.cat\/escolalesbases\/wp-json\/wp\/v2\/media?parent=77"}],"curies":[{"name":"wp","href":"https:\/\/api.w.org\/{rel}","templated":true}]}}