{"id":32,"date":"2022-07-01T12:31:33","date_gmt":"2022-07-01T10:31:33","guid":{"rendered":"http:\/\/agora.xtec.cat\/escolalesbases\/?page_id=32"},"modified":"2025-09-04T16:53:14","modified_gmt":"2025-09-04T14:53:14","slug":"calendari-del-curs","status":"publish","type":"page","link":"https:\/\/agora.xtec.cat\/escolalesbases\/lescola\/calendari-del-curs\/","title":{"rendered":"Calendari del curs"},"content":{"rendered":"<p><a href=\"https:\/\/agora.xtec.cat\/escolalesbases\/wp-content\/uploads\/usu307\/2025\/09\/IMG_20250902_133325_591.jpg\"><img loading=\"lazy\" decoding=\"async\" class=\"alignnone size-full wp-image-16761\" src=\"https:\/\/agora.xtec.cat\/escolalesbases\/wp-content\/uploads\/usu307\/2025\/09\/IMG_20250902_133325_591.jpg\" alt=\"\" width=\"672\" height=\"475\" srcset=\"https:\/\/agora.xtec.cat\/escolalesbases\/wp-content\/uploads\/usu307\/2025\/09\/IMG_20250902_133325_591.jpg 672w, https:\/\/agora.xtec.cat\/escolalesbases\/wp-content\/uploads\/usu307\/2025\/09\/IMG_20250902_133325_591-300x212.jpg 300w\" sizes=\"auto, (max-width: 672px) 100vw, 672px\" \/><\/a><\/p>\n<ul>\n<li style=\"font-weight: 400;\" aria-level=\"1\"><span style=\"font-weight: 400;\">Si Cliqueu l\u2019enlla\u00e7 podreu afegir el calendari de l\u2019escola al vostre calendari de google (<\/span><span style=\"font-weight: 400;\">ordinador<\/span><span style=\"font-weight: 400;\">):<\/span><\/li>\n<\/ul>\n<p><a href=\"https:\/\/calendar.google.com\/calendar\/embed?src=xtec.cat_79lr6noq093pu3sspmpo0pgpfs%40group.calendar.google.com&amp;ctz=Europe%2FMadrid\"><span style=\"font-weight: 400;\">Calendari des de l\u2019ordinador.<\/span><\/a><\/p>\n<ul>\n<li style=\"font-weight: 400;\" aria-level=\"1\"><span style=\"font-weight: 400;\">Per consultar el calendari des del tel\u00e8fon podeu clicar el seg\u00fcent enlla\u00e7:<\/span><\/li>\n<\/ul>\n<p><a href=\"https:\/\/calendar.google.com\/calendar\/embed?src=xtec.cat_79lr6noq093pu3sspmpo0pgpfs%40group.calendar.google.com&amp;ctz=Europe%2FMadrid\"><span style=\"font-weight: 400;\">Calendari des del tel\u00e8fon m\u00f2bil<\/span><\/a><span style=\"font-weight: 400;\">.<\/span><\/p>\n","protected":false},"excerpt":{"rendered":"<p><a href=\"https:\/\/agora.xtec.cat\/escolalesbases\/wp-content\/uploads\/usu307\/2025\/09\/IMG_20250902_133325_591.jpg\"><\/a><\/p>\n<ul>\n<li style=\"font-weight: 400;\" aria-level=\"1\">Si Cliqueu l\u2019enlla\u00e7 podreu afegir el calendari de l\u2019escola al vostre calendari de google (ordinador):<\/li>\n<\/ul>\n<p><a href=\"https:\/\/calendar.google.com\/calendar\/embed?src=xtec.cat_79lr6noq093pu3sspmpo0pgpfs%40group.calendar.google.com&amp;ctz=Europe%2FMadrid\">Calendari des de l\u2019ordinador.<\/a><\/p>\n<ul>\n<li style=\"font-weight: 400;\" aria-level=\"1\">Per consultar el calendari des del tel\u00e8fon podeu clicar el seg\u00fcent enlla\u00e7:<\/li>\n<\/ul>\n<p><a href=\"https:\/\/calendar.google.com\/calendar\/embed?src=xtec.cat_79lr6noq093pu3sspmpo0pgpfs%40group.calendar.google.com&amp;ctz=Europe%2FMadrid\">Calendari des del tel\u00e8fon m\u00f2bil<\/a>.<\/p>\n","protected":false},"author":1,"featured_media":0,"parent":22,"menu_order":50,"comment_status":"closed","ping_status":"closed","template":"page-templates\/side-menu.php","meta":{"_bbp_topic_count":0,"_bbp_reply_count":0,"_bbp_total_topic_count":0,"_bbp_total_reply_count":0,"_bbp_voice_count":0,"_bbp_anonymous_reply_count":0,"_bbp_topic_count_hidden":0,"_bbp_reply_count_hidden":0,"_bbp_forum_subforum_count":0,"footnotes":""},"class_list":["post-32","page","type-page","status-publish","hentry"],"post_mailing_queue_ids":[],"_links":{"self":[{"href":"https:\/\/agora.xtec.cat\/escolalesbases\/wp-json\/wp\/v2\/pages\/32","targetHints":{"allow":["GET"]}}],"collection":[{"href":"https:\/\/agora.xtec.cat\/escolalesbases\/wp-json\/wp\/v2\/pages"}],"about":[{"href":"https:\/\/agora.xtec.cat\/escolalesbases\/wp-json\/wp\/v2\/types\/page"}],"author":[{"embeddable":true,"href":"https:\/\/agora.xtec.cat\/escolalesbases\/wp-json\/wp\/v2\/users\/1"}],"replies":[{"embeddable":true,"href":"https:\/\/agora.xtec.cat\/escolalesbases\/wp-json\/wp\/v2\/comments?post=32"}],"version-history":[{"count":7,"href":"https:\/\/agora.xtec.cat\/escolalesbases\/wp-json\/wp\/v2\/pages\/32\/revisions"}],"predecessor-version":[{"id":16762,"href":"https:\/\/agora.xtec.cat\/escolalesbases\/wp-json\/wp\/v2\/pages\/32\/revisions\/16762"}],"up":[{"embeddable":true,"href":"https:\/\/agora.xtec.cat\/escolalesbases\/wp-json\/wp\/v2\/pages\/22"}],"wp:attachment":[{"href":"https:\/\/agora.xtec.cat\/escolalesbases\/wp-json\/wp\/v2\/media?parent=32"}],"curies":[{"name":"wp","href":"https:\/\/api.w.org\/{rel}","templated":true}]}}