{"id":26,"date":"2014-09-18T12:24:32","date_gmt":"2014-09-18T11:24:32","guid":{"rendered":"http:\/\/agora.xtec.cat\/escolalesbases\/?page_id=26"},"modified":"2025-01-29T12:43:22","modified_gmt":"2025-01-29T11:43:22","slug":"historia","status":"publish","type":"page","link":"https:\/\/agora.xtec.cat\/escolalesbases\/lescola\/historia\/","title":{"rendered":"Hist\u00f2ria"},"content":{"rendered":"<p style=\"text-align: justify;\">L\u2019Escola Les Bases \u00e9s una escola p\u00fablica que dep\u00e8n de la Generalitat de Catalunya. Pertany al municipi de Manresa, als barris del sector nord, Poble Nou i La Mion , situada al carrer Puigmal n\u00ba16.<\/p>\n<p>La xifra d\u2019habitants a Manresa \u00e9s de 76250 habitants (dades de 2018). El nostre, \u00e9s un barri que des de fa uns anys se n\u2019ha observat el creixement, \u00e9s un barri amb parelles joves i amb fills\/es petits, i amb una oferta insuficient de places d\u2019Educaci\u00f3 Infantil i Prim\u00e0ria, aix\u00ed doncs el curs 2015-2016 va quedat palesa la mancan\u00e7a d\u2019alguns equipaments p\u00fablics com \u00e9s el cas d\u2019una Escola. \u00c9s per aix\u00f2 que l\u2019Ajuntament i la Generalitat van apostar per refor\u00e7ar l\u2019oferta de places de P3 all\u00e0 on van observar un major creixement de la poblaci\u00f3, donant lloc al naixement de la nostra Escola, i a partir de setembre de 2016 ja amb el nom propi d\u2019Escola Les Bases.<\/p>\n<p>En relaci\u00f3 amb el barri, la ubicaci\u00f3 de l\u2019Escola est\u00e0 en un lloc \u00f2ptim ja que gaudim de molts serveis municipals i privats com son l\u2019Ateneu, l\u2019Associaci\u00f3 de Ve\u00efns, l\u2019Institut Lacet\u00e0nia, la FUB, la UPC, la biblioteca, el LAB 0-6, el centre C\u00edvic Mion-Puigberenguer&#8230; com tamb\u00e9 gaudim del nostre entorn natural i les possibilitats que ens ofereix.<\/p>\n","protected":false},"excerpt":{"rendered":"<p>L\u2019Escola Les Bases \u00e9s una escola p\u00fablica que dep\u00e8n de la Generalitat de Catalunya. Pertany al municipi de Manresa, als barris del sector nord, Poble Nou i La Mion , situada al carrer Puigmal n\u00ba16.<br \/>\nLa xifra d\u2019habitants a Manresa \u00e9s de 76250 habitants (dades de&hellip;  <a href=\"https:\/\/agora.xtec.cat\/escolalesbases\/lescola\/historia\/\" title=\"Read Hist\u00f2ria\">Llegeix m\u00e9s\u00bb<\/a><\/p>\n","protected":false},"author":1,"featured_media":0,"parent":22,"menu_order":20,"comment_status":"closed","ping_status":"closed","template":"page-templates\/side-menu.php","meta":{"_bbp_topic_count":0,"_bbp_reply_count":0,"_bbp_total_topic_count":0,"_bbp_total_reply_count":0,"_bbp_voice_count":0,"_bbp_anonymous_reply_count":0,"_bbp_topic_count_hidden":0,"_bbp_reply_count_hidden":0,"_bbp_forum_subforum_count":0,"footnotes":""},"class_list":["post-26","page","type-page","status-publish","hentry"],"post_mailing_queue_ids":[],"_links":{"self":[{"href":"https:\/\/agora.xtec.cat\/escolalesbases\/wp-json\/wp\/v2\/pages\/26","targetHints":{"allow":["GET"]}}],"collection":[{"href":"https:\/\/agora.xtec.cat\/escolalesbases\/wp-json\/wp\/v2\/pages"}],"about":[{"href":"https:\/\/agora.xtec.cat\/escolalesbases\/wp-json\/wp\/v2\/types\/page"}],"author":[{"embeddable":true,"href":"https:\/\/agora.xtec.cat\/escolalesbases\/wp-json\/wp\/v2\/users\/1"}],"replies":[{"embeddable":true,"href":"https:\/\/agora.xtec.cat\/escolalesbases\/wp-json\/wp\/v2\/comments?post=26"}],"version-history":[{"count":5,"href":"https:\/\/agora.xtec.cat\/escolalesbases\/wp-json\/wp\/v2\/pages\/26\/revisions"}],"predecessor-version":[{"id":16376,"href":"https:\/\/agora.xtec.cat\/escolalesbases\/wp-json\/wp\/v2\/pages\/26\/revisions\/16376"}],"up":[{"embeddable":true,"href":"https:\/\/agora.xtec.cat\/escolalesbases\/wp-json\/wp\/v2\/pages\/22"}],"wp:attachment":[{"href":"https:\/\/agora.xtec.cat\/escolalesbases\/wp-json\/wp\/v2\/media?parent=26"}],"curies":[{"name":"wp","href":"https:\/\/api.w.org\/{rel}","templated":true}]}}