{"id":15691,"date":"2024-04-30T12:40:28","date_gmt":"2024-04-30T10:40:28","guid":{"rendered":"https:\/\/agora.xtec.cat\/escolalesbases\/?page_id=15691"},"modified":"2025-11-28T16:13:45","modified_gmt":"2025-11-28T15:13:45","slug":"nofc","status":"publish","type":"page","link":"https:\/\/agora.xtec.cat\/escolalesbases\/nofc\/","title":{"rendered":"NOFC"},"content":{"rendered":"<p>RESUM DE LES NOFC<\/p>\n<p>1. Finalitat de les NOFC<br \/>\nLes NOFC estableixen les directrius organitzatives, pedag\u00f2giques i de conviv\u00e8ncia del centre per<br \/>\ngarantir un funcionament eficient i un clima educatiu positiu.<\/p>\n<p>2. Projecte Educatiu de Centre (PEC)<br \/>\n&#8211; Assegura l\u2019autonomia de gesti\u00f3, objectius i adaptaci\u00f3 al context.<br \/>\n&#8211; Garanteix la participaci\u00f3 de la comunitat educativa i impulsa la innovaci\u00f3.<br \/>\n&#8211; Revisi\u00f3 completa cada 10 anys; concreci\u00f3 anual a la PGA.<\/p>\n<p>3. Estructura organitzativa<br \/>\nn\u2022 \u00d2rgans unipersonals: Directora, Cap d\u2019Estudis, Secret\u00e0ria.<br \/>\nn\u2022 \u00d2rgans col\u00b7legiats: Consell Escolar, Claustre, Equip Directiu.<br \/>\nn\u2022 \u00d2rgans de coordinaci\u00f3: coordinadores de cicle, TAC, ling\u00fc\u00edstica i PRL.<\/p>\n<p>4. Organitzaci\u00f3 pedag\u00f2gica<br \/>\nInclou equips docents de comunitat, comissi\u00f3 d\u2019avaluaci\u00f3, acci\u00f3 tutorial, atenci\u00f3 a la diversitat,<br \/>\nmestres especialistes i organitzaci\u00f3 de l\u2019alumnat.<\/p>\n<p>5. Conviv\u00e8ncia<br \/>\nn\u2022 Normes de conviv\u00e8ncia i mesures correctores segons LEC.<br \/>\nn\u2022 Regulaci\u00f3 de dispositius electr\u00f2nics.<br \/>\nn\u2022 Quota de material aprovada pel Consell Escolar.<\/p>\n<p>6. Funcionament del centre<br \/>\nn\u2022 Protocols de sortides, retards, visites, abs\u00e8ncies, accidents i higiene.<br \/>\nn\u2022 Servei de menjador gestionat per empresa adjudicat\u00e0ria.<br \/>\nn\u2022 Gesti\u00f3 econ\u00f2mica a c\u00e0rrec de Secretaria (pressupost, compres, sortides).<\/p>\n<p>7. Pati Obert<br \/>\nActivitat organitzada per l\u2019AFA per afavorir socialitzaci\u00f3 i conviv\u00e8ncia. Inclou torns de fam\u00edlies,<br \/>\nreglament d\u2019\u00fas, prohibicions espec\u00edfiques i avaluaci\u00f3 anual.<\/p>\n<p>8. Aprovaci\u00f3 i revisi\u00f3<br \/>\nLes NOFC s\u00f3n elaborades amb aportacions de tota la comunitat educativa, aprovades pel Consell Escolar i registrades als Serveis Territorials.<\/p>\n<p>Per m\u00e9s informaci\u00f3 sobre aquest document us podeu dirigir a secretaria del centre on us el podem fer extensiu.<\/p>\n<p>Darrera aprovaci\u00f3: 25\/06\/2025.<\/p>\n","protected":false},"excerpt":{"rendered":"<p>RESUM DE LES NOFC<br \/>\n1. Finalitat de les NOFC<br \/>\nLes NOFC estableixen les directrius organitzatives, pedag\u00f2giques i de conviv\u00e8ncia del centre per<br \/>\ngarantir un funcionament eficient i un clima educatiu positiu.<br \/>\n2. Projecte Educatiu de Centre (PEC)<br \/>\n&#8211; Assegura l\u2019autonomia de gesti\u00f3, objectius i adaptaci\u00f3 al context.<br \/>\n&#8211; Garanteix la participaci\u00f3&hellip;  <a href=\"https:\/\/agora.xtec.cat\/escolalesbases\/nofc\/\" title=\"Read NOFC\">Llegeix m\u00e9s\u00bb<\/a><\/p>\n","protected":false},"author":4,"featured_media":0,"parent":0,"menu_order":0,"comment_status":"closed","ping_status":"closed","template":"","meta":{"_bbp_topic_count":0,"_bbp_reply_count":0,"_bbp_total_topic_count":0,"_bbp_total_reply_count":0,"_bbp_voice_count":0,"_bbp_anonymous_reply_count":0,"_bbp_topic_count_hidden":0,"_bbp_reply_count_hidden":0,"_bbp_forum_subforum_count":0,"footnotes":""},"class_list":["post-15691","page","type-page","status-publish","hentry"],"post_mailing_queue_ids":[],"_links":{"self":[{"href":"https:\/\/agora.xtec.cat\/escolalesbases\/wp-json\/wp\/v2\/pages\/15691","targetHints":{"allow":["GET"]}}],"collection":[{"href":"https:\/\/agora.xtec.cat\/escolalesbases\/wp-json\/wp\/v2\/pages"}],"about":[{"href":"https:\/\/agora.xtec.cat\/escolalesbases\/wp-json\/wp\/v2\/types\/page"}],"author":[{"embeddable":true,"href":"https:\/\/agora.xtec.cat\/escolalesbases\/wp-json\/wp\/v2\/users\/4"}],"replies":[{"embeddable":true,"href":"https:\/\/agora.xtec.cat\/escolalesbases\/wp-json\/wp\/v2\/comments?post=15691"}],"version-history":[{"count":6,"href":"https:\/\/agora.xtec.cat\/escolalesbases\/wp-json\/wp\/v2\/pages\/15691\/revisions"}],"predecessor-version":[{"id":16933,"href":"https:\/\/agora.xtec.cat\/escolalesbases\/wp-json\/wp\/v2\/pages\/15691\/revisions\/16933"}],"wp:attachment":[{"href":"https:\/\/agora.xtec.cat\/escolalesbases\/wp-json\/wp\/v2\/media?parent=15691"}],"curies":[{"name":"wp","href":"https:\/\/api.w.org\/{rel}","templated":true}]}}