{"id":14603,"date":"2023-07-14T09:51:44","date_gmt":"2023-07-14T07:51:44","guid":{"rendered":"https:\/\/agora.xtec.cat\/escolalesbases\/?page_id=14603"},"modified":"2023-07-14T09:58:12","modified_gmt":"2023-07-14T07:58:12","slug":"diari-destiu","status":"publish","type":"page","link":"https:\/\/agora.xtec.cat\/escolalesbases\/diari-destiu\/","title":{"rendered":"Diari d&#8217;estiu"},"content":{"rendered":"<p>En el seg\u00fcent enlla\u00e7 trobareu tota la informaci\u00f3 que fa relaci\u00f3 al diari que han de fer els alumnes a l&#8217;estiu, tamb\u00e9 hi trobareu les diferents plantilles i, si ho creieu necessari, les podeu descarregar i imprimir:<\/p>\n<p><a href=\"https:\/\/agora.xtec.cat\/escolalesbases\/wp-content\/uploads\/usu307\/2023\/07\/Diari-destiu.pdf\">Diari d&#8217;estiu<\/a><\/p>\n","protected":false},"excerpt":{"rendered":"<p>En el seg\u00fcent enlla\u00e7 trobareu tota la informaci\u00f3 que fa relaci\u00f3 al diari que han de fer els alumnes a l&#8217;estiu, tamb\u00e9 hi trobareu les diferents plantilles i, si ho creieu necessari, les podeu descarregar i imprimir:<br \/>\n<a href=\"https:\/\/agora.xtec.cat\/escolalesbases\/wp-content\/uploads\/usu307\/2023\/07\/Diari-destiu.pdf\">Diari d&#8217;estiu<\/a><\/p>\n","protected":false},"author":4,"featured_media":0,"parent":0,"menu_order":0,"comment_status":"closed","ping_status":"closed","template":"","meta":{"_bbp_topic_count":0,"_bbp_reply_count":0,"_bbp_total_topic_count":0,"_bbp_total_reply_count":0,"_bbp_voice_count":0,"_bbp_anonymous_reply_count":0,"_bbp_topic_count_hidden":0,"_bbp_reply_count_hidden":0,"_bbp_forum_subforum_count":0,"footnotes":""},"class_list":["post-14603","page","type-page","status-publish","hentry"],"post_mailing_queue_ids":[],"_links":{"self":[{"href":"https:\/\/agora.xtec.cat\/escolalesbases\/wp-json\/wp\/v2\/pages\/14603","targetHints":{"allow":["GET"]}}],"collection":[{"href":"https:\/\/agora.xtec.cat\/escolalesbases\/wp-json\/wp\/v2\/pages"}],"about":[{"href":"https:\/\/agora.xtec.cat\/escolalesbases\/wp-json\/wp\/v2\/types\/page"}],"author":[{"embeddable":true,"href":"https:\/\/agora.xtec.cat\/escolalesbases\/wp-json\/wp\/v2\/users\/4"}],"replies":[{"embeddable":true,"href":"https:\/\/agora.xtec.cat\/escolalesbases\/wp-json\/wp\/v2\/comments?post=14603"}],"version-history":[{"count":3,"href":"https:\/\/agora.xtec.cat\/escolalesbases\/wp-json\/wp\/v2\/pages\/14603\/revisions"}],"predecessor-version":[{"id":14609,"href":"https:\/\/agora.xtec.cat\/escolalesbases\/wp-json\/wp\/v2\/pages\/14603\/revisions\/14609"}],"wp:attachment":[{"href":"https:\/\/agora.xtec.cat\/escolalesbases\/wp-json\/wp\/v2\/media?parent=14603"}],"curies":[{"name":"wp","href":"https:\/\/api.w.org\/{rel}","templated":true}]}}