{"id":12611,"date":"2022-06-29T07:04:17","date_gmt":"2022-06-29T05:04:17","guid":{"rendered":"https:\/\/agora.xtec.cat\/escolalesbases\/?page_id=12611"},"modified":"2022-12-13T13:20:41","modified_gmt":"2022-12-13T12:20:41","slug":"diagnosi","status":"publish","type":"page","link":"https:\/\/agora.xtec.cat\/escolalesbases\/estrategia-digital-de-centre\/estrategia-digital\/diagnosi\/","title":{"rendered":"Diagnosi"},"content":{"rendered":"<p>Per a realitzar la diagnosi del centre, s&#8217;ha fet servir l&#8217;eina SELFIE facilitada per la Comissi\u00f3 de la Uni\u00f3 Europea. En aquest estudi han participat tant membres de l&#8217;Equip Directiu, com el\u00a0<span style=\"font-family: inherit; font-size: 1em;\">Claustre del professorat i l&#8217;Alumnat. Per a la redacci\u00f3 dels objectius, tamb\u00e9 s&#8217;ha tingut en compte els resultats de les enquestes contestades per les fam\u00edlies. A continuaci\u00f3, podeu descarregar els resultats d&#8217;aquesta diagnosi:<\/span><\/p>\n<ul>\n<li>Descarrega els resultats del <a href=\"https:\/\/agora.xtec.cat\/escolalesbases\/wp-content\/uploads\/usu307\/2022\/06\/SELFIE.pdf\" target=\"_blank\" rel=\"noopener\">SELFIE<\/a><\/li>\n<\/ul>\n<p>Aquesta DAFO fa refer\u00e8ncia a la diagnosi realitzada mitjan\u00e7ant la Selfie for teachers duta a terme dins del programa European Educatiaon Area del curs 2021-2022<\/p>\n<p>Val a dir que actualment per canvi de personal al centre potser hi hauria petits canvis en els resultats. <a href=\"https:\/\/agora.xtec.cat\/escolalesbases\/wp-content\/uploads\/usu307\/2022\/10\/Captura-de-Pantalla-2022-10-11-a-las-13.35.50.png\"><img loading=\"lazy\" decoding=\"async\" class=\"alignnone size-large wp-image-12905\" src=\"https:\/\/agora.xtec.cat\/escolalesbases\/wp-content\/uploads\/usu307\/2022\/10\/Captura-de-Pantalla-2022-10-11-a-las-13.35.50-1024x543.png\" alt=\"\" width=\"1024\" height=\"543\" srcset=\"https:\/\/agora.xtec.cat\/escolalesbases\/wp-content\/uploads\/usu307\/2022\/10\/Captura-de-Pantalla-2022-10-11-a-las-13.35.50-1024x543.png 1024w, https:\/\/agora.xtec.cat\/escolalesbases\/wp-content\/uploads\/usu307\/2022\/10\/Captura-de-Pantalla-2022-10-11-a-las-13.35.50-300x159.png 300w, https:\/\/agora.xtec.cat\/escolalesbases\/wp-content\/uploads\/usu307\/2022\/10\/Captura-de-Pantalla-2022-10-11-a-las-13.35.50-768x407.png 768w, https:\/\/agora.xtec.cat\/escolalesbases\/wp-content\/uploads\/usu307\/2022\/10\/Captura-de-Pantalla-2022-10-11-a-las-13.35.50.png 1494w\" sizes=\"auto, (max-width: 1024px) 100vw, 1024px\" \/><\/a><\/p>\n<p>La seg\u00fcent fase de l&#8217;Estrat\u00e8gia Digital de Centre \u00e9s la redacci\u00f3 dels <a href=\"https:\/\/agora.xtec.cat\/escolalesbases\/estrategia-digital-de-centre\/estrategia-digital\/objectius\/\">objectius<\/a>.<\/p>\n","protected":false},"excerpt":{"rendered":"<p>Per a realitzar la diagnosi del centre, s&#8217;ha fet servir l&#8217;eina SELFIE facilitada per la Comissi\u00f3 de la Uni\u00f3 Europea. En aquest estudi han participat tant membres de l&#8217;Equip Directiu, com el\u00a0Claustre del professorat i l&#8217;Alumnat. Per a la redacci\u00f3 dels objectius, tamb\u00e9 s&#8217;ha tingut&hellip;  <a href=\"https:\/\/agora.xtec.cat\/escolalesbases\/estrategia-digital-de-centre\/estrategia-digital\/diagnosi\/\" title=\"Read Diagnosi\">Llegeix m\u00e9s\u00bb<\/a><\/p>\n","protected":false},"author":1,"featured_media":0,"parent":12607,"menu_order":0,"comment_status":"closed","ping_status":"closed","template":"","meta":{"_bbp_topic_count":0,"_bbp_reply_count":0,"_bbp_total_topic_count":0,"_bbp_total_reply_count":0,"_bbp_voice_count":0,"_bbp_anonymous_reply_count":0,"_bbp_topic_count_hidden":0,"_bbp_reply_count_hidden":0,"_bbp_forum_subforum_count":0,"footnotes":""},"class_list":["post-12611","page","type-page","status-publish","hentry"],"post_mailing_queue_ids":[],"_links":{"self":[{"href":"https:\/\/agora.xtec.cat\/escolalesbases\/wp-json\/wp\/v2\/pages\/12611","targetHints":{"allow":["GET"]}}],"collection":[{"href":"https:\/\/agora.xtec.cat\/escolalesbases\/wp-json\/wp\/v2\/pages"}],"about":[{"href":"https:\/\/agora.xtec.cat\/escolalesbases\/wp-json\/wp\/v2\/types\/page"}],"author":[{"embeddable":true,"href":"https:\/\/agora.xtec.cat\/escolalesbases\/wp-json\/wp\/v2\/users\/1"}],"replies":[{"embeddable":true,"href":"https:\/\/agora.xtec.cat\/escolalesbases\/wp-json\/wp\/v2\/comments?post=12611"}],"version-history":[{"count":3,"href":"https:\/\/agora.xtec.cat\/escolalesbases\/wp-json\/wp\/v2\/pages\/12611\/revisions"}],"predecessor-version":[{"id":13344,"href":"https:\/\/agora.xtec.cat\/escolalesbases\/wp-json\/wp\/v2\/pages\/12611\/revisions\/13344"}],"up":[{"embeddable":true,"href":"https:\/\/agora.xtec.cat\/escolalesbases\/wp-json\/wp\/v2\/pages\/12607"}],"wp:attachment":[{"href":"https:\/\/agora.xtec.cat\/escolalesbases\/wp-json\/wp\/v2\/media?parent=12611"}],"curies":[{"name":"wp","href":"https:\/\/api.w.org\/{rel}","templated":true}]}}