{"id":12607,"date":"2022-06-29T07:03:34","date_gmt":"2022-06-29T05:03:34","guid":{"rendered":"https:\/\/agora.xtec.cat\/escolalesbases\/?page_id=12607"},"modified":"2025-12-02T12:23:47","modified_gmt":"2025-12-02T11:23:47","slug":"estrategia-digital","status":"publish","type":"page","link":"https:\/\/agora.xtec.cat\/escolalesbases\/estrategia-digital-de-centre\/estrategia-digital\/","title":{"rendered":"Estrat\u00e8gia Digital"},"content":{"rendered":"<section id=\"h.37b75f995a9ace2_71\" class=\"yaqOZd lQAHbd\">\n<div class=\"mYVXT\">\n<div class=\"LS81yb VICjCf j5pSsc db35Fc\" tabindex=\"-1\">\n<div class=\"hJDwNd-AhqUyc-uQSCkd Ft7HRd-AhqUyc-uQSCkd purZT-AhqUyc-II5mzb ZcASvf-AhqUyc-II5mzb pSzOP-AhqUyc-qWD73c Ktthjf-AhqUyc-qWD73c JNdkSc SQVYQc\">\n<div class=\"JNdkSc-SmKAyb LkDMRd\">\n<div class=\"\">\n<div class=\"oKdM2c ZZyype Kzv0Me\">\n<div id=\"h.37b75f995a9ace2_68\" class=\"hJDwNd-AhqUyc-uQSCkd Ft7HRd-AhqUyc-uQSCkd jXK9ad D2fZ2 zu5uec OjCsFc dmUFtb wHaque g5GTcb GNzUNc\">\n<div class=\"jXK9ad-SmKAyb\">\n<div class=\"tyJCtd mGzaTb Depvyb baZpAe\">\n<p><span style=\"font-family: inherit; font-size: 1em;\">Aquestes s\u00f3n les fases de l&#8217;Estrat\u00e8gia Digital de Centre. El curs 2021-22 vam constituir la <\/span><a style=\"font-family: inherit; font-size: 1em;\" href=\"https:\/\/agora.xtec.cat\/escolalesbases\/estrategia-digital-de-centre\/cultura-digital\/organitzacio\/\">Comissi\u00f3 TAC<\/a><span style=\"font-family: inherit; font-size: 1em;\">, completar la<\/span><a style=\"font-family: inherit; font-size: 1em;\" href=\"https:\/\/agora.xtec.cat\/escolalesbases\/estrategia-digital-de-centre\/estrategia-digital\/diagnosi\/\"> diagnosi<\/a><span style=\"font-family: inherit; font-size: 1em;\"> i una primera tria dels <\/span><a style=\"font-family: inherit; font-size: 1em;\" href=\"https:\/\/agora.xtec.cat\/escolalesbases\/estrategia-digital-de-centre\/estrategia-digital\/objectius\/\">objectius<\/a><span style=\"font-family: inherit; font-size: 1em;\">. El curs 2025-26 estem treballant la planificaci\u00f3 i seguiment d&#8217;activitats i l&#8217;avaluaci\u00f3, amb l&#8217;objectiu de millorar l&#8217;Estrat\u00e8gia Digital del Centre.<\/span><\/p>\n<div><\/div>\n<div><\/div>\n<\/div>\n<\/div>\n<\/div>\n<\/div>\n<\/div>\n<\/div>\n<\/div>\n<\/div>\n<\/div>\n<\/section>\n<section id=\"h.7d15b598a3b9794d_25\" class=\"yaqOZd\">\n<div class=\"mYVXT\">\n<div class=\"LS81yb VICjCf j5pSsc db35Fc\" tabindex=\"-1\">\n<div class=\"hJDwNd-AhqUyc-uQSCkd Ft7HRd-AhqUyc-uQSCkd purZT-AhqUyc-II5mzb ZcASvf-AhqUyc-II5mzb pSzOP-AhqUyc-qWD73c Ktthjf-AhqUyc-qWD73c JNdkSc SQVYQc\">\n<div class=\"JNdkSc-SmKAyb LkDMRd\">\n<div class=\"\">\n<div class=\"oKdM2c ZZyype Kzv0Me\">\n<div id=\"h.7d15b598a3b9794d_19\" class=\"hJDwNd-AhqUyc-uQSCkd Ft7HRd-AhqUyc-uQSCkd jXK9ad D2fZ2 zu5uec OjCsFc dmUFtb wHaque g5GTcb GNzUNc\">\n<div class=\"jXK9ad-SmKAyb\">\n<div class=\"tyJCtd mGzaTb Depvyb baZpAe\">\n<p><a href=\"https:\/\/agora.xtec.cat\/escolalesbases\/estrategia-digital-de-centre\/estrategia-digital\/diagnosi\/\"><img loading=\"lazy\" decoding=\"async\" class=\"alignnone size-large wp-image-16957\" src=\"https:\/\/agora.xtec.cat\/escolalesbases\/wp-content\/uploads\/usu307\/2025\/12\/6-1024x256.png\" alt=\"\" width=\"1024\" height=\"256\" srcset=\"https:\/\/agora.xtec.cat\/escolalesbases\/wp-content\/uploads\/usu307\/2025\/12\/6-1024x256.png 1024w, https:\/\/agora.xtec.cat\/escolalesbases\/wp-content\/uploads\/usu307\/2025\/12\/6-300x75.png 300w, https:\/\/agora.xtec.cat\/escolalesbases\/wp-content\/uploads\/usu307\/2025\/12\/6-768x192.png 768w, https:\/\/agora.xtec.cat\/escolalesbases\/wp-content\/uploads\/usu307\/2025\/12\/6-1536x384.png 1536w, https:\/\/agora.xtec.cat\/escolalesbases\/wp-content\/uploads\/usu307\/2025\/12\/6.png 1584w\" sizes=\"auto, (max-width: 1024px) 100vw, 1024px\" \/><\/a><\/p>\n<p><a href=\"https:\/\/agora.xtec.cat\/escolalesbases\/estrategia-digital-de-centre\/estrategia-digital\/objectius\/\"><img loading=\"lazy\" decoding=\"async\" class=\"alignnone size-large wp-image-16958\" src=\"https:\/\/agora.xtec.cat\/escolalesbases\/wp-content\/uploads\/usu307\/2025\/12\/7-1024x256.png\" alt=\"\" width=\"1024\" height=\"256\" srcset=\"https:\/\/agora.xtec.cat\/escolalesbases\/wp-content\/uploads\/usu307\/2025\/12\/7-1024x256.png 1024w, https:\/\/agora.xtec.cat\/escolalesbases\/wp-content\/uploads\/usu307\/2025\/12\/7-300x75.png 300w, https:\/\/agora.xtec.cat\/escolalesbases\/wp-content\/uploads\/usu307\/2025\/12\/7-768x192.png 768w, https:\/\/agora.xtec.cat\/escolalesbases\/wp-content\/uploads\/usu307\/2025\/12\/7-1536x384.png 1536w, https:\/\/agora.xtec.cat\/escolalesbases\/wp-content\/uploads\/usu307\/2025\/12\/7.png 1584w\" sizes=\"auto, (max-width: 1024px) 100vw, 1024px\" \/><\/a><\/p>\n<p><a href=\"https:\/\/agora.xtec.cat\/escolalesbases\/wp-content\/uploads\/usu307\/2025\/12\/8.png\"><img loading=\"lazy\" decoding=\"async\" class=\"alignnone size-large wp-image-16959\" src=\"https:\/\/agora.xtec.cat\/escolalesbases\/wp-content\/uploads\/usu307\/2025\/12\/8-1024x256.png\" alt=\"\" width=\"1024\" height=\"256\" srcset=\"https:\/\/agora.xtec.cat\/escolalesbases\/wp-content\/uploads\/usu307\/2025\/12\/8-1024x256.png 1024w, https:\/\/agora.xtec.cat\/escolalesbases\/wp-content\/uploads\/usu307\/2025\/12\/8-300x75.png 300w, https:\/\/agora.xtec.cat\/escolalesbases\/wp-content\/uploads\/usu307\/2025\/12\/8-768x192.png 768w, https:\/\/agora.xtec.cat\/escolalesbases\/wp-content\/uploads\/usu307\/2025\/12\/8-1536x384.png 1536w, https:\/\/agora.xtec.cat\/escolalesbases\/wp-content\/uploads\/usu307\/2025\/12\/8.png 1584w\" sizes=\"auto, (max-width: 1024px) 100vw, 1024px\" \/><\/a><\/p>\n<p><a href=\"https:\/\/agora.xtec.cat\/escolalesbases\/wp-content\/uploads\/usu307\/2025\/12\/9.png\"><img loading=\"lazy\" decoding=\"async\" class=\"alignnone size-large wp-image-16960\" src=\"https:\/\/agora.xtec.cat\/escolalesbases\/wp-content\/uploads\/usu307\/2025\/12\/9-1024x256.png\" alt=\"\" width=\"1024\" height=\"256\" srcset=\"https:\/\/agora.xtec.cat\/escolalesbases\/wp-content\/uploads\/usu307\/2025\/12\/9-1024x256.png 1024w, https:\/\/agora.xtec.cat\/escolalesbases\/wp-content\/uploads\/usu307\/2025\/12\/9-300x75.png 300w, https:\/\/agora.xtec.cat\/escolalesbases\/wp-content\/uploads\/usu307\/2025\/12\/9-768x192.png 768w, https:\/\/agora.xtec.cat\/escolalesbases\/wp-content\/uploads\/usu307\/2025\/12\/9-1536x384.png 1536w, https:\/\/agora.xtec.cat\/escolalesbases\/wp-content\/uploads\/usu307\/2025\/12\/9.png 1584w\" sizes=\"auto, (max-width: 1024px) 100vw, 1024px\" \/><\/a><\/p>\n<\/div>\n<\/div>\n<\/div>\n<\/div>\n<\/div>\n<\/div>\n<\/div>\n<\/div>\n<\/div>\n<\/section>\n","protected":false},"excerpt":{"rendered":"<p>Aquestes s\u00f3n les fases de l&#8217;Estrat\u00e8gia Digital de Centre. El curs 2021-22 vam constituir la <a style=\"font-family: inherit; font-size: 1em;\" href=\"https:\/\/agora.xtec.cat\/escolalesbases\/estrategia-digital-de-centre\/cultura-digital\/organitzacio\/\">Comissi\u00f3 TAC<\/a>, completar la<a style=\"font-family: inherit; font-size: 1em;\" href=\"https:\/\/agora.xtec.cat\/escolalesbases\/estrategia-digital-de-centre\/estrategia-digital\/diagnosi\/\"> diagnosi<\/a> i una primera tria dels <a style=\"font-family: inherit; font-size: 1em;\" href=\"https:\/\/agora.xtec.cat\/escolalesbases\/estrategia-digital-de-centre\/estrategia-digital\/objectius\/\">objectius<\/a>. El curs 2025-26 estem&hellip;  <a href=\"https:\/\/agora.xtec.cat\/escolalesbases\/estrategia-digital-de-centre\/estrategia-digital\/\" title=\"Read Estrat\u00e8gia Digital\">Llegeix m\u00e9s\u00bb<\/a><\/p>\n","protected":false},"author":1,"featured_media":0,"parent":12604,"menu_order":0,"comment_status":"closed","ping_status":"closed","template":"","meta":{"_bbp_topic_count":0,"_bbp_reply_count":0,"_bbp_total_topic_count":0,"_bbp_total_reply_count":0,"_bbp_voice_count":0,"_bbp_anonymous_reply_count":0,"_bbp_topic_count_hidden":0,"_bbp_reply_count_hidden":0,"_bbp_forum_subforum_count":0,"footnotes":""},"class_list":["post-12607","page","type-page","status-publish","hentry"],"post_mailing_queue_ids":[],"_links":{"self":[{"href":"https:\/\/agora.xtec.cat\/escolalesbases\/wp-json\/wp\/v2\/pages\/12607","targetHints":{"allow":["GET"]}}],"collection":[{"href":"https:\/\/agora.xtec.cat\/escolalesbases\/wp-json\/wp\/v2\/pages"}],"about":[{"href":"https:\/\/agora.xtec.cat\/escolalesbases\/wp-json\/wp\/v2\/types\/page"}],"author":[{"embeddable":true,"href":"https:\/\/agora.xtec.cat\/escolalesbases\/wp-json\/wp\/v2\/users\/1"}],"replies":[{"embeddable":true,"href":"https:\/\/agora.xtec.cat\/escolalesbases\/wp-json\/wp\/v2\/comments?post=12607"}],"version-history":[{"count":7,"href":"https:\/\/agora.xtec.cat\/escolalesbases\/wp-json\/wp\/v2\/pages\/12607\/revisions"}],"predecessor-version":[{"id":16963,"href":"https:\/\/agora.xtec.cat\/escolalesbases\/wp-json\/wp\/v2\/pages\/12607\/revisions\/16963"}],"up":[{"embeddable":true,"href":"https:\/\/agora.xtec.cat\/escolalesbases\/wp-json\/wp\/v2\/pages\/12604"}],"wp:attachment":[{"href":"https:\/\/agora.xtec.cat\/escolalesbases\/wp-json\/wp\/v2\/media?parent=12607"}],"curies":[{"name":"wp","href":"https:\/\/api.w.org\/{rel}","templated":true}]}}