{"id":7526,"date":"2025-05-09T11:09:27","date_gmt":"2025-05-09T09:09:27","guid":{"rendered":"https:\/\/agora.xtec.cat\/escolalesarrels\/?page_id=7526"},"modified":"2026-03-03T16:29:40","modified_gmt":"2026-03-03T15:29:40","slug":"llista-ordenada","status":"publish","type":"page","link":"https:\/\/agora.xtec.cat\/escolalesarrels\/preinscripcio-20-21\/llista-ordenada\/","title":{"rendered":"Llista ordenada"},"content":{"rendered":"<p><strong>El 29 d&#8217;abril de 2026: llista ordenada<\/strong><\/p>\n<div class=\"bloc-mobil\">\n<div class=\"descripcio link-dotted\">\n<p>Despr\u00e9s del sorteig, s&#8217;elabora la llista de sol\u00b7licituds per a l&#8217;assignaci\u00f3 de places. En aquest cas, la llista ja no s&#8217;ordena alfab\u00e8ticament, sin\u00f3 tenint en compte les puntuacions de cada sol\u00b7licitud, de m\u00e9s a menys.<\/p>\n<\/div>\n<\/div>\n","protected":false},"excerpt":{"rendered":"<p>El 29 d&#8217;abril de 2026: llista ordenada Despr\u00e9s del sorteig, s&#8217;elabora la llista de sol\u00b7licituds per a l&#8217;assignaci\u00f3 de places. En aquest cas, la llista ja no s&#8217;ordena alfab\u00e8ticament, sin\u00f3 tenint en compte les puntuacions de cada sol\u00b7licitud, de m\u00e9s a menys.<\/p>\n","protected":false},"author":3,"featured_media":0,"parent":1752,"menu_order":8,"comment_status":"closed","ping_status":"closed","template":"","meta":{"_bbp_topic_count":0,"_bbp_reply_count":0,"_bbp_total_topic_count":0,"_bbp_total_reply_count":0,"_bbp_voice_count":0,"_bbp_anonymous_reply_count":0,"_bbp_topic_count_hidden":0,"_bbp_reply_count_hidden":0,"_bbp_forum_subforum_count":0,"site-sidebar-layout":"default","site-content-layout":"","ast-site-content-layout":"default","site-content-style":"default","site-sidebar-style":"default","ast-global-header-display":"","ast-banner-title-visibility":"","ast-main-header-display":"","ast-hfb-above-header-display":"","ast-hfb-below-header-display":"","ast-hfb-mobile-header-display":"","site-post-title":"","ast-breadcrumbs-content":"","ast-featured-img":"","footer-sml-layout":"","theme-transparent-header-meta":"default","adv-header-id-meta":"","stick-header-meta":"","header-above-stick-meta":"","header-main-stick-meta":"","header-below-stick-meta":"","astra-migrate-meta-layouts":"set","ast-page-background-enabled":"default","ast-page-background-meta":{"desktop":{"background-color":"var(--ast-global-color-4)","background-image":"","background-repeat":"repeat","background-position":"center center","background-size":"auto","background-attachment":"scroll","background-type":"","background-media":"","overlay-type":"","overlay-color":"","overlay-opacity":"","overlay-gradient":""},"tablet":{"background-color":"","background-image":"","background-repeat":"repeat","background-position":"center center","background-size":"auto","background-attachment":"scroll","background-type":"","background-media":"","overlay-type":"","overlay-color":"","overlay-opacity":"","overlay-gradient":""},"mobile":{"background-color":"","background-image":"","background-repeat":"repeat","background-position":"center center","background-size":"auto","background-attachment":"scroll","background-type":"","background-media":"","overlay-type":"","overlay-color":"","overlay-opacity":"","overlay-gradient":""}},"ast-content-background-meta":{"desktop":{"background-color":"var(--ast-global-color-5)","background-image":"","background-repeat":"repeat","background-position":"center center","background-size":"auto","background-attachment":"scroll","background-type":"","background-media":"","overlay-type":"","overlay-color":"","overlay-opacity":"","overlay-gradient":""},"tablet":{"background-color":"var(--ast-global-color-5)","background-image":"","background-repeat":"repeat","background-position":"center center","background-size":"auto","background-attachment":"scroll","background-type":"","background-media":"","overlay-type":"","overlay-color":"","overlay-opacity":"","overlay-gradient":""},"mobile":{"background-color":"var(--ast-global-color-5)","background-image":"","background-repeat":"repeat","background-position":"center center","background-size":"auto","background-attachment":"scroll","background-type":"","background-media":"","overlay-type":"","overlay-color":"","overlay-opacity":"","overlay-gradient":""}},"footnotes":""},"class_list":["post-7526","page","type-page","status-publish","hentry"],"post_mailing_queue_ids":[],"_links":{"self":[{"href":"https:\/\/agora.xtec.cat\/escolalesarrels\/wp-json\/wp\/v2\/pages\/7526","targetHints":{"allow":["GET"]}}],"collection":[{"href":"https:\/\/agora.xtec.cat\/escolalesarrels\/wp-json\/wp\/v2\/pages"}],"about":[{"href":"https:\/\/agora.xtec.cat\/escolalesarrels\/wp-json\/wp\/v2\/types\/page"}],"author":[{"embeddable":true,"href":"https:\/\/agora.xtec.cat\/escolalesarrels\/wp-json\/wp\/v2\/users\/3"}],"replies":[{"embeddable":true,"href":"https:\/\/agora.xtec.cat\/escolalesarrels\/wp-json\/wp\/v2\/comments?post=7526"}],"version-history":[{"count":3,"href":"https:\/\/agora.xtec.cat\/escolalesarrels\/wp-json\/wp\/v2\/pages\/7526\/revisions"}],"predecessor-version":[{"id":8429,"href":"https:\/\/agora.xtec.cat\/escolalesarrels\/wp-json\/wp\/v2\/pages\/7526\/revisions\/8429"}],"up":[{"embeddable":true,"href":"https:\/\/agora.xtec.cat\/escolalesarrels\/wp-json\/wp\/v2\/pages\/1752"}],"wp:attachment":[{"href":"https:\/\/agora.xtec.cat\/escolalesarrels\/wp-json\/wp\/v2\/media?parent=7526"}],"curies":[{"name":"wp","href":"https:\/\/api.w.org\/{rel}","templated":true}]}}