{"id":36,"date":"2014-09-18T12:33:11","date_gmt":"2014-09-18T11:33:11","guid":{"rendered":"http:\/\/agora.xtec.cat\/escolalesarrels\/?page_id=36"},"modified":"2022-06-27T13:31:59","modified_gmt":"2022-06-27T11:31:59","slug":"material-escolar","status":"publish","type":"page","link":"https:\/\/agora.xtec.cat\/escolalesarrels\/lescola\/material-escolar\/","title":{"rendered":"Material escolar"},"content":{"rendered":"<p><strong>QUOTA ANUAL<\/strong><\/p>\n<p>A principi de cada curs escolar s&#8217;ha de pagar una quota\u00a0 de <span style=\"color: #339966;\"><span style=\"font-size: x-large;\">120,00\u20ac<\/span><\/span>. Aquesta quota anual es paga en concepte de material fungible, quaderns, material digital i serveis inform\u00e0tics, fotoc\u00f2pies i sortides escolars.<\/p>\n<p><span style=\"vertical-align: super; font-size: 1em;\">Les fam\u00edlies nombroses o monoparentals se&#8217;ls aplica un descompte a la quota per a aquestes fam\u00edlies \u00e9s de <span style=\"color: #339966;\"><span style=\"font-size: x-large;\">105,00\u20ac.<\/span><\/span><\/span><\/p>\n<h5 style=\"text-align: center;\">RECORDATORI: NO S&#8217;ACCEPTARAN DINERS EN EFECTIU<\/h5>\n<p>&nbsp;<\/p>\n<p><strong>MATERIAL QUE CAL PORTAR A INICI DE CURS<\/strong><\/p>\n<p><strong>\u00a0<\/strong><\/p>\n<p><a href=\"https:\/\/drive.google.com\/file\/d\/1H8DpNtzBOrXY4FsZ-nmUNgAhMBFlMN2V\/view?usp=sharing\">\u00a0 \u00a0 \u00a0Cicle Inicial<\/a> (1r i 2n) \u00a0\u00a0 <span style=\"font-size: small;\"><a href=\"https:\/\/drive.google.com\/file\/d\/1DKjieMt_mun4wttGbLqd_T6VL8IGybb0\/view?usp=sharing\">amb imatge<\/a><\/span><\/p>\n<p><a href=\"https:\/\/drive.google.com\/file\/d\/1H8DpNtzBOrXY4FsZ-nmUNgAhMBFlMN2V\/view?usp=sharing\">\u00a0 \u00a0 \u00a0Cicle Mitj\u00e0<\/a> (3r i 4t)<\/p>\n<p><a href=\"https:\/\/drive.google.com\/file\/d\/1awSP_wok3UZdaX6OXpdHKNhRzM-_PsEu\/view?usp=sharing\">\u00a0 \u00a0 \u00a0Cicle Superior<\/a> (5\u00e8 i 6\u00e8)<\/p>\n<p>&nbsp;<\/p>\n<p><strong>LLIBRES I QUADERNETS QUE ES TREBALLARAN A LES AULES<\/strong><\/p>\n<p>&nbsp;<\/p>\n<ul>\n<li><strong>Cicle Mitj\u00e0<\/strong>\n<ul>\n<li style=\"font-weight: 400;\"><span style=\"font-weight: 400;\">Quadernets Set i Mig i Vuit i Mig<\/span><\/li>\n<li>Quadern Supercompetents Catal\u00e0 Cru\u00eflla<\/li>\n<li>Quadern Supercompetents Matem\u00e0tiques Cru\u00eflla<\/li>\n<li>3 llibres de lectura grupal<\/li>\n<li style=\"font-weight: 400;\"><span style=\"font-weight: 400;\">Llibres de la biblioteca de l\u2019escola i la biblioteca d\u2019aula.<\/span><\/li>\n<\/ul>\n<\/li>\n<\/ul>\n<p>&nbsp;<\/p>\n<ul>\n<li><strong>Cicle Superior<\/strong>\n<ul>\n<li style=\"font-weight: 400;\"><span style=\"font-weight: 400;\">Quadernets Set i Mig i Vuit i Mig i Nou i Mig<\/span><\/li>\n<li>Quadern Supercompetents Catal\u00e0 Cru\u00eflla<\/li>\n<li>Quadern Supercompetents Matem\u00e0tiques Cru\u00eflla<\/li>\n<li>3 llibres de lectura grupal<\/li>\n<li style=\"font-weight: 400;\"><span style=\"font-weight: 400;\">Llibres de la biblioteca de l\u2019escola i la biblioteca d\u2019aula.<\/span><\/li>\n<\/ul>\n<\/li>\n<\/ul>\n","protected":false},"excerpt":{"rendered":"<p>QUOTA ANUAL A principi de cada curs escolar s&#8217;ha de pagar una quota\u00a0 de 120,00\u20ac. Aquesta quota anual es paga en concepte de material fungible, quaderns, material digital i serveis inform\u00e0tics, fotoc\u00f2pies i sortides escolars. Les fam\u00edlies nombroses o monoparentals se&#8217;ls aplica un descompte a la quota per a aquestes fam\u00edlies \u00e9s de 105,00\u20ac. RECORDATORI: [&hellip;]<\/p>\n","protected":false},"author":1,"featured_media":0,"parent":22,"menu_order":70,"comment_status":"closed","ping_status":"closed","template":"page-templates\/side-menu.php","meta":{"_bbp_topic_count":0,"_bbp_reply_count":0,"_bbp_total_topic_count":0,"_bbp_total_reply_count":0,"_bbp_voice_count":0,"_bbp_anonymous_reply_count":0,"_bbp_topic_count_hidden":0,"_bbp_reply_count_hidden":0,"_bbp_forum_subforum_count":0,"site-sidebar-layout":"default","site-content-layout":"","ast-site-content-layout":"","site-content-style":"default","site-sidebar-style":"default","ast-global-header-display":"","ast-banner-title-visibility":"","ast-main-header-display":"","ast-hfb-above-header-display":"","ast-hfb-below-header-display":"","ast-hfb-mobile-header-display":"","site-post-title":"","ast-breadcrumbs-content":"","ast-featured-img":"","footer-sml-layout":"","theme-transparent-header-meta":"","adv-header-id-meta":"","stick-header-meta":"","header-above-stick-meta":"","header-main-stick-meta":"","header-below-stick-meta":"","astra-migrate-meta-layouts":"default","ast-page-background-enabled":"default","ast-page-background-meta":{"desktop":{"background-color":"var(--ast-global-color-4)","background-image":"","background-repeat":"repeat","background-position":"center center","background-size":"auto","background-attachment":"scroll","background-type":"","background-media":"","overlay-type":"","overlay-color":"","overlay-opacity":"","overlay-gradient":""},"tablet":{"background-color":"","background-image":"","background-repeat":"repeat","background-position":"center center","background-size":"auto","background-attachment":"scroll","background-type":"","background-media":"","overlay-type":"","overlay-color":"","overlay-opacity":"","overlay-gradient":""},"mobile":{"background-color":"","background-image":"","background-repeat":"repeat","background-position":"center center","background-size":"auto","background-attachment":"scroll","background-type":"","background-media":"","overlay-type":"","overlay-color":"","overlay-opacity":"","overlay-gradient":""}},"ast-content-background-meta":{"desktop":{"background-color":"var(--ast-global-color-5)","background-image":"","background-repeat":"repeat","background-position":"center center","background-size":"auto","background-attachment":"scroll","background-type":"","background-media":"","overlay-type":"","overlay-color":"","overlay-opacity":"","overlay-gradient":""},"tablet":{"background-color":"var(--ast-global-color-5)","background-image":"","background-repeat":"repeat","background-position":"center center","background-size":"auto","background-attachment":"scroll","background-type":"","background-media":"","overlay-type":"","overlay-color":"","overlay-opacity":"","overlay-gradient":""},"mobile":{"background-color":"var(--ast-global-color-5)","background-image":"","background-repeat":"repeat","background-position":"center center","background-size":"auto","background-attachment":"scroll","background-type":"","background-media":"","overlay-type":"","overlay-color":"","overlay-opacity":"","overlay-gradient":""}},"footnotes":""},"class_list":["post-36","page","type-page","status-publish","hentry"],"post_mailing_queue_ids":[],"_links":{"self":[{"href":"https:\/\/agora.xtec.cat\/escolalesarrels\/wp-json\/wp\/v2\/pages\/36","targetHints":{"allow":["GET"]}}],"collection":[{"href":"https:\/\/agora.xtec.cat\/escolalesarrels\/wp-json\/wp\/v2\/pages"}],"about":[{"href":"https:\/\/agora.xtec.cat\/escolalesarrels\/wp-json\/wp\/v2\/types\/page"}],"author":[{"embeddable":true,"href":"https:\/\/agora.xtec.cat\/escolalesarrels\/wp-json\/wp\/v2\/users\/1"}],"replies":[{"embeddable":true,"href":"https:\/\/agora.xtec.cat\/escolalesarrels\/wp-json\/wp\/v2\/comments?post=36"}],"version-history":[{"count":4,"href":"https:\/\/agora.xtec.cat\/escolalesarrels\/wp-json\/wp\/v2\/pages\/36\/revisions"}],"predecessor-version":[{"id":3920,"href":"https:\/\/agora.xtec.cat\/escolalesarrels\/wp-json\/wp\/v2\/pages\/36\/revisions\/3920"}],"up":[{"embeddable":true,"href":"https:\/\/agora.xtec.cat\/escolalesarrels\/wp-json\/wp\/v2\/pages\/22"}],"wp:attachment":[{"href":"https:\/\/agora.xtec.cat\/escolalesarrels\/wp-json\/wp\/v2\/media?parent=36"}],"curies":[{"name":"wp","href":"https:\/\/api.w.org\/{rel}","templated":true}]}}