{"id":34,"date":"2014-09-18T12:32:18","date_gmt":"2014-09-18T11:32:18","guid":{"rendered":"http:\/\/agora.xtec.cat\/escolalesarrels\/?page_id=34"},"modified":"2024-01-25T15:24:57","modified_gmt":"2024-01-25T14:24:57","slug":"oferta-educativa","status":"publish","type":"page","link":"https:\/\/agora.xtec.cat\/escolalesarrels\/lescola\/oferta-educativa\/","title":{"rendered":"Oferta educativa"},"content":{"rendered":"<p><span style=\"font-weight: 400;\">La nostra escola ofereix un ventall metodol\u00f2gic ampli per tal que <\/span><b>l\u2019infant aprengui, sigui competent i feli\u00e7.<\/b><span style=\"font-weight: 400;\"> Des dels inicis del nostre centre, a l\u2019educaci\u00f3 infantil i a prim\u00e0ria hem treballat per aules tem\u00e0tiques, projectes i agrupaments flexibles.\u00a0<\/span><\/p>\n<p><span style=\"font-weight: 400;\">L\u2019<\/span><b>educaci\u00f3 infantil<\/b><span style=\"font-weight: 400;\">\u00a0afavoreix el desenvolupament de les capacitats permetent als nens i a les nenes cr\u00e9ixer integralment com a persones en el m\u00f3n actual, amb uns aprenentatges continuats i progressius a partir de les rutines, el treball per aules tem\u00e0tiques i la realitzaci\u00f3 de tallers.<\/span><\/p>\n<p><span style=\"font-weight: 400;\">Continuant a\u00a0l\u2019<\/span><b>educaci\u00f3 prim\u00e0ria<\/b><span style=\"font-weight: 400;\">\u00a0amb uns aprenentatges comprensius i funcionals on l\u2019alumnat \u00e9s protagonista del seu proc\u00e9s, amb activitats properes, interessants, creatives i engrescadores utilitzant diferents recursos i atenent els diferents ritmes de treball i amb\u00a0 diferents tipus d\u2019agrupaments.<\/span><\/p>\n<p><span style=\"font-weight: 400;\">Els <\/span><b>projectes <\/b><span style=\"font-weight: 400;\">que defineixen la nostra escola son:\u00a0<\/span><\/p>\n<ul>\n<li aria-level=\"1\"><b>Pla digital de centre.<\/b><\/li>\n<\/ul>\n<ul>\n<li aria-level=\"1\"><b>R\u00e0dio S\u2019cool.<\/b><\/li>\n<\/ul>\n<ul>\n<li aria-level=\"1\"><b>Aprenentatge i servei.<\/b><\/li>\n<\/ul>\n<ul>\n<li aria-level=\"1\"><b>Biblioteca.<\/b><\/li>\n<\/ul>\n<ul>\n<li aria-level=\"1\"><b>Estima Salt!<\/b><\/li>\n<\/ul>\n<ul>\n<li aria-level=\"1\"><b>Teatre escolar.<\/b><\/li>\n<\/ul>\n<ul>\n<li aria-level=\"1\"><b>Consell d\u2019alumnes.<\/b><\/li>\n<\/ul>\n\r\n\t<div class=\"slideshow_container slideshow_container_style-light\" style=\"height: 300px; \" data-slideshow-id=\"5714\" data-style-name=\"style-light\" data-style-version=\"2.3.1\" >\r\n\r\n\t\t\t\t\t<div class=\"slideshow_loading_icon\"><\/div>\r\n\t\t\r\n\t\t<div class=\"slideshow_content\" style=\"display: none;\">\r\n\r\n\t\t\t<div class=\"slideshow_view\">\r\n\t\t\t\t<div class=\"slideshow_slide slideshow_slide_image\">\r\n\t\t\t\t\t\t\t\t\t\t\t<img src=\"https:\/\/agora.xtec.cat\/escolalesarrels\/wp-content\/uploads\/usu1706\/2024\/01\/Foto-1.jpg\" alt=\"Foto 1\" width=\"757\" height=\"566\" \/>\r\n\t\t\t\t\t\t\t\t\t\t<div class=\"slideshow_description_box slideshow_transparent\">\r\n\t\t\t\t\t\t<div class=\"slideshow_title\">Foto 1<\/div>\t\t\t\t\t\t\t\t\t\t\t<\/div>\r\n\t\t\t\t<\/div>\r\n\r\n\t\t\t\t\t\t<div style=\"clear: both;\"><\/div><\/div><div class=\"slideshow_view\">\r\n\t\t\t\t<div class=\"slideshow_slide slideshow_slide_image\">\r\n\t\t\t\t\t\t\t\t\t\t\t<img src=\"https:\/\/agora.xtec.cat\/escolalesarrels\/wp-content\/uploads\/usu1706\/2024\/01\/Foto-5.jpg\" alt=\"Foto 5\" width=\"401\" height=\"533\" \/>\r\n\t\t\t\t\t\t\t\t\t\t<div class=\"slideshow_description_box slideshow_transparent\">\r\n\t\t\t\t\t\t<div class=\"slideshow_title\">Foto 5<\/div>\t\t\t\t\t\t\t\t\t\t\t<\/div>\r\n\t\t\t\t<\/div>\r\n\r\n\t\t\t\t\t\t<div style=\"clear: both;\"><\/div><\/div><div class=\"slideshow_view\">\r\n\t\t\t\t<div class=\"slideshow_slide slideshow_slide_image\">\r\n\t\t\t\t\t\t\t\t\t\t\t<img src=\"https:\/\/agora.xtec.cat\/escolalesarrels\/wp-content\/uploads\/usu1706\/2024\/01\/Foto-4.jpg\" alt=\"Foto 4\" width=\"420\" height=\"562\" \/>\r\n\t\t\t\t\t\t\t\t\t\t<div class=\"slideshow_description_box slideshow_transparent\">\r\n\t\t\t\t\t\t<div class=\"slideshow_title\">Foto 4<\/div>\t\t\t\t\t\t\t\t\t\t\t<\/div>\r\n\t\t\t\t<\/div>\r\n\r\n\t\t\t\t\t\t<div style=\"clear: both;\"><\/div><\/div><div class=\"slideshow_view\">\r\n\t\t\t\t<div class=\"slideshow_slide slideshow_slide_image\">\r\n\t\t\t\t\t\t\t\t\t\t\t<img src=\"https:\/\/agora.xtec.cat\/escolalesarrels\/wp-content\/uploads\/usu1706\/2024\/01\/Foto-2.jpg\" alt=\"Foto 2\" width=\"534\" height=\"537\" \/>\r\n\t\t\t\t\t\t\t\t\t\t<div class=\"slideshow_description_box slideshow_transparent\">\r\n\t\t\t\t\t\t<div class=\"slideshow_title\">Foto 2<\/div>\t\t\t\t\t\t\t\t\t\t\t<\/div>\r\n\t\t\t\t<\/div>\r\n\r\n\t\t\t\t\t\t<div style=\"clear: both;\"><\/div><\/div><div class=\"slideshow_view\">\r\n\t\t\t\t<div class=\"slideshow_slide slideshow_slide_image\">\r\n\t\t\t\t\t\t\t\t\t\t\t<img src=\"https:\/\/agora.xtec.cat\/escolalesarrels\/wp-content\/uploads\/usu1706\/2024\/01\/Foto-3.jpg\" alt=\"Foto 3\" width=\"501\" height=\"283\" \/>\r\n\t\t\t\t\t\t\t\t\t\t<div class=\"slideshow_description_box slideshow_transparent\">\r\n\t\t\t\t\t\t<div class=\"slideshow_title\">Foto 3<\/div>\t\t\t\t\t\t\t\t\t\t\t<\/div>\r\n\t\t\t\t<\/div>\r\n\r\n\t\t\t\t\t\t<div style=\"clear: both;\"><\/div><\/div>\r\n\t\t<\/div>\r\n\r\n\t\t<div class=\"slideshow_controlPanel slideshow_transparent\" style=\"display: none;\"><ul><li class=\"slideshow_togglePlay\" data-play-text=\"Visualitza\" data-pause-text=\"Pausa\"><\/li><\/ul><\/div>\r\n\r\n\t\t<div class=\"slideshow_button slideshow_previous slideshow_transparent\" role=\"button\" data-previous-text=\"Anterior\" style=\"display: none;\"><\/div>\r\n\t\t<div class=\"slideshow_button slideshow_next slideshow_transparent\" role=\"button\" data-next-text=\"Seg\u00fcent\" style=\"display: none;\"><\/div>\r\n\r\n\t\t<div class=\"slideshow_pagination\" style=\"display: none;\" data-go-to-text=\"V\u00e9s a la diapositiva\"><div class=\"slideshow_pagination_center\"><\/div><\/div>\r\n\r\n\t\t<!-- WordPress Slideshow Version 2.3.1 -->\r\n\r\n\t\t\t<\/div>\r\n\r\n\n<p><span style=\"font-weight: 400;\">L\u2019equip docent de la nostra escola treballa amb la finalitat d\u2019educar i formar els\/les nostres alumnes en uns valors que creiem primordials.<\/span><\/p>\n<p><span style=\"font-weight: 400;\">Treballem els seg\u00fcents trets i valors:<\/span><\/p>\n<p><b>PLURILING\u00dcE\u00a0 \u00a0 \u00a0 \u00a0 \u00a0 \u00a0 \u00a0 \u00a0 \u00a0 \u00a0 \u00a0 \u00a0 \u00a0 \u00a0 \u00a0 \u00a0 \u00a0 \u00a0 \u00a0 \u00a0 \u00a0 \u00a0 \u00a0 \u00a0 \u00a0 \u00a0 \u00a0 \u00a0 \u00a0 \u00a0 \u00a0 \u00a0 \u00a0 \u00a0 \u00a0 \u00a0 \u00a0\u00a0<\/b><\/p>\n<p><span style=\"font-weight: 400;\">L\u2019escola \u00e9s plenament respectuosa amb l\u2019aplicaci\u00f3 del marc legal referent al r\u00e8gim ling\u00fc\u00edstic del sistema educatiu del pa\u00eds. La nostra llengua d\u2019aprenentatge i vehicular \u00e9s la llengua catalana. L\u2019ensenyament que es fa del castell\u00e0 i de la llengua anglesa a la nostra escola est\u00e0 definit al nostre Projecte Ling\u00fc\u00edstic.<\/span><\/p>\n<p><b>INCLUSIVA, DE COHESI\u00d3 I D\u2019IGUALTAT<\/b><\/p>\n<p><span style=\"font-weight: 400;\">Volem transmetre el fet de viure la difer\u00e8ncia com un factor positiu. Aix\u00f2 implica que tot l\u2019alumnat pugui participar i aprendre en els mateixos entorns escolars i que obtingui una resposta ajustada a les seves necessitats. Volem que els nostres alumnes visquin la difer\u00e8ncia com un factor inclusiu i que entre tots siguem capa\u00e7os de cercar formes adients per respondre a la diversitat i de reduir les dificultats d\u2019aprenentatge.<\/span><\/p>\n<p><b>COEDUCACI\u00d3<\/b><\/p>\n<p><span style=\"font-weight: 400;\">La nostra escola treballa amb plantejaments basats en la coeducaci\u00f3. Plantejaments que ajuden a aconseguir que l\u2019infant no es trobi marginat per la seva condici\u00f3 sexual, realitzant les mateixes responsabilitats de treballs i jocs que els faci descobrir la seva igualtat com a persones.<\/span><\/p>\n<p><b>ACONFESSIONALITAT<\/b><\/p>\n<p><span style=\"font-weight: 400;\">L\u2019escola les Arrels com a p\u00fablica, rep alumnes de tots els estaments socials amb ideologia i sentiments diversos, per tant, respecta aquesta independ\u00e8ncia familiar, i\u00a0 es defineix com aconfessional, tot garantint el respecte a totes les religions i tend\u00e8ncies ideol\u00f2giques.<\/span><\/p>\n<p><b>PARTICIPACI\u00d3<\/b><\/p>\n<p><span style=\"font-weight: 400;\">Promovem activitats on pugui participar tota la comunitat educativa, potenciant la responsabilitat i fomentant el sentit de pertinen\u00e7a.<\/span><\/p>\n<p><b>ARRELADA A L\u2019ENTORN<\/b><\/p>\n<p><span style=\"font-weight: 400;\">Fomentem la inserci\u00f3 dels\/les alumnes a l\u2019entorn social on viuen. Col\u00b7laborant amb entitats de la vila: l\u2019Ajuntament i altres centres. Participant en les activitats que es programen des d\u2019aquestes entitats. A l\u2019escola es fomenten els trets d\u2019identitat catalans en tots els aspectes i continguts, tan hist\u00f2rics, com culturals, com de tradicions populars. Aix\u00ed com el respecte a les altres cultures i societats.<\/span><\/p>\n<p><b>L\u00cdNIA METODOL\u00d2GICA<\/b><\/p>\n<p><span style=\"font-weight: 400;\">Dur a terme un aprenentatge actiu i cr\u00edtic, ben inserit en el medi social que ens envolta. Procurar fomentar la curiositat de l\u2019alumne\/a en pro d\u2019un ensenyament cient\u00edfic i no dogm\u00e0tic. Donar import\u00e0ncia tant a la relaci\u00f3 educativa, com a l\u2019adquisici\u00f3 de t\u00e8cniques i continguts b\u00e0sics. Estimular el treball en grup i col\u00b7laboratiu per part dels alumnes i dels mestres per desenvolupar els aspectes de sociabilitat.<\/span><\/p>\n<p><b>PARTICIPACI\u00d3<\/b><\/p>\n<p><span style=\"font-weight: 400;\">Promovem activitats on pugui participar tota la comunitat educativa, potenciant la responsabilitat i fomentant el sentit de pertinen\u00e7a.<\/span><\/p>\n<p><b>PLURALISME I VALORS DEMOCR\u00c0TICS<\/b><\/p>\n<p><span style=\"font-weight: 400;\">L\u2019escola respecta l\u2019evoluci\u00f3 de l\u2019alumne\/a en el sentit de no imposar-li cap concepci\u00f3 pol\u00edtica. D\u2019altra banda, estimula els valors d\u2019una societat democr\u00e0tica.<\/span><\/p>\n<p>&nbsp;<\/p>\n","protected":false},"excerpt":{"rendered":"<p>La nostra escola ofereix un ventall metodol\u00f2gic ampli per tal que l\u2019infant aprengui, sigui competent i feli\u00e7. Des dels inicis del nostre centre, a l\u2019educaci\u00f3 infantil i a prim\u00e0ria hem treballat per aules tem\u00e0tiques, projectes i agrupaments flexibles.\u00a0 L\u2019educaci\u00f3 infantil\u00a0afavoreix el desenvolupament de les capacitats permetent als nens i a les nenes cr\u00e9ixer integralment com [&hellip;]<\/p>\n","protected":false},"author":1,"featured_media":0,"parent":22,"menu_order":60,"comment_status":"closed","ping_status":"closed","template":"page-templates\/side-menu.php","meta":{"_bbp_topic_count":0,"_bbp_reply_count":0,"_bbp_total_topic_count":0,"_bbp_total_reply_count":0,"_bbp_voice_count":0,"_bbp_anonymous_reply_count":0,"_bbp_topic_count_hidden":0,"_bbp_reply_count_hidden":0,"_bbp_forum_subforum_count":0,"site-sidebar-layout":"default","site-content-layout":"","ast-site-content-layout":"","site-content-style":"default","site-sidebar-style":"default","ast-global-header-display":"","ast-banner-title-visibility":"","ast-main-header-display":"","ast-hfb-above-header-display":"","ast-hfb-below-header-display":"","ast-hfb-mobile-header-display":"","site-post-title":"","ast-breadcrumbs-content":"","ast-featured-img":"","footer-sml-layout":"","theme-transparent-header-meta":"","adv-header-id-meta":"","stick-header-meta":"","header-above-stick-meta":"","header-main-stick-meta":"","header-below-stick-meta":"","astra-migrate-meta-layouts":"default","ast-page-background-enabled":"default","ast-page-background-meta":{"desktop":{"background-color":"var(--ast-global-color-4)","background-image":"","background-repeat":"repeat","background-position":"center center","background-size":"auto","background-attachment":"scroll","background-type":"","background-media":"","overlay-type":"","overlay-color":"","overlay-opacity":"","overlay-gradient":""},"tablet":{"background-color":"","background-image":"","background-repeat":"repeat","background-position":"center center","background-size":"auto","background-attachment":"scroll","background-type":"","background-media":"","overlay-type":"","overlay-color":"","overlay-opacity":"","overlay-gradient":""},"mobile":{"background-color":"","background-image":"","background-repeat":"repeat","background-position":"center center","background-size":"auto","background-attachment":"scroll","background-type":"","background-media":"","overlay-type":"","overlay-color":"","overlay-opacity":"","overlay-gradient":""}},"ast-content-background-meta":{"desktop":{"background-color":"var(--ast-global-color-5)","background-image":"","background-repeat":"repeat","background-position":"center center","background-size":"auto","background-attachment":"scroll","background-type":"","background-media":"","overlay-type":"","overlay-color":"","overlay-opacity":"","overlay-gradient":""},"tablet":{"background-color":"var(--ast-global-color-5)","background-image":"","background-repeat":"repeat","background-position":"center center","background-size":"auto","background-attachment":"scroll","background-type":"","background-media":"","overlay-type":"","overlay-color":"","overlay-opacity":"","overlay-gradient":""},"mobile":{"background-color":"var(--ast-global-color-5)","background-image":"","background-repeat":"repeat","background-position":"center center","background-size":"auto","background-attachment":"scroll","background-type":"","background-media":"","overlay-type":"","overlay-color":"","overlay-opacity":"","overlay-gradient":""}},"footnotes":""},"class_list":["post-34","page","type-page","status-publish","hentry"],"post_mailing_queue_ids":[],"_links":{"self":[{"href":"https:\/\/agora.xtec.cat\/escolalesarrels\/wp-json\/wp\/v2\/pages\/34","targetHints":{"allow":["GET"]}}],"collection":[{"href":"https:\/\/agora.xtec.cat\/escolalesarrels\/wp-json\/wp\/v2\/pages"}],"about":[{"href":"https:\/\/agora.xtec.cat\/escolalesarrels\/wp-json\/wp\/v2\/types\/page"}],"author":[{"embeddable":true,"href":"https:\/\/agora.xtec.cat\/escolalesarrels\/wp-json\/wp\/v2\/users\/1"}],"replies":[{"embeddable":true,"href":"https:\/\/agora.xtec.cat\/escolalesarrels\/wp-json\/wp\/v2\/comments?post=34"}],"version-history":[{"count":7,"href":"https:\/\/agora.xtec.cat\/escolalesarrels\/wp-json\/wp\/v2\/pages\/34\/revisions"}],"predecessor-version":[{"id":558,"href":"https:\/\/agora.xtec.cat\/escolalesarrels\/wp-json\/wp\/v2\/pages\/34\/revisions\/558"}],"up":[{"embeddable":true,"href":"https:\/\/agora.xtec.cat\/escolalesarrels\/wp-json\/wp\/v2\/pages\/22"}],"wp:attachment":[{"href":"https:\/\/agora.xtec.cat\/escolalesarrels\/wp-json\/wp\/v2\/media?parent=34"}],"curies":[{"name":"wp","href":"https:\/\/api.w.org\/{rel}","templated":true}]}}