{"id":1083,"date":"2025-01-22T11:22:21","date_gmt":"2025-01-22T10:22:21","guid":{"rendered":"https:\/\/agora.xtec.cat\/escolaleandrecristofol\/?page_id=1083"},"modified":"2025-02-03T11:50:01","modified_gmt":"2025-02-03T10:50:01","slug":"projecte-fer","status":"publish","type":"page","link":"https:\/\/agora.xtec.cat\/escolaleandrecristofol\/projecte-fer\/","title":{"rendered":"Entrevista a Ferran Alemany"},"content":{"rendered":"<p>El dimecres 15 de gener vam entrevistar al Ferran Alemany, gerent de l&#8217;empresa Torrons i Mel Alemany, S.L.<\/p>\n<p>Ells ens va explicar que per muntar una empresa primer has de mirar el mercat per saber quin producte falta o el que li pot agradar a la persona que li volem vendre.<\/p>\n<p>Tamb\u00e9 ens va dir que has de ser valent, perqu\u00e8 potser no et funciona, \u00e9s a dir, que tinguis m\u00e9s despeses que ingressos i hagis de plegar.<\/p>\n<p>Per acabar ens va dir que \u00e9s important col\u00b7laborar amb altres empreses per tal de crear nous productes o solucionar problemes que hagi pogut tenir un altre empresari.<\/p>\n<p>Moltes gr\u00e0cies Ferran pels teus consells!<a href=\"https:\/\/agora.xtec.cat\/escolaleandrecristofol\/wp-content\/uploads\/usu1424\/2025\/02\/1738579540678-scaled.jpg\"><img loading=\"lazy\" decoding=\"async\" class=\"alignright size-medium wp-image-1118\" src=\"https:\/\/agora.xtec.cat\/escolaleandrecristofol\/wp-content\/uploads\/usu1424\/2025\/02\/1738579540678-300x225.jpg\" alt=\"\" width=\"300\" height=\"225\" srcset=\"https:\/\/agora.xtec.cat\/escolaleandrecristofol\/wp-content\/uploads\/usu1424\/2025\/02\/1738579540678-300x225.jpg 300w, https:\/\/agora.xtec.cat\/escolaleandrecristofol\/wp-content\/uploads\/usu1424\/2025\/02\/1738579540678-1024x768.jpg 1024w, https:\/\/agora.xtec.cat\/escolaleandrecristofol\/wp-content\/uploads\/usu1424\/2025\/02\/1738579540678-768x576.jpg 768w, https:\/\/agora.xtec.cat\/escolaleandrecristofol\/wp-content\/uploads\/usu1424\/2025\/02\/1738579540678-1536x1152.jpg 1536w, https:\/\/agora.xtec.cat\/escolaleandrecristofol\/wp-content\/uploads\/usu1424\/2025\/02\/1738579540678-2048x1536.jpg 2048w, https:\/\/agora.xtec.cat\/escolaleandrecristofol\/wp-content\/uploads\/usu1424\/2025\/02\/1738579540678-200x150.jpg 200w\" sizes=\"auto, (max-width: 300px) 100vw, 300px\" \/><\/a><\/p>\n","protected":false},"excerpt":{"rendered":"<p>El dimecres 15 de gener vam entrevistar al Ferran Alemany, gerent de l&#8217;empresa Torrons i Mel Alemany, S.L.<br \/>\nElls ens va explicar que per muntar una empresa primer has de mirar el mercat per saber quin producte falta o el que li pot agradar a la&hellip;  <a href=\"https:\/\/agora.xtec.cat\/escolaleandrecristofol\/projecte-fer\/\" title=\"Read Entrevista a Ferran Alemany\">Llegeix m\u00e9s\u00bb<\/a><\/p>\n","protected":false},"author":1,"featured_media":0,"parent":0,"menu_order":0,"comment_status":"closed","ping_status":"closed","template":"","meta":{"_bbp_topic_count":0,"_bbp_reply_count":0,"_bbp_total_topic_count":0,"_bbp_total_reply_count":0,"_bbp_voice_count":0,"_bbp_anonymous_reply_count":0,"_bbp_topic_count_hidden":0,"_bbp_reply_count_hidden":0,"_bbp_forum_subforum_count":0,"footnotes":""},"class_list":["post-1083","page","type-page","status-publish","hentry"],"post_mailing_queue_ids":[],"_links":{"self":[{"href":"https:\/\/agora.xtec.cat\/escolaleandrecristofol\/wp-json\/wp\/v2\/pages\/1083","targetHints":{"allow":["GET"]}}],"collection":[{"href":"https:\/\/agora.xtec.cat\/escolaleandrecristofol\/wp-json\/wp\/v2\/pages"}],"about":[{"href":"https:\/\/agora.xtec.cat\/escolaleandrecristofol\/wp-json\/wp\/v2\/types\/page"}],"author":[{"embeddable":true,"href":"https:\/\/agora.xtec.cat\/escolaleandrecristofol\/wp-json\/wp\/v2\/users\/1"}],"replies":[{"embeddable":true,"href":"https:\/\/agora.xtec.cat\/escolaleandrecristofol\/wp-json\/wp\/v2\/comments?post=1083"}],"version-history":[{"count":4,"href":"https:\/\/agora.xtec.cat\/escolaleandrecristofol\/wp-json\/wp\/v2\/pages\/1083\/revisions"}],"predecessor-version":[{"id":1119,"href":"https:\/\/agora.xtec.cat\/escolaleandrecristofol\/wp-json\/wp\/v2\/pages\/1083\/revisions\/1119"}],"wp:attachment":[{"href":"https:\/\/agora.xtec.cat\/escolaleandrecristofol\/wp-json\/wp\/v2\/media?parent=1083"}],"curies":[{"name":"wp","href":"https:\/\/api.w.org\/{rel}","templated":true}]}}