{"id":9,"date":"2023-08-01T08:08:18","date_gmt":"2023-08-01T06:08:18","guid":{"rendered":"http:\/\/agora.xtec.cat\/escolalavilapalamos\/\/?page_id=9"},"modified":"2026-04-29T11:43:01","modified_gmt":"2026-04-29T09:43:01","slug":"pagina-dinici-buida","status":"publish","type":"page","link":"https:\/\/agora.xtec.cat\/escolalavilapalamos\/","title":{"rendered":"PREINSCRIPCI\u00d3 I MATR\u00cdCULA 2026-2027"},"content":{"rendered":"<p><a href=\"https:\/\/agora.xtec.cat\/escolalavilapalamos\/wp-content\/uploads\/usu897\/2026\/03\/IMG_20240508_151544-scaled.jpg\"><img loading=\"lazy\" decoding=\"async\" class=\"wp-image-16561 alignright\" src=\"https:\/\/agora.xtec.cat\/escolalavilapalamos\/wp-content\/uploads\/usu897\/2026\/03\/IMG_20240508_151544-1024x768.jpg\" alt=\"\" width=\"500\" height=\"375\" srcset=\"https:\/\/agora.xtec.cat\/escolalavilapalamos\/wp-content\/uploads\/usu897\/2026\/03\/IMG_20240508_151544-1024x768.jpg 1024w, https:\/\/agora.xtec.cat\/escolalavilapalamos\/wp-content\/uploads\/usu897\/2026\/03\/IMG_20240508_151544-300x225.jpg 300w, https:\/\/agora.xtec.cat\/escolalavilapalamos\/wp-content\/uploads\/usu897\/2026\/03\/IMG_20240508_151544-768x576.jpg 768w, https:\/\/agora.xtec.cat\/escolalavilapalamos\/wp-content\/uploads\/usu897\/2026\/03\/IMG_20240508_151544-1536x1152.jpg 1536w, https:\/\/agora.xtec.cat\/escolalavilapalamos\/wp-content\/uploads\/usu897\/2026\/03\/IMG_20240508_151544-2048x1536.jpg 2048w, https:\/\/agora.xtec.cat\/escolalavilapalamos\/wp-content\/uploads\/usu897\/2026\/03\/IMG_20240508_151544-200x150.jpg 200w\" sizes=\"auto, (max-width: 500px) 100vw, 500px\" \/><\/a><\/p>\n<p>Del<strong> 4 al 18 mar\u00e7<\/strong> s&#8217;obre el termini per a presentar la sol\u00b7licitud de preinscripci\u00f3 pel proper curs <strong>2026-2027<\/strong>. Aqu\u00ed anireu trobant informaci\u00f3 actualitzada en cada moment del proc\u00e9s.<\/p>\n<p><a href=\"https:\/\/drive.google.com\/file\/d\/1lN_UB7oV6cfwz9OsZrxrGsTnQnDIX-EB\/view?usp=drive_link\">OFERTA DE PLACES_LA VILA 2026-2027<\/a><\/p>\n<p><a href=\"https:\/\/drive.google.com\/file\/d\/1TP7Wo_PrcbS_Lvg3DjobmS7M5fxFeb9O\/view?usp=sharing\">CALENDARI, INFORMACIONS I RECOMANACIONS (La Vila)<\/a><\/p>\n<p><a href=\"https:\/\/drive.google.com\/file\/d\/1UAcGVkQkbOuOzLjQBo4teXHwG3Zc-KhR\/view?usp=drive_link\">PREINSCRIPCI\u00d3 2026-2027_PASOS A SEGUIR (CRP)<\/a><\/p>\n<p><a href=\"https:\/\/drive.google.com\/file\/d\/1_X91f7GwYFHQzjIS86RbwaEqnujX3WA6\/view?usp=sharing\">LLISTA BAREM PROVISIONAL (15\/04\/2026)<\/a><\/p>\n<p><a href=\"https:\/\/drive.google.com\/file\/d\/10YJMixNpFBEF5PD5zU6fXuULG2rgsJY5\/view?usp=sharing\">INFORME BAREM RESOLTES LES RECLAMACIONS (23\/04\/2026)<\/a><\/p>\n<p><a href=\"https:\/\/drive.google.com\/file\/d\/1byw9PANBiPRcHxeTIu1K0tjFHiglrAXg\/view?usp=sharing\">INFORME BAREM DEFINITIU (29\/04\/2026)<\/a><\/p>\n<p>&nbsp;<\/p>\n","protected":false},"excerpt":{"rendered":"<p><a href=\"https:\/\/agora.xtec.cat\/escolalavilapalamos\/wp-content\/uploads\/usu897\/2026\/03\/IMG_20240508_151544-scaled.jpg\"><\/a><br \/>\nDel 4 al 18 mar\u00e7 s&#8217;obre el termini per a presentar la sol\u00b7licitud de preinscripci\u00f3 pel proper curs 2026-2027. Aqu\u00ed anireu trobant informaci\u00f3 actualitzada en cada moment del proc\u00e9s.<br \/>\n<a href=\"https:\/\/drive.google.com\/file\/d\/1lN_UB7oV6cfwz9OsZrxrGsTnQnDIX-EB\/view?usp=drive_link\">OFERTA DE PLACES_LA VILA 2026-2027<\/a><br \/>\n<a href=\"https:\/\/drive.google.com\/file\/d\/1TP7Wo_PrcbS_Lvg3DjobmS7M5fxFeb9O\/view?usp=sharing\">CALENDARI, INFORMACIONS I RECOMANACIONS (La Vila)<\/a><br \/>\n<a href=\"https:\/\/drive.google.com\/file\/d\/1UAcGVkQkbOuOzLjQBo4teXHwG3Zc-KhR\/view?usp=drive_link\">PREINSCRIPCI\u00d3 2026-2027_PASOS A SEGUIR&hellip;  <a href=\"https:\/\/agora.xtec.cat\/escolalavilapalamos\/\" title=\"Read PREINSCRIPCI\u00d3 I MATR\u00cdCULA 2026-2027\">Llegeix m\u00e9s\u00bb<\/a><\/p>\n","protected":false},"author":2,"featured_media":0,"parent":0,"menu_order":0,"comment_status":"closed","ping_status":"closed","template":"","meta":{"_bbp_topic_count":0,"_bbp_reply_count":0,"_bbp_total_topic_count":0,"_bbp_total_reply_count":0,"_bbp_voice_count":0,"_bbp_anonymous_reply_count":0,"_bbp_topic_count_hidden":0,"_bbp_reply_count_hidden":0,"_bbp_forum_subforum_count":0,"footnotes":""},"class_list":["post-9","page","type-page","status-publish","hentry"],"post_mailing_queue_ids":[],"_links":{"self":[{"href":"https:\/\/agora.xtec.cat\/escolalavilapalamos\/wp-json\/wp\/v2\/pages\/9","targetHints":{"allow":["GET"]}}],"collection":[{"href":"https:\/\/agora.xtec.cat\/escolalavilapalamos\/wp-json\/wp\/v2\/pages"}],"about":[{"href":"https:\/\/agora.xtec.cat\/escolalavilapalamos\/wp-json\/wp\/v2\/types\/page"}],"author":[{"embeddable":true,"href":"https:\/\/agora.xtec.cat\/escolalavilapalamos\/wp-json\/wp\/v2\/users\/2"}],"replies":[{"embeddable":true,"href":"https:\/\/agora.xtec.cat\/escolalavilapalamos\/wp-json\/wp\/v2\/comments?post=9"}],"version-history":[{"count":8,"href":"https:\/\/agora.xtec.cat\/escolalavilapalamos\/wp-json\/wp\/v2\/pages\/9\/revisions"}],"predecessor-version":[{"id":16744,"href":"https:\/\/agora.xtec.cat\/escolalavilapalamos\/wp-json\/wp\/v2\/pages\/9\/revisions\/16744"}],"wp:attachment":[{"href":"https:\/\/agora.xtec.cat\/escolalavilapalamos\/wp-json\/wp\/v2\/media?parent=9"}],"curies":[{"name":"wp","href":"https:\/\/api.w.org\/{rel}","templated":true}]}}