{"id":687,"date":"2017-02-07T09:32:35","date_gmt":"2017-02-07T08:32:35","guid":{"rendered":"http:\/\/agora.xtec.cat\/escolalavilapalamos\/?page_id=687"},"modified":"2017-02-07T09:32:35","modified_gmt":"2017-02-07T08:32:35","slug":"informacions-del-menjador-escolar","status":"publish","type":"page","link":"https:\/\/agora.xtec.cat\/escolalavilapalamos\/serveis\/menjador-escolar\/informacions-del-menjador-escolar\/","title":{"rendered":"Informacions del menjador escolar"},"content":{"rendered":"<p><img loading=\"lazy\" decoding=\"async\" class=\"alignnone alignleft\" src=\"https:\/\/ampaipse.files.wordpress.com\/2010\/11\/panga-4.jpg\" width=\"345\" height=\"230\" \/>Arran de les \u00faltimes not\u00edcies que han sortit a la premsa amb relaci\u00f3 a la pol\u00e8mica que genera el consum del<strong> peix panga<\/strong> i, en especial, la seva introducci\u00f3 en les programacions dels <strong>men\u00fas escolars<\/strong>, us volem recordar que en els menjadors escolars gestionats pel Consell Comarcal del Baix Empord\u00e0 no se subministra ni aquest peix ni d\u2019altres com <strong>la perca i la til\u00e0pia<\/strong>.<\/p>\n<p>Per a qualsevol consulta, poseu-vos en contacte amb nosaltres.<\/p>\n<p>\u00c0rea d&#8217;Ensenyament<\/p>\n<p>Consell Comarcal del Baix Empord\u00e0<br \/>\nPla\u00e7a Joan Carreras i Dagas, 4 baixos<br \/>\n17100 La Bisbal d&#8217;Empord\u00e0<br \/>\nTel\u00e8fon: 972 64 55 59 &#8211; Fax: 972 64 26 52<br \/>\n<a href=\"mailto:ensenyament@baixemporda.cat\">ensenyament@baixemporda.cat <\/a>&#8211; <a href=\"http:\/\/www.baixemporda.cat\/ensenyament\">www.baixemporda.cat\/ensenyament<\/a><\/p>\n","protected":false},"excerpt":{"rendered":"<p>Arran de les \u00faltimes not\u00edcies que han sortit a la premsa amb relaci\u00f3 a la pol\u00e8mica que genera el consum del peix panga i, en especial, la seva introducci\u00f3 en les programacions dels men\u00fas escolars, us volem recordar que en els menjadors escolars gestionats pel&hellip;  <a href=\"https:\/\/agora.xtec.cat\/escolalavilapalamos\/serveis\/menjador-escolar\/informacions-del-menjador-escolar\/\" title=\"Read Informacions del menjador escolar\">Llegeix m\u00e9s\u00bb<\/a><\/p>\n","protected":false},"author":1,"featured_media":0,"parent":73,"menu_order":0,"comment_status":"closed","ping_status":"closed","template":"","meta":{"_bbp_topic_count":0,"_bbp_reply_count":0,"_bbp_total_topic_count":0,"_bbp_total_reply_count":0,"_bbp_voice_count":0,"_bbp_anonymous_reply_count":0,"_bbp_topic_count_hidden":0,"_bbp_reply_count_hidden":0,"_bbp_forum_subforum_count":0,"footnotes":""},"class_list":["post-687","page","type-page","status-publish","hentry"],"post_mailing_queue_ids":[],"_links":{"self":[{"href":"https:\/\/agora.xtec.cat\/escolalavilapalamos\/wp-json\/wp\/v2\/pages\/687","targetHints":{"allow":["GET"]}}],"collection":[{"href":"https:\/\/agora.xtec.cat\/escolalavilapalamos\/wp-json\/wp\/v2\/pages"}],"about":[{"href":"https:\/\/agora.xtec.cat\/escolalavilapalamos\/wp-json\/wp\/v2\/types\/page"}],"author":[{"embeddable":true,"href":"https:\/\/agora.xtec.cat\/escolalavilapalamos\/wp-json\/wp\/v2\/users\/1"}],"replies":[{"embeddable":true,"href":"https:\/\/agora.xtec.cat\/escolalavilapalamos\/wp-json\/wp\/v2\/comments?post=687"}],"version-history":[{"count":1,"href":"https:\/\/agora.xtec.cat\/escolalavilapalamos\/wp-json\/wp\/v2\/pages\/687\/revisions"}],"predecessor-version":[{"id":688,"href":"https:\/\/agora.xtec.cat\/escolalavilapalamos\/wp-json\/wp\/v2\/pages\/687\/revisions\/688"}],"up":[{"embeddable":true,"href":"https:\/\/agora.xtec.cat\/escolalavilapalamos\/wp-json\/wp\/v2\/pages\/73"}],"wp:attachment":[{"href":"https:\/\/agora.xtec.cat\/escolalavilapalamos\/wp-json\/wp\/v2\/media?parent=687"}],"curies":[{"name":"wp","href":"https:\/\/api.w.org\/{rel}","templated":true}]}}