{"id":259,"date":"2016-09-21T11:07:40","date_gmt":"2016-09-21T10:07:40","guid":{"rendered":"http:\/\/agora.xtec.cat\/escolalavilapalamos\/?page_id=259"},"modified":"2016-09-22T09:03:41","modified_gmt":"2016-09-22T08:03:41","slug":"actualitat-2008-2012-educar-linfant-com-a-persona-un-repte-dara-i-sempre","status":"publish","type":"page","link":"https:\/\/agora.xtec.cat\/escolalavilapalamos\/lescola\/historia\/actualitat-2008-2012-educar-linfant-com-a-persona-un-repte-dara-i-sempre\/","title":{"rendered":"ACTUALITAT 2008-2012 EDUCAR L&#8217;INFANT COM A PERSONA, UN REPTE D&#8217;ARA I SEMPRE"},"content":{"rendered":"<p>Vivim en un m\u00f3n de canvi que fa necessari plantejar-nos, en cada moment, qu\u00e8 aprenem, com ho aprenem i per a qu\u00e8 ho aprenem. I aix\u00f2 implica proporcionar als alumnes unes compet\u00e8ncies que els ajudin a prendre decisions raonades i adaptades a la societat que els toca viure.<\/p>\n<p>Eduquem i capacitem l\u2019infant per a desenvolupar-se en el m\u00f3n adult, amb les eines necess\u00e0ries per a viure en una societat que t\u00e9 una dimensi\u00f3 tecnol\u00f2gica, cultural i humana.<\/p>\n<p>Afavorim la relaci\u00f3 igualit\u00e0ria entre els homes i les dones i entre les diverses cultures i pobles.<\/p>\n<p>Fomentem valors per a aconseguir una bona cohesi\u00f3 social.<\/p>\n<p>Continuem treballant per a una escola p\u00fablica catalana, laica, inclusiva, coeducativa, cr\u00edtica, de qualitat per a tothom i en constant evoluci\u00f3.<\/p>\n<p>&nbsp;<\/p>\n<p><iframe loading=\"lazy\" style=\"border: 1px solid #CCC; border-width: 1px; margin-bottom: 5px; max-width: 100%;\" src=\"\/\/www.slideshare.net\/slideshow\/embed_code\/key\/3T9KFpLyVhS1yG\" width=\"595\" height=\"485\" frameborder=\"0\" marginwidth=\"0\" marginheight=\"0\" scrolling=\"no\" allowfullscreen=\"allowfullscreen\"> <\/iframe><\/p>\n<div style=\"margin-bottom: 5px;\"><strong> <a title=\"Actualitat\" href=\"\/\/www.slideshare.net\/EscolaRuizGimenezPalams\/actualitat\" target=\"_blank\">Actualitat<\/a> <\/strong><\/div>\n<p><em>Les fotos corresponen als grups-classe del curs 2008-2009<\/em><\/p>\n<p>&nbsp;<\/p>\n","protected":false},"excerpt":{"rendered":"<p>Vivim en un m\u00f3n de canvi que fa necessari plantejar-nos, en cada moment, qu\u00e8 aprenem, com ho aprenem i per a qu\u00e8 ho aprenem. I aix\u00f2 implica proporcionar als alumnes unes compet\u00e8ncies que els ajudin a prendre decisions raonades i adaptades a la societat que&hellip;  <a href=\"https:\/\/agora.xtec.cat\/escolalavilapalamos\/lescola\/historia\/actualitat-2008-2012-educar-linfant-com-a-persona-un-repte-dara-i-sempre\/\" title=\"Read ACTUALITAT 2008-2012 EDUCAR L&#8217;INFANT COM A PERSONA, UN REPTE D&#8217;ARA I SEMPRE\">Llegeix m\u00e9s\u00bb<\/a><\/p>\n","protected":false},"author":1,"featured_media":0,"parent":26,"menu_order":25,"comment_status":"closed","ping_status":"closed","template":"page-templates\/side-menu.php","meta":{"_bbp_topic_count":0,"_bbp_reply_count":0,"_bbp_total_topic_count":0,"_bbp_total_reply_count":0,"_bbp_voice_count":0,"_bbp_anonymous_reply_count":0,"_bbp_topic_count_hidden":0,"_bbp_reply_count_hidden":0,"_bbp_forum_subforum_count":0,"footnotes":""},"class_list":["post-259","page","type-page","status-publish","hentry"],"post_mailing_queue_ids":[],"_links":{"self":[{"href":"https:\/\/agora.xtec.cat\/escolalavilapalamos\/wp-json\/wp\/v2\/pages\/259","targetHints":{"allow":["GET"]}}],"collection":[{"href":"https:\/\/agora.xtec.cat\/escolalavilapalamos\/wp-json\/wp\/v2\/pages"}],"about":[{"href":"https:\/\/agora.xtec.cat\/escolalavilapalamos\/wp-json\/wp\/v2\/types\/page"}],"author":[{"embeddable":true,"href":"https:\/\/agora.xtec.cat\/escolalavilapalamos\/wp-json\/wp\/v2\/users\/1"}],"replies":[{"embeddable":true,"href":"https:\/\/agora.xtec.cat\/escolalavilapalamos\/wp-json\/wp\/v2\/comments?post=259"}],"version-history":[{"count":3,"href":"https:\/\/agora.xtec.cat\/escolalavilapalamos\/wp-json\/wp\/v2\/pages\/259\/revisions"}],"predecessor-version":[{"id":269,"href":"https:\/\/agora.xtec.cat\/escolalavilapalamos\/wp-json\/wp\/v2\/pages\/259\/revisions\/269"}],"up":[{"embeddable":true,"href":"https:\/\/agora.xtec.cat\/escolalavilapalamos\/wp-json\/wp\/v2\/pages\/26"}],"wp:attachment":[{"href":"https:\/\/agora.xtec.cat\/escolalavilapalamos\/wp-json\/wp\/v2\/media?parent=259"}],"curies":[{"name":"wp","href":"https:\/\/api.w.org\/{rel}","templated":true}]}}