{"id":240,"date":"2016-09-21T09:25:22","date_gmt":"2016-09-21T08:25:22","guid":{"rendered":"http:\/\/agora.xtec.cat\/escolalavilapalamos\/?page_id=240"},"modified":"2016-09-22T09:01:42","modified_gmt":"2016-09-22T08:01:42","slug":"republica-1931-1939-lescola-nova-activa-dialogant-i-catalana","status":"publish","type":"page","link":"https:\/\/agora.xtec.cat\/escolalavilapalamos\/lescola\/historia\/republica-1931-1939-lescola-nova-activa-dialogant-i-catalana\/","title":{"rendered":"REP\u00daBLICA 1931-1939. L&#8217;ESCOLA NOVA: ACTIVA, DIALOGANT I CATALANA"},"content":{"rendered":"<p align=\"justify\"><span style=\"font-family: arial,helvetica,sans-serif;\"><strong>MOMENT HIST\u00d2RIC<\/strong><\/span><\/p>\n<p align=\"justify\"><span style=\"font-family: arial,helvetica,sans-serif;\">A l\u2019Estat Espanyol es mant\u00e9 la pol\u00edtica de la rep\u00fablica fins el 1939. El canvi de tend\u00e8ncia s\u2019inicia el 1934 amb la Revoluci\u00f3 d\u2019Asturias. El 1936, amb el triomf del \u201cFrente Popular\u201d en les eleccions, comen\u00e7a la Guerra Civil, que durar\u00e0 fins el 1939. A Catalunya les Corts de Madrid aproven l\u2019Estatut de Catalunya. Tenim autonomia per a construir i gestionar les escoles, per\u00f2 no els mitjans econ\u00f2mics per portar-ho a terme. <\/span><\/p>\n<p align=\"justify\"><span style=\"font-family: arial,helvetica,sans-serif;\">A Palam\u00f3s esclata la Guerra Civil el 18 de juliol de 1936. Al pati de l\u2019escola s\u2019hi construeix un refugi antiaeri. Palam\u00f3s \u00e9s bombardejat repetides vegades i es fa dif\u00edcil seguir el ritme normal de classe<\/span>.<\/p>\n<p align=\"justify\"><strong><span style=\"font-family: arial,helvetica,sans-serif;\">LEGISLACI\u00d3 I EDUCACI\u00d3<\/span><\/strong><\/p>\n<p align=\"justify\"><span style=\"font-family: arial,helvetica,sans-serif;\">La Constituci\u00f3 de 1931, a l\u2019apartat de principis educatius, instaura un sistema p\u00fablic, gratu\u00eft i laic. \u201cSe reconoce a las Iglesias el derecho de ense\u00f1ar sus respectivas doctrinas en sus propios establecimientos\u201d. Existeix la llibertat de c\u00e0tedra i es regula el biling\u00fcisme (les escoles prim\u00e0ries poden ensenyar en llengua materna).<\/span><\/p>\n<p align=\"justify\"><strong><span style=\"font-family: arial,helvetica,sans-serif;\">COM S&#8217;APR\u00c8N I COM S&#8217;ENSENYA<\/span><\/strong><\/p>\n<p align=\"justify\"><span style=\"font-family: arial,helvetica,sans-serif;\">\u00a0L\u2019octubre de 1936, la Generalitat aprova el decret de coeducaci\u00f3, nens i nenes comparteixen classe i aprenen amb els mateixos llibres. S\u2019apliquen les teories de l\u2019Escola Nova (Montessori, Freinet, Decroly), procedents d\u2019Europa. A Catalunya, sota el pensament de Ferrer i Gu\u00e0rdia, es d\u00f3na import\u00e0ncia a aprofitar la natura i l\u2019entorn com a metodologia d\u2019aprenentatge, fomentant l\u2019esperit cr\u00edtic en contra de la memoritzaci\u00f3 i repetici\u00f3 de dades.<br \/>\nLa llengua d\u2019aprenentatge \u00e9s el catal\u00e0.<\/span><\/p>\n<p align=\"justify\"><strong><span style=\"font-family: arial,helvetica,sans-serif;\">EDIFICI ESCOLAR<\/span><\/strong><\/p>\n<p align=\"justify\"><span style=\"font-family: arial,helvetica,sans-serif;\">S\u2019inaugura l\u2019escola, el 30 d\u2019octubre de 1933.<\/span><\/p>\n<p><iframe loading=\"lazy\" style=\"border: 1px solid #CCC; border-width: 1px; margin-bottom: 5px; max-width: 100%;\" src=\"\/\/www.slideshare.net\/slideshow\/embed_code\/key\/3vR05Cc3XOMKUz\" width=\"595\" height=\"485\" frameborder=\"0\" marginwidth=\"0\" marginheight=\"0\" scrolling=\"no\" allowfullscreen=\"allowfullscreen\"> <\/iframe><\/p>\n<div style=\"margin-bottom: 5px;\"><strong> <a title=\"Republica 1931-1939\" href=\"\/\/www.slideshare.net\/EscolaRuizGimenezPalams\/republica-19311939\" target=\"_blank\">Republica 1931-1939<\/a> <\/strong><\/div>\n","protected":false},"excerpt":{"rendered":"<p>MOMENT HIST\u00d2RIC<br \/>\nA l\u2019Estat Espanyol es mant\u00e9 la pol\u00edtica de la rep\u00fablica fins el 1939. El canvi de tend\u00e8ncia s\u2019inicia el 1934 amb la Revoluci\u00f3 d\u2019Asturias. El 1936, amb el triomf del \u201cFrente Popular\u201d en les eleccions, comen\u00e7a la Guerra Civil, que durar\u00e0 fins el 1939.&hellip;  <a href=\"https:\/\/agora.xtec.cat\/escolalavilapalamos\/lescola\/historia\/republica-1931-1939-lescola-nova-activa-dialogant-i-catalana\/\" title=\"Read REP\u00daBLICA 1931-1939. L&#8217;ESCOLA NOVA: ACTIVA, DIALOGANT I CATALANA\">Llegeix m\u00e9s\u00bb<\/a><\/p>\n","protected":false},"author":1,"featured_media":0,"parent":26,"menu_order":22,"comment_status":"closed","ping_status":"closed","template":"page-templates\/side-menu.php","meta":{"_bbp_topic_count":0,"_bbp_reply_count":0,"_bbp_total_topic_count":0,"_bbp_total_reply_count":0,"_bbp_voice_count":0,"_bbp_anonymous_reply_count":0,"_bbp_topic_count_hidden":0,"_bbp_reply_count_hidden":0,"_bbp_forum_subforum_count":0,"footnotes":""},"class_list":["post-240","page","type-page","status-publish","hentry"],"post_mailing_queue_ids":[],"_links":{"self":[{"href":"https:\/\/agora.xtec.cat\/escolalavilapalamos\/wp-json\/wp\/v2\/pages\/240","targetHints":{"allow":["GET"]}}],"collection":[{"href":"https:\/\/agora.xtec.cat\/escolalavilapalamos\/wp-json\/wp\/v2\/pages"}],"about":[{"href":"https:\/\/agora.xtec.cat\/escolalavilapalamos\/wp-json\/wp\/v2\/types\/page"}],"author":[{"embeddable":true,"href":"https:\/\/agora.xtec.cat\/escolalavilapalamos\/wp-json\/wp\/v2\/users\/1"}],"replies":[{"embeddable":true,"href":"https:\/\/agora.xtec.cat\/escolalavilapalamos\/wp-json\/wp\/v2\/comments?post=240"}],"version-history":[{"count":3,"href":"https:\/\/agora.xtec.cat\/escolalavilapalamos\/wp-json\/wp\/v2\/pages\/240\/revisions"}],"predecessor-version":[{"id":255,"href":"https:\/\/agora.xtec.cat\/escolalavilapalamos\/wp-json\/wp\/v2\/pages\/240\/revisions\/255"}],"up":[{"embeddable":true,"href":"https:\/\/agora.xtec.cat\/escolalavilapalamos\/wp-json\/wp\/v2\/pages\/26"}],"wp:attachment":[{"href":"https:\/\/agora.xtec.cat\/escolalavilapalamos\/wp-json\/wp\/v2\/media?parent=240"}],"curies":[{"name":"wp","href":"https:\/\/api.w.org\/{rel}","templated":true}]}}