{"id":82,"date":"2014-09-18T14:10:51","date_gmt":"2014-09-18T12:10:51","guid":{"rendered":"http:\/\/agora.xtec.cat\/escolalatrama\/?page_id=82"},"modified":"2025-09-08T09:18:28","modified_gmt":"2025-09-08T07:18:28","slug":"horaris","status":"publish","type":"page","link":"https:\/\/agora.xtec.cat\/escolalatrama\/curs-actual\/horaris\/","title":{"rendered":"Comunicaci\u00f3"},"content":{"rendered":"<p><span style=\"color: #c70e0e;\"><b>COMUNICACI\u00d3 AMB LES FAM\u00cdLIES:<\/b><\/span><\/p>\n<ul>\n<li aria-level=\"1\"><b>Tel\u00e8fon de l\u2019escola: <\/b><span style=\"font-weight: 400;\">937 251 741<\/span><\/li>\n<\/ul>\n<ul>\n<li aria-level=\"1\"><b>Correu d\u2019escola: <\/b><span style=\"font-weight: 400;\">escolalatrama@xtec.cat<\/span><\/li>\n<\/ul>\n<ul>\n<li style=\"font-weight: 400;\" aria-level=\"1\"><b>Correu dels mestres<\/b><span style=\"font-weight: 400;\">:<\/span> <a href=\"mailto:nascuts2010@escolalatrama.cat\"><span style=\"font-weight: 400;\"><span style=\"color: #a60a0a;\">nomcognom@escolalatrama.cat<\/span><\/span><\/a><span style=\"font-weight: 400;\">. Aquesta \u00e9s l&#8217;eina de contacte amb ells o elles.<\/span><b> Cal que comuniqueu a aquest correu si un infant faltar\u00e0 a l\u2019escola o si arribar\u00e0 tard.\u00a0<\/b><\/li>\n<\/ul>\n<ul>\n<li style=\"list-style-type: none;\">\n<ul>\n<li style=\"font-weight: 400;\" aria-level=\"1\"><b>Menjador i acollida:<\/b> <span style=\"color: #a60a0a;\"><a style=\"color: #a60a0a;\" href=\"mailto:latrama@vostracuina.com\"><span style=\"font-weight: 400;\">latrama@vostracuina.com<\/span><\/a><span style=\"font-weight: 400;\">\u00a0<\/span><\/span><\/li>\n<li style=\"font-weight: 400;\" aria-level=\"1\"><b>AFA:<\/b> <span style=\"color: #a60a0a;\"><a style=\"color: #a60a0a;\" href=\"mailto:ampalatrama@gmail.com\"><span style=\"font-weight: 400;\">af<\/span><\/a><span style=\"font-weight: 400;\">a<\/span><a style=\"color: #a60a0a;\" href=\"mailto:ama@gmail.com\"><span style=\"font-weight: 400;\">@<\/span><\/a><a style=\"color: #a60a0a;\" href=\"mailto:ampalatrama@gmail.com\"><span style=\"font-weight: 400;\">afalatr<\/span><\/a><a style=\"color: #a60a0a;\" href=\"mailto:ama@gmail.com\"><span style=\"font-weight: 400;\">ama<\/span><\/a><\/span><span style=\"font-weight: 400;\"><span style=\"color: #a60a0a;\">.cat<\/span>; <span style=\"color: #a60a0a;\">secretaria@<\/span><\/span><span style=\"color: #a60a0a;\"><a style=\"color: #a60a0a;\" href=\"mailto:ampalatrama@gmail.com\"><span style=\"font-weight: 400;\">afalatr<\/span><\/a><a style=\"color: #a60a0a;\" href=\"mailto:ama@gmail.com\"><span style=\"font-weight: 400;\">ama<\/span><\/a><span style=\"font-weight: 400;\">.cat<\/span><\/span><\/li>\n<li style=\"font-weight: 400;\" aria-level=\"1\"><b>Secretaria AFA: <\/b><span style=\"color: #a60a0a;\"><a style=\"color: #a60a0a;\" href=\"mailto:ampalatrama.secretaria@gmail.com\"><span style=\"font-weight: 400;\">ampalatr<\/span><\/a><\/span><a href=\"mailto:ama.secretaria@gmail.com\"><span style=\"font-weight: 400;\"><span style=\"color: #a60a0a;\">ama.secretaria@gmail.com<\/span><\/span><\/a><\/li>\n<\/ul>\n<\/li>\n<\/ul>\n<ul>\n<li aria-level=\"1\"><b>P\u00e0gina web: <\/b><span style=\"color: #a60a0a;\"><a style=\"color: #a60a0a;\" href=\"https:\/\/agora.xtec.cat\/escolalatrama\/\"><span style=\"font-weight: 400;\">https:\/\/agora.xtec.cat\/escolalatrama\/<\/span><\/a><\/span><\/li>\n<li style=\"font-weight: 400;\" aria-level=\"1\"><b>Reuni\u00f3 de fam\u00edlies <\/b><span style=\"font-weight: 400;\">a finals de setembre i principi d&#8217;octubre<\/span><span style=\"font-weight: 400;\">. <\/span><span style=\"font-weight: 400;\">Pr\u00f2ximament us informarem de les dates.<\/span><\/li>\n<li style=\"font-weight: 400;\" aria-level=\"1\"><span style=\"font-weight: 400;\">Durant el curs, es far\u00e0 una <\/span><b>entrevista<\/b><span style=\"font-weight: 400;\">, com a m\u00ednim, amb cada fam\u00edlia per fer un seguiment individual de cada infant. Aquesta entrevista la pot proposar el tutor o b\u00e9 la fam\u00edlia.<\/span><\/li>\n<li style=\"font-weight: 400;\" aria-level=\"1\"><span style=\"font-weight: 400;\">Qualsevol <\/span><b>comunicaci\u00f3 <\/b><span style=\"font-weight: 400;\">que s\u2019hagi de fer (entrevistes, menjador, acollida, sortida de l\u2019escola abans d\u2019hora, etc.) s\u2019ha de fer per escrit i adre\u00e7ada sempre a qui calgui.<\/span><\/li>\n<\/ul>\n","protected":false},"excerpt":{"rendered":"<p>COMUNICACI\u00d3 AMB LES FAM\u00cdLIES:<\/p>\n<ul>\n<li aria-level=\"1\">Tel\u00e8fon de l\u2019escola: 937 251 741<\/li>\n<\/ul>\n<ul>\n<li aria-level=\"1\">Correu d\u2019escola: escolalatrama@xtec.cat<\/li>\n<\/ul>\n<ul>\n<li style=\"font-weight: 400;\" aria-level=\"1\">Correu dels mestres: <a href=\"mailto:nascuts2010@escolalatrama.cat\">nomcognom@escolalatrama.cat<\/a>. Aquesta \u00e9s l&#8217;eina de contacte amb ells o elles. Cal que comuniqueu a aquest correu si un infant faltar\u00e0 a l\u2019escola o si arribar\u00e0 tard.\u00a0<\/li>\n<\/ul>\n<ul>\n<li&hellip;  <a href=\"https:\/\/agora.xtec.cat\/escolalatrama\/curs-actual\/horaris\/\" title=\"Read Comunicaci\u00f3\">Llegeix m\u00e9s\u00bb<\/a><\/p>\n","protected":false},"author":2,"featured_media":0,"parent":66,"menu_order":3,"comment_status":"closed","ping_status":"closed","template":"page-templates\/side-menu.php","meta":{"_bbp_topic_count":0,"_bbp_reply_count":0,"_bbp_total_topic_count":0,"_bbp_total_reply_count":0,"_bbp_voice_count":0,"_bbp_anonymous_reply_count":0,"_bbp_topic_count_hidden":0,"_bbp_reply_count_hidden":0,"_bbp_forum_subforum_count":0,"footnotes":""},"class_list":["post-82","page","type-page","status-publish","hentry"],"post_mailing_queue_ids":[],"_links":{"self":[{"href":"https:\/\/agora.xtec.cat\/escolalatrama\/wp-json\/wp\/v2\/pages\/82","targetHints":{"allow":["GET"]}}],"collection":[{"href":"https:\/\/agora.xtec.cat\/escolalatrama\/wp-json\/wp\/v2\/pages"}],"about":[{"href":"https:\/\/agora.xtec.cat\/escolalatrama\/wp-json\/wp\/v2\/types\/page"}],"author":[{"embeddable":true,"href":"https:\/\/agora.xtec.cat\/escolalatrama\/wp-json\/wp\/v2\/users\/2"}],"replies":[{"embeddable":true,"href":"https:\/\/agora.xtec.cat\/escolalatrama\/wp-json\/wp\/v2\/comments?post=82"}],"version-history":[{"count":7,"href":"https:\/\/agora.xtec.cat\/escolalatrama\/wp-json\/wp\/v2\/pages\/82\/revisions"}],"predecessor-version":[{"id":4800,"href":"https:\/\/agora.xtec.cat\/escolalatrama\/wp-json\/wp\/v2\/pages\/82\/revisions\/4800"}],"up":[{"embeddable":true,"href":"https:\/\/agora.xtec.cat\/escolalatrama\/wp-json\/wp\/v2\/pages\/66"}],"wp:attachment":[{"href":"https:\/\/agora.xtec.cat\/escolalatrama\/wp-json\/wp\/v2\/media?parent=82"}],"curies":[{"name":"wp","href":"https:\/\/api.w.org\/{rel}","templated":true}]}}