{"id":66,"date":"2014-09-18T12:40:47","date_gmt":"2014-09-18T12:40:47","guid":{"rendered":"http:\/\/agora.xtec.cat\/escolalatrama\/?page_id=66"},"modified":"2025-07-09T22:26:04","modified_gmt":"2025-07-09T20:26:04","slug":"curs-actual","status":"publish","type":"page","link":"https:\/\/agora.xtec.cat\/escolalatrama\/curs-actual\/","title":{"rendered":"Curs actual 25-26"},"content":{"rendered":"\n<p>Compartim amb vosaltres el <strong><a href=\"https:\/\/drive.google.com\/file\/d\/1lLE2bpZqUGxT4TscOur_qVxI2arKjye1\/view?usp=drive_link\" target=\"_blank\" rel=\"noreferrer noopener\">calendari escolar del curs 2025-2026<\/a><\/strong>, aprovat pel Consell Escolar el <strong>26 de juny de 2025<\/strong>.<\/p>\n\n\n\n<p>En aquest document hi trobareu totes les <strong>dates rellevants del curs<\/strong>: inici i final de les classes, vacances d\u2019hivern i de primavera, jornada intensiva, festius i dies de lliure disposici\u00f3, aix\u00ed com les festes que celebrem a l&#8217;escola, les col\u00f2nies i les activitats que compartim amb les fam\u00edlies.<\/p>\n\n\n\n<p>Us recomanem seguir la <strong>llegenda<\/strong> per interpretar correctament totes les dates marcades.<\/p>\n\n\n\n<figure class=\"wp-block-image size-full\"><a href=\"https:\/\/agora.xtec.cat\/escolalatrama\/wp-content\/uploads\/usu518\/2025\/07\/image.png\"><img loading=\"lazy\" decoding=\"async\" width=\"871\" height=\"484\" src=\"https:\/\/agora.xtec.cat\/escolalatrama\/wp-content\/uploads\/usu518\/2025\/07\/image.png\" alt=\"\" class=\"wp-image-4776\" srcset=\"https:\/\/agora.xtec.cat\/escolalatrama\/wp-content\/uploads\/usu518\/2025\/07\/image.png 871w, https:\/\/agora.xtec.cat\/escolalatrama\/wp-content\/uploads\/usu518\/2025\/07\/image-300x167.png 300w, https:\/\/agora.xtec.cat\/escolalatrama\/wp-content\/uploads\/usu518\/2025\/07\/image-768x427.png 768w\" sizes=\"auto, (max-width: 871px) 100vw, 871px\" \/><\/a><\/figure>\n\n\n\n<figure class=\"wp-block-image size-full\"><a href=\"https:\/\/agora.xtec.cat\/escolalatrama\/wp-content\/uploads\/usu518\/2025\/07\/Llegenda-1.png\"><img loading=\"lazy\" decoding=\"async\" width=\"1008\" height=\"259\" src=\"https:\/\/agora.xtec.cat\/escolalatrama\/wp-content\/uploads\/usu518\/2025\/07\/Llegenda-1.png\" alt=\"\" class=\"wp-image-4779\" srcset=\"https:\/\/agora.xtec.cat\/escolalatrama\/wp-content\/uploads\/usu518\/2025\/07\/Llegenda-1.png 1008w, https:\/\/agora.xtec.cat\/escolalatrama\/wp-content\/uploads\/usu518\/2025\/07\/Llegenda-1-300x77.png 300w, https:\/\/agora.xtec.cat\/escolalatrama\/wp-content\/uploads\/usu518\/2025\/07\/Llegenda-1-768x197.png 768w\" sizes=\"auto, (max-width: 1008px) 100vw, 1008px\" \/><\/a><\/figure>\n\n\n\n<figure class=\"wp-block-image size-large\"><a href=\"https:\/\/agora.xtec.cat\/escolalatrama\/wp-content\/uploads\/usu518\/2025\/07\/Llegenda-3.png\"><img loading=\"lazy\" decoding=\"async\" width=\"1024\" height=\"671\" src=\"https:\/\/agora.xtec.cat\/escolalatrama\/wp-content\/uploads\/usu518\/2025\/07\/Llegenda-3-1024x671.png\" alt=\"\" class=\"wp-image-4781\" srcset=\"https:\/\/agora.xtec.cat\/escolalatrama\/wp-content\/uploads\/usu518\/2025\/07\/Llegenda-3-1024x671.png 1024w, https:\/\/agora.xtec.cat\/escolalatrama\/wp-content\/uploads\/usu518\/2025\/07\/Llegenda-3-300x197.png 300w, https:\/\/agora.xtec.cat\/escolalatrama\/wp-content\/uploads\/usu518\/2025\/07\/Llegenda-3-768x503.png 768w, https:\/\/agora.xtec.cat\/escolalatrama\/wp-content\/uploads\/usu518\/2025\/07\/Llegenda-3.png 1105w\" sizes=\"auto, (max-width: 1024px) 100vw, 1024px\" \/><\/a><\/figure>\n\n\n\n<hr class=\"wp-block-separator has-alpha-channel-opacity\"\/>\n\n\n\n<p><\/p>\n\n\n\n<h2 class=\"wp-block-heading\">Curs 24-25<\/h2>\n\n\n\n<figure class=\"wp-block-gallery has-nested-images columns-default is-cropped wp-block-gallery-1 is-layout-flex wp-block-gallery-is-layout-flex\">\n<figure class=\"wp-block-image size-large\"><a href=\"https:\/\/agora.xtec.cat\/escolalatrama\/wp-content\/uploads\/usu518\/2025\/05\/Ajuntament-Sabadell-Ciutat-i-Escola-1.png\"><img loading=\"lazy\" decoding=\"async\" width=\"628\" height=\"135\" data-id=\"4737\" src=\"https:\/\/agora.xtec.cat\/escolalatrama\/wp-content\/uploads\/usu518\/2025\/05\/Ajuntament-Sabadell-Ciutat-i-Escola-1.png\" alt=\"\" class=\"wp-image-4737\" srcset=\"https:\/\/agora.xtec.cat\/escolalatrama\/wp-content\/uploads\/usu518\/2025\/05\/Ajuntament-Sabadell-Ciutat-i-Escola-1.png 628w, https:\/\/agora.xtec.cat\/escolalatrama\/wp-content\/uploads\/usu518\/2025\/05\/Ajuntament-Sabadell-Ciutat-i-Escola-1-300x64.png 300w\" sizes=\"auto, (max-width: 628px) 100vw, 628px\" \/><\/a><\/figure>\n<\/figure>\n\n\n\n<h3 class=\"wp-block-heading\">Participaci\u00f3 en el programa Ciutat i Escola<\/h3>\n\n\n\n<p>A l\u2019escola<strong> La Trama<\/strong> participem en el programa <strong>Ciutat i Escola<\/strong> de l\u2019<strong>Ajuntament de Sabadell<\/strong>, que ens permet oferir activitats educatives complement\u00e0ries al curr\u00edculum. Aquestes propostes afavoreixen l\u2019aprenentatge vivencial, fomenten valors com la cooperaci\u00f3, l\u2019esperit cr\u00edtic, els h\u00e0bits saludables o la creativitat, i connecten l\u2019educaci\u00f3 amb l\u2019entorn i la ciutat. Amb aquesta iniciativa, enriquim l\u2019educaci\u00f3 de l\u2019alumnat i contribu\u00efm a la seva formaci\u00f3 integral. <\/p>\n\n\n\n<p>Aquestes activitats compten amb <strong>el finan\u00e7ament i suport de l&#8217;Ajuntament de Sabadell.<\/strong><\/p>\n\n\n\n<figure class=\"wp-block-image size-full\"><a href=\"https:\/\/agora.xtec.cat\/escolalatrama\/wp-content\/uploads\/usu518\/2025\/05\/Ciutat-i-Escola-24-25.jpg\"><img loading=\"lazy\" decoding=\"async\" width=\"754\" height=\"798\" src=\"https:\/\/agora.xtec.cat\/escolalatrama\/wp-content\/uploads\/usu518\/2025\/05\/Ciutat-i-Escola-24-25.jpg\" alt=\"\" class=\"wp-image-4739\" srcset=\"https:\/\/agora.xtec.cat\/escolalatrama\/wp-content\/uploads\/usu518\/2025\/05\/Ciutat-i-Escola-24-25.jpg 754w, https:\/\/agora.xtec.cat\/escolalatrama\/wp-content\/uploads\/usu518\/2025\/05\/Ciutat-i-Escola-24-25-283x300.jpg 283w\" sizes=\"auto, (max-width: 754px) 100vw, 754px\" \/><\/a><\/figure>\n\n\n\n<hr class=\"wp-block-separator has-alpha-channel-opacity\"\/>\n\n\n\n<h1 class=\"wp-block-heading\"><span style=\"color: #b30b0b;\">BENVINGUTS I BENVINGUDES<\/span><span style=\"color: #b30b0b;\">!<\/span><\/h1>\n\n\n\n<h4 class=\"wp-block-heading\">Dimarts dia 10 de setembre hem omplert novament de vida i somriures les aules de l&#8217;escola. En aquest <strong><a href=\"https:\/\/drive.google.com\/file\/d\/1mWDy3Ij-hpeIsliikCMoRGKCVoXUSL7R\/view?usp=sharing\" target=\"_blank\" rel=\"noopener\"><span style=\"text-decoration: underline;\"><span style=\"color: #0000ff; text-decoration: underline;\">enlla\u00e7<\/span><\/span><\/a><\/strong>&nbsp;podeu veure l&#8217;activitat de benvinguda del primer dia, al pati de l&#8217;escola de prim\u00e0ria.<\/h4>\n\n\n\n<hr class=\"wp-block-separator has-alpha-channel-opacity\"\/>\n\n\n\n<h2 class=\"wp-block-heading has-text-align-center\"><span style=\"color: #993366;\"><strong>PORTES OBERTES CURS 24-25<\/strong><\/span><\/h2>\n\n\n\n<h2 class=\"wp-block-heading has-text-align-center\"><del><span style=\"color: #993300;\"><strong><img loading=\"lazy\" decoding=\"async\" class=\"aligncenter wp-image-3563\" src=\"https:\/\/agora.xtec.cat\/escolalatrama\/wp-content\/uploads\/usu518\/2024\/02\/gracies-per-venir.jpg\" alt=\"\" width=\"543\" height=\"121\" srcset=\"https:\/\/agora.xtec.cat\/escolalatrama\/wp-content\/uploads\/usu518\/2024\/02\/gracies-per-venir.jpg 953w, https:\/\/agora.xtec.cat\/escolalatrama\/wp-content\/uploads\/usu518\/2024\/02\/gracies-per-venir-300x67.jpg 300w, https:\/\/agora.xtec.cat\/escolalatrama\/wp-content\/uploads\/usu518\/2024\/02\/gracies-per-venir-768x171.jpg 768w\" sizes=\"auto, (max-width: 543px) 100vw, 543px\" \/><\/strong><\/span><\/del><\/h2>\n\n\n<div class=\"wp-block-image\">\n<figure class=\"aligncenter\"><a href=\"https:\/\/docs.google.com\/forms\/d\/e\/1FAIpQLSeGNlmij1TDzzqyp8b7NvnBBWH9DEoo377jq0dYleC8fUk4Ew\/viewform?usp=sf_link\"><img loading=\"lazy\" decoding=\"async\" width=\"540\" height=\"960\" src=\"https:\/\/agora.xtec.cat\/escolalatrama\/wp-content\/uploads\/usu518\/2024\/01\/Portes-obertes-La-Trama.jpg\" alt=\"\" class=\"wp-image-3446\" srcset=\"https:\/\/agora.xtec.cat\/escolalatrama\/wp-content\/uploads\/usu518\/2024\/01\/Portes-obertes-La-Trama.jpg 540w, https:\/\/agora.xtec.cat\/escolalatrama\/wp-content\/uploads\/usu518\/2024\/01\/Portes-obertes-La-Trama-169x300.jpg 169w\" sizes=\"auto, (max-width: 540px) 100vw, 540px\" \/><\/a><\/figure><\/div>\n\n\n<p><span style=\"color: #993366;\">Dimarts 20 de febrer a les 9:15h<\/span><\/p>\n\n\n\n<p><span style=\"color: #993366;\">Dimecres 21 de febrer a les 9:15h<\/span><\/p>\n\n\n\n<p><span style=\"color: #993366;\">Divendres 23 de febrer a les 14:45h<\/span><\/p>\n\n\n\n<h5 class=\"wp-block-heading\"><strong><span style=\"color: #993366;\">Us podeu apuntar a les portes obertes omplint aques<\/span>t<\/strong>&nbsp;<strong><a href=\"https:\/\/docs.google.com\/forms\/d\/e\/1FAIpQLSeGNlmij1TDzzqyp8b7NvnBBWH9DEoo377jq0dYleC8fUk4Ew\/viewform?usp=sf_link\">formulari.<\/a><\/strong><\/h5>\n\n\n\n<p><span style=\"color: #993366;\">Anirem informant de les novetats d\u2019acord amb el calendari establert pel Departament d\u2019Educaci\u00f3.<\/span><\/p>\n\n\n\n<h5 class=\"wp-block-heading\"><span style=\"color: #993366;\">En aquest apartat trobareu tota la informaci\u00f3:<\/span><strong><a href=\"https:\/\/preinscripcio.gencat.cat\/ca\/inici\/index.html\">&nbsp;DEPARTAMENT D\u2019EDUCACI\u00d3- Preinscripci\u00f3 24-25<\/a><\/strong><\/h5>\n\n\n\n<p><\/p>\n\n\n\n<hr class=\"wp-block-separator has-alpha-channel-opacity\"\/>\n\n\n\n<div style=\"height:100px\" aria-hidden=\"true\" class=\"wp-block-spacer\"><\/div>\n","protected":false},"excerpt":{"rendered":"<p>Compartim amb vosaltres el <a href=\"https:\/\/drive.google.com\/file\/d\/1lLE2bpZqUGxT4TscOur_qVxI2arKjye1\/view?usp=drive_link\" target=\"_blank\" rel=\"noreferrer noopener\">calendari escolar del curs 2025-2026<\/a>, aprovat pel Consell Escolar el 26 de juny de 2025.<\/p>\n<p>En aquest document hi trobareu totes les dates rellevants del curs: inici i final de les classes, vacances d\u2019hivern i de primavera, jornada&hellip;  <a href=\"https:\/\/agora.xtec.cat\/escolalatrama\/curs-actual\/\" title=\"Read Curs actual 25-26\">Llegeix m\u00e9s\u00bb<\/a><\/p>\n","protected":false},"author":2,"featured_media":0,"parent":0,"menu_order":1,"comment_status":"closed","ping_status":"closed","template":"page-templates\/side-menu.php","meta":{"_bbp_topic_count":0,"_bbp_reply_count":0,"_bbp_total_topic_count":0,"_bbp_total_reply_count":0,"_bbp_voice_count":0,"_bbp_anonymous_reply_count":0,"_bbp_topic_count_hidden":0,"_bbp_reply_count_hidden":0,"_bbp_forum_subforum_count":0,"footnotes":""},"class_list":["post-66","page","type-page","status-publish","hentry"],"post_mailing_queue_ids":[],"_links":{"self":[{"href":"https:\/\/agora.xtec.cat\/escolalatrama\/wp-json\/wp\/v2\/pages\/66","targetHints":{"allow":["GET"]}}],"collection":[{"href":"https:\/\/agora.xtec.cat\/escolalatrama\/wp-json\/wp\/v2\/pages"}],"about":[{"href":"https:\/\/agora.xtec.cat\/escolalatrama\/wp-json\/wp\/v2\/types\/page"}],"author":[{"embeddable":true,"href":"https:\/\/agora.xtec.cat\/escolalatrama\/wp-json\/wp\/v2\/users\/2"}],"replies":[{"embeddable":true,"href":"https:\/\/agora.xtec.cat\/escolalatrama\/wp-json\/wp\/v2\/comments?post=66"}],"version-history":[{"count":5,"href":"https:\/\/agora.xtec.cat\/escolalatrama\/wp-json\/wp\/v2\/pages\/66\/revisions"}],"predecessor-version":[{"id":4782,"href":"https:\/\/agora.xtec.cat\/escolalatrama\/wp-json\/wp\/v2\/pages\/66\/revisions\/4782"}],"wp:attachment":[{"href":"https:\/\/agora.xtec.cat\/escolalatrama\/wp-json\/wp\/v2\/media?parent=66"}],"curies":[{"name":"wp","href":"https:\/\/api.w.org\/{rel}","templated":true}]}}