{"id":568,"date":"2014-02-16T09:31:43","date_gmt":"2014-02-16T08:31:43","guid":{"rendered":"http:\/\/agora.xtec.cat\/escolalatrama\/?page_id=568"},"modified":"2024-04-12T09:54:50","modified_gmt":"2024-04-12T07:54:50","slug":"projecte-etwinning","status":"publish","type":"page","link":"https:\/\/agora.xtec.cat\/escolalatrama\/lescola\/projecte-etwinning\/","title":{"rendered":"Projecte eTwinning"},"content":{"rendered":"<p><a href=\"http:\/\/agora.xtec.cat\/escolalatrama\/wp-content\/uploads\/usu518\/2015\/11\/baixa.png\"><img loading=\"lazy\" decoding=\"async\" class=\" size-full wp-image-562 alignleft\" src=\"http:\/\/agora.xtec.cat\/escolalatrama\/wp-content\/uploads\/usu518\/2015\/11\/baixa.png\" alt=\"baixa\" width=\"356\" height=\"142\" srcset=\"https:\/\/agora.xtec.cat\/escolalatrama\/wp-content\/uploads\/usu518\/2015\/11\/baixa.png 356w, https:\/\/agora.xtec.cat\/escolalatrama\/wp-content\/uploads\/usu518\/2015\/11\/baixa-300x120.png 300w\" sizes=\"auto, (max-width: 356px) 100vw, 356px\" \/><\/a><\/p>\n<p>&nbsp;<\/p>\n<p>&nbsp;<\/p>\n<p>&nbsp;<\/p>\n<p>&nbsp;<\/p>\n<p>La xarxa eTwinning \u00e9s la comunitat educativa on line m\u00e9s extensa de centres educatius d&#8217;Europa. \u00c9s un punt de trobada i un lloc com\u00fa de treball on la nostra escola treballa en xarxa d<span style=\"font-family: inherit; font-size: 1em;\">es del curs 2015-16.<\/span><\/p>\n<p>Amb aquest projecte anem ampliant la nostra mirada envers altres realitats i maneres de treballar a trav\u00e9s de l&#8217;Erasmus+ que permet als docents de la nostra escola formar-se en projectes europeus i compartir projectes amb altres pa\u00efsos europeus.<\/p>\n<p style=\"font-weight: 400;\">Des d\u2019angl\u00e8s, els vostres fills i filles van participar en el <strong>programa eTwinning &#8220;<em>I spy with my little eye<\/em>&#8220;,\u00a0<\/strong>projecte que van compartir amb Turquia i Ge\u00f2rgia i que va centrar l&#8217;atenci\u00f3 a millorar\u00a0 la compet\u00e8ncia ling\u00fc\u00edstica en llengua anglesa , la compet\u00e8ncia digital i la compet\u00e8ncia\u00a0 d&#8217;autonomia i iniciativa personal a trav\u00e9s del treball d&#8217;algunes de les frases fetes m\u00e9s conegudes en angl\u00e8s.<\/p>\n<p style=\"font-weight: 400;\">Doncs b\u00e9, el projecte ha rebut un Segell de qualitat eTwinning, un premi de reconeixement per tota la feina feta. Evidentment, aquest premi no hauria estat possible sense el treball que van realitzar els vostres fills i filles. Per aix\u00f2 us preguem que els feu extensiva aquesta not\u00edcia. El premi representa un reconeixement tant del seu esfor\u00e7 com de la seva capacitat per al treball col\u00b7laboratiu,\u00a0<strong>tot i el confinament\u00a0<\/strong>del tercer trimestre.<\/p>\n<h4 style=\"font-weight: 400;\"><strong><a style=\"font-weight: 400;\" href=\"https:\/\/www.calameo.com\/books\/00282611277fcfded2a3d\" data-saferedirecturl=\"https:\/\/www.google.com\/url?q=https:\/\/www.calameo.com\/books\/00282611277fcfded2a3d&amp;source=gmail&amp;ust=1600411066997000&amp;usg=AFQjCNF1kExnJV519-ZbQn1WX2rJ49Rqiw\">Aqu\u00ed us deixem el recull de la feina feta.<\/a><\/strong><\/h4>\n<h4 style=\"font-weight: 400;\">Per m\u00e9s informaci\u00f3 sobre aquest projecte, podeu accedir-hi a trav\u00e9s d\u2019aquest<strong>\u00a0<em><a style=\"font-weight: 400;\" href=\"https:\/\/etwinningprojectslatrama.blogspot.com\/p\/i-spy.html\" data-saferedirecturl=\"https:\/\/www.google.com\/url?q=https:\/\/etwinningprojectslatrama.blogspot.com\/p\/i-spy.html&amp;source=gmail&amp;ust=1600411066997000&amp;usg=AFQjCNFa9zkEh1xf33VoTKgoetpoS4ynmg\">link<\/a><\/em><\/strong><\/h4>\n<p>&nbsp;<\/p>\n<p>Trobareu informaci\u00f3 de cada curs en els <a href=\"https:\/\/blocs.xtec.cat\/englishlatrama\/\">blogs<\/a> d&#8217;angl\u00e8s.<\/p>\n<div>\n<div>\n<div>\n<div><\/div>\n<\/div>\n<\/div>\n<\/div>\n","protected":false},"excerpt":{"rendered":"<p><a href=\"http:\/\/agora.xtec.cat\/escolalatrama\/wp-content\/uploads\/usu518\/2015\/11\/baixa.png\"><\/a><br \/>\n&nbsp;<br \/>\n&nbsp;<br \/>\n&nbsp;<br \/>\n&nbsp;<br \/>\nLa xarxa eTwinning \u00e9s la comunitat educativa on line m\u00e9s extensa de centres educatius d&#8217;Europa. \u00c9s un punt de trobada i un lloc com\u00fa de treball on la nostra escola treballa en xarxa des del curs 2015-16.<br \/>\nAmb aquest projecte anem ampliant la nostra mirada&hellip;  <a href=\"https:\/\/agora.xtec.cat\/escolalatrama\/lescola\/projecte-etwinning\/\" title=\"Read Projecte eTwinning\">Llegeix m\u00e9s\u00bb<\/a><\/p>\n","protected":false},"author":1,"featured_media":0,"parent":22,"menu_order":9,"comment_status":"closed","ping_status":"closed","template":"","meta":{"_bbp_topic_count":0,"_bbp_reply_count":0,"_bbp_total_topic_count":0,"_bbp_total_reply_count":0,"_bbp_voice_count":0,"_bbp_anonymous_reply_count":0,"_bbp_topic_count_hidden":0,"_bbp_reply_count_hidden":0,"_bbp_forum_subforum_count":0,"footnotes":""},"class_list":["post-568","page","type-page","status-publish","hentry"],"post_mailing_queue_ids":[],"_links":{"self":[{"href":"https:\/\/agora.xtec.cat\/escolalatrama\/wp-json\/wp\/v2\/pages\/568","targetHints":{"allow":["GET"]}}],"collection":[{"href":"https:\/\/agora.xtec.cat\/escolalatrama\/wp-json\/wp\/v2\/pages"}],"about":[{"href":"https:\/\/agora.xtec.cat\/escolalatrama\/wp-json\/wp\/v2\/types\/page"}],"author":[{"embeddable":true,"href":"https:\/\/agora.xtec.cat\/escolalatrama\/wp-json\/wp\/v2\/users\/1"}],"replies":[{"embeddable":true,"href":"https:\/\/agora.xtec.cat\/escolalatrama\/wp-json\/wp\/v2\/comments?post=568"}],"version-history":[{"count":7,"href":"https:\/\/agora.xtec.cat\/escolalatrama\/wp-json\/wp\/v2\/pages\/568\/revisions"}],"predecessor-version":[{"id":3635,"href":"https:\/\/agora.xtec.cat\/escolalatrama\/wp-json\/wp\/v2\/pages\/568\/revisions\/3635"}],"up":[{"embeddable":true,"href":"https:\/\/agora.xtec.cat\/escolalatrama\/wp-json\/wp\/v2\/pages\/22"}],"wp:attachment":[{"href":"https:\/\/agora.xtec.cat\/escolalatrama\/wp-json\/wp\/v2\/media?parent=568"}],"curies":[{"name":"wp","href":"https:\/\/api.w.org\/{rel}","templated":true}]}}