{"id":4543,"date":"2024-12-12T12:30:37","date_gmt":"2024-12-12T11:30:37","guid":{"rendered":"https:\/\/agora.xtec.cat\/escolalatrama\/?page_id=4543"},"modified":"2025-01-09T12:19:48","modified_gmt":"2025-01-09T11:19:48","slug":"festa-de-la-natura","status":"publish","type":"page","link":"https:\/\/agora.xtec.cat\/escolalatrama\/festa-de-la-natura\/","title":{"rendered":"Festa de la natura"},"content":{"rendered":"\n<p>Acomiadem el curs d&#8217;una manera especial: una jornada de conviv\u00e8ncia i diversi\u00f3 en plena natura. Un dia per compartir moments \u00fanics, jugar, riure i refor\u00e7ar els vincles entre alumnes, mestres i fam\u00edlies i per acomiadar-nos dels curs en un ambient c\u00e0lid i familiar.<\/p>\n\n\n\n<div class=\"wp-block-columns is-layout-flex wp-container-core-columns-is-layout-1 wp-block-columns-is-layout-flex\">\n<div class=\"wp-block-column is-layout-flow wp-block-column-is-layout-flow\">\n<figure class=\"wp-block-image size-full\"><a href=\"https:\/\/agora.xtec.cat\/escolalatrama\/wp-content\/uploads\/usu518\/2025\/01\/Captura-de-pantalla-2025-01-09-121234.png\"><img loading=\"lazy\" decoding=\"async\" width=\"556\" height=\"600\" src=\"https:\/\/agora.xtec.cat\/escolalatrama\/wp-content\/uploads\/usu518\/2025\/01\/Captura-de-pantalla-2025-01-09-121234.png\" alt=\"\" class=\"wp-image-4571\" srcset=\"https:\/\/agora.xtec.cat\/escolalatrama\/wp-content\/uploads\/usu518\/2025\/01\/Captura-de-pantalla-2025-01-09-121234.png 556w, https:\/\/agora.xtec.cat\/escolalatrama\/wp-content\/uploads\/usu518\/2025\/01\/Captura-de-pantalla-2025-01-09-121234-278x300.png 278w\" sizes=\"auto, (max-width: 556px) 100vw, 556px\" \/><\/a><\/figure>\n<\/div>\n\n\n\n<div class=\"wp-block-column is-layout-flow wp-block-column-is-layout-flow\">\n<figure class=\"wp-block-image size-full is-resized\"><a href=\"https:\/\/agora.xtec.cat\/escolalatrama\/wp-content\/uploads\/usu518\/2025\/01\/Captura-de-pantalla-2025-01-09-121251.png\"><img loading=\"lazy\" decoding=\"async\" width=\"352\" height=\"456\" src=\"https:\/\/agora.xtec.cat\/escolalatrama\/wp-content\/uploads\/usu518\/2025\/01\/Captura-de-pantalla-2025-01-09-121251.png\" alt=\"\" class=\"wp-image-4572\" style=\"width:357px;height:auto\" srcset=\"https:\/\/agora.xtec.cat\/escolalatrama\/wp-content\/uploads\/usu518\/2025\/01\/Captura-de-pantalla-2025-01-09-121251.png 352w, https:\/\/agora.xtec.cat\/escolalatrama\/wp-content\/uploads\/usu518\/2025\/01\/Captura-de-pantalla-2025-01-09-121251-232x300.png 232w\" sizes=\"auto, (max-width: 352px) 100vw, 352px\" \/><\/a><\/figure>\n<\/div>\n<\/div>\n","protected":false},"excerpt":{"rendered":"<p>Acomiadem el curs d&#8217;una manera especial: una jornada de conviv\u00e8ncia i diversi\u00f3 en plena natura. Un dia per compartir moments \u00fanics, jugar, riure i refor\u00e7ar els vincles entre alumnes, mestres i fam\u00edlies i per acomiadar-nos dels curs en un ambient c\u00e0lid i familiar.<\/p>\n<p><a href=\"https:\/\/agora.xtec.cat\/escolalatrama\/wp-content\/uploads\/usu518\/2025\/01\/Captura-de-pantalla-2025-01-09-121234.png\"><\/a><\/p>\n<p><a href=\"https:\/\/agora.xtec.cat\/escolalatrama\/wp-content\/uploads\/usu518\/2025\/01\/Captura-de-pantalla-2025-01-09-121251.png\"><\/a><\/p>\n","protected":false},"author":5,"featured_media":0,"parent":0,"menu_order":0,"comment_status":"closed","ping_status":"close","template":"","meta":{"_bbp_topic_count":0,"_bbp_reply_count":0,"_bbp_total_topic_count":0,"_bbp_total_reply_count":0,"_bbp_voice_count":0,"_bbp_anonymous_reply_count":0,"_bbp_topic_count_hidden":0,"_bbp_reply_count_hidden":0,"_bbp_forum_subforum_count":0,"footnotes":""},"class_list":["post-4543","page","type-page","status-publish","hentry"],"post_mailing_queue_ids":[],"_links":{"self":[{"href":"https:\/\/agora.xtec.cat\/escolalatrama\/wp-json\/wp\/v2\/pages\/4543","targetHints":{"allow":["GET"]}}],"collection":[{"href":"https:\/\/agora.xtec.cat\/escolalatrama\/wp-json\/wp\/v2\/pages"}],"about":[{"href":"https:\/\/agora.xtec.cat\/escolalatrama\/wp-json\/wp\/v2\/types\/page"}],"author":[{"embeddable":true,"href":"https:\/\/agora.xtec.cat\/escolalatrama\/wp-json\/wp\/v2\/users\/5"}],"replies":[{"embeddable":true,"href":"https:\/\/agora.xtec.cat\/escolalatrama\/wp-json\/wp\/v2\/comments?post=4543"}],"version-history":[{"count":6,"href":"https:\/\/agora.xtec.cat\/escolalatrama\/wp-json\/wp\/v2\/pages\/4543\/revisions"}],"predecessor-version":[{"id":4577,"href":"https:\/\/agora.xtec.cat\/escolalatrama\/wp-json\/wp\/v2\/pages\/4543\/revisions\/4577"}],"wp:attachment":[{"href":"https:\/\/agora.xtec.cat\/escolalatrama\/wp-json\/wp\/v2\/media?parent=4543"}],"curies":[{"name":"wp","href":"https:\/\/api.w.org\/{rel}","templated":true}]}}