{"id":4536,"date":"2024-12-12T12:21:09","date_gmt":"2024-12-12T11:21:09","guid":{"rendered":"https:\/\/agora.xtec.cat\/escolalatrama\/?page_id=4536"},"modified":"2025-01-23T12:30:34","modified_gmt":"2025-01-23T11:30:34","slug":"festa-literaria","status":"publish","type":"page","link":"https:\/\/agora.xtec.cat\/escolalatrama\/festa-literaria\/","title":{"rendered":"Festa liter\u00e0ria"},"content":{"rendered":"\n<p>\u00c9s la celebraci\u00f3 de la creativitat, la lectura, l&#8217;escriptura i la m\u00e0gia de les paraules, plena d&#8217;activitats per fomentar l&#8217;amor per la literatura entre petits i grans.<\/p>\n\n\n\n<div class=\"wp-block-columns is-layout-flex wp-container-core-columns-is-layout-1 wp-block-columns-is-layout-flex\">\n<div class=\"wp-block-column is-layout-flow wp-block-column-is-layout-flow\">\n<figure class=\"wp-block-image size-full\"><a href=\"https:\/\/agora.xtec.cat\/escolalatrama\/wp-content\/uploads\/usu518\/2025\/01\/Captura-de-pantalla-2025-01-23-122716.png\"><img loading=\"lazy\" decoding=\"async\" width=\"873\" height=\"654\" src=\"https:\/\/agora.xtec.cat\/escolalatrama\/wp-content\/uploads\/usu518\/2025\/01\/Captura-de-pantalla-2025-01-23-122716.png\" alt=\"\" class=\"wp-image-4647\" srcset=\"https:\/\/agora.xtec.cat\/escolalatrama\/wp-content\/uploads\/usu518\/2025\/01\/Captura-de-pantalla-2025-01-23-122716.png 873w, https:\/\/agora.xtec.cat\/escolalatrama\/wp-content\/uploads\/usu518\/2025\/01\/Captura-de-pantalla-2025-01-23-122716-300x225.png 300w, https:\/\/agora.xtec.cat\/escolalatrama\/wp-content\/uploads\/usu518\/2025\/01\/Captura-de-pantalla-2025-01-23-122716-768x575.png 768w, https:\/\/agora.xtec.cat\/escolalatrama\/wp-content\/uploads\/usu518\/2025\/01\/Captura-de-pantalla-2025-01-23-122716-200x150.png 200w\" sizes=\"auto, (max-width: 873px) 100vw, 873px\" \/><\/a><\/figure>\n<\/div>\n\n\n\n<div class=\"wp-block-column is-layout-flow wp-block-column-is-layout-flow\">\n<figure class=\"wp-block-image size-full\"><a href=\"https:\/\/agora.xtec.cat\/escolalatrama\/wp-content\/uploads\/usu518\/2025\/01\/Captura-de-pantalla-2025-01-23-122918.png\"><img loading=\"lazy\" decoding=\"async\" width=\"877\" height=\"658\" src=\"https:\/\/agora.xtec.cat\/escolalatrama\/wp-content\/uploads\/usu518\/2025\/01\/Captura-de-pantalla-2025-01-23-122918.png\" alt=\"\" class=\"wp-image-4648\" srcset=\"https:\/\/agora.xtec.cat\/escolalatrama\/wp-content\/uploads\/usu518\/2025\/01\/Captura-de-pantalla-2025-01-23-122918.png 877w, https:\/\/agora.xtec.cat\/escolalatrama\/wp-content\/uploads\/usu518\/2025\/01\/Captura-de-pantalla-2025-01-23-122918-300x225.png 300w, https:\/\/agora.xtec.cat\/escolalatrama\/wp-content\/uploads\/usu518\/2025\/01\/Captura-de-pantalla-2025-01-23-122918-768x576.png 768w, https:\/\/agora.xtec.cat\/escolalatrama\/wp-content\/uploads\/usu518\/2025\/01\/Captura-de-pantalla-2025-01-23-122918-200x150.png 200w\" sizes=\"auto, (max-width: 877px) 100vw, 877px\" \/><\/a><\/figure>\n<\/div>\n<\/div>\n","protected":false},"excerpt":{"rendered":"<p>\u00c9s la celebraci\u00f3 de la creativitat, la lectura, l&#8217;escriptura i la m\u00e0gia de les paraules, plena d&#8217;activitats per fomentar l&#8217;amor per la literatura entre petits i grans.<\/p>\n<p><a href=\"https:\/\/agora.xtec.cat\/escolalatrama\/wp-content\/uploads\/usu518\/2025\/01\/Captura-de-pantalla-2025-01-23-122716.png\"><\/a><\/p>\n<p><a href=\"https:\/\/agora.xtec.cat\/escolalatrama\/wp-content\/uploads\/usu518\/2025\/01\/Captura-de-pantalla-2025-01-23-122918.png\"><\/a><\/p>\n","protected":false},"author":5,"featured_media":0,"parent":0,"menu_order":0,"comment_status":"closed","ping_status":"close","template":"","meta":{"_bbp_topic_count":0,"_bbp_reply_count":0,"_bbp_total_topic_count":0,"_bbp_total_reply_count":0,"_bbp_voice_count":0,"_bbp_anonymous_reply_count":0,"_bbp_topic_count_hidden":0,"_bbp_reply_count_hidden":0,"_bbp_forum_subforum_count":0,"footnotes":""},"class_list":["post-4536","page","type-page","status-publish","hentry"],"post_mailing_queue_ids":[],"_links":{"self":[{"href":"https:\/\/agora.xtec.cat\/escolalatrama\/wp-json\/wp\/v2\/pages\/4536","targetHints":{"allow":["GET"]}}],"collection":[{"href":"https:\/\/agora.xtec.cat\/escolalatrama\/wp-json\/wp\/v2\/pages"}],"about":[{"href":"https:\/\/agora.xtec.cat\/escolalatrama\/wp-json\/wp\/v2\/types\/page"}],"author":[{"embeddable":true,"href":"https:\/\/agora.xtec.cat\/escolalatrama\/wp-json\/wp\/v2\/users\/5"}],"replies":[{"embeddable":true,"href":"https:\/\/agora.xtec.cat\/escolalatrama\/wp-json\/wp\/v2\/comments?post=4536"}],"version-history":[{"count":2,"href":"https:\/\/agora.xtec.cat\/escolalatrama\/wp-json\/wp\/v2\/pages\/4536\/revisions"}],"predecessor-version":[{"id":4649,"href":"https:\/\/agora.xtec.cat\/escolalatrama\/wp-json\/wp\/v2\/pages\/4536\/revisions\/4649"}],"wp:attachment":[{"href":"https:\/\/agora.xtec.cat\/escolalatrama\/wp-json\/wp\/v2\/media?parent=4536"}],"curies":[{"name":"wp","href":"https:\/\/api.w.org\/{rel}","templated":true}]}}