{"id":4530,"date":"2024-12-12T12:10:30","date_gmt":"2024-12-12T11:10:30","guid":{"rendered":"https:\/\/agora.xtec.cat\/escolalatrama\/?page_id=4530"},"modified":"2025-02-06T12:13:51","modified_gmt":"2025-02-06T11:13:51","slug":"festa-musical","status":"publish","type":"page","link":"https:\/\/agora.xtec.cat\/escolalatrama\/festa-musical\/","title":{"rendered":"Festa musical"},"content":{"rendered":"\n<p>Un esdeveniment m\u00e0gic on els alumnes, des dels m\u00e9s petits fins als m\u00e9s grans, ens emocionen amb can\u00e7ons tradicionals i sorpreses musicals.<\/p>\n\n\n\n<div class=\"wp-block-columns is-layout-flex wp-container-core-columns-is-layout-1 wp-block-columns-is-layout-flex\">\n<div class=\"wp-block-column is-layout-flow wp-block-column-is-layout-flow\">\n<figure class=\"wp-block-image size-full\"><a href=\"https:\/\/agora.xtec.cat\/escolalatrama\/wp-content\/uploads\/usu518\/2025\/02\/sdf.png\"><img loading=\"lazy\" decoding=\"async\" width=\"461\" height=\"621\" src=\"https:\/\/agora.xtec.cat\/escolalatrama\/wp-content\/uploads\/usu518\/2025\/02\/sdf.png\" alt=\"\" class=\"wp-image-4661\" srcset=\"https:\/\/agora.xtec.cat\/escolalatrama\/wp-content\/uploads\/usu518\/2025\/02\/sdf.png 461w, https:\/\/agora.xtec.cat\/escolalatrama\/wp-content\/uploads\/usu518\/2025\/02\/sdf-223x300.png 223w\" sizes=\"auto, (max-width: 461px) 100vw, 461px\" \/><\/a><\/figure>\n<\/div>\n\n\n\n<div class=\"wp-block-column is-layout-flow wp-block-column-is-layout-flow\"><\/div>\n<\/div>\n","protected":false},"excerpt":{"rendered":"<p>Un esdeveniment m\u00e0gic on els alumnes, des dels m\u00e9s petits fins als m\u00e9s grans, ens emocionen amb can\u00e7ons tradicionals i sorpreses musicals.<\/p>\n<p><a href=\"https:\/\/agora.xtec.cat\/escolalatrama\/wp-content\/uploads\/usu518\/2025\/02\/sdf.png\"><\/a><\/p>\n","protected":false},"author":5,"featured_media":0,"parent":0,"menu_order":0,"comment_status":"closed","ping_status":"close","template":"","meta":{"_bbp_topic_count":0,"_bbp_reply_count":0,"_bbp_total_topic_count":0,"_bbp_total_reply_count":0,"_bbp_voice_count":0,"_bbp_anonymous_reply_count":0,"_bbp_topic_count_hidden":0,"_bbp_reply_count_hidden":0,"_bbp_forum_subforum_count":0,"footnotes":""},"class_list":["post-4530","page","type-page","status-publish","hentry"],"post_mailing_queue_ids":[],"_links":{"self":[{"href":"https:\/\/agora.xtec.cat\/escolalatrama\/wp-json\/wp\/v2\/pages\/4530","targetHints":{"allow":["GET"]}}],"collection":[{"href":"https:\/\/agora.xtec.cat\/escolalatrama\/wp-json\/wp\/v2\/pages"}],"about":[{"href":"https:\/\/agora.xtec.cat\/escolalatrama\/wp-json\/wp\/v2\/types\/page"}],"author":[{"embeddable":true,"href":"https:\/\/agora.xtec.cat\/escolalatrama\/wp-json\/wp\/v2\/users\/5"}],"replies":[{"embeddable":true,"href":"https:\/\/agora.xtec.cat\/escolalatrama\/wp-json\/wp\/v2\/comments?post=4530"}],"version-history":[{"count":2,"href":"https:\/\/agora.xtec.cat\/escolalatrama\/wp-json\/wp\/v2\/pages\/4530\/revisions"}],"predecessor-version":[{"id":4662,"href":"https:\/\/agora.xtec.cat\/escolalatrama\/wp-json\/wp\/v2\/pages\/4530\/revisions\/4662"}],"wp:attachment":[{"href":"https:\/\/agora.xtec.cat\/escolalatrama\/wp-json\/wp\/v2\/media?parent=4530"}],"curies":[{"name":"wp","href":"https:\/\/api.w.org\/{rel}","templated":true}]}}